{"id":47333,"date":"2025-10-25T14:51:36","date_gmt":"2025-10-25T12:51:36","guid":{"rendered":"https:\/\/vapotheque.ch\/boutique\/aspire-bausatz-nexi-pro\/"},"modified":"2025-10-25T14:51:36","modified_gmt":"2025-10-25T12:51:36","slug":"aspire-bausatz-nexi-pro","status":"publish","type":"product","link":"https:\/\/vapotheque.ch\/de\/shop\/aspire-bausatz-nexi-pro\/","title":{"rendered":"Aspire &#8211; Bausatz Nexi Pro"},"content":{"rendered":"<h3 data-start=\"101\" data-end=\"174\"><strong data-start=\"108\" data-end=\"174\">Aspire &#8211; Nexi Pro Kit: Der nomadische, stylische und ultra-praktische Vape<\/strong><\/h3>\n<p data-start=\"176\" data-end=\"597\"><strong data-start=\"176\" data-end=\"260\">M\u00f6chten Sie ohne Stress, ohne Kn\u00f6pfe, ohne alle zwei Stunden aufzuladen?<\/strong> Das <strong>Aspire &#8211; Nexi Pro Kit<\/strong> ist hier, um Ihren t\u00e4glichen Dampf zu revolutionieren. Er ist das <g id=\"gid_2\">perfekte Duo<\/g> : ein kompakter und intuitiver Vape Pen und eine extrem langlebige Powerbank, die ihn mit einem Fingerschnippen wieder aufl\u00e4dt. Ergebnis? <strong data-start=\"476\" data-end=\"511\">Tage voller Freilauf<\/strong>, egal ob auf einem Festival, beim Wandern, Wandern&#8230; oder steigen Sie einfach in die Luft!  <\/p>\n<hr data-start=\"599\" data-end=\"602\">\n<h3 data-start=\"604\" data-end=\"674\">\u2728 <strong data-start=\"610\" data-end=\"674\">Ein minimalistisches und elegantes Design, das sich mit Ihnen bewegt<\/strong><\/h3>\n<p data-start=\"676\" data-end=\"1034\">Das <strong>Aspire &#8211; Nexi Pro Kit<\/strong> setzt auf <strong data-start=\"700\" data-end=\"719\">edle N\u00fcchternheit<\/strong>. Gepflegte Oberfl\u00e4chen, klare Linien, Mini-Gr\u00f6\u00dfe: Dieses kleine Schmuckst\u00fcck passt \u00fcberall. <br data-start=\"802\" data-end=\"805\"><strong data-start=\"808\" data-end=\"823\">Der Vape Pen<\/strong> misst nur 76,5 \u00d7 16,9 \u00d7 13,4 mm &#8211; so diskret wie ein USB-Stick.<br data-start=\"891\" data-end=\"894\"><strong data-start=\"897\" data-end=\"913\">Die Powerbank<\/strong> hingegen zeigt 1650 mAh f\u00fcr 103,8 \u00d7 35,5 \u00d7 22,5 mm an und magnetisiert sich auf magische Weise an Ihren Stift, um einer zu werden.<\/p>\n<p data-start=\"1036\" data-end=\"1178\">Hergestellt <strong data-start=\"1048\" data-end=\"1079\">aus einer eloxierten Aluminiumlegierung<\/strong>, widersteht das Ganze Kratzern und dem Alltag, w\u00e4hrend es einen <strong data-start=\"1146\" data-end=\"1164\">Premium-Look<\/strong> beh\u00e4lt, der gro\u00dfartig aussieht.<\/p>\n<hr data-start=\"1180\" data-end=\"1183\">\n<h3 data-start=\"1185\" data-end=\"1226\"><strong data-start=\"1192\" data-end=\"1226\">Vollautomatisch, voller Komfort<\/strong><\/h3>\n<p data-start=\"1228\" data-end=\"1553\">Keine Kn\u00f6pfe, keine versteckten Men\u00fcs, kein Bac+5 im Vape erforderlich: Hier <strong data-start=\"1300\" data-end=\"1325\">saugen Sie und es dampft<\/strong>.<br data-start=\"1326\" data-end=\"1329\">Der Nexi Pro aktiviert sich automatisch beim Einatmen (Autodraw), erkennt die Kartusche und passt eine konstante Spannung von <strong data-start=\"1459\" data-end=\"1467\">3,5 V<\/strong> an. Ergebnis? Ein Verdampfer, der immer sanft, ausgewogen und kontrolliert ist, <strong data-start=\"1530\" data-end=\"1552\">ohne Kopfschmerzen<\/strong>.  <\/p>\n<hr data-start=\"1555\" data-end=\"1558\">\n<h3 data-start=\"1560\" data-end=\"1627\"><strong data-start=\"1567\" data-end=\"1627\">XXL-Akkulaufzeit: 2000 mAh insgesamt, ohne Steckdose<\/strong><\/h3>\n<p data-start=\"1629\" data-end=\"1884\">Okay, der Vape Pen hat &#8220;nur&#8221; 350 mAh an Bord. Aber dank seiner <strong data-start=\"1697\" data-end=\"1731\">magnetischen Powerbank mit 1650 mAh<\/strong> k\u00f6nnen Sie <strong data-start=\"1741\" data-end=\"1772\">es bis zu 6 Mal aufladen<\/strong> oder <strong data-start=\"1779\" data-end=\"1810\">2000 mAh volle Autonomie<\/strong>.<br data-start=\"1811\" data-end=\"1814\">Ideal f\u00fcr lange Tage oder lange, faule Wochen! <\/p>\n<ul data-start=\"1886\" data-end=\"2221\">\n<li data-start=\"1886\" data-end=\"1973\">\n<p data-start=\"1888\" data-end=\"1973\"><strong data-start=\"1888\" data-end=\"1922\">Intelligente magnetische Verankerung<\/strong> : Legen Sie den Stift in die Powerbank, er wird direkt aufgeladen.<\/p>\n<\/li>\n<li data-start=\"1974\" data-end=\"2050\">\n<p data-start=\"1976\" data-end=\"2050\"><strong data-start=\"1976\" data-end=\"1997\">Extrem gut lesbare LED:<\/strong> Zeigt den Akkustand auf den n\u00e4chsten Prozentsatz genau an.<\/p>\n<\/li>\n<li data-start=\"2051\" data-end=\"2124\">\n<p data-start=\"2053\" data-end=\"2124\"><strong data-start=\"2053\" data-end=\"2070\">USB-C 2A-Anschluss<\/strong> : f\u00fcr schnelles und modernes Aufladen (Kabel im Lieferumfang enthalten).<\/p>\n<\/li>\n<li data-start=\"2125\" data-end=\"2221\">\n<p data-start=\"2127\" data-end=\"2221\">Und in Plan B: auch ein <strong data-start=\"2145\" data-end=\"2170\">USB-C-Anschluss am Stift<\/strong> , wenn Sie ihn alleine aufladen m\u00f6chten (max. 0,5 A).<\/p>\n<\/li>\n<\/ul>\n<hr data-start=\"2223\" data-end=\"2226\">\n<h3 data-start=\"2228\" data-end=\"2301\"><strong data-start=\"2237\" data-end=\"2301\">Ein einfaches, effizientes&#8230; und voller Geschmack<\/strong><\/h3>\n<p data-start=\"2303\" data-end=\"2677\">Das Kit enth\u00e4lt eine <strong data-start=\"2333\" data-end=\"2350\">Nexi Pro 2ml<\/strong> Kartusche mit <strong data-start=\"2367\" data-end=\"2395\">eingebauter 1,2 Ohm Mesh-Spule<\/strong>, ideal f\u00fcr <strong data-start=\"2418\" data-end=\"2448\">einen MTL (indirekte Inhalation)<\/strong> Dampf. Sein straffer Zug, seine Reproduktion der Aromen in der Spitze und seine Vertr\u00e4glichkeit mit E-Liquids, die reich an PG und\/oder Nikotin sind (bis zu <strong data-start=\"2582\" data-end=\"2594\">20 mg\/ml<\/strong>), machen ihn zu einem Muss f\u00fcr <strong data-start=\"2621\" data-end=\"2640\">ehemalige Raucher<\/strong> oder Liebhaber feiner Empfindungen. <\/p>\n<ul data-start=\"2679\" data-end=\"2846\">\n<li data-start=\"2679\" data-end=\"2743\">\n<p data-start=\"2681\" data-end=\"2743\"><strong data-start=\"2681\" data-end=\"2703\">Einfache seitliche Bef\u00fcllung<\/strong> mit Silikonlasche.<\/p>\n<\/li>\n<li data-start=\"2744\" data-end=\"2846\">\n<p data-start=\"2746\" data-end=\"2846\"><strong data-start=\"2746\" data-end=\"2771\">Keine Spule zu wechseln<\/strong> : Wenn sie abgenutzt ist, wechseln wir die gesamte Patrone. Schnell, sauber, bequem. <\/p>\n<\/li>\n<\/ul>\n<p data-start=\"2848\" data-end=\"2957\"><strong data-start=\"2848\" data-end=\"2872\">\u2705 Nexi Pro 1,2 Ohm:<\/strong> MTL \/ PG \/ VG-Verh\u00e4ltnis empfohlen von <strong data-start=\"2904\" data-end=\"2921\">50\/50 bis 70\/30<\/strong> \/ bis zu <strong data-start=\"2932\" data-end=\"2944\">20 mg\/ml<\/strong> Nikotin.<\/p>\n<hr data-start=\"2959\" data-end=\"2962\">\n<h3 data-start=\"2964\" data-end=\"3000\"><strong data-start=\"2971\" data-end=\"3000\">Nexi Pro Kit Inhalt:<\/strong><\/h3>\n<ul data-start=\"3002\" data-end=\"3167\">\n<li data-start=\"3002\" data-end=\"3036\">\n<p data-start=\"3004\" data-end=\"3036\">1x <strong data-start=\"3007\" data-end=\"3036\">Nexi Pro 350 mAh Vape Stift<\/strong><\/p>\n<\/li>\n<li data-start=\"3037\" data-end=\"3073\">\n<p data-start=\"3039\" data-end=\"3073\">1x <strong data-start=\"3042\" data-end=\"3073\">Nexi Pro 1650 mAh Powerbank<\/strong><\/p>\n<\/li>\n<li data-start=\"3074\" data-end=\"3116\">\n<p data-start=\"3076\" data-end=\"3116\">1x <strong data-start=\"3079\" data-end=\"3116\">Nexi Pro 1,2 Ohm Tonabnehmer (2 ml)<\/strong><\/p>\n<\/li>\n<li data-start=\"3117\" data-end=\"3137\">\n<p data-start=\"3119\" data-end=\"3137\">1x <strong data-start=\"3122\" data-end=\"3137\">USB-C-Kabel<\/strong><\/p>\n<\/li>\n<li data-start=\"3138\" data-end=\"3167\">\n<p data-start=\"3140\" data-end=\"3167\">1x <strong data-start=\"3143\" data-end=\"3167\">Benutzerhandbuch<\/strong><\/p>\n<\/li>\n<\/ul>\n<p>Hier finden Sie alle unsere <strong><a href=\"..\/..\/categorie\/pods?orderby=date\/\" target=\"_blank\" rel=\"noopener\">Pods.<\/a><br \/>\nEntdecken Sie alle anderen Produkte der Marke <strong><a href=\"..\/..\/product_brand\/aspire\/\" target=\"_blank\" rel=\"noopener\">Aspire<\/a><\/strong>.<\/strong><\/p>\n<p>Erhalten Sie Rabatte oder die neuesten Informationen zu unseren anderen Produkten, die im Gesch\u00e4ft erh\u00e4ltlich sind, indem Sie uns in unseren sozialen Netzwerken folgen: <strong><a href=\"https:\/\/www.facebook.com\/VapeAigleCH\" target=\"_blank\" rel=\"noopener\">Facebook<\/a><\/strong> oder <strong><a href=\"https:\/\/www.instagram.com\/vapotheque_aigle\/\" target=\"_blank\" rel=\"noopener\">Instagram<\/a><\/strong>.<\/p>\n","protected":false},"excerpt":{"rendered":"<p>Aspire &#8211; Nexi Pro Kit: Der nomadische, stylische und ultra-praktische Vape M\u00f6chten Sie ohne Stress, ohne Kn\u00f6pfe, ohne alle zwei Stunden aufzuladen? Das Aspire &#8211; Nexi Pro Kit ist hier, um Ihren t\u00e4glichen Dampf zu revolutionieren. Er ist das perfekte Duo : ein kompakter und intuitiver Vape Pen und eine extrem langlebige Powerbank, die ihn [&hellip;]<\/p>\n","protected":false},"featured_media":47304,"template":"","meta":{"_acf_changed":false},"product_cat":[442,408,453,454],"product_tag":[],"class_list":{"0":"post-47333","1":"product","2":"type-product","3":"status-publish","4":"has-post-thumbnail","6":"product_brand-aspire-de","7":"product_cat-hervorgehobene-produkte","8":"product_cat-lieferbar-innerhalb-von-24-stunden-de","9":"product_cat-pods-de","10":"product_cat-vapes-pods-de","12":"first","13":"instock","14":"taxable","15":"shipping-taxable","16":"purchasable","17":"product-type-variable"},"acf":[],"jetpack_sharing_enabled":true,"_links":{"self":[{"href":"https:\/\/vapotheque.ch\/de\/wp-json\/wp\/v2\/product\/47333","targetHints":{"allow":["GET"]}}],"collection":[{"href":"https:\/\/vapotheque.ch\/de\/wp-json\/wp\/v2\/product"}],"about":[{"href":"https:\/\/vapotheque.ch\/de\/wp-json\/wp\/v2\/types\/product"}],"wp:featuredmedia":[{"embeddable":true,"href":"https:\/\/vapotheque.ch\/de\/wp-json\/wp\/v2\/media\/47304"}],"wp:attachment":[{"href":"https:\/\/vapotheque.ch\/de\/wp-json\/wp\/v2\/media?parent=47333"}],"wp:term":[{"taxonomy":"product_cat","embeddable":true,"href":"https:\/\/vapotheque.ch\/de\/wp-json\/wp\/v2\/product_cat?post=47333"},{"taxonomy":"product_tag","embeddable":true,"href":"https:\/\/vapotheque.ch\/de\/wp-json\/wp\/v2\/product_tag?post=47333"}],"curies":[{"name":"wp","href":"https:\/\/api.w.org\/{rel}","templated":true}]}}