{"id":47273,"date":"2025-10-22T18:25:37","date_gmt":"2025-10-22T16:25:37","guid":{"rendered":"https:\/\/vapotheque.ch\/boutique\/protect-nektar-kaffee-40-ml-75-ml\/"},"modified":"2025-10-22T18:25:37","modified_gmt":"2025-10-22T16:25:37","slug":"protect-nektar-kaffee-40-ml-75-ml","status":"publish","type":"product","link":"https:\/\/vapotheque.ch\/de\/shop\/protect-nektar-kaffee-40-ml-75-ml\/","title":{"rendered":"Protect &#8211; Nektar &#8211; Kaffee 40 ml \/ 75 ml"},"content":{"rendered":"<h2 data-start=\"253\" data-end=\"303\">\u2615 Protect &#8211; Coffee Nectar 40 ml \/ 75 ml \u2013 Le R\u00e9veil en Vape<\/h2>\n<p data-start=\"305\" data-end=\"688\">Stellen Sie Ihre Tasse weg, vergessen Sie die Espressomaschine: Hier wird Kaffee in Wolken genossen! <g id=\"gid_0\">Das Nectar Caf\u00e9 von Protect<\/g> verwandelt jeden Zug in einen vollmundigen, wohltuenden Moment, der eines echten frisch gemahlenen Arabica w\u00fcrdig ist. Kein kalter Kaffee mehr auf dem Schreibtisch vergessen \u2013 mit diesem ger\u00f6steten Nektar kann die Kaffeepause \u00fcberall und jederzeit genossen werden, ohne sich die Zunge zu verbrennen oder das Geschirr schmutzig zu machen.  <\/p>\n<p data-start=\"690\" data-end=\"948\">Ein <strong data-start=\"699\" data-end=\"733\">intensives, rohes und unpr\u00e4tenti\u00f6ses<\/strong> Aroma, wie ein starker Espresso, der die Geschmacksknospen schl\u00e4gt und die senses.It weckt, ist der perfekte Treibstoff f\u00fcr Dampfer, die offene Empfindungen lieben, die ihren Kaffee schwarz, kraftvoll und ohne Zuckerzusatz m\u00f6gen. <\/p>\n<hr data-start=\"950\" data-end=\"953\">\n<h3 data-start=\"955\" data-end=\"1000\">Ein Rezept, das so einfach wie effektiv ist<\/h3>\n<p data-start=\"1001\" data-end=\"1379\">Ganz ohne Aufhebens und ohne Milchschaum: Hier setzt Protect auf <strong data-start=\"1070\" data-end=\"1088\">puren Geschmack<\/strong>.<br data-start=\"1089\" data-end=\"1092\">Jeder Zug enth\u00fcllt die F\u00fclle einer frisch ger\u00f6steten Bohne, umh\u00fcllt von einem glatten, runden Dampf. Dank seiner <strong data-start=\"1212\" data-end=\"1235\">100 % pflanzlichen Basis<\/strong> und <strong data-start=\"1245\" data-end=\"1276\">der Premium-Aromen<\/strong> verbindet das Nectar Caf\u00e9 Genuss und Nat\u00fcrlichkeit f\u00fcr ein authentisches und respektvolles Erlebnis. <\/p>\n<p data-start=\"1381\" data-end=\"1724\">Mit ihrem <strong data-start=\"1390\" data-end=\"1411\">PG\/VG-Verh\u00e4ltnis von 40\/60<\/strong> liefert sie einen gro\u00dfz\u00fcgigen Dampf, einen sehr pr\u00e4senten Zug und eine originalgetreue Wiedergabe von R\u00f6stnuancen. Perfekt f\u00fcr einen Subohm-Vape von weniger als 0,8 Ohm &#8211; aber wenn Du enge Z\u00fcge bevorzugst, passt er auch ohne mit der Wimper zu zucken: F\u00fcge einfach ein wenig PG oder Deine Booster hinzu, um einen vollmundigeren MTL-Look zu erhalten. <\/p>\n<hr data-start=\"1726\" data-end=\"1729\">\n<h3 data-start=\"1731\" data-end=\"1773\">\u2615 Das Gro\u00dfformat echter Amateure<\/h3>\n<p data-start=\"1774\" data-end=\"2076\">Verpackt in einer <strong data-start=\"1804\" data-end=\"1813\">75-ml-Flasche<\/strong> (gef\u00fcllt mit 40 ml Super-Boosted E-Liquid) ist Nectar Caf\u00e9 bereit, Ihre Nikotinbooster willkommen zu hei\u00dfen &#8211; oder eine neutrale Basis, wenn Sie es vorziehen, entkoffeiniert zu bleiben. Sein <strong data-start=\"1974\" data-end=\"1991\">\u00fcberdosiertes Aroma<\/strong> beh\u00e4lt auch nach dem Verd\u00fcnnen seine ganze Kraft: ein echter Kaffee, der nach Ihrem Geschmack verl\u00e4ngert wird. <\/p>\n<p data-start=\"2078\" data-end=\"2102\"><strong data-start=\"2081\" data-end=\"2100\">Einfache Dosierung:<\/strong><\/p>\n<ul data-start=\"2103\" data-end=\"2249\">\n<li data-start=\"2103\" data-end=\"2151\">\n<p data-start=\"2105\" data-end=\"2151\">+1 Booster = ca. <strong data-start=\"2126\" data-end=\"2137\">4 mg\/ml<\/strong> Nikotin<\/p>\n<\/li>\n<li data-start=\"2152\" data-end=\"2189\">\n<p data-start=\"2154\" data-end=\"2189\">+2 Auffrischungsimpfungen = ca. <strong data-start=\"2176\" data-end=\"2187\">7 mg\/ml<\/strong><\/p>\n<\/li>\n<li data-start=\"2190\" data-end=\"2249\">\n<p data-start=\"2192\" data-end=\"2249\">Nikotinfrei? Verdampfen Sie es so, wie es ist, es ist bereits perfekt. <\/p>\n<\/li>\n<\/ul>\n<p data-start=\"2251\" data-end=\"2373\">Barista-Tipp: Um die volle Intensit\u00e4t des Kaffees zu erhalten, sollten Sie <strong data-start=\"2332\" data-end=\"2349\">nicht mehr als zwei Booster<\/strong> oder <strong data-start=\"2353\" data-end=\"2370\">20 ml Base<\/strong> enthalten.<\/p>\n<hr data-start=\"2375\" data-end=\"2378\">\n<h3 data-start=\"2380\" data-end=\"2398\">Kurz gesagt<\/h3>\n<ul data-start=\"2399\" data-end=\"2673\">\n<li data-start=\"2399\" data-end=\"2438\">\n<p data-start=\"2401\" data-end=\"2438\"><strong data-start=\"2401\" data-end=\"2413\">Markieren:<\/strong> Protect \u2013 Nektar-Sortiment<\/p>\n<\/li>\n<li data-start=\"2439\" data-end=\"2486\">\n<p data-start=\"2441\" data-end=\"2486\"><strong data-start=\"2441\" data-end=\"2453\">Geschmack:<\/strong> Schwarzer, intensiver und ger\u00f6steter Kaffee<\/p>\n<\/li>\n<li data-start=\"2487\" data-end=\"2543\">\n<p data-start=\"2489\" data-end=\"2543\"><strong data-start=\"2489\" data-end=\"2501\">Format:<\/strong> 40 ml Superboosted in einer 75 ml Flasche<\/p>\n<\/li>\n<li data-start=\"2544\" data-end=\"2587\">\n<p data-start=\"2546\" data-end=\"2587\"><strong data-start=\"2546\" data-end=\"2556\">Basis:<\/strong> 100% pflanzlich \u2013 PG\/VG 40\/60<\/p>\n<\/li>\n<li data-start=\"2588\" data-end=\"2631\">\n<p data-start=\"2590\" data-end=\"2631\"><strong data-start=\"2590\" data-end=\"2604\">Nikotin:<\/strong> 0 mg\/ml (bereit zum Boosten)<\/p>\n<\/li>\n<li data-start=\"2632\" data-end=\"2673\">\n<p data-start=\"2634\" data-end=\"2673\"><strong data-start=\"2634\" data-end=\"2647\">Ursprung:<\/strong> Hergestellt in Frankreich<\/p>\n<\/li>\n<\/ul>\n<hr data-start=\"2675\" data-end=\"2678\">\n<h3 data-start=\"2680\" data-end=\"2708\">\u2601\ufe0f Warum wir es lieben<\/h3>\n<p data-start=\"2709\" data-end=\"2934\">Denn er schmeckt wie ein Morgenkaffee ohne einen Tropfen Koffein. Denn er wacht auf, ohne zu zittern. Und vor allem, weil mit ihr die <strong data-start=\"2854\" data-end=\"2881\">Wolke die Tasse ersetzt<\/strong> \u2013 und das ist die eigentliche Revolution des kleinen Schwarzen!  <\/p>\n<p class=\"class-fabrication\"><span style=\"vertical-align: inherit;\">Hergestellt in Frankreich; Menge: 40 ml; PG\/VG-Dosierung: 40% \/ 60%. Passt sich jeder Art von Ausr\u00fcstung an. <\/span><\/p>\n<p>Entdecken Sie die anderen Produkte der Marke <a href=\"..\/..\/marque\/protect\/\" target=\"_blank\" rel=\"noopener\">Protect<\/a>.<\/p>\n<p>Erhalten Sie Rabatte oder die neuesten Informationen zu unseren Produkten, indem Sie uns in unseren sozialen Netzwerken folgen: <a href=\"https:\/\/www.facebook.com\/VapeAigleCH\" target=\"_blank\" rel=\"noopener\">Facebook<\/a> oder <a href=\"https:\/\/www.instagram.com\/vapotheque_aigle\/\" target=\"_blank\" rel=\"noopener\">Instagram<\/a>.<\/p>\n","protected":false},"excerpt":{"rendered":"<p>\u2615 Protect &#8211; Coffee Nectar 40 ml \/ 75 ml \u2013 Le R\u00e9veil en Vape Stellen Sie Ihre Tasse weg, vergessen Sie die Espressomaschine: Hier wird Kaffee in Wolken genossen! Das Nectar Caf\u00e9 von Protect verwandelt jeden Zug in einen vollmundigen, wohltuenden Moment, der eines echten frisch gemahlenen Arabica w\u00fcrdig ist. Kein kalter Kaffee mehr [&hellip;]<\/p>\n","protected":false},"featured_media":47267,"template":"","meta":{"_acf_changed":false},"product_cat":[405,397,442,408,1684,1679],"product_tag":[],"class_list":{"0":"post-47273","1":"product","2":"type-product","3":"status-publish","4":"has-post-thumbnail","6":"product_brand-protect-de","7":"product_cat-e-liquids","8":"product_cat-gourmands-de","9":"product_cat-hervorgehobene-produkte","10":"product_cat-lieferbar-innerhalb-von-24-stunden-de","11":"product_cat-40-ml-fuer-75-ml","12":"product_cat-menge-e-flussigkeit-kapazitat-flasche","14":"first","15":"instock","16":"taxable","17":"shipping-taxable","18":"purchasable","19":"product-type-simple"},"acf":[],"jetpack_sharing_enabled":true,"_links":{"self":[{"href":"https:\/\/vapotheque.ch\/de\/wp-json\/wp\/v2\/product\/47273","targetHints":{"allow":["GET"]}}],"collection":[{"href":"https:\/\/vapotheque.ch\/de\/wp-json\/wp\/v2\/product"}],"about":[{"href":"https:\/\/vapotheque.ch\/de\/wp-json\/wp\/v2\/types\/product"}],"wp:featuredmedia":[{"embeddable":true,"href":"https:\/\/vapotheque.ch\/de\/wp-json\/wp\/v2\/media\/47267"}],"wp:attachment":[{"href":"https:\/\/vapotheque.ch\/de\/wp-json\/wp\/v2\/media?parent=47273"}],"wp:term":[{"taxonomy":"product_cat","embeddable":true,"href":"https:\/\/vapotheque.ch\/de\/wp-json\/wp\/v2\/product_cat?post=47273"},{"taxonomy":"product_tag","embeddable":true,"href":"https:\/\/vapotheque.ch\/de\/wp-json\/wp\/v2\/product_tag?post=47273"}],"curies":[{"name":"wp","href":"https:\/\/api.w.org\/{rel}","templated":true}]}}