{"id":47272,"date":"2025-10-22T18:25:06","date_gmt":"2025-10-22T16:25:06","guid":{"rendered":"https:\/\/vapotheque.ch\/boutique\/protect-der-4-jahreszeiten-herbst-lemon-pie-e-liquid-50-ml-75-ml\/"},"modified":"2025-10-22T18:25:06","modified_gmt":"2025-10-22T16:25:06","slug":"protect-der-4-jahreszeiten-herbst-lemon-pie-e-liquid-50-ml-75-ml","status":"publish","type":"product","link":"https:\/\/vapotheque.ch\/de\/shop\/protect-der-4-jahreszeiten-herbst-lemon-pie-e-liquid-50-ml-75-ml\/","title":{"rendered":"Protect &#8211; Der 4 Jahreszeiten Herbst &#8211; Lemon Pie E-Liquid 50 ml \/ 75 ml"},"content":{"rendered":"<h2 data-start=\"174\" data-end=\"230\">Protect &#8211; The 4 Seasons Autumn &#8211; Lemon Pie E-Liquid 50 ml \/ 75 ml: Ein sonniger Herbst in jedem Zug!<\/h2>\n<p data-start=\"278\" data-end=\"580\">Mit der <strong data-start=\"292\" data-end=\"309\">4 Seasons-Reihe<\/strong> f\u00e4ngt Protect die Gourmet-Gen\u00fcsse ein, die unser Jahr pr\u00e4gen. Mit dem <g id=\"gid_1\">Protect &#8211; The 4 Seasons Autumn &#8211; Lemon Pie E-Liquid 50 ml \/ 75 ml<\/g> l\u00e4dt im Herbst nicht der Regen ein, sondern eine <g id=\"gid_2\">Zitronentarte direkt aus dem Ofen<\/g>. Genug, um Ihre grauen Tage mit einer k\u00f6stlich s\u00fc\u00dfen und spritzigen Wolke aufzuhellen.  <\/p>\n<p data-start=\"582\" data-end=\"967\"><strong data-start=\"585\" data-end=\"630\">Ein Dessert, \u00fcber das sich alle einig sind<\/strong><br data-start=\"630\" data-end=\"633\">Stellen Sie sich einen goldbraunen und knusprigen M\u00fcrbeteig vor, der mit einem glatten Lemon Curd \u00fcberzogen ist, der sowohl s\u00fc\u00df als auch w\u00fcrzig ist. Jeder Zug ist wie ein St\u00fcck frisch servierter Kuchen, in dem sich die Gourmet-Seite und der Schwung der Zitrone perfekt vermischen. Ein echter Herbstkomfort&#8230; Aber ohne die Kalorien!  <\/p>\n<p data-start=\"969\" data-end=\"1007\">\u2744\ufe0f <strong data-start=\"972\" data-end=\"1005\">Genie\u00dfen Sie, wie es Ihnen gef\u00e4llt<\/strong><\/p>\n<ul data-start=\"1008\" data-end=\"1195\">\n<li data-start=\"1008\" data-end=\"1075\">\n<p data-start=\"1010\" data-end=\"1075\"><strong data-start=\"1010\" data-end=\"1027\">Nikotinfrei<\/strong> : Genie\u00dfen Sie puren Genuss in vollen Z\u00fcgen.<\/p>\n<\/li>\n<li data-start=\"1076\" data-end=\"1195\">\n<p data-start=\"1078\" data-end=\"1195\"><strong data-start=\"1078\" data-end=\"1095\">Mit Boostern<\/strong> : Passen Sie es an Ihre Bed\u00fcrfnisse an und verwandeln Sie diesen s\u00e4uerlichen Kuchen in einen noch beruhigenderen Dampf.<\/p>\n<\/li>\n<\/ul>\n<p data-start=\"1197\" data-end=\"1228\"><strong data-start=\"1200\" data-end=\"1224\">Ein kleiner praktischer Leitfaden<\/strong> :<\/p>\n<ul data-start=\"1229\" data-end=\"1478\">\n<li data-start=\"1229\" data-end=\"1260\">\n<p data-start=\"1231\" data-end=\"1260\">1 Auffrischungsimpfung = 60 ml bei 3 mg\/ml<\/p>\n<\/li>\n<li data-start=\"1261\" data-end=\"1478\">\n<p data-start=\"1263\" data-end=\"1478\">2 Auffrischungsimpfungen = 70 ml \u00e0 6 mg\/ml<br data-start=\"1291\" data-end=\"1294\">Und wenn Sie einen weicheren Kuchen bevorzugen, f\u00fcgen Sie etwas neutralen Boden hinzu. Seien Sie jedoch vorsichtig: Ab 2 Boostern oder 20 ml Base riskieren Sie, die F\u00fclle der Aromen zu verringern. <\/p>\n<\/li>\n<\/ul>\n<p data-start=\"1480\" data-end=\"1675\">\u2728 <strong data-start=\"1482\" data-end=\"1498\">Das + Protect<\/strong> :<br data-start=\"1500\" data-end=\"1503\">Dieses E-Liquid ist bewusst <strong data-start=\"1536\" data-end=\"1557\">in Aromen \u00fcberdosiert<\/strong>, so dass jeder Zug auch nach Zugabe von Boostern so lecker bleibt wie ein echtes St\u00fcck Zitronenkuchen.<\/p>\n<p data-start=\"1677\" data-end=\"1819\"><strong>Protect &#8211; The 4 Seasons Autumn &#8211; Lemon Pie E-Liquid 50 ml \/ 75 ml<\/strong> : ein Gourmet-, spritziger und beruhigender Dampf, ideal, um dem Grau mit einem L\u00e4cheln zu begegnen!<\/p>\n<p class=\"class-fabrication\"><span style=\"vertical-align: inherit;\">Hergestellt in Frankreich; PG\/VG-Dosierung: 40% \/ 60%. Passt sich jeder Art von Ausr\u00fcstung an. <\/span><\/p>\n<p>Entdecken Sie die anderen Produkte der Marke <a href=\"..\/..\/marque\/protect\/\" target=\"_blank\" rel=\"noopener\">Protect<\/a>.<\/p>\n<p>Erhalten Sie Rabatte oder die neuesten Informationen zu unseren Produkten, indem Sie uns in unseren sozialen Netzwerken folgen: <a href=\"https:\/\/www.facebook.com\/VapeAigleCH\" target=\"_blank\" rel=\"noopener\">Facebook<\/a> oder <a href=\"https:\/\/www.instagram.com\/vapotheque_aigle\/\" target=\"_blank\" rel=\"noopener\">Instagram<\/a>.<\/p>\n","protected":false},"excerpt":{"rendered":"<p>Protect &#8211; The 4 Seasons Autumn &#8211; Lemon Pie E-Liquid 50 ml \/ 75 ml: Ein sonniger Herbst in jedem Zug! Mit der 4 Seasons-Reihe f\u00e4ngt Protect die Gourmet-Gen\u00fcsse ein, die unser Jahr pr\u00e4gen. Mit dem Protect &#8211; The 4 Seasons Autumn &#8211; Lemon Pie E-Liquid 50 ml \/ 75 ml l\u00e4dt im Herbst nicht [&hellip;]<\/p>\n","protected":false},"featured_media":47264,"template":"","meta":{"_acf_changed":false},"product_cat":[405,397,442,408,1687,1679],"product_tag":[],"class_list":{"0":"post-47272","1":"product","2":"type-product","3":"status-publish","4":"has-post-thumbnail","6":"product_brand-protect-de","7":"product_cat-e-liquids","8":"product_cat-gourmands-de","9":"product_cat-hervorgehobene-produkte","10":"product_cat-lieferbar-innerhalb-von-24-stunden-de","11":"product_cat-50-ml-fur-75-ml","12":"product_cat-menge-e-flussigkeit-kapazitat-flasche","14":"first","15":"instock","16":"taxable","17":"shipping-taxable","18":"purchasable","19":"product-type-simple"},"acf":[],"jetpack_sharing_enabled":true,"_links":{"self":[{"href":"https:\/\/vapotheque.ch\/de\/wp-json\/wp\/v2\/product\/47272","targetHints":{"allow":["GET"]}}],"collection":[{"href":"https:\/\/vapotheque.ch\/de\/wp-json\/wp\/v2\/product"}],"about":[{"href":"https:\/\/vapotheque.ch\/de\/wp-json\/wp\/v2\/types\/product"}],"wp:featuredmedia":[{"embeddable":true,"href":"https:\/\/vapotheque.ch\/de\/wp-json\/wp\/v2\/media\/47264"}],"wp:attachment":[{"href":"https:\/\/vapotheque.ch\/de\/wp-json\/wp\/v2\/media?parent=47272"}],"wp:term":[{"taxonomy":"product_cat","embeddable":true,"href":"https:\/\/vapotheque.ch\/de\/wp-json\/wp\/v2\/product_cat?post=47272"},{"taxonomy":"product_tag","embeddable":true,"href":"https:\/\/vapotheque.ch\/de\/wp-json\/wp\/v2\/product_tag?post=47272"}],"curies":[{"name":"wp","href":"https:\/\/api.w.org\/{rel}","templated":true}]}}