{"id":47271,"date":"2025-10-22T18:24:21","date_gmt":"2025-10-22T16:24:21","guid":{"rendered":"https:\/\/vapotheque.ch\/boutique\/protect-der-4-jahreszeiten-winter-karamell-popcorn-50-ml-75-ml\/"},"modified":"2025-10-22T18:24:21","modified_gmt":"2025-10-22T16:24:21","slug":"protect-der-4-jahreszeiten-winter-karamell-popcorn-50-ml-75-ml","status":"publish","type":"product","link":"https:\/\/vapotheque.ch\/de\/shop\/protect-der-4-jahreszeiten-winter-karamell-popcorn-50-ml-75-ml\/","title":{"rendered":"Protect &#8211; Der 4 Jahreszeiten Winter &#8211; Karamell-Popcorn 50 ml \/ 75 ml"},"content":{"rendered":"<h2 data-start=\"282\" data-end=\"356\">Protect &#8211; Das 4 Jahreszeiten Winter &#8211; Karamell-Popcorn 50 ml \/ 75 ml: Winter Crispy<\/h2>\n<p data-start=\"358\" data-end=\"678\">Wenn drau\u00dfen der Wind pfeift und die Decke zum besten Freund wird, holt <strong data-start=\"429\" data-end=\"440\">Protect<\/strong> das perfekte Rezept hervor, um den Winter zu \u00fcberstehen: <strong data-start=\"495\" data-end=\"518\">das Protect &#8211; The 4 Seasons Winter &#8211; Caramel Popcorn 50 ml \/ 75 ml<\/strong> !<br data-start=\"520\" data-end=\"523\">Ein Ultra-Gourmet-E-Liquid, das jeden Zug in eine improvisierte Filmsession verwandelt \u2013 mit dem Versprechen eines Vergn\u00fcgens, das so s\u00fcchtig macht wie Ihre Lieblingsserie.<\/p>\n<p data-start=\"680\" data-end=\"910\">Sie brauchen keine Mikrowelle oder eine halb verbrannte Packung: Hier ist das Popcorn <strong data-start=\"758\" data-end=\"779\">perfekt golden<\/strong>, mit einem <strong data-start=\"792\" data-end=\"811\">schmelzenden Karamell<\/strong> \u00fcberzogen und bereit zum Verdampfen ohne M\u00e4\u00dfigung. Lehnen Sie sich zur\u00fcck, dr\u00fccken Sie &#8220;Play&#8221; und lassen Sie die S\u00fc\u00dfe auf sich wirken&#8230; <\/p>\n<hr data-start=\"912\" data-end=\"915\">\n<h3 data-start=\"917\" data-end=\"957\">Ein knusprig-schmelzendes Duo zum Sterben<\/h3>\n<p data-start=\"958\" data-end=\"1349\">Beim Einatmen kommt <strong data-start=\"977\" data-end=\"1006\">knuspriges Popcorn<\/strong> auf die Zungenspitze, leicht ger\u00f6stet und schrecklich regressiv.<br data-start=\"1086\" data-end=\"1089\">Dann \u00fcbernimmt die <strong data-start=\"1098\" data-end=\"1129\">Kaskade aus weichem Karamell<\/strong> mit seinen s\u00fc\u00dfen und buttrigen Noten, die den Gaumen mit einer umh\u00fcllenden W\u00e4rme umh\u00fcllen. Zusammen bilden sie eine <strong data-start=\"1260\" data-end=\"1286\">ausgewogene Delikatesse<\/strong>, weder zu s\u00fc\u00df noch s\u00fc\u00dflich, sondern k\u00f6stlich s\u00fcchtig machend. <\/p>\n<p data-start=\"1351\" data-end=\"1724\">Dieses E-Liquid wird in Frankreich aus <strong data-start=\"1381\" data-end=\"1415\">hochwertigen Lebensmittelaromen<\/strong> hergestellt und basiert auf einer <strong data-start=\"1446\" data-end=\"1469\">100% pflanzlichen Basis<\/strong> mit einem <strong data-start=\"1473\" data-end=\"1499\">MPGV\/VG-Verh\u00e4ltnis von 40\/60<\/strong>, ideal f\u00fcr einen runden und duftenden Dampf.<br data-start=\"1542\" data-end=\"1545\">Er eignet sich sowohl f\u00fcr <strong data-start=\"1579\" data-end=\"1593\">einen RDL- und DTL-Vape<\/strong> als auch f\u00fcr einen <strong data-start=\"1609\" data-end=\"1634\">leicht luftigen MTL-Zug<\/strong>, perfekt unter 0,8 Ohm, um die s\u00fc\u00dfen Nuancen des Karamell voll auszunutzen.<\/p>\n<hr data-start=\"1726\" data-end=\"1729\">\n<h3 data-start=\"1731\" data-end=\"1761\">Ready-to-Boost-Format<\/h3>\n<p data-start=\"1762\" data-end=\"2033\">Verpackt in einer <strong data-start=\"1782\" data-end=\"1801\">75-ml-Flasche<\/strong> mit <strong data-start=\"1812\" data-end=\"1843\">50 ml Super-Boosted E-Liquid<\/strong>, k\u00f6nnen Sie mit dem <strong>Protect &#8211; The 4 Winter Seasons &#8211; Popcorn Caramel 50 ml \/ 75 ml<\/strong> Ihren Nikotingehalt nach Ihren W\u00fcnschen einstellen. Ihre Aromen werden bewusst verst\u00e4rkt, um auch nach der Zugabe von Boostern ihre ganze F\u00fclle zu behalten. <\/p>\n<p data-start=\"2035\" data-end=\"2062\"><strong data-start=\"2038\" data-end=\"2060\">Verzehrempfehlung:<\/strong><\/p>\n<ul data-start=\"2063\" data-end=\"2298\">\n<li data-start=\"2063\" data-end=\"2107\">\n<p data-start=\"2065\" data-end=\"2107\">+1 Auffrischungsimpfung = ca. <strong data-start=\"2086\" data-end=\"2097\">3 mg\/ml<\/strong> (60 ml)<\/p>\n<\/li>\n<li data-start=\"2108\" data-end=\"2153\">\n<p data-start=\"2110\" data-end=\"2153\">+2 Auffrischungsimpfungen = ca. <strong data-start=\"2132\" data-end=\"2143\">6 mg\/ml<\/strong> (70 ml)<\/p>\n<\/li>\n<li data-start=\"2154\" data-end=\"2298\">\n<p data-start=\"2156\" data-end=\"2298\">Nikotinfrei? Genie\u00dfen Sie ihn pur f\u00fcr einen reinen Moment der S\u00fc\u00dfe, oder f\u00fcgen Sie ein wenig neutrale Basis hinzu, wenn Sie die F\u00fclle des Karamels abschw\u00e4chen m\u00f6chten. <\/p>\n<\/li>\n<\/ul>\n<p data-start=\"2300\" data-end=\"2452\"><strong data-start=\"2303\" data-end=\"2325\">Cinephile-Tipp:<\/strong> \u00dcberschreiten Sie <strong data-start=\"2341\" data-end=\"2355\">nicht 2 Booster<\/strong> oder <strong data-start=\"2359\" data-end=\"2376\">20 ml Base<\/strong>, sonst verliert Ihr Geschmacksblockbuster ein wenig an Intensit\u00e4t.<\/p>\n<hr data-start=\"2454\" data-end=\"2457\">\n<h3 data-start=\"2459\" data-end=\"2477\">Kurz gesagt<\/h3>\n<ul data-start=\"2478\" data-end=\"2776\">\n<li data-start=\"2478\" data-end=\"2532\">\n<p data-start=\"2480\" data-end=\"2532\"><strong data-start=\"2480\" data-end=\"2492\">Markieren:<\/strong> Protect \u2013 Die 4 Jahreszeiten Serie (Winter)<\/p>\n<\/li>\n<li data-start=\"2533\" data-end=\"2581\">\n<p data-start=\"2535\" data-end=\"2581\"><strong data-start=\"2535\" data-end=\"2547\">Geschmack:<\/strong> Goldenes Popcorn &amp; schmelzendes Karamell<\/p>\n<\/li>\n<li data-start=\"2582\" data-end=\"2638\">\n<p data-start=\"2584\" data-end=\"2638\"><strong data-start=\"2584\" data-end=\"2596\">Format:<\/strong> 50 ml Superboosted in einer 75 ml Flasche<\/p>\n<\/li>\n<li data-start=\"2639\" data-end=\"2690\">\n<p data-start=\"2641\" data-end=\"2690\"><strong data-start=\"2641\" data-end=\"2651\">Basis:<\/strong> 100% pflanzlich \u2013 MPGV\/VG-Verh\u00e4ltnis 40\/60<\/p>\n<\/li>\n<li data-start=\"2691\" data-end=\"2734\">\n<p data-start=\"2693\" data-end=\"2734\"><strong data-start=\"2693\" data-end=\"2707\">Nikotin:<\/strong> 0 mg\/ml (bereit zum Boosten)<\/p>\n<\/li>\n<li data-start=\"2735\" data-end=\"2776\">\n<p data-start=\"2737\" data-end=\"2776\"><strong data-start=\"2737\" data-end=\"2750\">Ursprung:<\/strong> Hergestellt in Frankreich<\/p>\n<\/li>\n<\/ul>\n<hr data-start=\"2778\" data-end=\"2781\">\n<h3 data-start=\"2783\" data-end=\"2811\">Warum wir es lieben<\/h3>\n<p data-start=\"2812\" data-end=\"3096\">Denn es <strong data-start=\"2824\" data-end=\"2870\">verwandelt Deinen Vape in eine Gourmet-Filmpause<\/strong>.<br data-start=\"2871\" data-end=\"2874\">Denn es <strong data-start=\"2886\" data-end=\"2949\">passt perfekt zu einem Plaid und einem Netflix-Marathon<\/strong>.<br data-start=\"2950\" data-end=\"2953\">Und vor allem, weil bei diesem <strong data-start=\"2982\" data-end=\"3002\">Caramel Popcorn<\/strong> <strong data-start=\"3004\" data-end=\"3089\">jeder Zug eine Episode knuspriger S\u00fc\u00dfe ist, an der wir nie m\u00fcde werden<\/strong>. \u2728 <\/p>\n<p class=\"class-fabrication\"><span style=\"vertical-align: inherit;\">Hergestellt in Frankreich; Menge: 50 ml; PG\/VG-Dosierung: 40% \/ 60%. Passt sich jeder Art von Ausr\u00fcstung an. <\/span><\/p>\n<p>Entdecken Sie die anderen Produkte der Marke <a href=\"..\/..\/marque\/protect\/\" target=\"_blank\" rel=\"noopener\">Protect<\/a>.<\/p>\n<p>Erhalten Sie Rabatte oder die neuesten Informationen zu unseren Produkten, indem Sie uns in unseren sozialen Netzwerken folgen: <a href=\"https:\/\/www.facebook.com\/VapeAigleCH\" target=\"_blank\" rel=\"noopener\">Facebook<\/a> oder <a href=\"https:\/\/www.instagram.com\/vapotheque_aigle\/\" target=\"_blank\" rel=\"noopener\">Instagram<\/a>.<\/p>\n","protected":false},"excerpt":{"rendered":"<p>Protect &#8211; Das 4 Jahreszeiten Winter &#8211; Karamell-Popcorn 50 ml \/ 75 ml: Winter Crispy Wenn drau\u00dfen der Wind pfeift und die Decke zum besten Freund wird, holt Protect das perfekte Rezept hervor, um den Winter zu \u00fcberstehen: das Protect &#8211; The 4 Seasons Winter &#8211; Caramel Popcorn 50 ml \/ 75 ml !Ein Ultra-Gourmet-E-Liquid, [&hellip;]<\/p>\n","protected":false},"featured_media":47261,"template":"","meta":{"_acf_changed":false},"product_cat":[405,397,442,408,1687,1679],"product_tag":[],"class_list":{"0":"post-47271","1":"product","2":"type-product","3":"status-publish","4":"has-post-thumbnail","6":"product_brand-protect-de","7":"product_cat-e-liquids","8":"product_cat-gourmands-de","9":"product_cat-hervorgehobene-produkte","10":"product_cat-lieferbar-innerhalb-von-24-stunden-de","11":"product_cat-50-ml-fur-75-ml","12":"product_cat-menge-e-flussigkeit-kapazitat-flasche","14":"first","15":"instock","16":"taxable","17":"shipping-taxable","18":"purchasable","19":"product-type-simple"},"acf":[],"jetpack_sharing_enabled":true,"_links":{"self":[{"href":"https:\/\/vapotheque.ch\/de\/wp-json\/wp\/v2\/product\/47271","targetHints":{"allow":["GET"]}}],"collection":[{"href":"https:\/\/vapotheque.ch\/de\/wp-json\/wp\/v2\/product"}],"about":[{"href":"https:\/\/vapotheque.ch\/de\/wp-json\/wp\/v2\/types\/product"}],"wp:featuredmedia":[{"embeddable":true,"href":"https:\/\/vapotheque.ch\/de\/wp-json\/wp\/v2\/media\/47261"}],"wp:attachment":[{"href":"https:\/\/vapotheque.ch\/de\/wp-json\/wp\/v2\/media?parent=47271"}],"wp:term":[{"taxonomy":"product_cat","embeddable":true,"href":"https:\/\/vapotheque.ch\/de\/wp-json\/wp\/v2\/product_cat?post=47271"},{"taxonomy":"product_tag","embeddable":true,"href":"https:\/\/vapotheque.ch\/de\/wp-json\/wp\/v2\/product_tag?post=47271"}],"curies":[{"name":"wp","href":"https:\/\/api.w.org\/{rel}","templated":true}]}}