{"id":47270,"date":"2025-10-22T18:24:07","date_gmt":"2025-10-22T16:24:07","guid":{"rendered":"https:\/\/vapotheque.ch\/boutique\/protect-die-4-wintersaison-kaffeekeks-50-ml-75-ml\/"},"modified":"2025-10-22T18:24:07","modified_gmt":"2025-10-22T16:24:07","slug":"protect-die-4-wintersaison-kaffeekeks-50-ml-75-ml","status":"publish","type":"product","link":"https:\/\/vapotheque.ch\/de\/shop\/protect-die-4-wintersaison-kaffeekeks-50-ml-75-ml\/","title":{"rendered":"Protect &#8211; Die 4. Wintersaison &#8211; Kaffeekeks 50 ml \/ 75 ml"},"content":{"rendered":"<h2 data-start=\"293\" data-end=\"352\">\u2615 Protect &#8211; Die 4 Winter Saison &#8211; Kaffeekeks 50 ml \/ 75 ml: Das enge Kleine laut Protect<\/h2>\n<p data-start=\"354\" data-end=\"647\">Wenn die Flocken fallen und die K\u00e4lte einsetzt, l\u00e4dt <strong data-start=\"408\" data-end=\"419\">Protect<\/strong> Dich ein, Deine hei\u00dfe Schokolade gegen einen <strong data-start=\"469\" data-end=\"521\">dampfenden Vape mit dem Duft von frisch gemahlenem Kaffee<\/strong> auszutauschen.<br data-start=\"522\" data-end=\"525\">Willkommen im <strong data-start=\"540\" data-end=\"565\">Winter der Feinschmecker, dem Winter, in dem<\/strong> jeder Zug das Eis schmilzt \u2013 oder zumindest das Herz erw\u00e4rmt.<\/p>\n<p data-start=\"649\" data-end=\"959\">Vergessen Sie Thermoskannen und hei\u00dfe Tassen: Mit dem <strong>Protect &#8211; Les 4 Saison Hiver &#8211; Caf\u00e9 Biscuit 50 ml \/ 75 ml<\/strong> l\u00e4sst sich die Kaffeepause in den Wolken genie\u00dfen. Zwischen der <strong data-start=\"787\" data-end=\"816\">Kraft eines vollmundigen Espressos<\/strong> und der <strong data-start=\"823\" data-end=\"854\">Z\u00e4rtlichkeit eines goldenen Kekses<\/strong> versetzt Sie dieser Saft in eine sanfte und ged\u00e4mpfte Atmosph\u00e4re, wie einen gem\u00fctlichen Nachmittag unter einer Decke. <\/p>\n<hr data-start=\"961\" data-end=\"964\">\n<h3 data-start=\"966\" data-end=\"1011\">Ein gro\u00dfz\u00fcgiger Kaffee, ein schmelzender Keks<\/h3>\n<p data-start=\"1012\" data-end=\"1390\">Vom ersten Zug an sp\u00fcren Sie die <strong data-start=\"1048\" data-end=\"1080\">aromatische Kraft des Kaffees<\/strong>, reichhaltig, intensiv und perfekt ausbalanciert. Dann kommt die <strong data-start=\"1138\" data-end=\"1156\">Biskuitnote<\/strong>, knackig und s\u00fc\u00df genau richtig, die den Gaumen in eine wohlige S\u00fc\u00dfe h\u00fcllt.<br data-start=\"1255\" data-end=\"1258\">Es ist ein bisschen so, als w\u00e4re Ihr Espresso von einem Keks verf\u00fchrt worden \u2013 eine <strong data-start=\"1335\" data-end=\"1387\">unwiderstehliche Verschmelzung von Energie und Genuss<\/strong>. <\/p>\n<p data-start=\"1392\" data-end=\"1712\">Hergestellt in Frankreich mit <strong data-start=\"1420\" data-end=\"1460\">hochwertigen Lebensmittelaromen<\/strong>, basiert diese Fl\u00fcssigkeit auf einer <strong data-start=\"1488\" data-end=\"1511\">100% pflanzlichen Basis<\/strong> mit einem <strong data-start=\"1521\" data-end=\"1541\">MPGV\/VG-Verh\u00e4ltnis von 40\/60<\/strong>, f\u00fcr einen dichten Dampf und eine sch\u00f6ne Rundheit im Mund. Er eignet sich f\u00fcr <strong data-start=\"1630\" data-end=\"1644\">RDL- und DTL-Vapes<\/strong> sowie f\u00fcr einen <strong data-start=\"1660\" data-end=\"1685\">leicht luftigen MTL-Zug<\/strong>, ideal unter 0,8 Ohm. <\/p>\n<hr data-start=\"1714\" data-end=\"1717\">\n<h3 data-start=\"1719\" data-end=\"1749\">Ready-to-Boost-Format<\/h3>\n<p data-start=\"1750\" data-end=\"2018\">Verpackt in einer <strong data-start=\"1770\" data-end=\"1789\">75-ml-Flasche<\/strong> mit <strong data-start=\"1800\" data-end=\"1831\">50 ml Super-Boosted-E-Liquid<\/strong>, gibt Ihnen dieser <strong>Protect &#8211; The 4 Winter Season &#8211; Biscuit Coffee 50 ml \/ 75 ml<\/strong> die Freiheit, Ihre Nikotindosis nach Ihren W\u00fcnschen anzupassen. Die Aromen werden bewusst verst\u00e4rkt, um auch nach der Zugabe von Boostern ihre ganze F\u00fclle zu behalten. <\/p>\n<p data-start=\"2020\" data-end=\"2044\"><strong data-start=\"2023\" data-end=\"2042\">Einfache Dosierung:<\/strong><\/p>\n<ul data-start=\"2045\" data-end=\"2263\">\n<li data-start=\"2045\" data-end=\"2089\">\n<p data-start=\"2047\" data-end=\"2089\">+1 Auffrischungsimpfung = ca. <strong data-start=\"2068\" data-end=\"2079\">3 mg\/ml<\/strong> (60 ml)<\/p>\n<\/li>\n<li data-start=\"2090\" data-end=\"2135\">\n<p data-start=\"2092\" data-end=\"2135\">+2 Auffrischungsimpfungen = ca. <strong data-start=\"2114\" data-end=\"2125\">6 mg\/ml<\/strong> (70 ml)<\/p>\n<\/li>\n<li data-start=\"2136\" data-end=\"2263\">\n<p data-start=\"2138\" data-end=\"2263\">Nikotinfrei? Genie\u00dfen Sie es so, wie es ist, um ein reines Erlebnis zu erhalten, oder f\u00fcgen Sie ein wenig neutrale Basis hinzu, um die R\u00f6stung weicher zu machen. <\/p>\n<\/li>\n<\/ul>\n<p data-start=\"2265\" data-end=\"2403\"><strong data-start=\"2268\" data-end=\"2288\">Barista-Tipp:<\/strong> \u00dcberschreiten Sie <strong data-start=\"2304\" data-end=\"2318\">nicht 2 Booster<\/strong> oder <strong data-start=\"2322\" data-end=\"2339\">20 ml Basis,<\/strong> um die perfekte Intensit\u00e4t Ihres Kaffee-Keks-Duos zu erhalten.<\/p>\n<hr data-start=\"2405\" data-end=\"2408\">\n<h3 data-start=\"2410\" data-end=\"2428\">Kurz gesagt<\/h3>\n<ul data-start=\"2429\" data-end=\"2721\">\n<li data-start=\"2429\" data-end=\"2483\">\n<p data-start=\"2431\" data-end=\"2483\"><strong data-start=\"2431\" data-end=\"2443\">Markieren:<\/strong> Protect \u2013 Die 4 Jahreszeiten Serie (Winter)<\/p>\n<\/li>\n<li data-start=\"2484\" data-end=\"2526\">\n<p data-start=\"2486\" data-end=\"2526\"><strong data-start=\"2486\" data-end=\"2498\">Geschmack:<\/strong> Vollmundiger Kaffee &amp; goldener Keks<\/p>\n<\/li>\n<li data-start=\"2527\" data-end=\"2583\">\n<p data-start=\"2529\" data-end=\"2583\"><strong data-start=\"2529\" data-end=\"2541\">Format:<\/strong> 50 ml Superboosted in einer 75 ml Flasche<\/p>\n<\/li>\n<li data-start=\"2584\" data-end=\"2635\">\n<p data-start=\"2586\" data-end=\"2635\"><strong data-start=\"2586\" data-end=\"2596\">Basis:<\/strong> 100% pflanzlich \u2013 MPGV\/VG-Verh\u00e4ltnis 40\/60<\/p>\n<\/li>\n<li data-start=\"2636\" data-end=\"2679\">\n<p data-start=\"2638\" data-end=\"2679\"><strong data-start=\"2638\" data-end=\"2652\">Nikotin:<\/strong> 0 mg\/ml (bereit zum Boosten)<\/p>\n<\/li>\n<li data-start=\"2680\" data-end=\"2721\">\n<p data-start=\"2682\" data-end=\"2721\"><strong data-start=\"2682\" data-end=\"2695\">Ursprung:<\/strong> Hergestellt in Frankreich<\/p>\n<\/li>\n<\/ul>\n<hr data-start=\"2723\" data-end=\"2726\">\n<h3 data-start=\"2728\" data-end=\"2756\">\u2744\ufe0f Warum wir es lieben<\/h3>\n<p data-start=\"2757\" data-end=\"3049\">Denn er <strong data-start=\"2769\" data-end=\"2799\">wacht auf wie ein Espresso,<\/strong> kann aber mit der Z\u00e4rtlichkeit eines Snacks am Feuer genossen werden.<br data-start=\"2862\" data-end=\"2865\">Denn es <strong data-start=\"2877\" data-end=\"2922\">erw\u00e4rmt sich, wenn das Thermometer zusammenklappt<\/strong>.<br data-start=\"2923\" data-end=\"2926\">Und vor allem, weil mit diesem <strong data-start=\"2955\" data-end=\"2971\">Caf\u00e9 Biscuit<\/strong> der <strong data-start=\"2973\" data-end=\"3042\">Winter zu einer Jahreszeit zum Essen wird \u2013 und zum Dampfen ohne Ma\u00dfe<\/strong>. \u2615 <\/p>\n<p class=\"class-fabrication\"><span style=\"vertical-align: inherit;\">Hergestellt in Frankreich; Menge: 50 ml; PG\/VG-Dosierung: 40% \/ 60%. Passt sich jeder Art von Ausr\u00fcstung an. <\/span><\/p>\n<p>Entdecken Sie die anderen Produkte der Marke <a href=\"..\/..\/marque\/protect\/\" target=\"_blank\" rel=\"noopener\">Protect<\/a>.<\/p>\n<p>Erhalten Sie Rabatte oder die neuesten Informationen zu unseren Produkten, indem Sie uns in unseren sozialen Netzwerken folgen: <a href=\"https:\/\/www.facebook.com\/VapeAigleCH\" target=\"_blank\" rel=\"noopener\">Facebook<\/a> oder <a href=\"https:\/\/www.instagram.com\/vapotheque_aigle\/\" target=\"_blank\" rel=\"noopener\">Instagram<\/a>.<\/p>\n","protected":false},"excerpt":{"rendered":"<p>\u2615 Protect &#8211; Die 4 Winter Saison &#8211; Kaffeekeks 50 ml \/ 75 ml: Das enge Kleine laut Protect Wenn die Flocken fallen und die K\u00e4lte einsetzt, l\u00e4dt Protect Dich ein, Deine hei\u00dfe Schokolade gegen einen dampfenden Vape mit dem Duft von frisch gemahlenem Kaffee auszutauschen.Willkommen im Winter der Feinschmecker, dem Winter, in dem jeder [&hellip;]<\/p>\n","protected":false},"featured_media":47258,"template":"","meta":{"_acf_changed":false},"product_cat":[405,397,442,408,1687,1679],"product_tag":[],"class_list":{"0":"post-47270","1":"product","2":"type-product","3":"status-publish","4":"has-post-thumbnail","6":"product_brand-protect-de","7":"product_cat-e-liquids","8":"product_cat-gourmands-de","9":"product_cat-hervorgehobene-produkte","10":"product_cat-lieferbar-innerhalb-von-24-stunden-de","11":"product_cat-50-ml-fur-75-ml","12":"product_cat-menge-e-flussigkeit-kapazitat-flasche","14":"first","15":"instock","16":"taxable","17":"shipping-taxable","18":"purchasable","19":"product-type-simple"},"acf":[],"jetpack_sharing_enabled":true,"_links":{"self":[{"href":"https:\/\/vapotheque.ch\/de\/wp-json\/wp\/v2\/product\/47270","targetHints":{"allow":["GET"]}}],"collection":[{"href":"https:\/\/vapotheque.ch\/de\/wp-json\/wp\/v2\/product"}],"about":[{"href":"https:\/\/vapotheque.ch\/de\/wp-json\/wp\/v2\/types\/product"}],"wp:featuredmedia":[{"embeddable":true,"href":"https:\/\/vapotheque.ch\/de\/wp-json\/wp\/v2\/media\/47258"}],"wp:attachment":[{"href":"https:\/\/vapotheque.ch\/de\/wp-json\/wp\/v2\/media?parent=47270"}],"wp:term":[{"taxonomy":"product_cat","embeddable":true,"href":"https:\/\/vapotheque.ch\/de\/wp-json\/wp\/v2\/product_cat?post=47270"},{"taxonomy":"product_tag","embeddable":true,"href":"https:\/\/vapotheque.ch\/de\/wp-json\/wp\/v2\/product_tag?post=47270"}],"curies":[{"name":"wp","href":"https:\/\/api.w.org\/{rel}","templated":true}]}}