{"id":47269,"date":"2025-10-22T18:23:52","date_gmt":"2025-10-22T16:23:52","guid":{"rendered":"https:\/\/vapotheque.ch\/boutique\/protect-die-4-wintersaison-erdnuss-salted-butter-karamell-50-ml-75-ml\/"},"modified":"2025-10-22T18:23:52","modified_gmt":"2025-10-22T16:23:52","slug":"protect-die-4-wintersaison-erdnuss-salted-butter-karamell-50-ml-75-ml","status":"publish","type":"product","link":"https:\/\/vapotheque.ch\/de\/shop\/protect-die-4-wintersaison-erdnuss-salted-butter-karamell-50-ml-75-ml\/","title":{"rendered":"Protect &#8211; Die 4. Wintersaison &#8211; Erdnuss Salted Butter Karamell 50 ml \/ 75 ml"},"content":{"rendered":"<h2 data-start=\"272\" data-end=\"359\">Protect &#8211; The 4 Winter Season &#8211; Peanut Salted Butter Caramel 50 ml \/ 75 ml: Winter im Ultra-Gourmet-Modus<\/h2>\n<p data-start=\"361\" data-end=\"660\">Wenn die Tage k\u00fcrzer werden und das kalte Wetter hereinbricht, z\u00fcckt <strong data-start=\"421\" data-end=\"432\">Protect<\/strong> seine s\u00fc\u00dfeste Anti-D\u00fcsternis-Waffe: <strong data-start=\"477\" data-end=\"514\">den Protect &#8211; The 4 Winter Season &#8211; Peanut Salted Butter Caramel 50 ml \/ 75 ml<\/strong> !<br data-start=\"516\" data-end=\"519\">Ein reichhaltiges, schmelzendes und teuflisch beruhigendes E-Liquid, das die Geschmacksknospen in eine s\u00fc\u00dfe und salzige Hitze h\u00fcllt, die einfach unwiderstehlich ist.<\/p>\n<p data-start=\"662\" data-end=\"951\">Da der Winter auch die Jahreszeit der heimlichen Freuden ist, ist dieser Saft eine echte Einladung zum Cocooning: ein Plaid, eine dampfende Tasse und diese goldene Wolke mit Karamell- und Erdnussaromen&#8230; Das perfekte Rezept, um D\u00fcsternis in pure Geschmacksfreude zu verwandeln. \u2615\u2728 <\/p>\n<hr data-start=\"953\" data-end=\"956\">\n<h3 data-start=\"958\" data-end=\"1004\">Ein Wirbelwind von kontrastierender S\u00fc\u00dfe<\/h3>\n<p data-start=\"1005\" data-end=\"1540\">Vom ersten Zug an dr\u00e4ngt <strong data-start=\"1030\" data-end=\"1061\">sich der Crunch der Erdnuss<\/strong> mit einer r\u00f6stigen Note auf, rund und charaktervoll.<br data-start=\"1125\" data-end=\"1128\">Dann kommt die <strong data-start=\"1143\" data-end=\"1188\">sanfte Welle aus gesalzenem Butterkaramell<\/strong>, schmelzend, leicht s\u00fc\u00dflich und g\u00f6ttlich buttrig, die das Ganze mit einer unendlichen S\u00fc\u00dfe \u00fcberzieht.<br data-start=\"1288\" data-end=\"1291\">Die Verbindung ist <strong data-start=\"1306\" data-end=\"1332\">perfekt ausbalanciert<\/strong> : Erdnuss bringt F\u00fclle und Textur, Karamellzartigkeit und Komfort. Zusammen ergeben sie einen winterlichen Leckerbissen, genau so, wie wir ihn m\u00f6gen \u2013 <strong data-start=\"1490\" data-end=\"1538\">s\u00fcchtig machend, warm und voller Nuancen.<\/strong> <\/p>\n<p data-start=\"1542\" data-end=\"1958\">Dieses in Frankreich aus <strong data-start=\"1572\" data-end=\"1612\">hochwertigen Lebensmittelaromen<\/strong> hergestellte E-Liquid basiert auf <strong data-start=\"1643\" data-end=\"1666\">einer 100% pflanzlichen Basis<\/strong> mit einem <strong data-start=\"1675\" data-end=\"1701\">MPGV\/VG-Verh\u00e4ltnis von 40\/60<\/strong> und bietet eine intensive Wiedergabe der Aromen und einen vollen, samtigen Dampf.<br data-start=\"1771\" data-end=\"1774\">Ideal f\u00fcr einen <strong data-start=\"1794\" data-end=\"1808\">RDL- oder DTL-Verdampfer<\/strong>, eignet er sich auch f\u00fcr einen <strong data-start=\"1837\" data-end=\"1869\">leicht luftigen MTL-Zug<\/strong> (unter 0,8 Ohm), um die ganze F\u00fclle von Karamell und Erdnuss zu genie\u00dfen.<\/p>\n<hr data-start=\"1960\" data-end=\"1963\">\n<h3 data-start=\"1965\" data-end=\"1995\">Ready-to-Boost-Format<\/h3>\n<p data-start=\"1996\" data-end=\"2253\">Verpackt in einer <strong data-start=\"2016\" data-end=\"2035\">75-ml-Flasche<\/strong> mit <strong data-start=\"2046\" data-end=\"2077\">50 ml Super-Boosted E-Liquid<\/strong>, passt sich der P<strong>rotect &#8211; Les 4 Saison Hiver &#8211; Peanut Salted Butter Caramel 50 ml \/ 75 ml<\/strong> allen W\u00fcnschen an. Seine intensivierten Aromen garantieren eine Geschmacksexplosion auch nach der Zugabe von Nikotinverst\u00e4rkern. <\/p>\n<p data-start=\"2255\" data-end=\"2282\"><strong data-start=\"2258\" data-end=\"2280\">Verzehrempfehlung:<\/strong><\/p>\n<ul data-start=\"2283\" data-end=\"2503\">\n<li data-start=\"2283\" data-end=\"2327\">\n<p data-start=\"2285\" data-end=\"2327\">+1 Auffrischungsimpfung = ca. <strong data-start=\"2306\" data-end=\"2317\">3 mg\/ml<\/strong> (60 ml)<\/p>\n<\/li>\n<li data-start=\"2328\" data-end=\"2373\">\n<p data-start=\"2330\" data-end=\"2373\">+2 Auffrischungsimpfungen = ca. <strong data-start=\"2352\" data-end=\"2363\">6 mg\/ml<\/strong> (70 ml)<\/p>\n<\/li>\n<li data-start=\"2374\" data-end=\"2503\">\n<p data-start=\"2376\" data-end=\"2503\">Nikotinfrei? Verdampfen Sie es so, wie es ist, f\u00fcr einen reinen Moment des Komforts, oder f\u00fcgen Sie ein wenig neutrale Basis hinzu, um die Aromen zu mildern. <\/p>\n<\/li>\n<\/ul>\n<p data-start=\"2505\" data-end=\"2661\"><strong data-start=\"2508\" data-end=\"2536\">Kleiner Gourmet-Tipp:<\/strong> Vermeiden Sie die Zugabe von mehr als <strong data-start=\"2561\" data-end=\"2575\">2 Boostern<\/strong> oder <strong data-start=\"2579\" data-end=\"2596\">20 ml Base<\/strong> \u2013 sonst kann die Magie des Karamells diskreter sein.<\/p>\n<hr data-start=\"2663\" data-end=\"2666\">\n<h3 data-start=\"2668\" data-end=\"2686\">Kurz gesagt<\/h3>\n<ul data-start=\"2687\" data-end=\"3005\">\n<li data-start=\"2687\" data-end=\"2741\">\n<p data-start=\"2689\" data-end=\"2741\"><strong data-start=\"2689\" data-end=\"2701\">Markieren:<\/strong> Protect \u2013 Die 4 Jahreszeiten Serie (Winter)<\/p>\n<\/li>\n<li data-start=\"2742\" data-end=\"2810\">\n<p data-start=\"2744\" data-end=\"2810\"><strong data-start=\"2744\" data-end=\"2756\">Geschmack:<\/strong> Knusprige Erdn\u00fcsse &amp; schmelzendes Karamell mit gesalzener Butter<\/p>\n<\/li>\n<li data-start=\"2811\" data-end=\"2867\">\n<p data-start=\"2813\" data-end=\"2867\"><strong data-start=\"2813\" data-end=\"2825\">Format:<\/strong> 50 ml Superboosted in einer 75 ml Flasche<\/p>\n<\/li>\n<li data-start=\"2868\" data-end=\"2919\">\n<p data-start=\"2870\" data-end=\"2919\"><strong data-start=\"2870\" data-end=\"2880\">Basis:<\/strong> 100% pflanzlich \u2013 MPGV\/VG-Verh\u00e4ltnis 40\/60<\/p>\n<\/li>\n<li data-start=\"2920\" data-end=\"2963\">\n<p data-start=\"2922\" data-end=\"2963\"><strong data-start=\"2922\" data-end=\"2936\">Nikotin:<\/strong> 0 mg\/ml (bereit zum Boosten)<\/p>\n<\/li>\n<li data-start=\"2964\" data-end=\"3005\">\n<p data-start=\"2966\" data-end=\"3005\"><strong data-start=\"2966\" data-end=\"2979\">Ursprung:<\/strong> Hergestellt in Frankreich<\/p>\n<\/li>\n<\/ul>\n<hr data-start=\"3007\" data-end=\"3010\">\n<h3 data-start=\"3012\" data-end=\"3040\">\u2744\ufe0f Warum wir es lieben<\/h3>\n<p data-start=\"3041\" data-end=\"3354\">Denn sie w\u00e4rmt das Herz besser als hei\u00dfe Schokolade.<br data-start=\"3098\" data-end=\"3101\">Denn er vereint <strong data-start=\"3121\" data-end=\"3169\">Crunch, Schmelzen und einen Hauch Salz<\/strong> auf brillante Weise.<br data-start=\"3180\" data-end=\"3183\">Und vor allem, weil mit diesen <strong data-start=\"3212\" data-end=\"3246\">Salted Butter Caramel Peanuts<\/strong> jeder Puff <strong data-start=\"3267\" data-end=\"3307\">ein Weihnachtsgenuss in der Flasche<\/strong> ist, den ganzen Winter \u00fcber ohne M\u00e4\u00dfigung genossen werden kann.<\/p>\n<p class=\"class-fabrication\"><span style=\"vertical-align: inherit;\">Hergestellt in Frankreich; Menge: 50 ml; PG\/VG-Dosierung: 40% \/ 60%. Passt sich jeder Art von Ausr\u00fcstung an. <\/span><\/p>\n<p>Entdecken Sie die anderen Produkte der Marke <a href=\"..\/..\/marque\/protect\/\" target=\"_blank\" rel=\"noopener\">Protect<\/a>.<\/p>\n<p>Erhalten Sie Rabatte oder die neuesten Informationen zu unseren Produkten, indem Sie uns in unseren sozialen Netzwerken folgen: <a href=\"https:\/\/www.facebook.com\/VapeAigleCH\" target=\"_blank\" rel=\"noopener\">Facebook<\/a> oder <a href=\"https:\/\/www.instagram.com\/vapotheque_aigle\/\" target=\"_blank\" rel=\"noopener\">Instagram<\/a>.<\/p>\n","protected":false},"excerpt":{"rendered":"<p>Protect &#8211; The 4 Winter Season &#8211; Peanut Salted Butter Caramel 50 ml \/ 75 ml: Winter im Ultra-Gourmet-Modus Wenn die Tage k\u00fcrzer werden und das kalte Wetter hereinbricht, z\u00fcckt Protect seine s\u00fc\u00dfeste Anti-D\u00fcsternis-Waffe: den Protect &#8211; The 4 Winter Season &#8211; Peanut Salted Butter Caramel 50 ml \/ 75 ml !Ein reichhaltiges, schmelzendes und [&hellip;]<\/p>\n","protected":false},"featured_media":47255,"template":"","meta":{"_acf_changed":false},"product_cat":[405,397,442,408,1687,1679],"product_tag":[],"class_list":{"0":"post-47269","1":"product","2":"type-product","3":"status-publish","4":"has-post-thumbnail","6":"product_brand-protect-de","7":"product_cat-e-liquids","8":"product_cat-gourmands-de","9":"product_cat-hervorgehobene-produkte","10":"product_cat-lieferbar-innerhalb-von-24-stunden-de","11":"product_cat-50-ml-fur-75-ml","12":"product_cat-menge-e-flussigkeit-kapazitat-flasche","14":"first","15":"instock","16":"taxable","17":"shipping-taxable","18":"purchasable","19":"product-type-simple"},"acf":[],"jetpack_sharing_enabled":true,"_links":{"self":[{"href":"https:\/\/vapotheque.ch\/de\/wp-json\/wp\/v2\/product\/47269","targetHints":{"allow":["GET"]}}],"collection":[{"href":"https:\/\/vapotheque.ch\/de\/wp-json\/wp\/v2\/product"}],"about":[{"href":"https:\/\/vapotheque.ch\/de\/wp-json\/wp\/v2\/types\/product"}],"wp:featuredmedia":[{"embeddable":true,"href":"https:\/\/vapotheque.ch\/de\/wp-json\/wp\/v2\/media\/47255"}],"wp:attachment":[{"href":"https:\/\/vapotheque.ch\/de\/wp-json\/wp\/v2\/media?parent=47269"}],"wp:term":[{"taxonomy":"product_cat","embeddable":true,"href":"https:\/\/vapotheque.ch\/de\/wp-json\/wp\/v2\/product_cat?post=47269"},{"taxonomy":"product_tag","embeddable":true,"href":"https:\/\/vapotheque.ch\/de\/wp-json\/wp\/v2\/product_tag?post=47269"}],"curies":[{"name":"wp","href":"https:\/\/api.w.org\/{rel}","templated":true}]}}