{"id":47187,"date":"2025-10-10T14:19:03","date_gmt":"2025-10-10T12:19:03","guid":{"rendered":"https:\/\/vapotheque.ch\/boutique\/aromen-geheimnisse-milos-50-ml-70-ml\/"},"modified":"2025-10-10T14:19:03","modified_gmt":"2025-10-10T12:19:03","slug":"aromen-geheimnisse-milos-50-ml-70-ml","status":"publish","type":"product","link":"https:\/\/vapotheque.ch\/de\/shop\/aromen-geheimnisse-milos-50-ml-70-ml\/","title":{"rendered":"Aromen  Geheimnisse &#8211; Milos 50 ml \/ 70 ml"},"content":{"rendered":"<p data-start=\"0\" data-end=\"43\"><strong data-start=\"3\" data-end=\"41\">Milos \u2013 Kokosnuss, Mango, frische Ananas<\/strong><\/p>\n<p data-start=\"45\" data-end=\"133\">Die bet\u00f6rende Exotik, die tropische Frische und die Magie eines Vape, der Dich auf Reisen bringt.<\/p>\n<p data-start=\"135\" data-end=\"463\">Auf den verzauberten Inseln der Aromen und Geheimnisse ist Milos der Meister der sonnigen Aromen. Dieses E-Liquid kombiniert die cremige S\u00fc\u00dfe der Kokosnuss, die saftige Explosion der Mango und die s\u00fc\u00dfe Lebendigkeit der frischen Ananas. Ein exotisches Trio, das jeden Zug in einen unvergesslichen Erlebnisurlaub verwandelt.  <\/p>\n<p data-start=\"465\" data-end=\"505\"><strong data-start=\"468\" data-end=\"503\">Ein extravaganter tropischer Cocktail<\/strong><\/p>\n<p data-start=\"507\" data-end=\"768\">Schmelzende Kokosnuss, saftige Mango und helle Ananas vereinen sich zu einem intensiven und harmonischen aromatischen Wirbelwind. Jeder Zug liefert ein Konzentrat aus nat\u00fcrlichen Fr\u00fcchten, die perfekt ausbalanciert sind und ein Gourmet- und Erfrischungserlebnis bieten. <\/p>\n<p data-start=\"770\" data-end=\"819\"><strong data-start=\"773\" data-end=\"817\">Eine eisige Brise, die alles sublimiert<\/strong><\/p>\n<p data-start=\"821\" data-end=\"1049\">Eine subtile Frische streichelt Ihre Geschmacksknospen, weckt tropische Aromen und bringt einen belebenden Atem. Leicht und zart, sublimiert es die Mischung, ohne sie jemals zu \u00fcberschatten, f\u00fcr einen harmonischen und bet\u00f6renden Dampf. <\/p>\n<p data-start=\"1051\" data-end=\"1105\"><strong data-start=\"1054\" data-end=\"1103\">Die perfekte Balance zwischen Exotik und Weichheit<\/strong><\/p>\n<p data-start=\"1107\" data-end=\"1358\">Milos ist nicht nur ein fruchtiges E-Liquid: Es ist ein tropischer Zauber, in dem sich die Kraft der Fr\u00fcchte mit der subtilen S\u00fc\u00dfe der Frische verbindet. Ein s\u00fcchtig machender, exotischer und raffinierter Verdampfer, ideal f\u00fcr Liebhaber sonniger und intensiver Empfindungen. <\/p>\n<p data-start=\"1360\" data-end=\"1416\"><strong data-start=\"1365\" data-end=\"1414\">Made in France \u2013 100% handwerkliche Qualit\u00e4t<\/strong><\/p>\n<p data-start=\"1418\" data-end=\"1627\">Format: 50 ml aufgeladenes E-Liquid in einer 70 ml Flasche<br data-start=\"1478\" data-end=\"1481\">PG\/VG-Verh\u00e4ltnis: 50\/50 \u2013 perfekte Balance zwischen Zug, Aroma und Dampf<br data-start=\"1548\" data-end=\"1551\">Keine Sucralose, keine Farbstoffe, keine Kunstgriffe: nur der Reichtum nat\u00fcrlicher Aromen<\/p>\n<p><span style=\"vertical-align: inherit;\">Erhalten Sie Rabatte oder die neuesten Informationen zu unseren Produkten, indem Sie uns in unseren sozialen Netzwerken folgen: <\/span><a href=\"https:\/\/www.facebook.com\/VapeAigleCH\" target=\"_blank\" rel=\"noopener\"><br \/>\n  <span style=\"vertical-align: inherit;\">Facebook<\/span><br \/>\n<\/a><span style=\"vertical-align: inherit;\"> oder <\/span><a href=\"https:\/\/www.instagram.com\/vapotheque\/\" target=\"_blank\" rel=\"noopener\"><br \/>\n  <span style=\"vertical-align: inherit;\">Instagram<\/span><br \/>\n<\/a><span style=\"vertical-align: inherit;\"> .<\/span><\/p>\n","protected":false},"excerpt":{"rendered":"<p>Milos \u2013 Kokosnuss, Mango, frische Ananas Die bet\u00f6rende Exotik, die tropische Frische und die Magie eines Vape, der Dich auf Reisen bringt. Auf den verzauberten Inseln der Aromen und Geheimnisse ist Milos der Meister der sonnigen Aromen. Dieses E-Liquid kombiniert die cremige S\u00fc\u00dfe der Kokosnuss, die saftige Explosion der Mango und die s\u00fc\u00dfe Lebendigkeit der [&hellip;]<\/p>\n","protected":false},"featured_media":47168,"template":"","meta":{"_acf_changed":false},"product_cat":[405,404,442,408,423,1686,1679],"product_tag":[],"class_list":{"0":"post-47187","1":"product","2":"type-product","3":"status-publish","4":"has-post-thumbnail","6":"product_brand-savourea-de","7":"product_cat-e-liquids","8":"product_cat-fruchtig","9":"product_cat-hervorgehobene-produkte","10":"product_cat-lieferbar-innerhalb-von-24-stunden-de","11":"product_cat-promos","12":"product_cat-50-ml-fur-70-ml","13":"product_cat-menge-e-flussigkeit-kapazitat-flasche","15":"first","16":"instock","17":"taxable","18":"shipping-taxable","19":"purchasable","20":"product-type-simple"},"acf":[],"jetpack_sharing_enabled":true,"_links":{"self":[{"href":"https:\/\/vapotheque.ch\/de\/wp-json\/wp\/v2\/product\/47187","targetHints":{"allow":["GET"]}}],"collection":[{"href":"https:\/\/vapotheque.ch\/de\/wp-json\/wp\/v2\/product"}],"about":[{"href":"https:\/\/vapotheque.ch\/de\/wp-json\/wp\/v2\/types\/product"}],"wp:featuredmedia":[{"embeddable":true,"href":"https:\/\/vapotheque.ch\/de\/wp-json\/wp\/v2\/media\/47168"}],"wp:attachment":[{"href":"https:\/\/vapotheque.ch\/de\/wp-json\/wp\/v2\/media?parent=47187"}],"wp:term":[{"taxonomy":"product_cat","embeddable":true,"href":"https:\/\/vapotheque.ch\/de\/wp-json\/wp\/v2\/product_cat?post=47187"},{"taxonomy":"product_tag","embeddable":true,"href":"https:\/\/vapotheque.ch\/de\/wp-json\/wp\/v2\/product_tag?post=47187"}],"curies":[{"name":"wp","href":"https:\/\/api.w.org\/{rel}","templated":true}]}}