{"id":47186,"date":"2025-10-10T14:18:50","date_gmt":"2025-10-10T12:18:50","guid":{"rendered":"https:\/\/vapotheque.ch\/boutique\/aromen-geheimnisse-maipo-50-ml-70-ml\/"},"modified":"2025-11-06T12:56:02","modified_gmt":"2025-11-06T11:56:02","slug":"aromen-geheimnisse-maipo-50-ml-70-ml","status":"publish","type":"product","link":"https:\/\/vapotheque.ch\/de\/shop\/aromen-geheimnisse-maipo-50-ml-70-ml\/","title":{"rendered":"Aromen  Geheimnisse &#8211; Ma\u00efpo 50 ml \/ 70 ml"},"content":{"rendered":"<p data-start=\"0\" data-end=\"40\"><strong data-start=\"3\" data-end=\"38\">Ma\u00efpo \u2013 Himbeere, Erdbeere, Brombeere<\/strong><\/p>\n<p data-start=\"42\" data-end=\"143\">Die Symphonie der roten Fr\u00fcchte, die Intensit\u00e4t des Terroirs und die Magie eines charaktervollen Dampfes.<\/p>\n<p data-start=\"145\" data-end=\"488\">In den sonnigen T\u00e4lern von Ar\u00f4mes et Secrets zeichnet sich Ma\u00efpo als H\u00fcter der hellen Beeren aus. Dieses Getr\u00e4nk vereint die s\u00fc\u00dfe S\u00fc\u00dfe der Erdbeere, die spritzige Lebendigkeit der Himbeere und die gierige Tiefe der Brombeere. Eine harmonische, kraftvolle und verf\u00fchrerische Mischung, die jeden Zug in ein wahrhaft fruchtiges Erlebnis verwandelt.  <\/p>\n<p data-start=\"490\" data-end=\"534\"><strong data-start=\"493\" data-end=\"532\">Ein Trio aus extravaganten roten Fr\u00fcchten<\/strong><\/p>\n<p data-start=\"536\" data-end=\"792\">Saftige Himbeeren, fleischige Erdbeeren und intensive Brombeeren vermischen sich zu einem fesselnden aromatischen Tanz. Jeder Zug bietet eine Explosion nat\u00fcrlicher, ausgewogener und harmonischer Aromen f\u00fcr ein reichhaltiges und perfekt kontrolliertes Geschmackserlebnis. <\/p>\n<p data-start=\"794\" data-end=\"838\"><strong data-start=\"797\" data-end=\"836\">Eine subtile und belebende Frische<\/strong><\/p>\n<p data-start=\"840\" data-end=\"1125\">Ma\u00efpo ist nicht nur ein Cocktail aus roten Fr\u00fcchten: Eine leichte Brise erweckt die aromatische Palette und verleiht ihnen einen subtilen Hauch von Frische, der die Fr\u00fcchte hervorhebt, ohne sie jemals zu \u00fcberw\u00e4ltigen. Die perfekte Balance zwischen Gier und Lebendigkeit, f\u00fcr einen s\u00fcchtig machenden und raffinierten Dampf. <\/p>\n<p data-start=\"1127\" data-end=\"1182\"><strong data-start=\"1130\" data-end=\"1180\">Die perfekte Kombination aus Kraft und Weichheit<\/strong><\/p>\n<p data-start=\"1184\" data-end=\"1415\">Dieses E-Liquid ist eine Alchemie der Intensit\u00e4t und Subtilit\u00e4t, bei der jeder Inhaltsstoff seine Rolle mit Pr\u00e4zision spielt. Ein weicher, heller und lebendiger Verdampfer, ideal f\u00fcr Liebhaber intensiver und raffinierter fruchtiger Empfindungen. <\/p>\n<p data-start=\"1417\" data-end=\"1473\"><strong data-start=\"1422\" data-end=\"1471\">Made in France \u2013 100% handwerkliche Qualit\u00e4t<\/strong><\/p>\n<p data-start=\"1475\" data-end=\"1684\">Format: 50 ml aufgeladenes E-Liquid in einer 70 ml Flasche<br data-start=\"1535\" data-end=\"1538\">PG\/VG-Verh\u00e4ltnis: 50\/50 \u2013 perfekte Balance zwischen Zug, Aroma und Dampf<br data-start=\"1605\" data-end=\"1608\">Keine Sucralose, keine Farbstoffe, keine Kunstgriffe: nur der Reichtum nat\u00fcrlicher Aromen<\/p>\n<p><span style=\"vertical-align: inherit;\">Erhalten Sie Rabatte oder die neuesten Informationen zu unseren Produkten, indem Sie uns in unseren sozialen Netzwerken folgen: <\/span><a href=\"https:\/\/www.facebook.com\/VapeAigleCH\" target=\"_blank\" rel=\"noopener\"><br \/>\n  <span style=\"vertical-align: inherit;\">Facebook<\/span><br \/>\n<\/a><span style=\"vertical-align: inherit;\"> oder <\/span><a href=\"https:\/\/www.instagram.com\/vapotheque\/\" target=\"_blank\" rel=\"noopener\"><br \/>\n  <span style=\"vertical-align: inherit;\">Instagram<\/span><br \/>\n<\/a><span style=\"vertical-align: inherit;\"> .<\/span><\/p>\n","protected":false},"excerpt":{"rendered":"<p>Ma\u00efpo \u2013 Himbeere, Erdbeere, Brombeere Die Symphonie der roten Fr\u00fcchte, die Intensit\u00e4t des Terroirs und die Magie eines charaktervollen Dampfes. In den sonnigen T\u00e4lern von Ar\u00f4mes et Secrets zeichnet sich Ma\u00efpo als H\u00fcter der hellen Beeren aus. Dieses Getr\u00e4nk vereint die s\u00fc\u00dfe S\u00fc\u00dfe der Erdbeere, die spritzige Lebendigkeit der Himbeere und die gierige Tiefe der [&hellip;]<\/p>\n","protected":false},"featured_media":47165,"template":"","meta":{"_acf_changed":false},"product_cat":[405,404,442,408,423,1686,1679],"product_tag":[],"class_list":{"0":"post-47186","1":"product","2":"type-product","3":"status-publish","4":"has-post-thumbnail","6":"product_brand-savourea-de","7":"product_cat-e-liquids","8":"product_cat-fruchtig","9":"product_cat-hervorgehobene-produkte","10":"product_cat-lieferbar-innerhalb-von-24-stunden-de","11":"product_cat-promos","12":"product_cat-50-ml-fur-70-ml","13":"product_cat-menge-e-flussigkeit-kapazitat-flasche","15":"first","16":"instock","17":"taxable","18":"shipping-taxable","19":"purchasable","20":"product-type-simple"},"acf":[],"jetpack_sharing_enabled":true,"_links":{"self":[{"href":"https:\/\/vapotheque.ch\/de\/wp-json\/wp\/v2\/product\/47186","targetHints":{"allow":["GET"]}}],"collection":[{"href":"https:\/\/vapotheque.ch\/de\/wp-json\/wp\/v2\/product"}],"about":[{"href":"https:\/\/vapotheque.ch\/de\/wp-json\/wp\/v2\/types\/product"}],"wp:featuredmedia":[{"embeddable":true,"href":"https:\/\/vapotheque.ch\/de\/wp-json\/wp\/v2\/media\/47165"}],"wp:attachment":[{"href":"https:\/\/vapotheque.ch\/de\/wp-json\/wp\/v2\/media?parent=47186"}],"wp:term":[{"taxonomy":"product_cat","embeddable":true,"href":"https:\/\/vapotheque.ch\/de\/wp-json\/wp\/v2\/product_cat?post=47186"},{"taxonomy":"product_tag","embeddable":true,"href":"https:\/\/vapotheque.ch\/de\/wp-json\/wp\/v2\/product_tag?post=47186"}],"curies":[{"name":"wp","href":"https:\/\/api.w.org\/{rel}","templated":true}]}}