{"id":47185,"date":"2025-10-10T14:20:00","date_gmt":"2025-10-10T12:20:00","guid":{"rendered":"https:\/\/vapotheque.ch\/boutique\/aromen-geheimnisse-baru-50-ml-70-ml\/"},"modified":"2025-10-10T14:20:00","modified_gmt":"2025-10-10T12:20:00","slug":"aromen-geheimnisse-baru-50-ml-70-ml","status":"publish","type":"product","link":"https:\/\/vapotheque.ch\/de\/shop\/aromen-geheimnisse-baru-50-ml-70-ml\/","title":{"rendered":"Aromen  Geheimnisse &#8211; Baru 50 ml \/ 70 ml"},"content":{"rendered":"<h3 data-start=\"368\" data-end=\"418\">Baru \u2013 Exotische Fr\u00fcchte &amp; Eisminze<\/h3>\n<p data-start=\"420\" data-end=\"528\">Der Atem der Tropen, die Kraft des eisigen Windes und die K\u00fchnheit einer Reise ins Herz eines frostigen Dschungels.<\/p>\n<p data-start=\"530\" data-end=\"826\">Im mysteri\u00f6sen Reich der Aromen und Geheimnisse herrscht Baru \u00fcber exotische Aromen. Als wahrer J\u00e4ger von Aromen hat er die Frische gez\u00e4hmt, um sie mit der \u00dcppigkeit tropischer Fr\u00fcchte zu vermischen. Das Ergebnis: ein lebendiges Elixier, in dem Weichheit und Nervenkitzel in perfekter Harmonie verschmelzen.  <\/p>\n<p data-start=\"828\" data-end=\"887\"><strong data-start=\"831\" data-end=\"885\">Eine Explosion von sonnenverw\u00f6hnten exotischen Fr\u00fcchten<\/strong><\/p>\n<p data-start=\"889\" data-end=\"1226\">Ananas, Mango und Passionsfrucht vereinen sich zu einem sinnlichen und berauschenden Tanz. Jeder Zug enth\u00fcllt die W\u00e4rme der Tropen und die saftige Rundheit reifer Fr\u00fcchte, f\u00fcr ein vollst\u00e4ndiges Eintauchen in eine imagin\u00e4re Sonne. S\u00fc\u00dfe Noten verflechten sich mit dezenter S\u00e4ure, die an die bunten M\u00e4rkte ferner Inseln erinnern.  <\/p>\n<p data-start=\"1228\" data-end=\"1276\">\u2744\ufe0f <strong data-start=\"1231\" data-end=\"1274\">Eine eisige Brise vom Ende der Welt<\/strong><\/p>\n<p data-start=\"1278\" data-end=\"1560\">Aber lassen Sie sich nicht von seiner S\u00fc\u00dfe t\u00e4uschen: Baru verbirgt in seinem Herzen eine intensive, lebendige und belebende Frische. Kristallminze gleitet \u00fcber die Zunge und verschmilzt mit den fruchtigen Aromen und bringt diesen reinen, frostigen Atem, der jeden Zug in ein polares Abenteuer verwandelt. <\/p>\n<p data-start=\"1562\" data-end=\"1617\"><strong data-start=\"1565\" data-end=\"1615\">Die perfekte Kombination aus W\u00e4rme und K\u00fchle<\/strong><\/p>\n<p data-start=\"1619\" data-end=\"1854\">Baru ist die Vereinigung der Gegens\u00e4tze: das Feuer der Tropen und die K\u00e4lte der ewigen Berge. Eine meisterhafte Balance zwischen s\u00fc\u00dfer Exotik und intensiver Frische, entworfen f\u00fcr Liebhaber kontrastreicher Empfindungen und reiner Emotionen. <\/p>\n<p data-start=\"1856\" data-end=\"1912\"><strong data-start=\"1861\" data-end=\"1910\">Made in France \u2013 100% handwerkliche Qualit\u00e4t<\/strong><\/p>\n<p data-start=\"1914\" data-end=\"2123\">Format: 50 ml aufgeladenes E-Liquid in einer 70 ml Flasche<br data-start=\"1974\" data-end=\"1977\">PG\/VG-Verh\u00e4ltnis: 50\/50 \u2013 perfekte Balance zwischen Geschmack, Dampf und Zug<br data-start=\"2044\" data-end=\"2047\">Keine Sucralose, keine Farbstoffe, keine Kunstgriffe: nur der Reichtum nat\u00fcrlicher Aromen<\/p>\n<p><span style=\"vertical-align: inherit;\">Erhalten Sie Rabatte oder die neuesten Informationen zu unseren Produkten, indem Sie uns in unseren sozialen Netzwerken folgen: <\/span><a href=\"https:\/\/www.facebook.com\/VapeAigleCH\" target=\"_blank\" rel=\"noopener\"><br \/>\n  <span style=\"vertical-align: inherit;\">Facebook<\/span><br \/>\n<\/a><span style=\"vertical-align: inherit;\"> oder <\/span><a href=\"https:\/\/www.instagram.com\/vapotheque\/\" target=\"_blank\" rel=\"noopener\"><br \/>\n  <span style=\"vertical-align: inherit;\">Instagram<\/span><br \/>\n<\/a><span style=\"vertical-align: inherit;\"> .<\/span><\/p>\n","protected":false},"excerpt":{"rendered":"<p>Baru \u2013 Exotische Fr\u00fcchte &amp; Eisminze Der Atem der Tropen, die Kraft des eisigen Windes und die K\u00fchnheit einer Reise ins Herz eines frostigen Dschungels. Im mysteri\u00f6sen Reich der Aromen und Geheimnisse herrscht Baru \u00fcber exotische Aromen. Als wahrer J\u00e4ger von Aromen hat er die Frische gez\u00e4hmt, um sie mit der \u00dcppigkeit tropischer Fr\u00fcchte zu [&hellip;]<\/p>\n","protected":false},"featured_media":47177,"template":"","meta":{"_acf_changed":false},"product_cat":[405,404,442,408,423,1686,1679],"product_tag":[],"class_list":{"0":"post-47185","1":"product","2":"type-product","3":"status-publish","4":"has-post-thumbnail","6":"product_brand-savourea-de","7":"product_cat-e-liquids","8":"product_cat-fruchtig","9":"product_cat-hervorgehobene-produkte","10":"product_cat-lieferbar-innerhalb-von-24-stunden-de","11":"product_cat-promos","12":"product_cat-50-ml-fur-70-ml","13":"product_cat-menge-e-flussigkeit-kapazitat-flasche","15":"first","16":"instock","17":"taxable","18":"shipping-taxable","19":"purchasable","20":"product-type-simple"},"acf":[],"jetpack_sharing_enabled":true,"_links":{"self":[{"href":"https:\/\/vapotheque.ch\/de\/wp-json\/wp\/v2\/product\/47185","targetHints":{"allow":["GET"]}}],"collection":[{"href":"https:\/\/vapotheque.ch\/de\/wp-json\/wp\/v2\/product"}],"about":[{"href":"https:\/\/vapotheque.ch\/de\/wp-json\/wp\/v2\/types\/product"}],"wp:featuredmedia":[{"embeddable":true,"href":"https:\/\/vapotheque.ch\/de\/wp-json\/wp\/v2\/media\/47177"}],"wp:attachment":[{"href":"https:\/\/vapotheque.ch\/de\/wp-json\/wp\/v2\/media?parent=47185"}],"wp:term":[{"taxonomy":"product_cat","embeddable":true,"href":"https:\/\/vapotheque.ch\/de\/wp-json\/wp\/v2\/product_cat?post=47185"},{"taxonomy":"product_tag","embeddable":true,"href":"https:\/\/vapotheque.ch\/de\/wp-json\/wp\/v2\/product_tag?post=47185"}],"curies":[{"name":"wp","href":"https:\/\/api.w.org\/{rel}","templated":true}]}}