{"id":47184,"date":"2025-10-10T14:18:37","date_gmt":"2025-10-10T12:18:37","guid":{"rendered":"https:\/\/vapotheque.ch\/boutique\/aromen-geheimnisse-linzor-50-ml-70-ml\/"},"modified":"2025-10-10T14:18:37","modified_gmt":"2025-10-10T12:18:37","slug":"aromen-geheimnisse-linzor-50-ml-70-ml","status":"publish","type":"product","link":"https:\/\/vapotheque.ch\/de\/shop\/aromen-geheimnisse-linzor-50-ml-70-ml\/","title":{"rendered":"Aromen  Geheimnisse &#8211; Linzor 50 ml \/ 70 ml"},"content":{"rendered":"<p data-start=\"0\" data-end=\"50\">\u2642\ufe0f <strong data-start=\"6\" data-end=\"48\">Linzor \u2013 Waldfr\u00fcchte, Anis, Minze<\/strong><\/p>\n<p data-start=\"52\" data-end=\"158\">Die Weisheit der W\u00e4lder, die Frische der Lichtungen und die Magie eines aromatischen Atems von anderswo.<\/p>\n<p data-start=\"160\" data-end=\"534\">In den geheimnisvollen L\u00e4ndern von Ar\u00f4mes et Secrets wacht Linzor schweigend \u00fcber ihn, ein Meister der holzigen Aromen und bet\u00f6renden Mischungen. Sein Elixier vereint den wilden Reichtum von Waldfr\u00fcchten, die Anistiefe eines seltenen Krauts und die kristalline Frische reiner Minze. Ein Getr\u00e4nk, das gleichzeitig intensiv, ausgewogen und bet\u00f6rend ist, wie ein Zauber im Herzen der Natur.  <\/p>\n<p data-start=\"536\" data-end=\"591\"><strong data-start=\"539\" data-end=\"589\">Waldfr\u00fcchte, die wilde Essenz des Geschmacks<\/strong><\/p>\n<p data-start=\"593\" data-end=\"870\">Himbeeren, Brombeeren, schwarze Johannisbeeren und Heidelbeeren vereinen sich zu einer aromatischen Explosion, die einer verzauberten Ernte w\u00fcrdig ist. Mit jedem Zug verflechten sich die s\u00fc\u00dfe S\u00fc\u00dfe und die nat\u00fcrliche S\u00e4ure dieser Beeren und sorgen f\u00fcr ein reichhaltiges, tiefgr\u00fcndiges und schrecklich verf\u00fchrerisches fruchtiges Erlebnis. <\/p>\n<p data-start=\"872\" data-end=\"919\"><strong data-start=\"875\" data-end=\"917\">Anis, die mystische und raffinierte Note<\/strong><\/p>\n<p data-start=\"921\" data-end=\"1230\">Im Mittelpunkt des Linzor-Zaubers steht der Anis, der seine einzigartige aromatische Note mitbringt, die sowohl s\u00fc\u00df als auch intensiv ist. Sein zart-w\u00fcrziger Duft sublimiert die Frucht und verleiht ihr diese magische, fast berauschende Aura. Eine subtile Alchemie, die jede Inhalation zu einem einzigartigen Sinneserlebnis macht.  <\/p>\n<p data-start=\"1232\" data-end=\"1277\">\u2744\ufe0f <strong data-start=\"1235\" data-end=\"1275\">Minze, der eisige Atem des Waldes<\/strong><\/p>\n<p data-start=\"1279\" data-end=\"1568\">Schlie\u00dflich stellt sich eine leichte, fl\u00fcssige und nat\u00fcrliche Frische ein \u2013 die Handschrift von Linzor. Minze, s\u00fc\u00df, aber durchdringend, umh\u00fcllt die Aromen mit einer belebenden Brise. Ein kristalliner Abschluss, ausgewogen und belebend, der dieses Rezept zu einem endlosen Dampfvergn\u00fcgen macht.  <\/p>\n<p data-start=\"1570\" data-end=\"1626\"><strong data-start=\"1575\" data-end=\"1624\">Made in France \u2013 100% handwerkliche Qualit\u00e4t<\/strong><\/p>\n<p data-start=\"1628\" data-end=\"1838\">Format: 50 ml aufgeladenes E-Liquid in einer 70 ml Flasche<br data-start=\"1688\" data-end=\"1691\">PG\/VG-Verh\u00e4ltnis: 50\/50 \u2013 perfekte Balance zwischen Zug, Aroma und Dampf<br data-start=\"1758\" data-end=\"1761\">Keine Sucralose, keine Farbstoffe, keine Kunstgriffe: nur die Kraft der nat\u00fcrlichen Aromen<\/p>\n<p><span style=\"vertical-align: inherit;\">Erhalten Sie Rabatte oder die neuesten Informationen zu unseren Produkten, indem Sie uns in unseren sozialen Netzwerken folgen: <\/span><a href=\"https:\/\/www.facebook.com\/VapeAigleCH\" target=\"_blank\" rel=\"noopener\"><br \/>\n  <span style=\"vertical-align: inherit;\">Facebook<\/span><br \/>\n<\/a><span style=\"vertical-align: inherit;\"> oder <\/span><a href=\"https:\/\/www.instagram.com\/vapotheque\/\" target=\"_blank\" rel=\"noopener\"><br \/>\n  <span style=\"vertical-align: inherit;\">Instagram<\/span><br \/>\n<\/a><span style=\"vertical-align: inherit;\"> .<\/span><\/p>\n","protected":false},"excerpt":{"rendered":"<p>\u2642\ufe0f Linzor \u2013 Waldfr\u00fcchte, Anis, Minze Die Weisheit der W\u00e4lder, die Frische der Lichtungen und die Magie eines aromatischen Atems von anderswo. In den geheimnisvollen L\u00e4ndern von Ar\u00f4mes et Secrets wacht Linzor schweigend \u00fcber ihn, ein Meister der holzigen Aromen und bet\u00f6renden Mischungen. Sein Elixier vereint den wilden Reichtum von Waldfr\u00fcchten, die Anistiefe eines seltenen [&hellip;]<\/p>\n","protected":false},"featured_media":47162,"template":"","meta":{"_acf_changed":false},"product_cat":[405,404,442,408,423,1686,1679],"product_tag":[],"class_list":{"0":"post-47184","1":"product","2":"type-product","3":"status-publish","4":"has-post-thumbnail","6":"product_brand-savourea-de","7":"product_cat-e-liquids","8":"product_cat-fruchtig","9":"product_cat-hervorgehobene-produkte","10":"product_cat-lieferbar-innerhalb-von-24-stunden-de","11":"product_cat-promos","12":"product_cat-50-ml-fur-70-ml","13":"product_cat-menge-e-flussigkeit-kapazitat-flasche","15":"first","16":"instock","17":"taxable","18":"shipping-taxable","19":"purchasable","20":"product-type-simple"},"acf":[],"jetpack_sharing_enabled":true,"_links":{"self":[{"href":"https:\/\/vapotheque.ch\/de\/wp-json\/wp\/v2\/product\/47184","targetHints":{"allow":["GET"]}}],"collection":[{"href":"https:\/\/vapotheque.ch\/de\/wp-json\/wp\/v2\/product"}],"about":[{"href":"https:\/\/vapotheque.ch\/de\/wp-json\/wp\/v2\/types\/product"}],"wp:featuredmedia":[{"embeddable":true,"href":"https:\/\/vapotheque.ch\/de\/wp-json\/wp\/v2\/media\/47162"}],"wp:attachment":[{"href":"https:\/\/vapotheque.ch\/de\/wp-json\/wp\/v2\/media?parent=47184"}],"wp:term":[{"taxonomy":"product_cat","embeddable":true,"href":"https:\/\/vapotheque.ch\/de\/wp-json\/wp\/v2\/product_cat?post=47184"},{"taxonomy":"product_tag","embeddable":true,"href":"https:\/\/vapotheque.ch\/de\/wp-json\/wp\/v2\/product_tag?post=47184"}],"curies":[{"name":"wp","href":"https:\/\/api.w.org\/{rel}","templated":true}]}}