{"id":47183,"date":"2025-10-10T14:18:21","date_gmt":"2025-10-10T12:18:21","guid":{"rendered":"https:\/\/vapotheque.ch\/boutique\/aromen-geheimnisse-esteli-50-ml-70-ml\/"},"modified":"2025-10-10T14:18:21","modified_gmt":"2025-10-10T12:18:21","slug":"aromen-geheimnisse-esteli-50-ml-70-ml","status":"publish","type":"product","link":"https:\/\/vapotheque.ch\/de\/shop\/aromen-geheimnisse-esteli-50-ml-70-ml\/","title":{"rendered":"Aromen  Geheimnisse &#8211; Esteli 50 ml \/ 70 ml"},"content":{"rendered":"<h3 data-start=\"151\" data-end=\"193\">Esteli \u2013 Blaue Himbeer-Limonade<\/h3>\n<p data-start=\"195\" data-end=\"318\">Die Magie einer gefrosteten Limonade, die Kraft bl\u00e4ulicher Beeren und der Nervenkitzel eines s\u00fc\u00dfen Zaubers unter einem azurblauen Himmel.<\/p>\n<p data-start=\"320\" data-end=\"656\">Im verwunschenen Grimoire von Aromas and Secrets zeichnet der Zauberer Esteli einen Kreis aus Frische und Energie. Es beschw\u00f6rt die hellste Limonade, die mit einer leuchtend blauen Himbeere angereichert ist, um ein Elixier zu kreieren, das gleichzeitig s\u00fc\u00df, spritzig und zutiefst erfrischend ist. Ein wahrer fruchtiger Charme f\u00fcr Gaumen, die auf der Suche nach einer sensorischen Flucht sind.  <\/p>\n<p data-start=\"658\" data-end=\"711\"><strong data-start=\"661\" data-end=\"709\">Eine bet\u00f6rende und funkelnde blaue Himbeere<\/strong><\/p>\n<p data-start=\"713\" data-end=\"1025\">Die blaue Himbeere, ein seltenes und faszinierendes Juwel, offenbart eine Explosion von s\u00fc\u00dfer S\u00fc\u00dfe und zarter S\u00e4ure. Jeder Zug entf\u00fchrt Sie in eine Welt der bunten Nuancen, in der sich fruchtige Frische mit der Lebendigkeit einer s\u00fc\u00dfen Schale verbindet. Ein ewiger Sommerduft, lebendig und bet\u00f6rend, der das Licht des Genusses einf\u00e4ngt.  <\/p>\n<p data-start=\"1027\" data-end=\"1076\"><strong data-start=\"1030\" data-end=\"1074\">Eine eisgek\u00fchlte Limonade mit prickelndem Charme<\/strong><\/p>\n<p data-start=\"1078\" data-end=\"1378\">Im Herzen des Tranks entfaltet eine prickelnde Limonade ihre belebende Frische. Leicht, zitronig und durstl\u00f6schend verleiht es der Himbeere einen strahlenden Glanz und ein Gef\u00fchl von absoluter Reinheit. Die Frische l\u00e4dt sich mit jeder Note ein und hinterl\u00e4sst den Geschmack einer eisigen Brise unter der Sonne auf den Lippen.  <\/p>\n<p data-start=\"1380\" data-end=\"1433\"><strong data-start=\"1383\" data-end=\"1431\">Die perfekte Kombination aus Frucht und Frische<\/strong><\/p>\n<p data-start=\"1435\" data-end=\"1659\">Esteli ist das Aufeinandertreffen zwischen der Intensit\u00e4t einer mythischen Frucht und der Klarheit einer magischen Limonade. Eine gemei\u00dfelte Balance, sowohl weich als auch elektrisierend, die die Sch\u00f6nheit des Kontrasts offenbart und jeden Moment des Dampfens sublimiert. <\/p>\n<p data-start=\"1661\" data-end=\"1717\"><strong data-start=\"1666\" data-end=\"1715\">Made in France \u2013 100% handwerkliche Qualit\u00e4t<\/strong><\/p>\n<p data-start=\"1719\" data-end=\"1928\">Format: 50 ml aufgeladenes E-Liquid in einer 70 ml Flasche<br data-start=\"1779\" data-end=\"1782\">PG\/VG-Verh\u00e4ltnis: 50\/50 \u2013 perfekte Balance zwischen Geschmack, Dampf und Zug<br data-start=\"1849\" data-end=\"1852\">Keine Sucralose, keine Farbstoffe, keine Kunstgriffe: nur der Reichtum nat\u00fcrlicher Aromen<\/p>\n<p><span style=\"vertical-align: inherit;\">Erhalten Sie Rabatte oder die neuesten Informationen zu unseren Produkten, indem Sie uns in unseren sozialen Netzwerken folgen: <\/span><a href=\"https:\/\/www.facebook.com\/VapeAigleCH\" target=\"_blank\" rel=\"noopener\"><br \/>\n  <span style=\"vertical-align: inherit;\">Facebook<\/span><br \/>\n<\/a><span style=\"vertical-align: inherit;\"> oder <\/span><a href=\"https:\/\/www.instagram.com\/vapotheque\/\" target=\"_blank\" rel=\"noopener\"><br \/>\n  <span style=\"vertical-align: inherit;\">Instagram<\/span><br \/>\n<\/a><span style=\"vertical-align: inherit;\"> .<\/span><\/p>\n","protected":false},"excerpt":{"rendered":"<p>Esteli \u2013 Blaue Himbeer-Limonade Die Magie einer gefrosteten Limonade, die Kraft bl\u00e4ulicher Beeren und der Nervenkitzel eines s\u00fc\u00dfen Zaubers unter einem azurblauen Himmel. Im verwunschenen Grimoire von Aromas and Secrets zeichnet der Zauberer Esteli einen Kreis aus Frische und Energie. Es beschw\u00f6rt die hellste Limonade, die mit einer leuchtend blauen Himbeere angereichert ist, um ein [&hellip;]<\/p>\n","protected":false},"featured_media":47159,"template":"","meta":{"_acf_changed":false},"product_cat":[405,404,442,408,1686,1679],"product_tag":[],"class_list":{"0":"post-47183","1":"product","2":"type-product","3":"status-publish","4":"has-post-thumbnail","6":"product_brand-savourea-de","7":"product_cat-e-liquids","8":"product_cat-fruchtig","9":"product_cat-hervorgehobene-produkte","10":"product_cat-lieferbar-innerhalb-von-24-stunden-de","11":"product_cat-50-ml-fur-70-ml","12":"product_cat-menge-e-flussigkeit-kapazitat-flasche","14":"first","15":"instock","16":"taxable","17":"shipping-taxable","18":"purchasable","19":"product-type-simple"},"acf":[],"jetpack_sharing_enabled":true,"_links":{"self":[{"href":"https:\/\/vapotheque.ch\/de\/wp-json\/wp\/v2\/product\/47183","targetHints":{"allow":["GET"]}}],"collection":[{"href":"https:\/\/vapotheque.ch\/de\/wp-json\/wp\/v2\/product"}],"about":[{"href":"https:\/\/vapotheque.ch\/de\/wp-json\/wp\/v2\/types\/product"}],"wp:featuredmedia":[{"embeddable":true,"href":"https:\/\/vapotheque.ch\/de\/wp-json\/wp\/v2\/media\/47159"}],"wp:attachment":[{"href":"https:\/\/vapotheque.ch\/de\/wp-json\/wp\/v2\/media?parent=47183"}],"wp:term":[{"taxonomy":"product_cat","embeddable":true,"href":"https:\/\/vapotheque.ch\/de\/wp-json\/wp\/v2\/product_cat?post=47183"},{"taxonomy":"product_tag","embeddable":true,"href":"https:\/\/vapotheque.ch\/de\/wp-json\/wp\/v2\/product_tag?post=47183"}],"curies":[{"name":"wp","href":"https:\/\/api.w.org\/{rel}","templated":true}]}}