{"id":47182,"date":"2025-10-10T14:19:37","date_gmt":"2025-10-10T12:19:37","guid":{"rendered":"https:\/\/vapotheque.ch\/boutique\/aromen-geheimnisse-segula-50-ml-70-ml\/"},"modified":"2026-01-22T09:50:17","modified_gmt":"2026-01-22T08:50:17","slug":"aromen-geheimnisse-segula-50-ml-70-ml","status":"publish","type":"product","link":"https:\/\/vapotheque.ch\/de\/shop\/aromen-geheimnisse-segula-50-ml-70-ml\/","title":{"rendered":"Aromen  Geheimnisse &#8211; Segula 50 ml \/ 70 ml"},"content":{"rendered":"<p data-start=\"0\" data-end=\"49\"><strong data-start=\"3\" data-end=\"47\">Segula \u2013 Erdbeere, Litschi, Drachenfrucht<\/strong><\/p>\n<p data-start=\"51\" data-end=\"158\">Die bet\u00f6rende S\u00fc\u00dfe, die gewagte Exotik und die subtile Frische eines E-Liquids, das die Sinne in seinen Bann zieht.<\/p>\n<p data-start=\"160\" data-end=\"531\">Im magischen Reich der Aromen und Geheimnisse herrscht Segula \u00fcber die gewagtesten fruchtigen Kombinationen. Dieses bezaubernde Getr\u00e4nk kombiniert saftige und s\u00fc\u00dfe Erdbeere, zarte und blumige Litschi sowie exotische und lebendige Drachenfrucht. Jeder Zug ist eine Explosion von Aromen, intensiv und raffiniert, die Ihre Geschmacksknospen in neue Geschmacksl\u00e4nder entf\u00fchrt.  <\/p>\n<p data-start=\"533\" data-end=\"567\"><strong data-start=\"536\" data-end=\"565\">Ein extravagantes, fruchtiges Trio<\/strong><\/p>\n<p data-start=\"569\" data-end=\"823\">Helle Erdbeeren, zarte Litschis und kr\u00e4ftige Drachenfr\u00fcchte verflechten sich zu einem exquisiten aromatischen Wirbelwind. Jede Inhalation offenbart eine harmonische Verschmelzung, in der S\u00fc\u00dfe und Exotik aufeinandertreffen, um ein nat\u00fcrliches und perfekt ausgewogenes Ergebnis zu erzielen. <\/p>\n<p data-start=\"825\" data-end=\"880\"><strong data-start=\"828\" data-end=\"878\">Eine subtile Frische, um die Frucht zu verfeinern<\/strong><\/p>\n<p data-start=\"882\" data-end=\"1107\">Eine eisige Brise begleitet diese Mischung und hebt die fruchtigen Nuancen hervor, ohne sie jemals zu \u00fcberw\u00e4ltigen. Leicht und erfrischend, bringt es einen Hauch von Lebendigkeit, der jeden Zug unglaublich angenehm und s\u00fcchtig machend macht. <\/p>\n<p data-start=\"1109\" data-end=\"1165\"><strong data-start=\"1112\" data-end=\"1163\">Die perfekte Balance zwischen K\u00fchnheit und Zartheit<\/strong><\/p>\n<p data-start=\"1167\" data-end=\"1420\">Segula ist nicht nur ein fruchtiges E-Liquid: Es ist eine Alchemie der Empfindungen, bei der die Intensit\u00e4t von roten und exotischen Fr\u00fcchten mit einer zarten Frische verschmilzt. Ein eleganter und kraftvoller Saft, ideal f\u00fcr Liebhaber von raffiniertem und abenteuerlichem Dampf. <\/p>\n<p data-start=\"1422\" data-end=\"1478\"><strong data-start=\"1427\" data-end=\"1476\">Made in France \u2013 100% handwerkliche Qualit\u00e4t<\/strong><\/p>\n<p data-start=\"1480\" data-end=\"1689\">Format: 50 ml aufgeladenes E-Liquid in einer 70 ml Flasche<br data-start=\"1540\" data-end=\"1543\">PG\/VG-Verh\u00e4ltnis: 50\/50 \u2013 perfekte Balance zwischen Zug, Aroma und Dampf<br data-start=\"1610\" data-end=\"1613\">Keine Sucralose, keine Farbstoffe, keine Kunstgriffe: nur der Reichtum nat\u00fcrlicher Aromen<\/p>\n<p><span style=\"vertical-align: inherit;\">Erhalten Sie Rabatte oder die neuesten Informationen zu unseren Produkten, indem Sie uns in unseren sozialen Netzwerken folgen: <\/span><a href=\"https:\/\/www.facebook.com\/VapeAigleCH\" target=\"_blank\" rel=\"noopener\"><br \/>\n  <span style=\"vertical-align: inherit;\">Facebook<\/span><br \/>\n<\/a><span style=\"vertical-align: inherit;\"> oder <\/span><a href=\"https:\/\/www.instagram.com\/vapotheque\/\" target=\"_blank\" rel=\"noopener\"><br \/>\n  <span style=\"vertical-align: inherit;\">Instagram<\/span><br \/>\n<\/a><span style=\"vertical-align: inherit;\"> .<\/span><\/p>\n","protected":false},"excerpt":{"rendered":"<p>Segula \u2013 Erdbeere, Litschi, Drachenfrucht Die bet\u00f6rende S\u00fc\u00dfe, die gewagte Exotik und die subtile Frische eines E-Liquids, das die Sinne in seinen Bann zieht. Im magischen Reich der Aromen und Geheimnisse herrscht Segula \u00fcber die gewagtesten fruchtigen Kombinationen. Dieses bezaubernde Getr\u00e4nk kombiniert saftige und s\u00fc\u00dfe Erdbeere, zarte und blumige Litschi sowie exotische und lebendige Drachenfrucht. [&hellip;]<\/p>\n","protected":false},"featured_media":47174,"template":"","meta":{"_acf_changed":false},"product_cat":[405,404,442,408,423,1686,1679],"product_tag":[],"class_list":{"0":"post-47182","1":"product","2":"type-product","3":"status-publish","4":"has-post-thumbnail","6":"product_brand-savourea-de","7":"product_cat-e-liquids","8":"product_cat-fruchtig","9":"product_cat-hervorgehobene-produkte","10":"product_cat-lieferbar-innerhalb-von-24-stunden-de","11":"product_cat-promos","12":"product_cat-50-ml-fur-70-ml","13":"product_cat-menge-e-flussigkeit-kapazitat-flasche","15":"first","16":"instock","17":"taxable","18":"shipping-taxable","19":"purchasable","20":"product-type-simple"},"acf":[],"jetpack_sharing_enabled":true,"_links":{"self":[{"href":"https:\/\/vapotheque.ch\/de\/wp-json\/wp\/v2\/product\/47182","targetHints":{"allow":["GET"]}}],"collection":[{"href":"https:\/\/vapotheque.ch\/de\/wp-json\/wp\/v2\/product"}],"about":[{"href":"https:\/\/vapotheque.ch\/de\/wp-json\/wp\/v2\/types\/product"}],"wp:featuredmedia":[{"embeddable":true,"href":"https:\/\/vapotheque.ch\/de\/wp-json\/wp\/v2\/media\/47174"}],"wp:attachment":[{"href":"https:\/\/vapotheque.ch\/de\/wp-json\/wp\/v2\/media?parent=47182"}],"wp:term":[{"taxonomy":"product_cat","embeddable":true,"href":"https:\/\/vapotheque.ch\/de\/wp-json\/wp\/v2\/product_cat?post=47182"},{"taxonomy":"product_tag","embeddable":true,"href":"https:\/\/vapotheque.ch\/de\/wp-json\/wp\/v2\/product_tag?post=47182"}],"curies":[{"name":"wp","href":"https:\/\/api.w.org\/{rel}","templated":true}]}}