{"id":47181,"date":"2025-10-10T14:18:07","date_gmt":"2025-10-10T12:18:07","guid":{"rendered":"https:\/\/vapotheque.ch\/boutique\/aromen-geheimnisse-arathorn-50-ml-70-ml\/"},"modified":"2025-10-10T14:18:07","modified_gmt":"2025-10-10T12:18:07","slug":"aromen-geheimnisse-arathorn-50-ml-70-ml","status":"publish","type":"product","link":"https:\/\/vapotheque.ch\/de\/shop\/aromen-geheimnisse-arathorn-50-ml-70-ml\/","title":{"rendered":"Aromen  Geheimnisse &#8211; Arathorn 50 ml \/ 70 ml"},"content":{"rendered":"<h2 data-start=\"237\" data-end=\"282\">\u2694\ufe0f <strong data-start=\"243\" data-end=\"280\">Arathorn \u2013 Limonade mit roten Fr\u00fcchten<\/strong><\/h2>\n<p data-start=\"378\" data-end=\"682\">In den mystischen L\u00e4ndern der <strong data-start=\"406\" data-end=\"427\">Aromen und Geheimnisse<\/strong> erhebt sich ein neuer <strong data-start=\"456\" data-end=\"468\">Held: Arathorn<\/strong>, Meister der roten Aromen und H\u00fcter intensiver Aromen. Dieses mythische Getr\u00e4nk kombiniert die Kraft roter Fr\u00fcchte mit der Leichtigkeit prickelnder Limonade f\u00fcr ein Geschmackserlebnis, das ebenso lebendig wie bet\u00f6rend ist. <\/p>\n<h3 data-start=\"684\" data-end=\"730\">Ein Schwall flammender roter Fr\u00fcchte<\/h3>\n<p data-start=\"731\" data-end=\"1045\">Himbeeren, Erdbeeren, rote Johannisbeeren und Brombeeren vereinen sich zu einem fruchtigen Wirbelwind von seltener Intensit\u00e4t. Jeder Zug enth\u00fcllt eine <g id=\"gid_0\">Explosion von s\u00fc\u00dfen und w\u00fcrzigen Beeren<\/g>, wie ein Schauer von Rubinen, die vom Himmel fallen. Eine lebendige, ausgewogene und nat\u00fcrliche rote Symphonie, die die Essenz der Sommerfr\u00fcchte einf\u00e4ngt.  <\/p>\n<h3 data-start=\"1047\" data-end=\"1087\">Eine prickelnde und lebendige Limonade<\/h3>\n<p data-start=\"1088\" data-end=\"1355\">Das Herzst\u00fcck dieses Tranks ist eine <strong data-start=\"1125\" data-end=\"1161\">frische und durstl\u00f6schende<\/strong>, leicht s\u00e4uerliche Limonade, die die Sinne weckt und die F\u00fclle der Frucht verst\u00e4rkt. Leicht, prickelnd und belebend, verleiht es ihm die magische W\u00fcrze, die es absolut unwiderstehlich macht. <\/p>\n<h3 data-start=\"1357\" data-end=\"1412\">Die perfekte Balance zwischen Kraft und Laufruhe<\/h3>\n<p data-start=\"1413\" data-end=\"1721\">Arathorn ist nicht nur ein einfaches fruchtiges E-Liquid: Es ist <strong data-start=\"1470\" data-end=\"1525\">eine perfekte Alchemie zwischen Lebendigkeit und Gier<\/strong>, ein aromatischer Zauber, bei dem die Limonade die Intensit\u00e4t der Beeren mildert, ohne sie jemals zu dominieren. Ein kr\u00e4ftiger und ausgewogener Saft, ideal f\u00fcr alle, die offene und helle Aromen m\u00f6gen. <\/p>\n<h3 data-start=\"1723\" data-end=\"1783\"><strong data-start=\"1732\" data-end=\"1781\">Made in France \u2013 100% handwerkliche Qualit\u00e4t<\/strong><\/h3>\n<ul data-start=\"1784\" data-end=\"1999\">\n<li data-start=\"1784\" data-end=\"1848\">\n<p data-start=\"1786\" data-end=\"1848\">Format: 50 ml aufgeladenes E-Liquid in einer 70 ml Flasche<\/p>\n<\/li>\n<li data-start=\"1849\" data-end=\"1920\">\n<p data-start=\"1851\" data-end=\"1920\">PG\/VG-Verh\u00e4ltnis: 50\/50 \u2013 perfekte Balance zwischen Zug, Aroma und Dampf<\/p>\n<\/li>\n<li data-start=\"1921\" data-end=\"1999\">\n<p data-start=\"1923\" data-end=\"1999\">Ohne Sucralose, ohne Farbstoffe, ohne Kunstgriffe: nur der Reichtum nat\u00fcrlicher Aromen<\/p>\n<\/li>\n<\/ul>\n<p><span style=\"vertical-align: inherit;\">Erhalten Sie Rabatte oder die neuesten Informationen zu unseren Produkten, indem Sie uns in unseren sozialen Netzwerken folgen: <\/span><a href=\"https:\/\/www.facebook.com\/VapeAigleCH\" target=\"_blank\" rel=\"noopener\"><br \/>\n  <span style=\"vertical-align: inherit;\">Facebook<\/span><br \/>\n<\/a><span style=\"vertical-align: inherit;\"> oder <\/span><a href=\"https:\/\/www.instagram.com\/vapotheque\/\" target=\"_blank\" rel=\"noopener\"><br \/>\n  <span style=\"vertical-align: inherit;\">Instagram<\/span><br \/>\n<\/a><span style=\"vertical-align: inherit;\"> .<\/span><\/p>\n","protected":false},"excerpt":{"rendered":"<p>\u2694\ufe0f Arathorn \u2013 Limonade mit roten Fr\u00fcchten In den mystischen L\u00e4ndern der Aromen und Geheimnisse erhebt sich ein neuer Held: Arathorn, Meister der roten Aromen und H\u00fcter intensiver Aromen. Dieses mythische Getr\u00e4nk kombiniert die Kraft roter Fr\u00fcchte mit der Leichtigkeit prickelnder Limonade f\u00fcr ein Geschmackserlebnis, das ebenso lebendig wie bet\u00f6rend ist. Ein Schwall flammender roter [&hellip;]<\/p>\n","protected":false},"featured_media":47156,"template":"","meta":{"_acf_changed":false},"product_cat":[405,404,442,408,1686,1679],"product_tag":[],"class_list":{"0":"post-47181","1":"product","2":"type-product","3":"status-publish","4":"has-post-thumbnail","6":"product_brand-savourea-de","7":"product_cat-e-liquids","8":"product_cat-fruchtig","9":"product_cat-hervorgehobene-produkte","10":"product_cat-lieferbar-innerhalb-von-24-stunden-de","11":"product_cat-50-ml-fur-70-ml","12":"product_cat-menge-e-flussigkeit-kapazitat-flasche","14":"first","15":"instock","16":"taxable","17":"shipping-taxable","18":"purchasable","19":"product-type-simple"},"acf":[],"jetpack_sharing_enabled":true,"_links":{"self":[{"href":"https:\/\/vapotheque.ch\/de\/wp-json\/wp\/v2\/product\/47181","targetHints":{"allow":["GET"]}}],"collection":[{"href":"https:\/\/vapotheque.ch\/de\/wp-json\/wp\/v2\/product"}],"about":[{"href":"https:\/\/vapotheque.ch\/de\/wp-json\/wp\/v2\/types\/product"}],"wp:featuredmedia":[{"embeddable":true,"href":"https:\/\/vapotheque.ch\/de\/wp-json\/wp\/v2\/media\/47156"}],"wp:attachment":[{"href":"https:\/\/vapotheque.ch\/de\/wp-json\/wp\/v2\/media?parent=47181"}],"wp:term":[{"taxonomy":"product_cat","embeddable":true,"href":"https:\/\/vapotheque.ch\/de\/wp-json\/wp\/v2\/product_cat?post=47181"},{"taxonomy":"product_tag","embeddable":true,"href":"https:\/\/vapotheque.ch\/de\/wp-json\/wp\/v2\/product_tag?post=47181"}],"curies":[{"name":"wp","href":"https:\/\/api.w.org\/{rel}","templated":true}]}}