{"id":47180,"date":"2025-10-10T14:19:21","date_gmt":"2025-10-10T12:19:21","guid":{"rendered":"https:\/\/vapotheque.ch\/boutique\/aromen-geheimnisse-aetna-50-ml-70-ml\/"},"modified":"2026-01-22T09:50:16","modified_gmt":"2026-01-22T08:50:16","slug":"aromen-geheimnisse-aetna-50-ml-70-ml","status":"publish","type":"product","link":"https:\/\/vapotheque.ch\/de\/shop\/aromen-geheimnisse-aetna-50-ml-70-ml\/","title":{"rendered":"Aromen  Geheimnisse &#8211; \u00c4tna 50 ml \/ 70 ml"},"content":{"rendered":"<h3 data-start=\"169\" data-end=\"206\">\u00c4tna \u2013 Granatapfel, Erdbeere, Kiwi<\/h3>\n<p data-start=\"208\" data-end=\"311\">Die St\u00e4rke des Feuers, die S\u00fc\u00dfe der Frucht und die Explosion eines Geschmacksausbruchs von seltener Intensit\u00e4t.<\/p>\n<p data-start=\"313\" data-end=\"612\">In den brennenden L\u00e4ndern der Aromen und Geheimnisse wacht der gef\u00fcrchtete \u00c4tna \u00fcber die Vulkane der Aromen. Aus seiner fruchtigen Lava entsteht eine leuchtende Mischung aus Granatapfel, Erdbeere und Kiwi \u2013 eine explosive und ausgewogene Allianz, bei der jeder Zug eine Welle fruchtigen, sonnigen Genusses freisetzt. <\/p>\n<p data-start=\"614\" data-end=\"665\"><strong data-start=\"617\" data-end=\"663\">Eine feurige Fusion aus Granatapfel und Erdbeere<\/strong><\/p>\n<p data-start=\"667\" data-end=\"956\">Der Granatapfel, saftig und lebendig, verstr\u00f6mt seine spritzige F\u00fclle in einem sinnlichen Tanz mit der Erdbeere, weich und s\u00fc\u00df. Zusammen bilden sie ein gl\u00fchendes Duo zwischen Kraft und Z\u00e4rtlichkeit, in dem die roten Noten in einer fruchtigen Melodie voller Energie und Licht aufeinanderprallen. <\/p>\n<p data-start=\"958\" data-end=\"1009\"><strong data-start=\"961\" data-end=\"1007\">Kiwi, ein Ausbruch von Frische und Lebendigkeit<\/strong><\/p>\n<p data-start=\"1011\" data-end=\"1287\">Unter der Oberfl\u00e4che dieser gl\u00fchenden Eruption befindet sich die Kiwi, eine gr\u00fcne Frucht von stechender Intensit\u00e4t und \u00fcberraschender Frische. Er mildert die W\u00e4rme der roten Fr\u00fcchte mit einem belebenden Hauch und sorgt f\u00fcr ein ausgewogenes, kr\u00e4ftiges und zutiefst durstl\u00f6schendes Erlebnis. <\/p>\n<p data-start=\"1289\" data-end=\"1346\"><strong data-start=\"1292\" data-end=\"1344\">Ein vulkanisches Gleichgewicht zwischen Weichheit und Energie<\/strong><\/p>\n<p data-start=\"1348\" data-end=\"1642\">Der \u00c4tna ist das Aufeinandertreffen von Feuer und Frische, Leidenschaft und Meisterschaft. Ein feuriger Nektar mit vulkanischem Temperament, der im Mund explodiert, bevor er zu einer kontrollierten S\u00fc\u00dfe schmilzt. Eine geschmackliche Reise, die sowohl wild als auch harmonisch ist und den gr\u00f6\u00dften fruchtigen Abenteuern w\u00fcrdig ist.  <\/p>\n<p data-start=\"1644\" data-end=\"1700\"><strong data-start=\"1649\" data-end=\"1698\">Made in France \u2013 100% handwerkliche Qualit\u00e4t<\/strong><\/p>\n<p data-start=\"1702\" data-end=\"1923\">Format: 50 ml aufgeladenes E-Liquid in einer 70 ml Flasche<br data-start=\"1762\" data-end=\"1765\">PG\/VG-Verh\u00e4ltnis: 50\/50 \u2013 perfekte Balance zwischen Zug, Dampf und aromatischer Intensit\u00e4t<br data-start=\"1846\" data-end=\"1849\">Keine Sucralose, keine Farbstoffe, keine Kunstgriffe: nur die Reinheit der nat\u00fcrlichen Aromen<\/p>\n<p><span style=\"vertical-align: inherit;\">Erhalten Sie Rabatte oder die neuesten Informationen zu unseren Produkten, indem Sie uns in unseren sozialen Netzwerken folgen: <\/span><a href=\"https:\/\/www.facebook.com\/VapeAigleCH\" target=\"_blank\" rel=\"noopener\"><br \/>\n  <span style=\"vertical-align: inherit;\">Facebook<\/span><br \/>\n<\/a><span style=\"vertical-align: inherit;\"> oder <\/span><a href=\"https:\/\/www.instagram.com\/vapotheque\/\" target=\"_blank\" rel=\"noopener\"><br \/>\n  <span style=\"vertical-align: inherit;\">Instagram<\/span><br \/>\n<\/a><span style=\"vertical-align: inherit;\"> .<\/span><\/p>\n","protected":false},"excerpt":{"rendered":"<p>\u00c4tna \u2013 Granatapfel, Erdbeere, Kiwi Die St\u00e4rke des Feuers, die S\u00fc\u00dfe der Frucht und die Explosion eines Geschmacksausbruchs von seltener Intensit\u00e4t. In den brennenden L\u00e4ndern der Aromen und Geheimnisse wacht der gef\u00fcrchtete \u00c4tna \u00fcber die Vulkane der Aromen. Aus seiner fruchtigen Lava entsteht eine leuchtende Mischung aus Granatapfel, Erdbeere und Kiwi \u2013 eine explosive und [&hellip;]<\/p>\n","protected":false},"featured_media":47171,"template":"","meta":{"_acf_changed":false},"product_cat":[405,404,442,408,423,1686,1679],"product_tag":[],"class_list":{"0":"post-47180","1":"product","2":"type-product","3":"status-publish","4":"has-post-thumbnail","6":"product_brand-savourea-de","7":"product_cat-e-liquids","8":"product_cat-fruchtig","9":"product_cat-hervorgehobene-produkte","10":"product_cat-lieferbar-innerhalb-von-24-stunden-de","11":"product_cat-promos","12":"product_cat-50-ml-fur-70-ml","13":"product_cat-menge-e-flussigkeit-kapazitat-flasche","15":"first","16":"instock","17":"taxable","18":"shipping-taxable","19":"purchasable","20":"product-type-simple"},"acf":[],"jetpack_sharing_enabled":true,"_links":{"self":[{"href":"https:\/\/vapotheque.ch\/de\/wp-json\/wp\/v2\/product\/47180","targetHints":{"allow":["GET"]}}],"collection":[{"href":"https:\/\/vapotheque.ch\/de\/wp-json\/wp\/v2\/product"}],"about":[{"href":"https:\/\/vapotheque.ch\/de\/wp-json\/wp\/v2\/types\/product"}],"wp:featuredmedia":[{"embeddable":true,"href":"https:\/\/vapotheque.ch\/de\/wp-json\/wp\/v2\/media\/47171"}],"wp:attachment":[{"href":"https:\/\/vapotheque.ch\/de\/wp-json\/wp\/v2\/media?parent=47180"}],"wp:term":[{"taxonomy":"product_cat","embeddable":true,"href":"https:\/\/vapotheque.ch\/de\/wp-json\/wp\/v2\/product_cat?post=47180"},{"taxonomy":"product_tag","embeddable":true,"href":"https:\/\/vapotheque.ch\/de\/wp-json\/wp\/v2\/product_tag?post=47180"}],"curies":[{"name":"wp","href":"https:\/\/api.w.org\/{rel}","templated":true}]}}