{"id":47151,"date":"2025-10-09T16:45:57","date_gmt":"2025-10-09T14:45:57","guid":{"rendered":"https:\/\/vapotheque.ch\/boutique\/le-potager-du-roi-orange-passion-50-ml-75-ml\/"},"modified":"2026-04-10T22:33:12","modified_gmt":"2026-04-10T20:33:12","slug":"le-potager-du-roi-orange-passion-50-ml-75-ml","status":"publish","type":"product","link":"https:\/\/vapotheque.ch\/de\/shop\/le-potager-du-roi-orange-passion-50-ml-75-ml\/","title":{"rendered":"Le Potager du Roi &#8211; Orange Passion 50 ml \/ 75 ml"},"content":{"rendered":"<h2 data-start=\"196\" data-end=\"241\">Der Gem\u00fcsegarten des K\u00f6nigs &#8211; Orange Passion<\/h2>\n<p data-start=\"242\" data-end=\"396\">Die Sonne l\u00e4dt sich mit <strong data-start=\"285\" data-end=\"339\">dem Le Potager du Roi Orange Passion 50 ml \/ 75 ml<\/strong> in Ihren Vape ein, ein strahlendes Rezept, das Lebensfreude verspr\u00fcht!<\/p>\n<p data-start=\"398\" data-end=\"693\">In der Hitze eines Sommermorgens <strong data-start=\"434\" data-end=\"452\">entfaltet die saftige Orange<\/strong> ihre hellen, prickelnden Noten, w\u00e4hrend <strong data-start=\"506\" data-end=\"529\">die Passionsfrucht<\/strong> eine tropische, sanfte und leicht spritzige Note verleiht. Zusammen bilden sie eine Allianz voller Energie, wie ein vitaminreiches Fr\u00fchst\u00fcck&#8230; Vape-Version! \u2600\ufe0f\u2728  <\/p>\n<h3 data-start=\"695\" data-end=\"746\">Nat\u00fcrlich k\u00f6niglich, nat\u00fcrlich pflanzlich<\/h3>\n<p data-start=\"747\" data-end=\"1052\">Bei <strong data-start=\"752\" data-end=\"771\">Vaping in Paris<\/strong> ist die Natur die K\u00f6nigin. Dieser fruchtige Nektar basiert auf <g id=\"gid_1\">100% pflanzlicher Basis<\/g>, ohne Sucralose, Farbstoffe und ohne Kompromisse beim Geschmack. Allein die Kraft der Frucht, die mit Know-how in einem <strong data-start=\"978\" data-end=\"1002\">franz\u00f6sischen Labor<\/strong> verarbeitet wurde, f\u00fcr ein Erlebnis, das ebenso rein wie schmackhaft ist.  <\/p>\n<h3 data-start=\"1054\" data-end=\"1109\">Die perfekte Balance zwischen Weichheit und Intensit\u00e4t<\/h3>\n<p data-start=\"1110\" data-end=\"1359\">Orange Passion ist der Charme reifer Fr\u00fcchte und die Leidenschaft exotischer Fr\u00fcchte, vereint in einer Symphonie heller Aromen. Ein sonniger, lebendiger und leuchtender Verdampfer, f\u00fcr diejenigen, die gerne einen Bissen aus dem Leben (und der Frucht!) in vollen Z\u00fcgen nehmen. <\/p>\n<p>Hei\u00dfhunger auf Nikotin? Keine Panik! Dieses <strong>E-Liquid ist in 0 mg<\/strong>, aber Sie k\u00f6nnen es nach Bedarf anpassen, indem Sie ein oder zwei <strong>Nikotinverst\u00e4rker<\/strong> hinzuf\u00fcgen, um die perfekte Rate zu erreichen.  <\/p>\n<p><span style=\"vertical-align: inherit;\">Hergestellt in Frankreich; MPGV\/GV-Dosierung: 50% \/ 50%. Passt sich jeder Art von Ausr\u00fcstung an. <\/span><\/p>\n<p><span style=\"vertical-align: inherit;\">Entdecken Sie die anderen Produkte der Marke Vaping <\/span><a href=\"..\/..\/marque\/vaping-in-paris\"><br \/>\n  <span style=\"vertical-align: inherit;\">in Paris<\/span><br \/>\n<\/a><span style=\"vertical-align: inherit;\">.<\/span><\/p>\n<p><span style=\"vertical-align: inherit;\">Erhalten Sie Rabatte oder die neuesten Informationen zu unseren Produkten, indem Sie uns in unseren sozialen Netzwerken folgen: <\/span><a href=\"https:\/\/www.facebook.com\/VapeAigleCH\" target=\"_blank\" rel=\"noopener\"><br \/>\n  <span style=\"vertical-align: inherit;\">Facebook<\/span><br \/>\n<\/a><span style=\"vertical-align: inherit;\"> oder <\/span><a href=\"https:\/\/www.instagram.com\/vapotheque\/\" target=\"_blank\" rel=\"noopener\"><br \/>\n  <span style=\"vertical-align: inherit;\">Instagram<\/span><br \/>\n<\/a><span style=\"vertical-align: inherit;\">.<\/span><\/p>\n","protected":false},"excerpt":{"rendered":"<p>Der Gem\u00fcsegarten des K\u00f6nigs &#8211; Orange Passion Die Sonne l\u00e4dt sich mit dem Le Potager du Roi Orange Passion 50 ml \/ 75 ml in Ihren Vape ein, ein strahlendes Rezept, das Lebensfreude verspr\u00fcht! In der Hitze eines Sommermorgens entfaltet die saftige Orange ihre hellen, prickelnden Noten, w\u00e4hrend die Passionsfrucht eine tropische, sanfte und leicht [&hellip;]<\/p>\n","protected":false},"featured_media":47131,"template":"","meta":{"_acf_changed":false},"product_cat":[405,404,442,408,1687,1679],"product_tag":[],"class_list":{"0":"post-47151","1":"product","2":"type-product","3":"status-publish","4":"has-post-thumbnail","6":"product_brand-vaping-in-paris-de","7":"product_cat-e-liquids","8":"product_cat-fruchtig","9":"product_cat-hervorgehobene-produkte","10":"product_cat-lieferbar-innerhalb-von-24-stunden-de","11":"product_cat-50-ml-fur-75-ml","12":"product_cat-menge-e-flussigkeit-kapazitat-flasche","14":"first","15":"instock","16":"taxable","17":"shipping-taxable","18":"purchasable","19":"product-type-simple"},"acf":[],"jetpack_sharing_enabled":true,"_links":{"self":[{"href":"https:\/\/vapotheque.ch\/de\/wp-json\/wp\/v2\/product\/47151","targetHints":{"allow":["GET"]}}],"collection":[{"href":"https:\/\/vapotheque.ch\/de\/wp-json\/wp\/v2\/product"}],"about":[{"href":"https:\/\/vapotheque.ch\/de\/wp-json\/wp\/v2\/types\/product"}],"wp:featuredmedia":[{"embeddable":true,"href":"https:\/\/vapotheque.ch\/de\/wp-json\/wp\/v2\/media\/47131"}],"wp:attachment":[{"href":"https:\/\/vapotheque.ch\/de\/wp-json\/wp\/v2\/media?parent=47151"}],"wp:term":[{"taxonomy":"product_cat","embeddable":true,"href":"https:\/\/vapotheque.ch\/de\/wp-json\/wp\/v2\/product_cat?post=47151"},{"taxonomy":"product_tag","embeddable":true,"href":"https:\/\/vapotheque.ch\/de\/wp-json\/wp\/v2\/product_tag?post=47151"}],"curies":[{"name":"wp","href":"https:\/\/api.w.org\/{rel}","templated":true}]}}