{"id":47150,"date":"2025-10-09T16:46:15","date_gmt":"2025-10-09T14:46:15","guid":{"rendered":"https:\/\/vapotheque.ch\/boutique\/le-potager-du-roi-drachen-nektarine-50-ml-75-ml\/"},"modified":"2026-04-10T22:33:11","modified_gmt":"2026-04-10T20:33:11","slug":"le-potager-du-roi-drachen-nektarine-50-ml-75-ml","status":"publish","type":"product","link":"https:\/\/vapotheque.ch\/de\/shop\/le-potager-du-roi-drachen-nektarine-50-ml-75-ml\/","title":{"rendered":"Le Potager du Roi &#8211; Drachen-Nektarine 50 ml \/ 75 ml"},"content":{"rendered":"<h2 data-start=\"226\" data-end=\"284\">Der Gem\u00fcsegarten des K\u00f6nigs &#8211; Drachennektarine<\/h2>\n<p data-start=\"285\" data-end=\"532\">Bereiten Sie Ihren Gaumen auf ein ebenso gewagtes wie k\u00f6nigliches Treffen vor! <strong data-start=\"356\" data-end=\"423\">Die Dragon King&#8217;s Vegetable Garden Nektarine 50 ml \/ 75 ml<\/strong> zelebriert die Verschmelzung zwischen der sonnigen S\u00fc\u00dfe der Nektarine und der bet\u00f6renden Exotik der Drachenfrucht.<\/p>\n<p data-start=\"534\" data-end=\"847\">Unter dem Flair eines ungleichen Duos offenbart diese fruchtige Verbindung eine <strong data-start=\"596\" data-end=\"617\">perfekte Harmonie<\/strong> : Die Nektarine umschmeichelt Ihre Geschmacksknospen mit ihrem saftigen und samtigen Fruchtfleisch, w\u00e4hrend die Drachenfrucht eine <strong data-start=\"730\" data-end=\"751\">blumige Frische<\/strong> und einen <strong data-start=\"759\" data-end=\"786\">Hauch von leichter S\u00e4ure<\/strong> bringt, wie eine tropische Brise im Herzen eines Sommergartens.<\/p>\n<h3 data-start=\"849\" data-end=\"883\">Franz\u00f6sische Nat\u00fcrlichkeit<\/h3>\n<p data-start=\"884\" data-end=\"1180\">Hier gibt es keine Aufregung: <strong data-start=\"909\" data-end=\"928\">nat\u00fcrliche Aromen<\/strong>, eine <strong data-start=\"934\" data-end=\"957\">100% pflanzliche Basis<\/strong> und keine Sucralose f\u00fcr einen reinen, feinen und charaktervollen Dampf. Jeder Zug verk\u00f6rpert die Handwerkskunst <strong data-start=\"1065\" data-end=\"1084\">des Dampfens in Paris<\/strong>, eine Einladung, die Frucht in ihrer ganzen Wahrheit zu genie\u00dfen \u2013 ohne Kunstgriffe, nur das Wesentliche. <\/p>\n<h3 data-start=\"1182\" data-end=\"1223\">Der k\u00f6nigliche Charme der verbotenen Frucht<\/h3>\n<p data-start=\"1224\" data-end=\"1467\">Zwischen Samt und Frische, Weichheit und Geheimnis verf\u00fchrt <strong data-start=\"1272\" data-end=\"1303\">Nectarine &amp; Dragon Fruit<\/strong> mit seiner Eleganz und K\u00fchnheit. Ein lebendiges, sinnliches und raffiniertes Rezept, das beweist, dass im Potager du Roi&#8230; Versuchung hat noch nie so gut geschmeckt. \u2728<\/p>\n<p>Hei\u00dfhunger auf Nikotin? Keine Panik! Dieses <strong>E-Liquid ist in 0 mg<\/strong>, aber Sie k\u00f6nnen es nach Bedarf anpassen, indem Sie ein oder zwei <strong>Nikotinverst\u00e4rker<\/strong> hinzuf\u00fcgen, um die perfekte Rate zu erreichen.  <\/p>\n<p><span style=\"vertical-align: inherit;\">Hergestellt in Frankreich; MPGV\/GV-Dosierung: 50% \/ 50%. Passt sich jeder Art von Ausr\u00fcstung an. <\/span><\/p>\n<p><span style=\"vertical-align: inherit;\">Entdecken Sie die anderen Produkte der Marke Vaping <\/span><a href=\"..\/..\/marque\/vaping-in-paris\"><br \/>\n  <span style=\"vertical-align: inherit;\">in Paris<\/span><br \/>\n<\/a><span style=\"vertical-align: inherit;\">.<\/span><\/p>\n<p><span style=\"vertical-align: inherit;\">Erhalten Sie Rabatte oder die neuesten Informationen zu unseren Produkten, indem Sie uns in unseren sozialen Netzwerken folgen: <\/span><a href=\"https:\/\/www.facebook.com\/VapeAigleCH\" target=\"_blank\" rel=\"noopener\"><br \/>\n  <span style=\"vertical-align: inherit;\">Facebook<\/span><br \/>\n<\/a><span style=\"vertical-align: inherit;\"> oder <\/span><a href=\"https:\/\/www.instagram.com\/vapotheque\/\" target=\"_blank\" rel=\"noopener\"><br \/>\n  <span style=\"vertical-align: inherit;\">Instagram<\/span><br \/>\n<\/a><span style=\"vertical-align: inherit;\">.<\/span><\/p>\n","protected":false},"excerpt":{"rendered":"<p>Der Gem\u00fcsegarten des K\u00f6nigs &#8211; Drachennektarine Bereiten Sie Ihren Gaumen auf ein ebenso gewagtes wie k\u00f6nigliches Treffen vor! Die Dragon King&#8217;s Vegetable Garden Nektarine 50 ml \/ 75 ml zelebriert die Verschmelzung zwischen der sonnigen S\u00fc\u00dfe der Nektarine und der bet\u00f6renden Exotik der Drachenfrucht. Unter dem Flair eines ungleichen Duos offenbart diese fruchtige Verbindung eine [&hellip;]<\/p>\n","protected":false},"featured_media":47134,"template":"","meta":{"_acf_changed":false},"product_cat":[405,404,442,408,1687,1679],"product_tag":[],"class_list":{"0":"post-47150","1":"product","2":"type-product","3":"status-publish","4":"has-post-thumbnail","6":"product_brand-vaping-in-paris-de","7":"product_cat-e-liquids","8":"product_cat-fruchtig","9":"product_cat-hervorgehobene-produkte","10":"product_cat-lieferbar-innerhalb-von-24-stunden-de","11":"product_cat-50-ml-fur-75-ml","12":"product_cat-menge-e-flussigkeit-kapazitat-flasche","14":"first","15":"instock","16":"taxable","17":"shipping-taxable","18":"purchasable","19":"product-type-simple"},"acf":[],"jetpack_sharing_enabled":true,"_links":{"self":[{"href":"https:\/\/vapotheque.ch\/de\/wp-json\/wp\/v2\/product\/47150","targetHints":{"allow":["GET"]}}],"collection":[{"href":"https:\/\/vapotheque.ch\/de\/wp-json\/wp\/v2\/product"}],"about":[{"href":"https:\/\/vapotheque.ch\/de\/wp-json\/wp\/v2\/types\/product"}],"wp:featuredmedia":[{"embeddable":true,"href":"https:\/\/vapotheque.ch\/de\/wp-json\/wp\/v2\/media\/47134"}],"wp:attachment":[{"href":"https:\/\/vapotheque.ch\/de\/wp-json\/wp\/v2\/media?parent=47150"}],"wp:term":[{"taxonomy":"product_cat","embeddable":true,"href":"https:\/\/vapotheque.ch\/de\/wp-json\/wp\/v2\/product_cat?post=47150"},{"taxonomy":"product_tag","embeddable":true,"href":"https:\/\/vapotheque.ch\/de\/wp-json\/wp\/v2\/product_tag?post=47150"}],"curies":[{"name":"wp","href":"https:\/\/api.w.org\/{rel}","templated":true}]}}