{"id":47149,"date":"2025-10-09T16:46:32","date_gmt":"2025-10-09T14:46:32","guid":{"rendered":"https:\/\/vapotheque.ch\/boutique\/le-potager-du-roi-drache-rote-fruechte-50-ml-75-ml\/"},"modified":"2026-04-10T22:33:12","modified_gmt":"2026-04-10T20:33:12","slug":"le-potager-du-roi-drache-rote-fruechte-50-ml-75-ml","status":"publish","type":"product","link":"https:\/\/vapotheque.ch\/de\/shop\/le-potager-du-roi-drache-rote-fruechte-50-ml-75-ml\/","title":{"rendered":"Le Potager du Roi &#8211; Drache Rote Fr\u00fcchte 50 ml \/ 75 ml"},"content":{"rendered":"<h2 data-start=\"218\" data-end=\"280\">Der Gem\u00fcsegarten des K\u00f6nigs &#8211; Roter Fruchtdrache<\/h2>\n<p data-start=\"281\" data-end=\"572\">Vergessen Sie die einfachen Spazierg\u00e4nge in den Obstg\u00e4rten&#8230; Mit <strong data-start=\"335\" data-end=\"374\">Vaping in Paris Le Potager du Roi<\/strong> erwartet Sie eine <strong data-start=\"386\" data-end=\"410\">geschmackliche Expedition<\/strong> ! Besuchen Sie einen \u00fcppigen Garten, in dem <strong data-start=\"462\" data-end=\"518\">exotische Fr\u00fcchte auf lokale K\u00f6stlichkeiten treffen<\/strong>, f\u00fcr eine lebendige Mischung aus S\u00fc\u00dfe und Intensit\u00e4t. <\/p>\n<h3 data-start=\"574\" data-end=\"616\">Pitaya \u2013 Die S\u00fc\u00dfe der Tropen<\/h3>\n<p data-start=\"617\" data-end=\"921\">Unter ihrem geheimnisvollen Aussehen verbirgt die <strong data-start=\"649\" data-end=\"668\">Drachenfrucht<\/strong> ein zartes und duftendes Herz. Seine blumigen und leicht s\u00fc\u00dflichen Noten bringen einen Hauch von Exotik mit Finesse, wie eine warme Brise aus einem bl\u00fchenden tropischen Garten. Jeder Zug evoziert einen schwebenden, leuchtenden und beruhigenden Moment. \u2728<\/p>\n<h3 data-start=\"923\" data-end=\"974\">Rote Fr\u00fcchte \u2013 die Brillanz des franz\u00f6sischen Obstgartens<\/h3>\n<p data-start=\"975\" data-end=\"1305\">Aber diese Reise endet hier nicht! In der Basis sch\u00fcttelt eine <g id=\"gid_0\">Farandole aus roten Fr\u00fcchten<\/g> \u2013 saftige Erdbeeren, w\u00fcrzige Himbeeren, schmelzende Blaubeeren und wilde Brombeeren \u2013 die S\u00fc\u00dfe der Pitaya auf. Zusammen bilden sie ein <g id=\"gid_1\">elektrisierendes Duo<\/g> : weich, nachsichtig und genau die richtige Menge an S\u00e4ure, um Ihre Geschmacksknospen zu wecken. \u2764\ufe0f   <\/p>\n<h3 data-start=\"1307\" data-end=\"1359\">100% nat\u00fcrlich, 100% pflanzlich, 100% Genuss<\/h3>\n<p data-start=\"1360\" data-end=\"1462\">Dieser fruchtige Nektar von <strong data-start=\"1408\" data-end=\"1427\">Vaping in Paris<\/strong> wird in Frankreich hergestellt und konzentriert sich auf <strong data-start=\"1440\" data-end=\"1458\">die Reinheit des Geschmacks<\/strong> :<\/p>\n<ul data-start=\"1463\" data-end=\"1634\">\n<li data-start=\"1463\" data-end=\"1484\">\n<p data-start=\"1465\" data-end=\"1484\">\u2705 Nat\u00fcrliche Aromen<\/p>\n<\/li>\n<li data-start=\"1485\" data-end=\"1510\">\n<p data-start=\"1487\" data-end=\"1510\">\u2705 100% pflanzliche Basis<\/p>\n<\/li>\n<li data-start=\"1511\" data-end=\"1531\">\n<p data-start=\"1513\" data-end=\"1531\">\u274c Sucralose-frei<\/p>\n<\/li>\n<li data-start=\"1532\" data-end=\"1634\">\n<p data-start=\"1534\" data-end=\"1634\">\u274c Ohne Farbstoffe<br data-start=\"1549\" data-end=\"1552\">Ein Konzentrat aus Natur und Know-how f\u00fcr einen eleganten und authentischen Dampf.<\/p>\n<\/li>\n<\/ul>\n<p>Hei\u00dfhunger auf Nikotin? Keine Panik! Dieses <strong>E-Liquid ist in 0 mg<\/strong>, aber Sie k\u00f6nnen es nach Bedarf anpassen, indem Sie ein oder zwei <strong>Nikotinverst\u00e4rker<\/strong> hinzuf\u00fcgen, um die perfekte Rate zu erreichen.  <\/p>\n<p><span style=\"vertical-align: inherit;\">Hergestellt in Frankreich; MPGV\/GV-Dosierung: 50% \/ 50%. Passt sich jeder Art von Ausr\u00fcstung an. <\/span><\/p>\n<p><span style=\"vertical-align: inherit;\">Entdecken Sie die anderen Produkte der Marke Vaping <\/span><a href=\"..\/..\/marque\/vaping-in-paris\"><br \/>\n  <span style=\"vertical-align: inherit;\">in Paris<\/span><br \/>\n<\/a><span style=\"vertical-align: inherit;\">.<\/span><\/p>\n<p><span style=\"vertical-align: inherit;\">Erhalten Sie Rabatte oder die neuesten Informationen zu unseren Produkten, indem Sie uns in unseren sozialen Netzwerken folgen: <\/span><a href=\"https:\/\/www.facebook.com\/VapeAigleCH\" target=\"_blank\" rel=\"noopener\"><br \/>\n  <span style=\"vertical-align: inherit;\">Facebook<\/span><br \/>\n<\/a><span style=\"vertical-align: inherit;\"> oder <\/span><a href=\"https:\/\/www.instagram.com\/vapotheque\/\" target=\"_blank\" rel=\"noopener\"><br \/>\n  <span style=\"vertical-align: inherit;\">Instagram<\/span><br \/>\n<\/a><span style=\"vertical-align: inherit;\">.<\/span><\/p>\n","protected":false},"excerpt":{"rendered":"<p>Der Gem\u00fcsegarten des K\u00f6nigs &#8211; Roter Fruchtdrache Vergessen Sie die einfachen Spazierg\u00e4nge in den Obstg\u00e4rten&#8230; Mit Vaping in Paris Le Potager du Roi erwartet Sie eine geschmackliche Expedition ! Besuchen Sie einen \u00fcppigen Garten, in dem exotische Fr\u00fcchte auf lokale K\u00f6stlichkeiten treffen, f\u00fcr eine lebendige Mischung aus S\u00fc\u00dfe und Intensit\u00e4t. Pitaya \u2013 Die S\u00fc\u00dfe der [&hellip;]<\/p>\n","protected":false},"featured_media":47137,"template":"","meta":{"_acf_changed":false},"product_cat":[405,404,442,408,1687,1679],"product_tag":[],"class_list":{"0":"post-47149","1":"product","2":"type-product","3":"status-publish","4":"has-post-thumbnail","6":"product_brand-vaping-in-paris-de","7":"product_cat-e-liquids","8":"product_cat-fruchtig","9":"product_cat-hervorgehobene-produkte","10":"product_cat-lieferbar-innerhalb-von-24-stunden-de","11":"product_cat-50-ml-fur-75-ml","12":"product_cat-menge-e-flussigkeit-kapazitat-flasche","14":"first","15":"instock","16":"taxable","17":"shipping-taxable","18":"purchasable","19":"product-type-simple"},"acf":[],"jetpack_sharing_enabled":true,"_links":{"self":[{"href":"https:\/\/vapotheque.ch\/de\/wp-json\/wp\/v2\/product\/47149","targetHints":{"allow":["GET"]}}],"collection":[{"href":"https:\/\/vapotheque.ch\/de\/wp-json\/wp\/v2\/product"}],"about":[{"href":"https:\/\/vapotheque.ch\/de\/wp-json\/wp\/v2\/types\/product"}],"wp:featuredmedia":[{"embeddable":true,"href":"https:\/\/vapotheque.ch\/de\/wp-json\/wp\/v2\/media\/47137"}],"wp:attachment":[{"href":"https:\/\/vapotheque.ch\/de\/wp-json\/wp\/v2\/media?parent=47149"}],"wp:term":[{"taxonomy":"product_cat","embeddable":true,"href":"https:\/\/vapotheque.ch\/de\/wp-json\/wp\/v2\/product_cat?post=47149"},{"taxonomy":"product_tag","embeddable":true,"href":"https:\/\/vapotheque.ch\/de\/wp-json\/wp\/v2\/product_tag?post=47149"}],"curies":[{"name":"wp","href":"https:\/\/api.w.org\/{rel}","templated":true}]}}