{"id":47148,"date":"2025-10-09T16:46:51","date_gmt":"2025-10-09T14:46:51","guid":{"rendered":"https:\/\/vapotheque.ch\/boutique\/le-potager-du-roi-drache-gelb-himbeere-blau-50-ml-75-ml\/"},"modified":"2025-10-09T16:46:51","modified_gmt":"2025-10-09T14:46:51","slug":"le-potager-du-roi-drache-gelb-himbeere-blau-50-ml-75-ml","status":"publish","type":"product","link":"https:\/\/vapotheque.ch\/de\/shop\/le-potager-du-roi-drache-gelb-himbeere-blau-50-ml-75-ml\/","title":{"rendered":"Le Potager du Roi &#8211; Drache Gelb Himbeere Blau 50 ml \/ 75 ml"},"content":{"rendered":"<h2 data-start=\"224\" data-end=\"294\">Der Gem\u00fcsegarten des K\u00f6nigs &#8211; Drache, Gelb, Himbeere, Blau<\/h2>\n<p data-start=\"295\" data-end=\"576\">Wenn <strong data-start=\"301\" data-end=\"320\">Vaping in Paris<\/strong> den k\u00f6niglichen Obstgarten wieder aufsucht, dann deshalb, um Aromen anzubauen, die ebenso hell wie unerwartet sind. Willkommen in einem Garten, in dem die gewagtesten Fr\u00fcchte unter der Sonne zum Leben erweckt werden, um ein Geschmackserlebnis zu bieten, das auch den anspruchsvollsten Gaumen w\u00fcrdig ist. <\/p>\n<h3 data-start=\"578\" data-end=\"615\">Ein sonniges und atemberaubendes Duo<\/h3>\n<p data-start=\"616\" data-end=\"997\">Vergessen Sie die Routine und erliegen Sie der spektakul\u00e4ren Verschmelzung von <strong data-start=\"677\" data-end=\"702\">gelber Drachenfrucht<\/strong>, die vor leichter und tropischer S\u00fc\u00dfe strotzt, und <strong data-start=\"755\" data-end=\"774\">blauer Himbeere<\/strong>, einem spritzigen kleinen Nugget mit \u00fcberquellender Energie. Zusammen ergeben sie eine <strong data-start=\"848\" data-end=\"869\">fruchtige Explosion<\/strong> , die s\u00fc\u00df, frisch und subtil scharf ist, wie ein Sonnenstrahl, der sich in ein eisiges Leuchten auf der Zunge verwandelt. \u2728 <\/p>\n<h3 data-start=\"999\" data-end=\"1051\">100% nat\u00fcrlich, 100% pflanzlich, 100% Genuss<\/h3>\n<p data-start=\"1052\" data-end=\"1344\">Getreu dem <strong data-start=\"1070\" data-end=\"1089\">Geist des Dampfens in Paris<\/strong> wird dieses Meisterwerk aus dem <strong data-start=\"1110\" data-end=\"1128\">Gem\u00fcsegarten des K\u00f6nigs<\/strong> aus nat\u00fcrlichen Aromen und einer 100% pflanzlichen Basis hergestellt. Ohne Sucralose, ohne Farbstoffe \u2013 nur die Wahrheit der Frucht, sublimiert durch ein franz\u00f6sisches Know-how, das den besten handwerklichen Kreationen w\u00fcrdig ist. <\/p>\n<h3 data-start=\"1346\" data-end=\"1388\">Die Krone der exotischen Aromen<\/h3>\n<p data-start=\"1389\" data-end=\"1651\">Auf halbem Weg zwischen tropischer S\u00fc\u00dfe und spritzigem Schwung <strong data-start=\"1442\" data-end=\"1485\">berauscht Yellow Dragon Fruit &amp; Blue Raspberry<\/strong> die Sinne und erregt die Geschmacksknospen. Ein raffinierter und leuchtender Vape, der f\u00fcr diejenigen entwickelt wurde, die Exotik mit Noblesse und Intensit\u00e4t schmecken m\u00f6chten. <\/p>\n<p>Hei\u00dfhunger auf Nikotin? Keine Panik! Dieses <strong>E-Liquid ist in 0 mg<\/strong>, aber Sie k\u00f6nnen es nach Bedarf anpassen, indem Sie ein oder zwei <strong>Nikotinverst\u00e4rker<\/strong> hinzuf\u00fcgen, um die perfekte Rate zu erreichen.  <\/p>\n<p><span style=\"vertical-align: inherit;\">Hergestellt in Frankreich; MPGV\/GV-Dosierung: 50% \/ 50%. Passt sich jeder Art von Ausr\u00fcstung an. <\/span><\/p>\n<p><span style=\"vertical-align: inherit;\">Entdecken Sie die anderen Produkte der Marke Vaping <\/span><a href=\"..\/..\/marque\/vaping-in-paris\"><br \/>\n  <span style=\"vertical-align: inherit;\">in Paris<\/span><br \/>\n<\/a><span style=\"vertical-align: inherit;\">.<\/span><\/p>\n<p><span style=\"vertical-align: inherit;\">Erhalten Sie Rabatte oder die neuesten Informationen zu unseren Produkten, indem Sie uns in unseren sozialen Netzwerken folgen: <\/span><a href=\"https:\/\/www.facebook.com\/VapeAigleCH\" target=\"_blank\" rel=\"noopener\"><br \/>\n  <span style=\"vertical-align: inherit;\">Facebook<\/span><br \/>\n<\/a><span style=\"vertical-align: inherit;\"> oder <\/span><a href=\"https:\/\/www.instagram.com\/vapotheque\/\" target=\"_blank\" rel=\"noopener\"><br \/>\n  <span style=\"vertical-align: inherit;\">Instagram<\/span><br \/>\n<\/a><span style=\"vertical-align: inherit;\">.<\/span><\/p>\n","protected":false},"excerpt":{"rendered":"<p>Der Gem\u00fcsegarten des K\u00f6nigs &#8211; Drache, Gelb, Himbeere, Blau Wenn Vaping in Paris den k\u00f6niglichen Obstgarten wieder aufsucht, dann deshalb, um Aromen anzubauen, die ebenso hell wie unerwartet sind. Willkommen in einem Garten, in dem die gewagtesten Fr\u00fcchte unter der Sonne zum Leben erweckt werden, um ein Geschmackserlebnis zu bieten, das auch den anspruchsvollsten Gaumen [&hellip;]<\/p>\n","protected":false},"featured_media":47140,"template":"","meta":{"_acf_changed":false},"product_cat":[405,404,442,408,1687,1679],"product_tag":[],"class_list":{"0":"post-47148","1":"product","2":"type-product","3":"status-publish","4":"has-post-thumbnail","6":"product_brand-vaping-in-paris-de","7":"product_cat-e-liquids","8":"product_cat-fruchtig","9":"product_cat-hervorgehobene-produkte","10":"product_cat-lieferbar-innerhalb-von-24-stunden-de","11":"product_cat-50-ml-fur-75-ml","12":"product_cat-menge-e-flussigkeit-kapazitat-flasche","14":"first","15":"instock","16":"taxable","17":"shipping-taxable","18":"purchasable","19":"product-type-simple"},"acf":[],"jetpack_sharing_enabled":true,"_links":{"self":[{"href":"https:\/\/vapotheque.ch\/de\/wp-json\/wp\/v2\/product\/47148","targetHints":{"allow":["GET"]}}],"collection":[{"href":"https:\/\/vapotheque.ch\/de\/wp-json\/wp\/v2\/product"}],"about":[{"href":"https:\/\/vapotheque.ch\/de\/wp-json\/wp\/v2\/types\/product"}],"wp:featuredmedia":[{"embeddable":true,"href":"https:\/\/vapotheque.ch\/de\/wp-json\/wp\/v2\/media\/47140"}],"wp:attachment":[{"href":"https:\/\/vapotheque.ch\/de\/wp-json\/wp\/v2\/media?parent=47148"}],"wp:term":[{"taxonomy":"product_cat","embeddable":true,"href":"https:\/\/vapotheque.ch\/de\/wp-json\/wp\/v2\/product_cat?post=47148"},{"taxonomy":"product_tag","embeddable":true,"href":"https:\/\/vapotheque.ch\/de\/wp-json\/wp\/v2\/product_tag?post=47148"}],"curies":[{"name":"wp","href":"https:\/\/api.w.org\/{rel}","templated":true}]}}