{"id":47147,"date":"2025-10-09T16:47:09","date_gmt":"2025-10-09T14:47:09","guid":{"rendered":"https:\/\/vapotheque.ch\/boutique\/le-potager-du-roi-cranberry-traube-50-ml-75-ml\/"},"modified":"2025-10-09T16:47:09","modified_gmt":"2025-10-09T14:47:09","slug":"le-potager-du-roi-cranberry-traube-50-ml-75-ml","status":"publish","type":"product","link":"https:\/\/vapotheque.ch\/de\/shop\/le-potager-du-roi-cranberry-traube-50-ml-75-ml\/","title":{"rendered":"Le Potager du Roi &#8211; Cranberry Traube 50 ml \/ 75 ml"},"content":{"rendered":"<h2 data-start=\"210\" data-end=\"257\">Der Gem\u00fcsegarten des K\u00f6nigs &#8211; Cranberry-Traube<\/h2>\n<p data-start=\"210\" data-end=\"257\"><strong data-start=\"258\" data-end=\"277\">Vaping in Paris<\/strong> l\u00e4dt Sie zu einem k\u00f6niglichen Spaziergang im Herzen seines <strong data-start=\"328\" data-end=\"346\">Potager du Roi<\/strong> ein, wo sich die edelsten Fr\u00fcchte in einem s\u00fc\u00dfen und leicht w\u00fcrzigen Tanz vereinen.<\/p>\n<p data-start=\"438\" data-end=\"781\">Unter der goldenen Sonne des Obstgartens offenbaren die <strong data-start=\"472\" data-end=\"489\">saftigen Trauben<\/strong> ihre raffinierte S\u00fc\u00dfe, w\u00e4hrend die <strong data-start=\"533\" data-end=\"546\">Cranberry<\/strong> den kleinen Hauch von S\u00e4ure mitbringt, der die Geschmacksknospen weckt und den Mund zum Funkeln bringt. Zusammen bilden sie ein fruchtiges, harmonisches und nat\u00fcrlich ausgewogenes Duo \u2013 ohne Kunstgriffe, ohne Kosten, nur die reine Essenz der Frucht. \u2728<\/p>\n<h3 data-start=\"783\" data-end=\"822\">Natur in Bestform<\/h3>\n<p data-start=\"823\" data-end=\"1111\">Wie alle E-Liquids <strong data-start=\"849\" data-end=\"868\">von Vaping in Paris<\/strong> basiert diese Kreation auf <strong data-start=\"900\" data-end=\"923\">100% pflanzlicher Basis<\/strong>, eine Garantie f\u00fcr ein sanfteres, saubereres und geschmacksfreundlicheres Dampfen.<br data-start=\"993\" data-end=\"996\">Keine Sucralose, kein Farbstoff, nur reine Fr\u00fcchte, die mit Sorgfalt in einem <strong data-start=\"1084\" data-end=\"1108\">franz\u00f6sischen Labor<\/strong> verarbeitet wurden.<\/p>\n<h3 data-start=\"1113\" data-end=\"1155\">Franz\u00f6sische fruchtige Eleganz<\/h3>\n<p data-start=\"1156\" data-end=\"1347\">Cranberry Grape ist die perfekte Begegnung zwischen der Zartheit der k\u00f6niglichen Traube und der spritzigen Lebendigkeit der roten Beere. Ein <strong data-start=\"1284\" data-end=\"1313\">raffiniertes und nat\u00fcrliches Elixier<\/strong>, das ebenso schmackhaft wie distinguiert ist. <\/p>\n<p>Hei\u00dfhunger auf Nikotin? Keine Panik! Dieses <strong>E-Liquid ist in 0 mg<\/strong>, aber Sie k\u00f6nnen es nach Bedarf anpassen, indem Sie ein oder zwei <strong>Nikotinverst\u00e4rker<\/strong> hinzuf\u00fcgen, um die perfekte Rate zu erreichen.  <\/p>\n<p><span style=\"vertical-align: inherit;\">Hergestellt in Frankreich; MPGV\/GV-Dosierung: 50% \/ 50%. Passt sich jeder Art von Ausr\u00fcstung an. <\/span><\/p>\n<p><span style=\"vertical-align: inherit;\">Entdecken Sie die anderen Produkte der Marke Vaping <\/span><a href=\"..\/..\/marque\/vaping-in-paris\"><br \/>\n  <span style=\"vertical-align: inherit;\">in Paris<\/span><br \/>\n<\/a><span style=\"vertical-align: inherit;\">.<\/span><\/p>\n<p><span style=\"vertical-align: inherit;\">Erhalten Sie Rabatte oder die neuesten Informationen zu unseren Produkten, indem Sie uns in unseren sozialen Netzwerken folgen: <\/span><a href=\"https:\/\/www.facebook.com\/VapeAigleCH\" target=\"_blank\" rel=\"noopener\"><br \/>\n  <span style=\"vertical-align: inherit;\">Facebook<\/span><br \/>\n<\/a><span style=\"vertical-align: inherit;\"> oder <\/span><a href=\"https:\/\/www.instagram.com\/vapotheque\/\" target=\"_blank\" rel=\"noopener\"><br \/>\n  <span style=\"vertical-align: inherit;\">Instagram<\/span><br \/>\n<\/a><span style=\"vertical-align: inherit;\">.<\/span><\/p>\n","protected":false},"excerpt":{"rendered":"<p>Der Gem\u00fcsegarten des K\u00f6nigs &#8211; Cranberry-Traube Vaping in Paris l\u00e4dt Sie zu einem k\u00f6niglichen Spaziergang im Herzen seines Potager du Roi ein, wo sich die edelsten Fr\u00fcchte in einem s\u00fc\u00dfen und leicht w\u00fcrzigen Tanz vereinen. Unter der goldenen Sonne des Obstgartens offenbaren die saftigen Trauben ihre raffinierte S\u00fc\u00dfe, w\u00e4hrend die Cranberry den kleinen Hauch von [&hellip;]<\/p>\n","protected":false},"featured_media":47143,"template":"","meta":{"_acf_changed":false},"product_cat":[405,404,442,408,1687,1679],"product_tag":[],"class_list":{"0":"post-47147","1":"product","2":"type-product","3":"status-publish","4":"has-post-thumbnail","6":"product_brand-vaping-in-paris-de","7":"product_cat-e-liquids","8":"product_cat-fruchtig","9":"product_cat-hervorgehobene-produkte","10":"product_cat-lieferbar-innerhalb-von-24-stunden-de","11":"product_cat-50-ml-fur-75-ml","12":"product_cat-menge-e-flussigkeit-kapazitat-flasche","14":"first","15":"instock","16":"taxable","17":"shipping-taxable","18":"purchasable","19":"product-type-simple"},"acf":[],"jetpack_sharing_enabled":true,"_links":{"self":[{"href":"https:\/\/vapotheque.ch\/de\/wp-json\/wp\/v2\/product\/47147","targetHints":{"allow":["GET"]}}],"collection":[{"href":"https:\/\/vapotheque.ch\/de\/wp-json\/wp\/v2\/product"}],"about":[{"href":"https:\/\/vapotheque.ch\/de\/wp-json\/wp\/v2\/types\/product"}],"wp:featuredmedia":[{"embeddable":true,"href":"https:\/\/vapotheque.ch\/de\/wp-json\/wp\/v2\/media\/47143"}],"wp:attachment":[{"href":"https:\/\/vapotheque.ch\/de\/wp-json\/wp\/v2\/media?parent=47147"}],"wp:term":[{"taxonomy":"product_cat","embeddable":true,"href":"https:\/\/vapotheque.ch\/de\/wp-json\/wp\/v2\/product_cat?post=47147"},{"taxonomy":"product_tag","embeddable":true,"href":"https:\/\/vapotheque.ch\/de\/wp-json\/wp\/v2\/product_tag?post=47147"}],"curies":[{"name":"wp","href":"https:\/\/api.w.org\/{rel}","templated":true}]}}