{"id":47146,"date":"2025-10-09T16:45:38","date_gmt":"2025-10-09T14:45:38","guid":{"rendered":"https:\/\/vapotheque.ch\/boutique\/le-potager-du-roi-wassermelone-kirsche-50-ml-75-ml\/"},"modified":"2025-10-09T16:45:38","modified_gmt":"2025-10-09T14:45:38","slug":"le-potager-du-roi-wassermelone-kirsche-50-ml-75-ml","status":"publish","type":"product","link":"https:\/\/vapotheque.ch\/de\/shop\/le-potager-du-roi-wassermelone-kirsche-50-ml-75-ml\/","title":{"rendered":"Le Potager du Roi &#8211; Wassermelone Kirsche 50 ml \/ 75 ml"},"content":{"rendered":"<h2 data-start=\"215\" data-end=\"261\">Der Gem\u00fcsegarten des K\u00f6nigs &#8211; Wassermelonen-Kirsche<\/h2>\n<p data-start=\"262\" data-end=\"572\">Betreten Sie den <strong data-start=\"277\" data-end=\"295\">Potager du Roi<\/strong> de Vaping in Paris, einen k\u00f6niglichen Obstgarten, in dem jede Frucht sorgf\u00e4ltig ausgew\u00e4hlt wird, um <strong data-start=\"387\" data-end=\"431\">Gourmet- und \u00fcberraschende Allianzen<\/strong> zu komponieren. Diesmal ist es eine fruchtige Begegnung voller Z\u00e4rtlichkeit und <strong data-start=\"511\" data-end=\"532\">Frische: Cerise &amp; Past\u00e8que<\/strong>, ein Duo, das so saftig wie unwiderstehlich ist. <\/p>\n<h3 data-start=\"574\" data-end=\"615\">Kirsche \u2013 die rote Frucht der K\u00f6nige<\/h3>\n<p data-start=\"616\" data-end=\"926\">Unter seiner rubinroten Farbe verbirgt sich ein s\u00fc\u00dfer und leicht s\u00e4uerlicher Nektar, der sowohl intensiv als auch raffiniert ist. Die Kirsche entfaltet hier ihre ganze Noblesse: rund, hell, mit einem Hauch von S\u00fc\u00dfe, der den Gaumen umschmeichelt. Sie beschw\u00f6rt jene Sommermomente herauf, wenn die Sonne die Haut vergoldet und die K\u00f6rbe mit frischen Fr\u00fcchten \u00fcberquellen. \u2600\ufe0f   <\/p>\n<h3 data-start=\"928\" data-end=\"979\">Wassermelone \u2013 die Welle der nat\u00fcrlichen Frische<\/h3>\n<p data-start=\"980\" data-end=\"1300\">Um ein Gegengewicht zu dieser Gro\u00dfz\u00fcgigkeit zu schaffen, kommt <strong data-start=\"1021\" data-end=\"1033\">die Wassermelone<\/strong> ins Spiel. Saftig und durstl\u00f6schend, vermittelt er ein Gef\u00fchl von Leichtigkeit und nat\u00fcrlicher Frische, ohne k\u00fcnstlichen Eiseffekt. Zusammen ergeben sie eine <strong data-start=\"1207\" data-end=\"1235\">perfekte fruchtige Melodie<\/strong>, s\u00fc\u00df genau richtig und unglaublich harmonisch.  <\/p>\n<h3 data-start=\"1302\" data-end=\"1354\">100% nat\u00fcrlich, 100% pflanzlich, 100% Genuss<\/h3>\n<p data-start=\"1355\" data-end=\"1447\">Wie immer beim <strong data-start=\"1375\" data-end=\"1394\">Verdampfen in Paris<\/strong> steht das Rezept auf Reinheit und Authentizit\u00e4t:<\/p>\n<ul data-start=\"1448\" data-end=\"1536\">\n<li data-start=\"1448\" data-end=\"1469\">\n<p data-start=\"1450\" data-end=\"1469\">\u2705 Nat\u00fcrliche Aromen<\/p>\n<\/li>\n<li data-start=\"1470\" data-end=\"1495\">\n<p data-start=\"1472\" data-end=\"1495\">\u2705 100% pflanzliche Basis<\/p>\n<\/li>\n<li data-start=\"1496\" data-end=\"1516\">\n<p data-start=\"1498\" data-end=\"1516\">\u274c Sucralose-frei<\/p>\n<\/li>\n<li data-start=\"1517\" data-end=\"1536\">\n<p data-start=\"1519\" data-end=\"1536\">\u274c Ohne Farbstoffe<\/p>\n<\/li>\n<\/ul>\n<p data-start=\"1538\" data-end=\"1672\">Ein echtes Konzentrat franz\u00f6sischen Know-hows, das entwickelt wurde, um einen Dampf anzubieten, der sowohl weich, ausgewogen als auch intensiv schmackhaft ist.<\/p>\n<h3 data-start=\"1674\" data-end=\"1704\">Das k\u00f6nigliche Duo des Sommers<\/h3>\n<p data-start=\"1705\" data-end=\"1943\"><strong data-start=\"1705\" data-end=\"1726\">Cerise &amp; Aquarelle<\/strong> ist das Ergebnis einer Sommerehe voller Z\u00e4rtlichkeit und Sonnenschein. Ein frisches, rundes und nat\u00fcrliches E-Liquid, das Sie sofort in die G\u00e4rten des K\u00f6nigs versetzt, wo Delikatesse immer Saison haben. <\/p>\n<p>Hei\u00dfhunger auf Nikotin? Keine Panik! Dieses <strong>E-Liquid ist in 0 mg<\/strong>, aber Sie k\u00f6nnen es nach Bedarf anpassen, indem Sie ein oder zwei <strong>Nikotinverst\u00e4rker<\/strong> hinzuf\u00fcgen, um die perfekte Rate zu erreichen.  <\/p>\n<p><span style=\"vertical-align: inherit;\">Hergestellt in Frankreich; MPGV\/GV-Dosierung: 50% \/ 50%. Passt sich jeder Art von Ausr\u00fcstung an. <\/span><\/p>\n<p><span style=\"vertical-align: inherit;\">Entdecken Sie die anderen Produkte der Marke Vaping <\/span><a href=\"..\/..\/marque\/vaping-in-paris\"><br \/>\n  <span style=\"vertical-align: inherit;\">in Paris<\/span><br \/>\n<\/a><span style=\"vertical-align: inherit;\">.<\/span><\/p>\n<p><span style=\"vertical-align: inherit;\">Erhalten Sie Rabatte oder die neuesten Informationen zu unseren Produkten, indem Sie uns in unseren sozialen Netzwerken folgen: <\/span><a href=\"https:\/\/www.facebook.com\/VapeAigleCH\" target=\"_blank\" rel=\"noopener\"><br \/>\n  <span style=\"vertical-align: inherit;\">Facebook<\/span><br \/>\n<\/a><span style=\"vertical-align: inherit;\"> oder <\/span><a href=\"https:\/\/www.instagram.com\/vapotheque\/\" target=\"_blank\" rel=\"noopener\"><br \/>\n  <span style=\"vertical-align: inherit;\">Instagram<\/span><br \/>\n<\/a><span style=\"vertical-align: inherit;\">.<\/span><\/p>\n","protected":false},"excerpt":{"rendered":"<p>Der Gem\u00fcsegarten des K\u00f6nigs &#8211; Wassermelonen-Kirsche Betreten Sie den Potager du Roi de Vaping in Paris, einen k\u00f6niglichen Obstgarten, in dem jede Frucht sorgf\u00e4ltig ausgew\u00e4hlt wird, um Gourmet- und \u00fcberraschende Allianzen zu komponieren. Diesmal ist es eine fruchtige Begegnung voller Z\u00e4rtlichkeit und Frische: Cerise &amp; Past\u00e8que, ein Duo, das so saftig wie unwiderstehlich ist. Kirsche [&hellip;]<\/p>\n","protected":false},"featured_media":47128,"template":"","meta":{"_acf_changed":false},"product_cat":[405,404,442,408,1687,1679],"product_tag":[],"class_list":{"0":"post-47146","1":"product","2":"type-product","3":"status-publish","4":"has-post-thumbnail","6":"product_brand-vaping-in-paris-de","7":"product_cat-e-liquids","8":"product_cat-fruchtig","9":"product_cat-hervorgehobene-produkte","10":"product_cat-lieferbar-innerhalb-von-24-stunden-de","11":"product_cat-50-ml-fur-75-ml","12":"product_cat-menge-e-flussigkeit-kapazitat-flasche","14":"first","15":"instock","16":"taxable","17":"shipping-taxable","18":"purchasable","19":"product-type-simple"},"acf":[],"jetpack_sharing_enabled":true,"_links":{"self":[{"href":"https:\/\/vapotheque.ch\/de\/wp-json\/wp\/v2\/product\/47146","targetHints":{"allow":["GET"]}}],"collection":[{"href":"https:\/\/vapotheque.ch\/de\/wp-json\/wp\/v2\/product"}],"about":[{"href":"https:\/\/vapotheque.ch\/de\/wp-json\/wp\/v2\/types\/product"}],"wp:featuredmedia":[{"embeddable":true,"href":"https:\/\/vapotheque.ch\/de\/wp-json\/wp\/v2\/media\/47128"}],"wp:attachment":[{"href":"https:\/\/vapotheque.ch\/de\/wp-json\/wp\/v2\/media?parent=47146"}],"wp:term":[{"taxonomy":"product_cat","embeddable":true,"href":"https:\/\/vapotheque.ch\/de\/wp-json\/wp\/v2\/product_cat?post=47146"},{"taxonomy":"product_tag","embeddable":true,"href":"https:\/\/vapotheque.ch\/de\/wp-json\/wp\/v2\/product_tag?post=47146"}],"curies":[{"name":"wp","href":"https:\/\/api.w.org\/{rel}","templated":true}]}}