{"id":46606,"date":"2025-09-18T15:48:10","date_gmt":"2025-09-18T13:48:10","guid":{"rendered":"https:\/\/vapotheque.ch\/boutique\/elf-bar-4-in-1-patronen-20-mg-ml-nikotinsalze-packung-x2\/"},"modified":"2025-11-08T15:11:11","modified_gmt":"2025-11-08T14:11:11","slug":"elf-bar-4-in-1-patronen-20-mg-ml-nikotinsalze-packung-x2","status":"publish","type":"product","link":"https:\/\/vapotheque.ch\/de\/shop\/elf-bar-4-in-1-patronen-20-mg-ml-nikotinsalze-packung-x2\/","title":{"rendered":"Elf Bar &#8211; 4 in 1 Patronen &#8211; 20 mg\/ml Nikotinsalze &#8211; Packung x2"},"content":{"rendered":"<h2 data-start=\"117\" data-end=\"189\">Elf Bar &#8211; 4 in 1 Patronen &#8211; 20 mg \/ ml Nikotinsalze &#8211; Packung x2: Die lustige und praktische Nachf\u00fcllung<\/h2>\n<p data-start=\"191\" data-end=\"497\">Lassen Sie Ihre Lieblingsaromen nie versiegen! Mit diesem <g id=\"gid_0\">Elf Bar &#8211; Patronen 4 in 1 &#8211; 20 mg\/ml Nikotinsalze &#8211; Packung x2<\/g>, entdecken Sie Ihre Lieblingsgeschm\u00e4cker mit jedem Zug neu, vom ersten Zug bis zum letzten Dampf. Egal, ob Sie ein Fan von Loyalit\u00e4t oder Abwechslung sind, diese Patronen sind hier, um alle Ihre W\u00fcnsche zu erf\u00fcllen.  <\/p>\n<h3 data-start=\"499\" data-end=\"539\">Treue und intensive Aromen<\/h3>\n<p data-start=\"540\" data-end=\"849\">Jede Kartusche ist mit <strong data-start=\"577\" data-end=\"630\">2 ml Nikotinsalz-E-Liquid (20 mg\/ml)<\/strong> vorgef\u00fcllt und mit einer <strong data-start=\"648\" data-end=\"682\">eingebauten 1,2 Ohm Spule<\/strong> mit <strong data-start=\"688\" data-end=\"713\">QUAQ Mesh-Technologie<\/strong> ausgestattet. Das Ergebnis? Homogener Dampf und <strong data-start=\"764\" data-end=\"793\">ultra-echte, intensive<\/strong> Aromen, als k\u00e4men sie direkt aus dem Labor.  <\/p>\n<h3 data-start=\"851\" data-end=\"894\">Ein \u00e4u\u00dferst praktisches Schwenksystem<\/h3>\n<p data-start=\"895\" data-end=\"1162\">Das \u00c4ndern Ihres Geschmacks wird dank des <strong data-start=\"944\" data-end=\"977\">rotierenden Systems &#8220;4 Pods in 1&#8221;<\/strong> zum Kinderspiel. Drehen Sie die Patrone mit einer einfachen Geste, bis sie den Geschmack Ihrer Wahl ausrichtet. Eine <strong data-start=\"1073\" data-end=\"1101\">LED zeigt die Auswahl an<\/strong>, f\u00fcr ein reibungsloses, fehlerfreies und 100% angenehmes Erlebnis.  <\/p>\n<h3 data-start=\"1164\" data-end=\"1201\">Immer bereit, immer Spa\u00df<\/h3>\n<p data-start=\"1202\" data-end=\"1476\">Diese Patronen sind <strong data-start=\"1222\" data-end=\"1243\">gebrauchsfertig<\/strong>, perfekt, um Ihre Lieblingsaromen zur Hand zu haben oder die Freuden zu variieren, ohne Ihr Leben zu verkomplizieren. Sie passen direkt in Dein <strong data-start=\"1391\" data-end=\"1413\">Elf Bar 4 in 1 Kit<\/strong>, f\u00fcr eine sofortige Bef\u00fcllung und einen Dampf, der immer oben ist. <\/p>\n<\/p>\n<p><a href=\"https:\/\/vapotheque.ch\/de\/marque\/elf-bar-de\/\">Hier<\/a> finden Sie alle Produkte der Marke ELF BAR.<\/p>\n<p>Erhalten Sie Rabatte oder die neuesten Informationen zu unseren anderen Produkten, die im Gesch\u00e4ft erh\u00e4ltlich sind, indem Sie uns in unseren sozialen Netzwerken folgen: <a href=\"https:\/\/www.facebook.com\/VapeAigleCH\" target=\"_blank\" rel=\"noopener noreferrer nofollow\">Facebook<\/a> oder <a href=\"https:\/\/www.instagram.com\/vapotheque_aigle\/\" target=\"_blank\" rel=\"noopener noreferrer nofollow\">Instagram<\/a>.<\/p>\n","protected":false},"excerpt":{"rendered":"<p>Elf Bar &#8211; 4 in 1 Patronen &#8211; 20 mg \/ ml Nikotinsalze &#8211; Packung x2: Die lustige und praktische Nachf\u00fcllung Lassen Sie Ihre Lieblingsaromen nie versiegen! Mit diesem Elf Bar &#8211; Patronen 4 in 1 &#8211; 20 mg\/ml Nikotinsalze &#8211; Packung x2, entdecken Sie Ihre Lieblingsgeschm\u00e4cker mit jedem Zug neu, vom ersten Zug bis [&hellip;]<\/p>\n","protected":false},"featured_media":46564,"template":"","meta":{"_acf_changed":false},"product_cat":[442,408,453,469],"product_tag":[],"class_list":{"0":"post-46606","1":"product","2":"type-product","3":"status-publish","4":"has-post-thumbnail","6":"product_brand-elf-bar-de","7":"product_cat-hervorgehobene-produkte","8":"product_cat-lieferbar-innerhalb-von-24-stunden-de","9":"product_cat-pods-de","10":"product_cat-zubehor-pods","12":"first","13":"instock","14":"taxable","15":"shipping-taxable","16":"purchasable","17":"product-type-variable"},"acf":[],"jetpack_sharing_enabled":true,"_links":{"self":[{"href":"https:\/\/vapotheque.ch\/de\/wp-json\/wp\/v2\/product\/46606","targetHints":{"allow":["GET"]}}],"collection":[{"href":"https:\/\/vapotheque.ch\/de\/wp-json\/wp\/v2\/product"}],"about":[{"href":"https:\/\/vapotheque.ch\/de\/wp-json\/wp\/v2\/types\/product"}],"wp:featuredmedia":[{"embeddable":true,"href":"https:\/\/vapotheque.ch\/de\/wp-json\/wp\/v2\/media\/46564"}],"wp:attachment":[{"href":"https:\/\/vapotheque.ch\/de\/wp-json\/wp\/v2\/media?parent=46606"}],"wp:term":[{"taxonomy":"product_cat","embeddable":true,"href":"https:\/\/vapotheque.ch\/de\/wp-json\/wp\/v2\/product_cat?post=46606"},{"taxonomy":"product_tag","embeddable":true,"href":"https:\/\/vapotheque.ch\/de\/wp-json\/wp\/v2\/product_tag?post=46606"}],"curies":[{"name":"wp","href":"https:\/\/api.w.org\/{rel}","templated":true}]}}