{"id":46533,"date":"2025-09-17T11:27:41","date_gmt":"2025-09-17T09:27:41","guid":{"rendered":"https:\/\/vapotheque.ch\/boutique\/geekvape-legend-5-bausatz\/"},"modified":"2025-09-17T11:27:41","modified_gmt":"2025-09-17T09:27:41","slug":"geekvape-legend-5-bausatz","status":"publish","type":"product","link":"https:\/\/vapotheque.ch\/de\/shop\/geekvape-legend-5-bausatz\/","title":{"rendered":"Geekvape &#8211; Legend 5 Bausatz"},"content":{"rendered":"<h2 data-start=\"117\" data-end=\"182\">\ufe0f Geekvape Kit Legend 5:<strong data-start=\"124\" data-end=\"180\"> Die R\u00fcckkehr des K\u00f6nigs des DTL-Dampfers<\/strong><\/h2>\n<p data-start=\"183\" data-end=\"470\">Mach Dich bereit, einen Vape zu erleben, der eines Action-Blockbusters w\u00fcrdig ist! Mit seiner f\u00fcnften Auflage kommt das <strong>Geekvape Kit Legend 5<\/strong> als Kult-Filmheld daher, immer st\u00e4rker, ausdauernder und stilvoller. Es ist nicht eine Fortsetzung zu viel, es ist <strong data-start=\"435\" data-end=\"468\">die Weihe einer Legende<\/strong> !  <\/p>\n<h3 data-start=\"472\" data-end=\"524\"><strong data-start=\"479\" data-end=\"524\">Immer st\u00e4rker, immer stylischer<\/strong><\/h3>\n<p data-start=\"525\" data-end=\"956\">Schock? Kratzt? Staub? Regenguss? Kein Problem. Das <strong>Geekvape Kit Legend 5<\/strong> verf\u00fcgt \u00fcber eine <strong data-start=\"618\" data-end=\"640\">IP68-Zertifizierung<\/strong>, was bedeutet, dass es einen Meteoritenfall fast \u00fcberleben k\u00f6nnte. Naja, fast.<br data-start=\"731\" data-end=\"734\">Getestet, um <strong data-start=\"756\" data-end=\"789\">bis zu 25 St\u00fcrze aus 1,4 Metern H\u00f6he<\/strong> zu \u00fcberstehen, <strong data-start=\"800\" data-end=\"837\">zwei Stunden starkem Schleifen<\/strong> standzuhalten und sogar <strong data-start=\"846\" data-end=\"879\">bis zu einer Tiefe von 1,5 Metern einzuweichen<\/strong> . Ja, es ist ein Mod, kein Sub \u2013 aber es ist einfach so.       <\/p>\n<h3 data-start=\"958\" data-end=\"1001\"><strong data-start=\"965\" data-end=\"1001\">Karosseriedesign im Supersportwagen-Stil<\/strong><\/h3>\n<p data-start=\"1002\" data-end=\"1316\">Der Look wurde f\u00fcr diese f\u00fcnfte Generation komplett neu gestaltet. Es ist ganz einfach: <strong data-start=\"1085\" data-end=\"1099\">Es ist ein Riesenspa\u00df.<\/strong><br data-start=\"1099\" data-end=\"1102\">Hochwertige Materialien, glatte Metalloberfl\u00e4chen, Oberdeck mit aerodynamischem Design, <strong data-start=\"1209\" data-end=\"1231\">1,08-Zoll-Farbbildschirm mit Hintergrundbeleuchtung<\/strong> und <strong data-start=\"1235\" data-end=\"1252\">integrierte LEDs<\/strong>&#8230; Man h\u00f6rt f\u00f6rmlich den Motor bei jedem Zug aufheulen. <\/p>\n<h3 data-start=\"1318\" data-end=\"1358\">\u2699\ufe0f <strong data-start=\"1325\" data-end=\"1358\">Ein Chipsatz, der auf Hochtouren l\u00e4uft<\/strong><\/h3>\n<p data-start=\"1359\" data-end=\"1510\">Unter der Haube steuert der <strong data-start=\"1377\" data-end=\"1392\">AS Chip 4.0<\/strong> die Maschine mit einer <strong data-start=\"1429\" data-end=\"1461\">Ultraschall-Reaktionszeit von 0,01 Sekunden<\/strong>. Es liegt an Ihnen, den Modus zu w\u00e4hlen, der zu Ihnen passt: <\/p>\n<ul data-start=\"1512\" data-end=\"1989\">\n<li data-start=\"1512\" data-end=\"1575\">\n<p data-start=\"1514\" data-end=\"1575\"><strong data-start=\"1514\" data-end=\"1523\">Smart<\/strong> \u2013 keine Kopfschmerzen, die Box passt alles f\u00fcr Sie an.<\/p>\n<\/li>\n<li data-start=\"1576\" data-end=\"1647\">\n<p data-start=\"1578\" data-end=\"1647\"><strong data-start=\"1578\" data-end=\"1585\">Eco<\/strong> \u2013 wenn der Akku nach Essen schreit, optimiert dieser Modus jedes mAh.<\/p>\n<\/li>\n<li data-start=\"1648\" data-end=\"1727\">\n<p data-start=\"1650\" data-end=\"1727\"><strong data-start=\"1650\" data-end=\"1660\">Normal<\/strong> \u2013 f\u00fcr Puristen, die ihre Leistung gerne auf altmodische Art und Weise anpassen.<\/p>\n<\/li>\n<li data-start=\"1728\" data-end=\"1791\">\n<p data-start=\"1730\" data-end=\"1791\"><strong data-start=\"1730\" data-end=\"1740\">Custom<\/strong> \u2013 f\u00fcr Perfektionisten der individuellen Wattzahl.<\/p>\n<\/li>\n<li data-start=\"1792\" data-end=\"1881\">\n<p data-start=\"1794\" data-end=\"1881\"><strong data-start=\"1794\" data-end=\"1823\">TC (Temperature Control)<\/strong> \u2013 f\u00fcr wiederaufbaubare und exotische Garnprofis.<\/p>\n<\/li>\n<li data-start=\"1882\" data-end=\"1989\">\n<p data-start=\"1884\" data-end=\"1989\"><strong data-start=\"1884\" data-end=\"1894\">A-Lock \u2013 ein \u00e4u\u00dferst praktischer<\/strong> <strong data-start=\"1900\" data-end=\"1928\">Sicherheitsschalter<\/strong> , um ein versehentliches Ausl\u00f6sen zu verhindern.<\/p>\n<\/li>\n<\/ul>\n<h3 data-start=\"1991\" data-end=\"2036\"><strong data-start=\"1998\" data-end=\"2036\">Doppelte Batterien f\u00fcr doppelte Ausdauer<\/strong><\/h3>\n<p data-start=\"2037\" data-end=\"2277\">Dieses Monster wird mit <strong data-start=\"2065\" data-end=\"2085\">zwei 18650er Batterien<\/strong> (nicht im Lieferumfang enthalten) betrieben. Und da Geekvape an alles denkt, ist ein <strong data-start=\"2136\" data-end=\"2150\">USB-C-Anschluss<\/strong> zum zus\u00e4tzlichen Aufladen vorhanden, obwohl wir empfehlen, dass Sie f\u00fcr eine optimale Langlebigkeit ein externes Ladeger\u00e4t verwenden. <\/p>\n<hr data-start=\"2279\" data-end=\"2282\">\n<h3 data-start=\"2284\" data-end=\"2332\"><strong data-start=\"2291\" data-end=\"2332\">Der Z Subohm Tank: ein toller Partner<\/strong><\/h3>\n<p data-start=\"2333\" data-end=\"2495\">Es ist unm\u00f6glich, \u00fcber den Aegis Legend 5 ohne seinen langj\u00e4hrigen Kumpel, den <strong data-start=\"2407\" data-end=\"2424\">Z Subohm Tank<\/strong>, zu sprechen. Es ist einer der <strong data-start=\"2441\" data-end=\"2487\">leistungsst\u00e4rksten DTL-Clearos auf dem Markt<\/strong>, mit: <\/p>\n<ul data-start=\"2497\" data-end=\"2688\">\n<li data-start=\"2497\" data-end=\"2562\">\n<p data-start=\"2499\" data-end=\"2562\"><strong data-start=\"2499\" data-end=\"2524\">Top auslaufsicherer Luftstrom<\/strong> f\u00fcr gelassenes Dampfen auch unterwegs,<\/p>\n<\/li>\n<li data-start=\"2563\" data-end=\"2611\">\n<p data-start=\"2565\" data-end=\"2611\"><strong data-start=\"2565\" data-end=\"2581\">Drip Tip 810<\/strong> f\u00fcr einen Ultra Aerial Vape,<\/p>\n<\/li>\n<li data-start=\"2612\" data-end=\"2688\">\n<p data-start=\"2614\" data-end=\"2688\"><strong data-start=\"2614\" data-end=\"2637\">5,5 ml Reservoir<\/strong> , um die Distanz ohne unaufh\u00f6rliches Nachf\u00fcllen zu bew\u00e4ltigen.<\/p>\n<\/li>\n<\/ul>\n<h3 data-start=\"2690\" data-end=\"2739\"><strong data-start=\"2697\" data-end=\"2739\">XM-Widerst\u00e4nde der Z-Serie: Das heilige Feuer<\/strong><\/h3>\n<p data-start=\"2740\" data-end=\"2846\">Im Kit befinden sich zwei <strong data-start=\"2770\" data-end=\"2805\">XM-Widerst\u00e4nde der neuen Generation der Z-Serie<\/strong> f\u00fcr ein \u00fcberragendes sensorisches Erlebnis:<\/p>\n<ul data-start=\"2848\" data-end=\"3181\">\n<li data-start=\"2848\" data-end=\"2973\">\n<p data-start=\"2850\" data-end=\"2973\"><strong data-start=\"2850\" data-end=\"2865\">0,15 Ohm XM<\/strong> (vorinstalliert) \u2192 Ultradichter 70-85W Dampf \u2013 ideal f\u00fcr stark glycerinierte S\u00e4fte (PG\/VG von 20\/80 bis 0\/100).<\/p>\n<\/li>\n<li data-start=\"2974\" data-end=\"3181\">\n<p data-start=\"2976\" data-end=\"3181\"><strong data-start=\"2976\" data-end=\"2990\">0,4 Ohm XM<\/strong> \u2192 Moderaterer Dampf bei 50-60 W \u2013 perfekt f\u00fcr Liebhaber von kontrolliertem Dampf (PG\/VG von 30\/70 bis 20\/80).<br data-start=\"3095\" data-end=\"3098\"><strong data-start=\"3101\" data-end=\"3139\">Empfohlenes maximales Nikotin: 3 mg\/ml,<\/strong> um zu vermeiden, dass Sie beim ersten Zug k.o. gehen.<\/p>\n<\/li>\n<\/ul>\n<hr data-start=\"3183\" data-end=\"3186\">\n<h2 data-start=\"3188\" data-end=\"3233\"><strong data-start=\"3194\" data-end=\"3233\">In der Box des Geekvape Kit Legend 5<\/strong><\/h2>\n<ul>\n<li data-start=\"3234\" data-end=\"3261\">\n<p data-start=\"3236\" data-end=\"3261\">1x <strong data-start=\"3243\" data-end=\"3261\">Aegis Legend 5<\/strong> Box<\/p>\n<\/li>\n<li data-start=\"3262\" data-end=\"3292\">\n<p data-start=\"3264\" data-end=\"3292\">1x <strong data-start=\"3267\" data-end=\"3292\">Z Subohm Clearomiser<\/strong><\/p>\n<\/li>\n<li data-start=\"3293\" data-end=\"3348\">\n<p data-start=\"3295\" data-end=\"3348\">1x <strong data-start=\"3309\" data-end=\"3333\">Z Series XM 0,15 Ohm Coil<\/strong> (vorinstalliert)<\/p>\n<\/li>\n<li data-start=\"3349\" data-end=\"3389\">\n<p data-start=\"3351\" data-end=\"3389\">1x <strong data-start=\"3365\" data-end=\"3389\">Z-Serie XM 0,40 Ohm<\/strong> Widerstand<\/p>\n<\/li>\n<li data-start=\"3390\" data-end=\"3416\">\n<p data-start=\"3392\" data-end=\"3416\">1x <strong data-start=\"3395\" data-end=\"3416\">Ersatz-Pyrex<\/strong><\/p>\n<\/li>\n<li data-start=\"3417\" data-end=\"3439\">\n<p data-start=\"3419\" data-end=\"3439\">1x Satz <strong data-start=\"3429\" data-end=\"3439\">Dichtungen<\/strong><\/p>\n<\/li>\n<li data-start=\"3440\" data-end=\"3466\">\n<p data-start=\"3442\" data-end=\"3466\">1x <strong data-start=\"3445\" data-end=\"3466\">Widerstandsschl\u00fcssel<\/strong><\/p>\n<\/li>\n<li data-start=\"3467\" data-end=\"3487\">\n<p data-start=\"3469\" data-end=\"3487\">1x <strong data-start=\"3472\" data-end=\"3487\">USB-C Kabel<\/strong><\/p>\n<\/li>\n<li>1x <strong data-start=\"3493\" data-end=\"3517\">Benutzerhandbuch<\/strong><\/li>\n<\/ul>\n<p><span style=\"color: #ff0000;\"><strong>1860 BATTERIE NICHT IM LIEFERUMFANG ENTHALTEN<\/strong><\/span><\/p>\n<p>&nbsp;<\/p>\n<p>Entdecken Sie die Produkte der <a href=\"..\/product_brand\/geekvape\/\" target=\"_blank\" rel=\"noopener\">Marke GeekVape.<\/a><\/p>\n<p>Erhalten Sie Rabatte oder die neuesten Informationen zu unseren anderen Produkten, die im Gesch\u00e4ft erh\u00e4ltlich sind, indem Sie uns in unseren sozialen Netzwerken folgen: <a href=\"https:\/\/www.facebook.com\/VapeAigleCH\" target=\"_blank\" rel=\"noopener\">Facebook<\/a> oder <a href=\"https:\/\/www.instagram.com\/vapotheque_aigle\/\" target=\"_blank\" rel=\"noopener\">Instagram<\/a>.<\/p>\n","protected":false},"excerpt":{"rendered":"<p>\ufe0f Geekvape Kit Legend 5: Die R\u00fcckkehr des K\u00f6nigs des DTL-Dampfers Mach Dich bereit, einen Vape zu erleben, der eines Action-Blockbusters w\u00fcrdig ist! Mit seiner f\u00fcnften Auflage kommt das Geekvape Kit Legend 5 als Kult-Filmheld daher, immer st\u00e4rker, ausdauernder und stilvoller. Es ist nicht eine Fortsetzung zu viel, es ist die Weihe einer Legende ! [&hellip;]<\/p>\n","protected":false},"featured_media":46505,"template":"","meta":{"_acf_changed":false},"product_cat":[448,450,442,408],"product_tag":[],"class_list":{"0":"post-46533","1":"product","2":"type-product","3":"status-publish","4":"has-post-thumbnail","6":"product_brand-geekvape-de","7":"product_cat-box-mods-de","8":"product_cat-elektro","9":"product_cat-hervorgehobene-produkte","10":"product_cat-lieferbar-innerhalb-von-24-stunden-de","12":"first","13":"instock","14":"taxable","15":"shipping-taxable","16":"purchasable","17":"product-type-variable"},"acf":[],"jetpack_sharing_enabled":true,"_links":{"self":[{"href":"https:\/\/vapotheque.ch\/de\/wp-json\/wp\/v2\/product\/46533","targetHints":{"allow":["GET"]}}],"collection":[{"href":"https:\/\/vapotheque.ch\/de\/wp-json\/wp\/v2\/product"}],"about":[{"href":"https:\/\/vapotheque.ch\/de\/wp-json\/wp\/v2\/types\/product"}],"wp:featuredmedia":[{"embeddable":true,"href":"https:\/\/vapotheque.ch\/de\/wp-json\/wp\/v2\/media\/46505"}],"wp:attachment":[{"href":"https:\/\/vapotheque.ch\/de\/wp-json\/wp\/v2\/media?parent=46533"}],"wp:term":[{"taxonomy":"product_cat","embeddable":true,"href":"https:\/\/vapotheque.ch\/de\/wp-json\/wp\/v2\/product_cat?post=46533"},{"taxonomy":"product_tag","embeddable":true,"href":"https:\/\/vapotheque.ch\/de\/wp-json\/wp\/v2\/product_tag?post=46533"}],"curies":[{"name":"wp","href":"https:\/\/api.w.org\/{rel}","templated":true}]}}