{"id":46424,"date":"2025-09-04T17:38:50","date_gmt":"2025-09-04T15:38:50","guid":{"rendered":"https:\/\/vapotheque.ch\/boutique\/vaping-in-paris-silver-fox-iced-cherry-sels-10-ml-e-liquid\/"},"modified":"2025-11-08T16:57:44","modified_gmt":"2025-11-08T15:57:44","slug":"vaping-in-paris-silver-fox-iced-cherry-sels-10-ml-e-liquid","status":"publish","type":"product","link":"https:\/\/vapotheque.ch\/de\/shop\/vaping-in-paris-silver-fox-iced-cherry-sels-10-ml-e-liquid\/","title":{"rendered":"Vaping In Paris &#8211; Silver Fox &#8211; Iced Cherry SELS 10 ml E-Liquid"},"content":{"rendered":"<h2 data-start=\"1777\" data-end=\"1900\"><strong data-start=\"1784\" data-end=\"1900\">Verdampfen in Paris Silver Fox Iced Cherry SELS 10 ml E-Liquid: Frostig fruchtige Intensit\u00e4t bei jedem Zug! \u2744\ufe0f<\/strong><\/h2>\n<p data-start=\"1902\" data-end=\"2170\">Erliegen Sie der Versuchung einer unwiderstehlichen roten Frucht mit dem <strong data-start=\"1965\" data-end=\"2004\">Silver Fox Cherry Iced SELS 10 ml<\/strong> ! Hinter jedem Zug verbirgt sich die Gourmet-Rundheit einer reifen Kirsche, die von einem eisigen Hauch getroffen wird, der wie eine frostige Brise auf Ihre Geschmacksknospen wirkt.<\/p>\n<p data-start=\"2172\" data-end=\"2430\">\u2728 <strong data-start=\"2174\" data-end=\"2211\">Ein Rezept voller Charakter!<\/strong><br data-start=\"2211\" data-end=\"2214\">Dieses Frucht-Frische-Duo vereint die spritzige S\u00fc\u00dfe der Kirsche mit einer intensiven und erfrischenden Frische. Eine explosive Kombination, die jeden Schlag in ein lebendiges und unvergessliches Eiserlebnis verwandelt. <\/p>\n<p data-start=\"2432\" data-end=\"2624\"><strong data-start=\"2435\" data-end=\"2479\">100% nat\u00fcrlich, 100% pflanzlich, 100% Genuss<\/strong><br data-start=\"2479\" data-end=\"2482\">Ohne Kunstgriffe, ohne S\u00fc\u00dfstoffe, aber mit nat\u00fcrlichen Aromen und einer 100% pflanzlichen Basis: ein sauberer, reiner und k\u00f6stlich realistischer Dampf.<\/p>\n<p data-start=\"2626\" data-end=\"2837\">\u26a1 <strong data-start=\"2628\" data-end=\"2690\">Silver Fox: Wenn Puffaromen zur Kunst werden!<\/strong><br data-start=\"2690\" data-end=\"2693\">Die Silver Fox-Serie wurde f\u00fcr Liebhaber von kraftvollen eisgek\u00fchlten Fr\u00fcchten entwickelt und sublimiert die Aromen f\u00fcr ein Ergebnis, das den besten Einweg-Puffs w\u00fcrdig ist.<\/p>\n<p data-start=\"2839\" data-end=\"2983\">Kleiner Tipp: Dampfen Sie mit weniger als 18 Watt und verwenden Sie eine Spule von mindestens 1 Ohm, um die ganze Feinheit der Nikotinsalze zu enth\u00fcllen.<\/p>\n<p><strong><span style=\"vertical-align: inherit\">Wichtig<\/span><\/strong><span style=\"vertical-align: inherit\"> : E-Liquid bereits nikotiniert, verkauft in einer 10 ml Flasche.<\/span><\/p>\n<\/p>\n<p><span style=\"vertical-align: inherit\">Hergestellt in Frankreich; MPGV\/GV-Dosierung: 50% \/ 50%. Passt sich jeder Art von Ausr\u00fcstung an. <\/span><\/p>\n<p><span style=\"vertical-align: inherit\">Entdecken Sie die anderen Produkte der Marke Vaping <\/span><a href=\"..\/marque\/vaping-in-paris\"><span style=\"vertical-align: inherit\">in Paris<\/span><\/a><span style=\"vertical-align: inherit\">.<\/span><\/p>\n<p><span style=\"vertical-align: inherit\">Erhalten Sie Rabatte oder die neuesten Informationen zu unseren Produkten, indem Sie uns in unseren sozialen Netzwerken folgen: <\/span><a href=\"https:\/\/www.facebook.com\/VapeAigleCH\" target=\"_blank\" rel=\"noopener\"><span style=\"vertical-align: inherit\">Facebook<\/span><\/a><span style=\"vertical-align: inherit\"> oder <\/span><a href=\"https:\/\/www.instagram.com\/vapotheque\" target=\"_blank\" rel=\"noopener\"><span style=\"vertical-align: inherit\">Instagram<\/span><\/a><span style=\"vertical-align: inherit\"> .<\/span><\/p>\n","protected":false},"excerpt":{"rendered":"<p>Verdampfen in Paris Silver Fox Iced Cherry SELS 10 ml E-Liquid: Frostig fruchtige Intensit\u00e4t bei jedem Zug! \u2744\ufe0f Erliegen Sie der Versuchung einer unwiderstehlichen roten Frucht mit dem Silver Fox Cherry Iced SELS 10 ml ! Hinter jedem Zug verbirgt sich die Gourmet-Rundheit einer reifen Kirsche, die von einem eisigen Hauch getroffen wird, der wie [&hellip;]<\/p>\n","protected":false},"featured_media":46364,"template":"","meta":{"_acf_changed":false},"product_cat":[405,404,442,408,1629,1716],"product_tag":[],"class_list":{"0":"post-46424","1":"product","2":"type-product","3":"status-publish","4":"has-post-thumbnail","6":"product_brand-vaping-in-paris-de","7":"product_cat-e-liquids","8":"product_cat-fruchtig","9":"product_cat-hervorgehobene-produkte","10":"product_cat-lieferbar-innerhalb-von-24-stunden-de","11":"product_cat-10-ml-mit-nikotin","12":"product_cat-10ml-790-de","14":"first","15":"instock","16":"taxable","17":"shipping-taxable","18":"purchasable","19":"product-type-variable"},"acf":[],"jetpack_sharing_enabled":true,"_links":{"self":[{"href":"https:\/\/vapotheque.ch\/de\/wp-json\/wp\/v2\/product\/46424","targetHints":{"allow":["GET"]}}],"collection":[{"href":"https:\/\/vapotheque.ch\/de\/wp-json\/wp\/v2\/product"}],"about":[{"href":"https:\/\/vapotheque.ch\/de\/wp-json\/wp\/v2\/types\/product"}],"wp:featuredmedia":[{"embeddable":true,"href":"https:\/\/vapotheque.ch\/de\/wp-json\/wp\/v2\/media\/46364"}],"wp:attachment":[{"href":"https:\/\/vapotheque.ch\/de\/wp-json\/wp\/v2\/media?parent=46424"}],"wp:term":[{"taxonomy":"product_cat","embeddable":true,"href":"https:\/\/vapotheque.ch\/de\/wp-json\/wp\/v2\/product_cat?post=46424"},{"taxonomy":"product_tag","embeddable":true,"href":"https:\/\/vapotheque.ch\/de\/wp-json\/wp\/v2\/product_tag?post=46424"}],"curies":[{"name":"wp","href":"https:\/\/api.w.org\/{rel}","templated":true}]}}