{"id":46421,"date":"2025-09-04T18:12:04","date_gmt":"2025-09-04T16:12:04","guid":{"rendered":"https:\/\/vapotheque.ch\/boutique\/vaping-in-paris-silver-fox-lemon-glazed-sels-10-ml-e-liquid\/"},"modified":"2025-11-08T15:12:33","modified_gmt":"2025-11-08T14:12:33","slug":"vaping-in-paris-silver-fox-lemon-glazed-sels-10-ml-e-liquid","status":"publish","type":"product","link":"https:\/\/vapotheque.ch\/de\/shop\/vaping-in-paris-silver-fox-lemon-glazed-sels-10-ml-e-liquid\/","title":{"rendered":"Vaping In Paris &#8211; Silver Fox &#8211; Lemon Glazed SELS 10 ml E-Liquid"},"content":{"rendered":"<h2 data-start=\"3016\" data-end=\"3104\">\u2744\ufe0f Silver Fox Iced Lemon SELS 10 ml E-Liquid: Die frostige Explosion der Zitrone!<\/h2>\n<p data-start=\"3105\" data-end=\"3401\">Auf der Suche nach einem sofortigen Schub? Das <strong data-start=\"3145\" data-end=\"3209\">Vaping in Paris Silver Fox Iced Lemon SELS 10 ml E-Liquid<\/strong> bietet Ihnen die Lebendigkeit einer prickelnden Zitrone, sublimiert durch eine frostige Frische, die Ihre Geschmacksknospen elektrisiert. Ein lebendiges und erfrischendes Duo, wie eine eisgek\u00fchlte Limonade, die man mitten im Sommer genie\u00dft.  <\/p>\n<p data-start=\"3403\" data-end=\"3645\">\u2728 Die S\u00e4ure, die weckt, die Frische, die beruhigt<br data-start=\"3452\" data-end=\"3455\">Jeder Zug setzt einen zitronigen Ausfluss frei, der sowohl spritzig als auch durstl\u00f6schend ist, gefolgt von einem ultra-frischen Polaratem. Die perfekte Kombination f\u00fcr einen Verdampfer, der energetisiert, ohne sich jemals zu langweilen. <\/p>\n<p data-start=\"3647\" data-end=\"3837\">100% nat\u00fcrlich, 100% pflanzlich, 100% Genuss<br data-start=\"3690\" data-end=\"3693\">Immer keine Coolada, keine k\u00fcnstlichen S\u00fc\u00dfstoffe. Nur nat\u00fcrliche Aromen und eine 100% pflanzliche Basis f\u00fcr ein authentisches und schmackhaftes Ergebnis. <\/p>\n<p data-start=\"3839\" data-end=\"4082\">Silver Fox: die Referenz f\u00fcr Puff-Aromen!<br data-start=\"3887\" data-end=\"3890\">Mit ihrer un\u00fcbertroffenen Meisterschaft in fruchtigen und frostigen Aromen reproduziert die Silver Fox-Serie verbl\u00fcffend realistische Empfindungen. F\u00fcr Liebhaber von intensiver und eisgek\u00fchlter Zitrone ist dies ein Muss. <\/p>\n<p data-start=\"4084\" data-end=\"4235\">Tipp: Verdampfen Sie mit weniger als 18 W mit einer Spule \u2265 1 Ohm, um die Geschmeidigkeit und Geschwindigkeit der Wirkung von Nikotinsalzen voll auszunutzen.<\/p>\n<p data-start=\"4237\" data-end=\"4304\"><strong>Wichtig <\/strong>: E-Liquid bereits nikotiniert, verkauft in einer 10 ml Flasche.<\/p>\n<p><span style=\"vertical-align: inherit\">Hergestellt in Frankreich; MPGV\/GV-Dosierung: 50% \/ 50%. Passt sich jeder Art von Ausr\u00fcstung an. <\/span><\/p>\n<p><span style=\"vertical-align: inherit\">Entdecken Sie die anderen Produkte der Marke Vaping <\/span><a href=\"..\/marque\/vaping-in-paris\"><span style=\"vertical-align: inherit\">in Paris<\/span><\/a><span style=\"vertical-align: inherit\">.<\/span><\/p>\n<p><span style=\"vertical-align: inherit\">Erhalten Sie Rabatte oder die neuesten Informationen zu unseren Produkten, indem Sie uns in unseren sozialen Netzwerken folgen: <\/span><a href=\"https:\/\/www.facebook.com\/VapeAigleCH\" target=\"_blank\" rel=\"noopener\"><span style=\"vertical-align: inherit\">Facebook<\/span><\/a><span style=\"vertical-align: inherit\"> oder <\/span><a href=\"https:\/\/www.instagram.com\/vapotheque\" target=\"_blank\" rel=\"noopener\"><span style=\"vertical-align: inherit\">Instagram<\/span><\/a><span style=\"vertical-align: inherit\"> .<\/span><\/p>\n","protected":false},"excerpt":{"rendered":"<p>\u2744\ufe0f Silver Fox Iced Lemon SELS 10 ml E-Liquid: Die frostige Explosion der Zitrone! Auf der Suche nach einem sofortigen Schub? Das Vaping in Paris Silver Fox Iced Lemon SELS 10 ml E-Liquid bietet Ihnen die Lebendigkeit einer prickelnden Zitrone, sublimiert durch eine frostige Frische, die Ihre Geschmacksknospen elektrisiert. Ein lebendiges und erfrischendes Duo, wie [&hellip;]<\/p>\n","protected":false},"featured_media":46400,"template":"","meta":{"_acf_changed":false},"product_cat":[405,404,442,408,1629,1716],"product_tag":[],"class_list":{"0":"post-46421","1":"product","2":"type-product","3":"status-publish","4":"has-post-thumbnail","6":"product_brand-vaping-in-paris-de","7":"product_cat-e-liquids","8":"product_cat-fruchtig","9":"product_cat-hervorgehobene-produkte","10":"product_cat-lieferbar-innerhalb-von-24-stunden-de","11":"product_cat-10-ml-mit-nikotin","12":"product_cat-10ml-790-de","14":"first","15":"instock","16":"taxable","17":"shipping-taxable","18":"purchasable","19":"product-type-variable"},"acf":[],"jetpack_sharing_enabled":true,"_links":{"self":[{"href":"https:\/\/vapotheque.ch\/de\/wp-json\/wp\/v2\/product\/46421","targetHints":{"allow":["GET"]}}],"collection":[{"href":"https:\/\/vapotheque.ch\/de\/wp-json\/wp\/v2\/product"}],"about":[{"href":"https:\/\/vapotheque.ch\/de\/wp-json\/wp\/v2\/types\/product"}],"wp:featuredmedia":[{"embeddable":true,"href":"https:\/\/vapotheque.ch\/de\/wp-json\/wp\/v2\/media\/46400"}],"wp:attachment":[{"href":"https:\/\/vapotheque.ch\/de\/wp-json\/wp\/v2\/media?parent=46421"}],"wp:term":[{"taxonomy":"product_cat","embeddable":true,"href":"https:\/\/vapotheque.ch\/de\/wp-json\/wp\/v2\/product_cat?post=46421"},{"taxonomy":"product_tag","embeddable":true,"href":"https:\/\/vapotheque.ch\/de\/wp-json\/wp\/v2\/product_tag?post=46421"}],"curies":[{"name":"wp","href":"https:\/\/api.w.org\/{rel}","templated":true}]}}