{"id":46418,"date":"2025-09-04T17:33:59","date_gmt":"2025-09-04T15:33:59","guid":{"rendered":"https:\/\/vapotheque.ch\/boutique\/vaping-in-paris-silver-fox-gefrorene-himbeere-sels-10-ml-e-liquid\/"},"modified":"2025-11-08T16:58:51","modified_gmt":"2025-11-08T15:58:51","slug":"vaping-in-paris-silver-fox-gefrorene-himbeere-sels-10-ml-e-liquid","status":"publish","type":"product","link":"https:\/\/vapotheque.ch\/de\/shop\/vaping-in-paris-silver-fox-gefrorene-himbeere-sels-10-ml-e-liquid\/","title":{"rendered":"Vaping In Paris &#8211; Silver Fox &#8211; Gefrorene Himbeere SELS 10 ml E-Liquid"},"content":{"rendered":"<h2 data-start=\"275\" data-end=\"401\"><strong data-start=\"282\" data-end=\"401\">Verdampfen in Paris Silver Fox Frozen Raspberry SELS 10 ml E-Liquid: Der fruchtige Nervenkitzel, der die Geschmacksknospen weckt! \u2744\ufe0f<\/strong><\/h2>\n<p data-start=\"403\" data-end=\"735\">Tauchen Sie ein in einen Wirbelwind der Frische mit dem <strong data-start=\"451\" data-end=\"493\">Silver Fox Frozen Raspberry SELS 10 ml<\/strong> von Vaping in Paris! Stellen Sie sich die spritzige S\u00fc\u00dfe einer saftigen Himbeere vor, die perfekt durch eine eisige Welle ausbalanciert wird, die Ihre Sinne begeistert.  <\/p>\n<p data-start=\"737\" data-end=\"1040\">\u2728 <strong data-start=\"739\" data-end=\"784\">Ein Rezept mit tausend und einer Empfindung!<\/strong><br data-start=\"784\" data-end=\"787\">Zwischen s\u00fc\u00dfer Delikatesse und belebender Frische f\u00e4ngt dieses E-Liquid die ganze aromatische Kraft der Himbeere in einer unvergesslichen gefrosteten Version ein. Das Ergebnis: ein fruchtig-frischer Ganztagsduft, der Sie bei jedem Zug vor Genuss erschauern l\u00e4sst. <\/p>\n<p data-start=\"1042\" data-end=\"1284\"><strong data-start=\"1045\" data-end=\"1089\">100% nat\u00fcrlich, 100% pflanzlich, 100% Genuss<\/strong><br data-start=\"1089\" data-end=\"1092\">Ohne Coolada, ohne k\u00fcnstliche S\u00fc\u00dfstoffe, aber mit nat\u00fcrlichen Aromen und einer 100% pflanzlichen Basis: Vaping in Paris setzt auf Authentizit\u00e4t und Qualit\u00e4t f\u00fcr einen gesunden und schmackhaften Dampf.<\/p>\n<p data-start=\"1286\" data-end=\"1563\">\u26a1 <strong data-start=\"1288\" data-end=\"1356\">Silver Fox: die beste aller Puff-Geschmacksrichtungen in einer Premium-Version!<\/strong><br data-start=\"1356\" data-end=\"1359\">Inspiriert von den Must-Have-Puffs, veredelt die Silver Fox-Serie eisgek\u00fchlte Fr\u00fcchte mit einer einzigartigen Pr\u00e4zision. Wenn Sie frostige, fruchtige E-Liquids m\u00f6gen, die Ihnen auf den Mund klatschen, sind Sie hier genau richtig. <\/p>\n<p data-start=\"1565\" data-end=\"1696\">Kleiner Tipp: Um die Nikotinsalze voll auszunutzen, dampfen Sie mit weniger als 18 Watt und einem Widerstand von mindestens 1 Ohm.<\/p>\n<p><strong><span style=\"vertical-align: inherit\">Wichtig<\/span><\/strong><span style=\"vertical-align: inherit\"> : E-Liquid bereits nikotiniert, verkauft in einer 10 ml Flasche.<\/span><\/p>\n<\/p>\n<p><span style=\"vertical-align: inherit\">Hergestellt in Frankreich; MPGV\/GV-Dosierung: 50% \/ 50%. Passt sich jeder Art von Ausr\u00fcstung an. <\/span><\/p>\n<p><span style=\"vertical-align: inherit\">Entdecken Sie die anderen Produkte der Marke Vaping <\/span><a href=\"..\/marque\/vaping-in-paris\"><span style=\"vertical-align: inherit\">in Paris<\/span><\/a><span style=\"vertical-align: inherit\">.<\/span><\/p>\n<p><span style=\"vertical-align: inherit\">Erhalten Sie Rabatte oder die neuesten Informationen zu unseren Produkten, indem Sie uns in unseren sozialen Netzwerken folgen: <\/span><a href=\"https:\/\/www.facebook.com\/VapeAigleCH\" target=\"_blank\" rel=\"noopener\"><span style=\"vertical-align: inherit\">Facebook<\/span><\/a><span style=\"vertical-align: inherit\"> oder <\/span><a href=\"https:\/\/www.instagram.com\/vapotheque\" target=\"_blank\" rel=\"noopener\"><span style=\"vertical-align: inherit\">Instagram<\/span><\/a><span style=\"vertical-align: inherit\"> .<\/span><\/p>\n","protected":false},"excerpt":{"rendered":"<p>Verdampfen in Paris Silver Fox Frozen Raspberry SELS 10 ml E-Liquid: Der fruchtige Nervenkitzel, der die Geschmacksknospen weckt! \u2744\ufe0f Tauchen Sie ein in einen Wirbelwind der Frische mit dem Silver Fox Frozen Raspberry SELS 10 ml von Vaping in Paris! Stellen Sie sich die spritzige S\u00fc\u00dfe einer saftigen Himbeere vor, die perfekt durch eine eisige [&hellip;]<\/p>\n","protected":false},"featured_media":46355,"template":"","meta":{"_acf_changed":false},"product_cat":[405,404,442,408,1629,1716],"product_tag":[],"class_list":{"0":"post-46418","1":"product","2":"type-product","3":"status-publish","4":"has-post-thumbnail","6":"product_brand-vaping-in-paris-de","7":"product_cat-e-liquids","8":"product_cat-fruchtig","9":"product_cat-hervorgehobene-produkte","10":"product_cat-lieferbar-innerhalb-von-24-stunden-de","11":"product_cat-10-ml-mit-nikotin","12":"product_cat-10ml-790-de","14":"first","15":"instock","16":"taxable","17":"shipping-taxable","18":"purchasable","19":"product-type-variable"},"acf":[],"jetpack_sharing_enabled":true,"_links":{"self":[{"href":"https:\/\/vapotheque.ch\/de\/wp-json\/wp\/v2\/product\/46418","targetHints":{"allow":["GET"]}}],"collection":[{"href":"https:\/\/vapotheque.ch\/de\/wp-json\/wp\/v2\/product"}],"about":[{"href":"https:\/\/vapotheque.ch\/de\/wp-json\/wp\/v2\/types\/product"}],"wp:featuredmedia":[{"embeddable":true,"href":"https:\/\/vapotheque.ch\/de\/wp-json\/wp\/v2\/media\/46355"}],"wp:attachment":[{"href":"https:\/\/vapotheque.ch\/de\/wp-json\/wp\/v2\/media?parent=46418"}],"wp:term":[{"taxonomy":"product_cat","embeddable":true,"href":"https:\/\/vapotheque.ch\/de\/wp-json\/wp\/v2\/product_cat?post=46418"},{"taxonomy":"product_tag","embeddable":true,"href":"https:\/\/vapotheque.ch\/de\/wp-json\/wp\/v2\/product_tag?post=46418"}],"curies":[{"name":"wp","href":"https:\/\/api.w.org\/{rel}","templated":true}]}}