{"id":46417,"date":"2025-09-04T18:06:39","date_gmt":"2025-09-04T16:06:39","guid":{"rendered":"https:\/\/vapotheque.ch\/boutique\/verdampfen-in-paris-kates-potion-viking-sels-10-ml-e-liquid\/"},"modified":"2025-11-08T15:13:34","modified_gmt":"2025-11-08T14:13:34","slug":"verdampfen-in-paris-kates-potion-viking-sels-10-ml-e-liquid","status":"publish","type":"product","link":"https:\/\/vapotheque.ch\/de\/shop\/verdampfen-in-paris-kates-potion-viking-sels-10-ml-e-liquid\/","title":{"rendered":"Verdampfen in Paris &#8211; Kate&#8217;s &#8211; Potion Viking SELS 10 ml E-Liquid"},"content":{"rendered":"<h2 data-start=\"1735\" data-end=\"1823\">\u2694\ufe0f\u2744\ufe0f Kat&#8217;s Potion Viking SELS 10 ml E-Liquid: Eine eisige Welle aus dem Norden!<\/h2>\n<p data-start=\"1824\" data-end=\"2129\">Sind Sie bereit, sich auf eine frostige Odyssee zu begeben? <g id=\"gid_0\">Das Vaping in Paris Kat&#8217;s Potion Viking SELS 10 ml E-Liquid<\/g> katapultiert Sie in ein polares Universum, in dem Frische an erster Stelle steht. Jeder Zug ist ein eisiger Windsto\u00df, der die Sinne weckt und eine Energie ausstrahlt, die den Eroberern des hohen Nordens w\u00fcrdig ist.  <\/p>\n<p data-start=\"2131\" data-end=\"2396\">\u2728 Ein Trank f\u00fcr Vape-Krieger<br data-start=\"2181\" data-end=\"2184\">Hier gibt es keine halben Sachen: Der Viking entfaltet eine Welle intensiver, roher und belebender Frische. Ein E-Liquid, das wie ein arktischer Wind schl\u00e4gt, ideal f\u00fcr diejenigen, die einen maximalen Nervenkitzel in ihrem Dampf suchen. <\/p>\n<p data-start=\"2398\" data-end=\"2620\">100% nat\u00fcrlich, 100% pflanzlich, 100% Genuss<br data-start=\"2441\" data-end=\"2444\">Kat&#8217;s Potion ist immer noch frei von Coolada und k\u00fcnstlichen S\u00fc\u00dfstoffen und bietet ein eisiges Erlebnis, das ebenso rein wie authentisch ist. Offene, nat\u00fcrliche Empfindungen, ohne K\u00fcnstlichkeit. <\/p>\n<p data-start=\"2622\" data-end=\"2824\">Eine Legende im Dampfen<br data-start=\"2649\" data-end=\"2652\">Die Kat&#8217;s Potion-Serie wurde f\u00fcr Liebhaber von Intensit\u00e4t und Originalit\u00e4t entwickelt. Mit Viking steigen Sie in die gro\u00dfe Liga auf: eine radikale und unvergessliche Frische. <\/p>\n<p data-start=\"2826\" data-end=\"2940\">Tipp: Verdampfen Sie mit weniger als 18 W mit einer 1\u2265Ohm-Spule, um das Beste aus Nikotinsalzen herauszuholen.<\/p>\n<p data-start=\"2942\" data-end=\"3009\"><strong>Wichtig <\/strong>: E-Liquid bereits nikotiniert, verkauft in einer 10 ml Flasche.<\/p>\n<p><span style=\"vertical-align: inherit\">Hergestellt in Frankreich; MPGV\/GV-Dosierung: 50% \/ 50%. Passt sich jeder Art von Ausr\u00fcstung an. <\/span><\/p>\n<p><span style=\"vertical-align: inherit\">Entdecken Sie die anderen Produkte der Marke Vaping <\/span><a href=\"..\/marque\/vaping-in-paris\"><span style=\"vertical-align: inherit\">in Paris<\/span><\/a><span style=\"vertical-align: inherit\">.<\/span><\/p>\n<p><span style=\"vertical-align: inherit\">Erhalten Sie Rabatte oder die neuesten Informationen zu unseren Produkten, indem Sie uns in unseren sozialen Netzwerken folgen: <\/span><a href=\"https:\/\/www.facebook.com\/VapeAigleCH\" target=\"_blank\" rel=\"noopener\"><span style=\"vertical-align: inherit\">Facebook<\/span><\/a><span style=\"vertical-align: inherit\"> oder <\/span><a href=\"https:\/\/www.instagram.com\/vapotheque\" target=\"_blank\" rel=\"noopener\"><span style=\"vertical-align: inherit\">Instagram<\/span><\/a><span style=\"vertical-align: inherit\"> .<\/span><\/p>\n","protected":false},"excerpt":{"rendered":"<p>\u2694\ufe0f\u2744\ufe0f Kat&#8217;s Potion Viking SELS 10 ml E-Liquid: Eine eisige Welle aus dem Norden! Sind Sie bereit, sich auf eine frostige Odyssee zu begeben? Das Vaping in Paris Kat&#8217;s Potion Viking SELS 10 ml E-Liquid katapultiert Sie in ein polares Universum, in dem Frische an erster Stelle steht. Jeder Zug ist ein eisiger Windsto\u00df, der [&hellip;]<\/p>\n","protected":false},"featured_media":46391,"template":"","meta":{"_acf_changed":false},"product_cat":[405,404,442,408,1629,1716],"product_tag":[],"class_list":{"0":"post-46417","1":"product","2":"type-product","3":"status-publish","4":"has-post-thumbnail","6":"product_brand-vaping-in-paris-de","7":"product_cat-e-liquids","8":"product_cat-fruchtig","9":"product_cat-hervorgehobene-produkte","10":"product_cat-lieferbar-innerhalb-von-24-stunden-de","11":"product_cat-10-ml-mit-nikotin","12":"product_cat-10ml-790-de","14":"first","15":"instock","16":"taxable","17":"shipping-taxable","18":"purchasable","19":"product-type-variable"},"acf":[],"jetpack_sharing_enabled":true,"_links":{"self":[{"href":"https:\/\/vapotheque.ch\/de\/wp-json\/wp\/v2\/product\/46417","targetHints":{"allow":["GET"]}}],"collection":[{"href":"https:\/\/vapotheque.ch\/de\/wp-json\/wp\/v2\/product"}],"about":[{"href":"https:\/\/vapotheque.ch\/de\/wp-json\/wp\/v2\/types\/product"}],"wp:featuredmedia":[{"embeddable":true,"href":"https:\/\/vapotheque.ch\/de\/wp-json\/wp\/v2\/media\/46391"}],"wp:attachment":[{"href":"https:\/\/vapotheque.ch\/de\/wp-json\/wp\/v2\/media?parent=46417"}],"wp:term":[{"taxonomy":"product_cat","embeddable":true,"href":"https:\/\/vapotheque.ch\/de\/wp-json\/wp\/v2\/product_cat?post=46417"},{"taxonomy":"product_tag","embeddable":true,"href":"https:\/\/vapotheque.ch\/de\/wp-json\/wp\/v2\/product_tag?post=46417"}],"curies":[{"name":"wp","href":"https:\/\/api.w.org\/{rel}","templated":true}]}}