{"id":46416,"date":"2025-09-04T17:28:07","date_gmt":"2025-09-04T15:28:07","guid":{"rendered":"https:\/\/vapotheque.ch\/boutique\/verdampfen-in-paris-silver-fox-geeiste-kokosnuss-ananas-50-ml-75-ml\/"},"modified":"2025-09-04T17:28:07","modified_gmt":"2025-09-04T15:28:07","slug":"verdampfen-in-paris-silver-fox-geeiste-kokosnuss-ananas-50-ml-75-ml","status":"publish","type":"product","link":"https:\/\/vapotheque.ch\/de\/shop\/verdampfen-in-paris-silver-fox-geeiste-kokosnuss-ananas-50-ml-75-ml\/","title":{"rendered":"Verdampfen in Paris &#8211; Silver Fox &#8211; Geeiste Kokosnuss Ananas 50 ml \/ 75 ml"},"content":{"rendered":"<h2 data-start=\"1417\" data-end=\"1495\"><strong data-start=\"1426\" data-end=\"1493\">Verdampfen in Paris \u2013 Silver Fox \u2013 Geeiste Kokosnuss Ananas 50 ml \/ 75 ml<\/strong><\/h2>\n<p data-start=\"1496\" data-end=\"1795\">Willkommen in den Tropen&#8230; Polare Ausf\u00fchrung!<br data-start=\"1543\" data-end=\"1546\">Le <strong>Vaping in Paris &#8211; Silver Fox &#8211; Iced Coconut Pineapple 50 ml \/ 75 ml<\/strong> entf\u00fchrt Sie auf einen frostigen Cocktail mit himmlischen Aromen: auf der einen Seite Ananas, saftig und prickelnd, auf der anderen Kokosnuss, weich und samtig, alles getragen von einer eisigen Frische, die die Sinne weckt.<\/p>\n<p data-start=\"1797\" data-end=\"1983\">Ein E-Liquid, das nach Urlaub riecht, aber die F\u00fc\u00dfe im Schnee h\u00e4lt: exotisch, erfrischend und absolut unwiderstehlich. Eine echte tropische Liebkosung unter einem frostigen Atem. <\/p>\n<p data-start=\"1797\" data-end=\"1983\">\n<p><span style=\"vertical-align: inherit;\">Hergestellt in Frankreich; MPGV\/GV-Dosierung: 50% \/ 50%. Passt sich jeder Art von Ausr\u00fcstung an. <\/span><\/p>\n<p><span style=\"vertical-align: inherit;\">Entdecken Sie die anderen Produkte der Marke Vaping <\/span><a href=\"..\/marque\/vaping-in-paris\"><span style=\"vertical-align: inherit;\">in Paris<\/span><\/a> <span style=\"vertical-align: inherit;\"> .<\/span><\/p>\n<p><span style=\"vertical-align: inherit;\">Erhalten Sie Rabatte oder die neuesten Informationen zu unseren Produkten, indem Sie uns in unseren sozialen Netzwerken folgen: <\/span><a href=\"https:\/\/www.facebook.com\/VapeAigleCH\" target=\"_blank\" rel=\"noopener\"><span style=\"vertical-align: inherit;\">Facebook<\/span><\/a><span style=\"vertical-align: inherit;\"> oder <\/span><a href=\"https:\/\/www.instagram.com\/vapotheque\/\" target=\"_blank\" rel=\"noopener\"><span style=\"vertical-align: inherit;\">Instagram<\/span><\/a><span style=\"vertical-align: inherit;\"> .<\/span><\/p>\n","protected":false},"excerpt":{"rendered":"<p>Verdampfen in Paris \u2013 Silver Fox \u2013 Geeiste Kokosnuss Ananas 50 ml \/ 75 ml Willkommen in den Tropen&#8230; Polare Ausf\u00fchrung!Le Vaping in Paris &#8211; Silver Fox &#8211; Iced Coconut Pineapple 50 ml \/ 75 ml entf\u00fchrt Sie auf einen frostigen Cocktail mit himmlischen Aromen: auf der einen Seite Ananas, saftig und prickelnd, auf der [&hellip;]<\/p>\n","protected":false},"featured_media":46352,"template":"","meta":{"_acf_changed":false},"product_cat":[405,404,442,408,1866,1687,1679],"product_tag":[],"class_list":{"0":"post-46416","1":"product","2":"type-product","3":"status-publish","4":"has-post-thumbnail","6":"product_brand-vaping-in-paris-de","7":"product_cat-e-liquids","8":"product_cat-fruchtig","9":"product_cat-hervorgehobene-produkte","10":"product_cat-lieferbar-innerhalb-von-24-stunden-de","11":"product_cat-silver-fox-50-ml-de","12":"product_cat-50-ml-fur-75-ml","13":"product_cat-menge-e-flussigkeit-kapazitat-flasche","15":"first","16":"instock","17":"taxable","18":"shipping-taxable","19":"purchasable","20":"product-type-simple"},"acf":[],"jetpack_sharing_enabled":true,"_links":{"self":[{"href":"https:\/\/vapotheque.ch\/de\/wp-json\/wp\/v2\/product\/46416","targetHints":{"allow":["GET"]}}],"collection":[{"href":"https:\/\/vapotheque.ch\/de\/wp-json\/wp\/v2\/product"}],"about":[{"href":"https:\/\/vapotheque.ch\/de\/wp-json\/wp\/v2\/types\/product"}],"wp:featuredmedia":[{"embeddable":true,"href":"https:\/\/vapotheque.ch\/de\/wp-json\/wp\/v2\/media\/46352"}],"wp:attachment":[{"href":"https:\/\/vapotheque.ch\/de\/wp-json\/wp\/v2\/media?parent=46416"}],"wp:term":[{"taxonomy":"product_cat","embeddable":true,"href":"https:\/\/vapotheque.ch\/de\/wp-json\/wp\/v2\/product_cat?post=46416"},{"taxonomy":"product_tag","embeddable":true,"href":"https:\/\/vapotheque.ch\/de\/wp-json\/wp\/v2\/product_tag?post=46416"}],"curies":[{"name":"wp","href":"https:\/\/api.w.org\/{rel}","templated":true}]}}