{"id":46413,"date":"2025-09-04T17:57:04","date_gmt":"2025-09-04T15:57:04","guid":{"rendered":"https:\/\/vapotheque.ch\/boutique\/vaping-in-paris-silver-fox-blaue-himbeere-rote-fruechte-sels-10-ml-e-liquid\/"},"modified":"2025-11-08T14:59:37","modified_gmt":"2025-11-08T13:59:37","slug":"vaping-in-paris-silver-fox-blaue-himbeere-rote-fruechte-sels-10-ml-e-liquid","status":"publish","type":"product","link":"https:\/\/vapotheque.ch\/de\/shop\/vaping-in-paris-silver-fox-blaue-himbeere-rote-fruechte-sels-10-ml-e-liquid\/","title":{"rendered":"Vaping In Paris &#8211; Silver Fox &#8211; Blaue Himbeere Rote Fr\u00fcchte SELS 10 ml E-Liquid"},"content":{"rendered":"<h2 data-start=\"168\" data-end=\"295\">Silver Fox Blaue Himbeere Rote Fr\u00fcchte Heidelbeere SELS 10 ml E-Liquid: Der Zauberwald in jedem Zug! \u2744\ufe0f<\/h2>\n<p data-start=\"296\" data-end=\"695\">Tauchen Sie ein in ein atemberaubendes Geschmacksabenteuer mit dem <strong data-start=\"352\" data-end=\"442\">Vaping in Paris Silver Fox Blue Raspberry Red Fruits Blueberry SELS 10 ml E-Liquid<\/strong> ! Diese Mischung entf\u00fchrt Sie in das Herz einer fruchtigen Explosion, in der bet\u00f6rende blaue Himbeere, spritzige rote Fr\u00fcchte und die S\u00fc\u00dfe der Heidelbeere wunderbar miteinander verflechten. F\u00fcgen Sie dem eine eisige Frische hinzu, und Ihre Geschmacksknospen werden es nicht glauben. <\/p>\n<p data-start=\"697\" data-end=\"1013\">\u2728 Eine fruchtige und frostige Symphonie!<br data-start=\"732\" data-end=\"735\">Mit jedem Zug ist es, als w\u00fcrde man bei Sonnenaufgang in einen Korb mit frisch gepfl\u00fcckten Beeren bei\u00dfen, mit dem zus\u00e4tzlichen Bonus eines frostigen Atems, der ihn in ein Fest f\u00fcr die Sinne verwandelt. <\/p>\n<p data-start=\"1015\" data-end=\"1252\">100% nat\u00fcrlich, 100% pflanzlich, 100% Genuss<br data-start=\"1058\" data-end=\"1061\">Wie immer beim Verdampfen in Paris bleiben wir bei nat\u00fcrlichen Aromen, einer 100% pflanzlichen Basis und ohne Coolada oder k\u00fcnstlichen S\u00fc\u00dfstoff. Ein gesunder, reiner und k\u00f6stlich authentischer Vape. <\/p>\n<p data-start=\"1254\" data-end=\"1514\">Silver Fox: der ultimative Puff-Geschmack!<br data-start=\"1307\" data-end=\"1310\">Inspiriert von den besten Einweg-Puffs, sublimiert die Silver Fox-Reihe jedes Aroma mit atemberaubendem Realismus. Wenn Sie fruchtige, intensive und ultra-frische Cocktails m\u00f6gen, ist dieses E-Liquid genau das Richtige f\u00fcr Sie. <\/p>\n<p data-start=\"1516\" data-end=\"1659\">Tipp: Verdampfen Sie mit weniger als 18 W mit einer 1-Ohm-\u2265-Spule, um die S\u00fc\u00dfe und Wirksamkeit von Nikotinsalzen voll auszunutzen.<\/p>\n<p data-start=\"1661\" data-end=\"1728\"><strong>Wichtig <\/strong>: E-Liquid bereits nikotiniert, verkauft in einer 10 ml Flasche.<\/p>\n<p><span style=\"vertical-align: inherit\">Hergestellt in Frankreich; MPGV\/GV-Dosierung: 50% \/ 50%. Passt sich jeder Art von Ausr\u00fcstung an. <\/span><\/p>\n<p><span style=\"vertical-align: inherit\">Entdecken Sie die anderen Produkte der Marke Vaping <\/span><a href=\"..\/marque\/vaping-in-paris\"><span style=\"vertical-align: inherit\">in Paris<\/span><\/a><span style=\"vertical-align: inherit\">.<\/span><\/p>\n<p><span style=\"vertical-align: inherit\">Erhalten Sie Rabatte oder die neuesten Informationen zu unseren Produkten, indem Sie uns in unseren sozialen Netzwerken folgen: <\/span><a href=\"https:\/\/www.facebook.com\/VapeAigleCH\" target=\"_blank\" rel=\"noopener\"><span style=\"vertical-align: inherit\">Facebook<\/span><\/a><span style=\"vertical-align: inherit\"> oder <\/span><a href=\"https:\/\/www.instagram.com\/vapotheque\" target=\"_blank\" rel=\"noopener\"><span style=\"vertical-align: inherit\">Instagram<\/span><\/a><span style=\"vertical-align: inherit\"> .<\/span><\/p>\n","protected":false},"excerpt":{"rendered":"<p>Silver Fox Blaue Himbeere Rote Fr\u00fcchte Heidelbeere SELS 10 ml E-Liquid: Der Zauberwald in jedem Zug! \u2744\ufe0f Tauchen Sie ein in ein atemberaubendes Geschmacksabenteuer mit dem Vaping in Paris Silver Fox Blue Raspberry Red Fruits Blueberry SELS 10 ml E-Liquid ! Diese Mischung entf\u00fchrt Sie in das Herz einer fruchtigen Explosion, in der bet\u00f6rende blaue [&hellip;]<\/p>\n","protected":false},"featured_media":46382,"template":"","meta":{"_acf_changed":false},"product_cat":[405,404,442,408,1629,1716],"product_tag":[],"class_list":{"0":"post-46413","1":"product","2":"type-product","3":"status-publish","4":"has-post-thumbnail","6":"product_brand-vaping-in-paris-de","7":"product_cat-e-liquids","8":"product_cat-fruchtig","9":"product_cat-hervorgehobene-produkte","10":"product_cat-lieferbar-innerhalb-von-24-stunden-de","11":"product_cat-10-ml-mit-nikotin","12":"product_cat-10ml-790-de","14":"first","15":"instock","16":"taxable","17":"shipping-taxable","18":"purchasable","19":"product-type-variable"},"acf":[],"jetpack_sharing_enabled":true,"_links":{"self":[{"href":"https:\/\/vapotheque.ch\/de\/wp-json\/wp\/v2\/product\/46413","targetHints":{"allow":["GET"]}}],"collection":[{"href":"https:\/\/vapotheque.ch\/de\/wp-json\/wp\/v2\/product"}],"about":[{"href":"https:\/\/vapotheque.ch\/de\/wp-json\/wp\/v2\/types\/product"}],"wp:featuredmedia":[{"embeddable":true,"href":"https:\/\/vapotheque.ch\/de\/wp-json\/wp\/v2\/media\/46382"}],"wp:attachment":[{"href":"https:\/\/vapotheque.ch\/de\/wp-json\/wp\/v2\/media?parent=46413"}],"wp:term":[{"taxonomy":"product_cat","embeddable":true,"href":"https:\/\/vapotheque.ch\/de\/wp-json\/wp\/v2\/product_cat?post=46413"},{"taxonomy":"product_tag","embeddable":true,"href":"https:\/\/vapotheque.ch\/de\/wp-json\/wp\/v2\/product_tag?post=46413"}],"curies":[{"name":"wp","href":"https:\/\/api.w.org\/{rel}","templated":true}]}}