{"id":46412,"date":"2025-09-04T17:22:18","date_gmt":"2025-09-04T15:22:18","guid":{"rendered":"https:\/\/vapotheque.ch\/boutique\/verdampfen-in-paris-silver-fox-iced-cherry-50-ml-75-ml\/"},"modified":"2025-09-04T17:22:18","modified_gmt":"2025-09-04T15:22:18","slug":"verdampfen-in-paris-silver-fox-iced-cherry-50-ml-75-ml","status":"publish","type":"product","link":"https:\/\/vapotheque.ch\/de\/shop\/verdampfen-in-paris-silver-fox-iced-cherry-50-ml-75-ml\/","title":{"rendered":"Verdampfen in Paris &#8211; Silver Fox &#8211; Iced Cherry 50 ml \/ 75 ml"},"content":{"rendered":"<h2 data-start=\"851\" data-end=\"922\"><strong data-start=\"858\" data-end=\"920\">Verdampfen in Paris \u2013 Silver Fox \u2013 Iced Cherry 50 ml \/ 75 ml<\/strong><\/h2>\n<p data-start=\"923\" data-end=\"1239\">Vergessen Sie die \u00fcberm\u00e4\u00dfig s\u00fc\u00dfen Kirschbonbons und entdecken Sie den wahren Star des Obstgartens: eine saftige, fleischige und duftende Kirsche, die von einem eisigen Wind sublimiert wird.<br data-start=\"1075\" data-end=\"1078\">Das <strong>Verdampfen in Paris &#8211; Silver Fox &#8211; Iced Cherry 50 ml \/ 75 ml<\/strong> ist eine explosive Begegnung zwischen der verbotenen Frucht und einer frostigen Brise, f\u00fcr ein Ergebnis, das ebenso intensiv wie durstl\u00f6schend ist.<\/p>\n<p data-start=\"1241\" data-end=\"1410\">Eine gewagte Mischung, die zwischen fruchtiger Zartheit und belebender Frische oszilliert. Kurz gesagt: Das T\u00fcpfelchen auf dem i ist, dass es schnell nicht mehr ohne geht. <\/p>\n<p data-start=\"1241\" data-end=\"1410\">\n<p><span style=\"vertical-align: inherit;\">Hergestellt in Frankreich; MPGV\/GV-Dosierung: 50% \/ 50%. Passt sich jeder Art von Ausr\u00fcstung an. <\/span><\/p>\n<p><span style=\"vertical-align: inherit;\">Entdecken Sie die anderen Produkte der Marke Vaping <\/span><a href=\"..\/marque\/vaping-in-paris\"><span style=\"vertical-align: inherit;\">in Paris<\/span><\/a> <span style=\"vertical-align: inherit;\"> .<\/span><\/p>\n<p><span style=\"vertical-align: inherit;\">Erhalten Sie Rabatte oder die neuesten Informationen zu unseren Produkten, indem Sie uns in unseren sozialen Netzwerken folgen: <\/span><a href=\"https:\/\/www.facebook.com\/VapeAigleCH\" target=\"_blank\" rel=\"noopener\"><span style=\"vertical-align: inherit;\">Facebook<\/span><\/a><span style=\"vertical-align: inherit;\"> oder <\/span><a href=\"https:\/\/www.instagram.com\/vapotheque\/\" target=\"_blank\" rel=\"noopener\"><span style=\"vertical-align: inherit;\">Instagram<\/span><\/a><span style=\"vertical-align: inherit;\"> .<\/span><\/p>\n","protected":false},"excerpt":{"rendered":"<p>Verdampfen in Paris \u2013 Silver Fox \u2013 Iced Cherry 50 ml \/ 75 ml Vergessen Sie die \u00fcberm\u00e4\u00dfig s\u00fc\u00dfen Kirschbonbons und entdecken Sie den wahren Star des Obstgartens: eine saftige, fleischige und duftende Kirsche, die von einem eisigen Wind sublimiert wird.Das Verdampfen in Paris &#8211; Silver Fox &#8211; Iced Cherry 50 ml \/ 75 ml [&hellip;]<\/p>\n","protected":false},"featured_media":46349,"template":"","meta":{"_acf_changed":false},"product_cat":[405,404,442,408,1866,1687,1679],"product_tag":[],"class_list":{"0":"post-46412","1":"product","2":"type-product","3":"status-publish","4":"has-post-thumbnail","6":"product_brand-vaping-in-paris-de","7":"product_cat-e-liquids","8":"product_cat-fruchtig","9":"product_cat-hervorgehobene-produkte","10":"product_cat-lieferbar-innerhalb-von-24-stunden-de","11":"product_cat-silver-fox-50-ml-de","12":"product_cat-50-ml-fur-75-ml","13":"product_cat-menge-e-flussigkeit-kapazitat-flasche","15":"first","16":"instock","17":"taxable","18":"shipping-taxable","19":"purchasable","20":"product-type-simple"},"acf":[],"jetpack_sharing_enabled":true,"_links":{"self":[{"href":"https:\/\/vapotheque.ch\/de\/wp-json\/wp\/v2\/product\/46412","targetHints":{"allow":["GET"]}}],"collection":[{"href":"https:\/\/vapotheque.ch\/de\/wp-json\/wp\/v2\/product"}],"about":[{"href":"https:\/\/vapotheque.ch\/de\/wp-json\/wp\/v2\/types\/product"}],"wp:featuredmedia":[{"embeddable":true,"href":"https:\/\/vapotheque.ch\/de\/wp-json\/wp\/v2\/media\/46349"}],"wp:attachment":[{"href":"https:\/\/vapotheque.ch\/de\/wp-json\/wp\/v2\/media?parent=46412"}],"wp:term":[{"taxonomy":"product_cat","embeddable":true,"href":"https:\/\/vapotheque.ch\/de\/wp-json\/wp\/v2\/product_cat?post=46412"},{"taxonomy":"product_tag","embeddable":true,"href":"https:\/\/vapotheque.ch\/de\/wp-json\/wp\/v2\/product_tag?post=46412"}],"curies":[{"name":"wp","href":"https:\/\/api.w.org\/{rel}","templated":true}]}}