{"id":46409,"date":"2025-09-04T17:47:59","date_gmt":"2025-09-04T15:47:59","guid":{"rendered":"https:\/\/vapotheque.ch\/boutique\/vaping-in-paris-silver-fox-ananas-kokosnuss-iced-sels-10-ml-e-liquid\/"},"modified":"2025-11-08T15:22:07","modified_gmt":"2025-11-08T14:22:07","slug":"vaping-in-paris-silver-fox-ananas-kokosnuss-iced-sels-10-ml-e-liquid","status":"publish","type":"product","link":"https:\/\/vapotheque.ch\/de\/shop\/vaping-in-paris-silver-fox-ananas-kokosnuss-iced-sels-10-ml-e-liquid\/","title":{"rendered":"Vaping In Paris &#8211; Silver Fox &#8211; Ananas Kokosnuss Iced SELS 10 ml E-Liquid"},"content":{"rendered":"<h2 data-start=\"3064\" data-end=\"3177\"><strong data-start=\"3073\" data-end=\"3177\">Verdampfen in Paris Silver Fox Pineapple Coconut Iced SELS 10 ml E-Liquid: Die frostige tropische Flucht! \u2744\ufe0f<\/strong><\/h2>\n<p data-start=\"3179\" data-end=\"3475\">Schlie\u00dfen Sie die Augen und lassen Sie sich mit dem <strong data-start=\"3250\" data-end=\"3294\">Silver Fox Pineapple Coco Glazed SELS 10 ml<\/strong> in die Tropen entf\u00fchren! Zwischen der saftigen Exotik der Ananas, der samtigen S\u00fc\u00dfe der Kokosnuss und einer atemberaubenden eisigen Welle bietet Ihnen jeder Zug ein One-Way-Ticket zu einem traumhaften Strand.<\/p>\n<p data-start=\"3477\" data-end=\"3756\">\u2728 <strong data-start=\"3479\" data-end=\"3515\">Ein unwiderstehlicher Frosted Cocktail!<\/strong><br data-start=\"3515\" data-end=\"3518\">Diese fruchtig-cremige Verbindung ist eine wahre Explosion der Empfindungen: spritzige Ananas, s\u00fc\u00dfe Kokosnuss und eisige Frische bilden ein Gourmet- und Erfrischungstrio, perfekt f\u00fcr den Sommer&#8230; oder um die Ferien das ganze Jahr \u00fcber zu verl\u00e4ngern.<\/p>\n<p data-start=\"3758\" data-end=\"3966\"><strong data-start=\"3761\" data-end=\"3805\">100% nat\u00fcrlich, 100% pflanzlich, 100% Genuss<\/strong><br data-start=\"3805\" data-end=\"3808\">Keine Coolada, keine S\u00fc\u00dfstoffe, sondern mit nat\u00fcrlichen Aromen und einer 100% pflanzlichen Basis. Ein gesunder und authentischer Verdampfer, der Sie bei jedem Zug zum Kentern bringt. <\/p>\n<p data-start=\"3968\" data-end=\"4186\">\u26a1 <strong data-start=\"3970\" data-end=\"4028\">Silver Fox: Puff-Aromen stilvoll neu interpretiert!<\/strong><br data-start=\"4028\" data-end=\"4031\">Die Silver Fox-Serie wurde f\u00fcr Liebhaber intensiver Empfindungen entwickelt und zeichnet sich durch die Kunst aus, eisgek\u00fchlte Fr\u00fcchte mit einer pr\u00e4zisen und wirkungsvollen Wiedergabe zu vergr\u00f6\u00dfern.<\/p>\n<p data-start=\"4188\" data-end=\"4334\">Profi-Tipp: F\u00fcr ein optimales Erlebnis mit Nikotinsalzen bleiben Sie unter 18 Watt und w\u00e4hlen Sie einen Widerstand von mindestens 1 Ohm.<\/p>\n<p><strong><span style=\"vertical-align: inherit\">Wichtig<\/span><\/strong><span style=\"vertical-align: inherit\"> : E-Liquid bereits nikotiniert, verkauft in einer 10 ml Flasche.<\/span><\/p>\n<\/p>\n<p><span style=\"vertical-align: inherit\">Hergestellt in Frankreich; MPGV\/GV-Dosierung: 50% \/ 50%. Passt sich jeder Art von Ausr\u00fcstung an. <\/span><\/p>\n<p><span style=\"vertical-align: inherit\">Entdecken Sie die anderen Produkte der Marke Vaping <\/span><a href=\"..\/marque\/vaping-in-paris\"><span style=\"vertical-align: inherit\">in Paris<\/span><\/a><span style=\"vertical-align: inherit\">.<\/span><\/p>\n<p><span style=\"vertical-align: inherit\">Erhalten Sie Rabatte oder die neuesten Informationen zu unseren Produkten, indem Sie uns in unseren sozialen Netzwerken folgen: <\/span><a href=\"https:\/\/www.facebook.com\/VapeAigleCH\" target=\"_blank\" rel=\"noopener\"><span style=\"vertical-align: inherit\">Facebook<\/span><\/a><span style=\"vertical-align: inherit\"> oder <\/span><a href=\"https:\/\/www.instagram.com\/vapotheque\" target=\"_blank\" rel=\"noopener\"><span style=\"vertical-align: inherit\">Instagram<\/span><\/a><span style=\"vertical-align: inherit\"> .<\/span><\/p>\n","protected":false},"excerpt":{"rendered":"<p>Verdampfen in Paris Silver Fox Pineapple Coconut Iced SELS 10 ml E-Liquid: Die frostige tropische Flucht! \u2744\ufe0f Schlie\u00dfen Sie die Augen und lassen Sie sich mit dem Silver Fox Pineapple Coco Glazed SELS 10 ml in die Tropen entf\u00fchren! Zwischen der saftigen Exotik der Ananas, der samtigen S\u00fc\u00dfe der Kokosnuss und einer atemberaubenden eisigen Welle [&hellip;]<\/p>\n","protected":false},"featured_media":46373,"template":"","meta":{"_acf_changed":false},"product_cat":[405,404,442,408,1629,1716],"product_tag":[],"class_list":{"0":"post-46409","1":"product","2":"type-product","3":"status-publish","4":"has-post-thumbnail","6":"product_brand-vaping-in-paris-de","7":"product_cat-e-liquids","8":"product_cat-fruchtig","9":"product_cat-hervorgehobene-produkte","10":"product_cat-lieferbar-innerhalb-von-24-stunden-de","11":"product_cat-10-ml-mit-nikotin","12":"product_cat-10ml-790-de","14":"first","15":"instock","16":"taxable","17":"shipping-taxable","18":"purchasable","19":"product-type-variable"},"acf":[],"jetpack_sharing_enabled":true,"_links":{"self":[{"href":"https:\/\/vapotheque.ch\/de\/wp-json\/wp\/v2\/product\/46409","targetHints":{"allow":["GET"]}}],"collection":[{"href":"https:\/\/vapotheque.ch\/de\/wp-json\/wp\/v2\/product"}],"about":[{"href":"https:\/\/vapotheque.ch\/de\/wp-json\/wp\/v2\/types\/product"}],"wp:featuredmedia":[{"embeddable":true,"href":"https:\/\/vapotheque.ch\/de\/wp-json\/wp\/v2\/media\/46373"}],"wp:attachment":[{"href":"https:\/\/vapotheque.ch\/de\/wp-json\/wp\/v2\/media?parent=46409"}],"wp:term":[{"taxonomy":"product_cat","embeddable":true,"href":"https:\/\/vapotheque.ch\/de\/wp-json\/wp\/v2\/product_cat?post=46409"},{"taxonomy":"product_tag","embeddable":true,"href":"https:\/\/vapotheque.ch\/de\/wp-json\/wp\/v2\/product_tag?post=46409"}],"curies":[{"name":"wp","href":"https:\/\/api.w.org\/{rel}","templated":true}]}}