{"id":46408,"date":"2025-09-04T17:08:22","date_gmt":"2025-09-04T15:08:22","guid":{"rendered":"https:\/\/vapotheque.ch\/boutique\/verdampfen-in-paris-silver-fox-gefrorene-himbeere-50-ml-75-ml\/"},"modified":"2025-09-04T17:08:22","modified_gmt":"2025-09-04T15:08:22","slug":"verdampfen-in-paris-silver-fox-gefrorene-himbeere-50-ml-75-ml","status":"publish","type":"product","link":"https:\/\/vapotheque.ch\/de\/shop\/verdampfen-in-paris-silver-fox-gefrorene-himbeere-50-ml-75-ml\/","title":{"rendered":"Verdampfen in Paris &#8211; Silver Fox &#8211; Gefrorene Himbeere 50 ml \/ 75 ml"},"content":{"rendered":"<h2 data-start=\"240\" data-end=\"312\"><strong data-start=\"247\" data-end=\"312\">Verdampfen in Paris \u2013 Silberfuchs \u2013 Gefrorene Himbeere 50 ml \/ 75 ml<\/strong><\/h2>\n<p data-start=\"313\" data-end=\"682\">Du dachtest, du kennst Himbeeren? Warte, bis du die eisgek\u00fchlte Version von Silver Fox triffst! <br data-start=\"411\" data-end=\"414\">Ein intensiver, fruchtiger Duft, sowohl s\u00fc\u00df als auch leicht spritzig, der sich mit einer frostigen Frische f\u00fcr ein druckvolles Gef\u00fchl bei jedem Zug verbindet. Die Himbeere wird zu einer Polark\u00f6nigin, elegant und wild, bereit, Ihre Geschmacksknospen sanft zu erfrischen. <\/p>\n<p data-start=\"684\" data-end=\"844\">Le <strong>Vaping in Paris &#8211; Silver Fox &#8211; Gefrorene Himbeere 50 ml \/ 75 ml<\/strong> gleichzeitig s\u00fc\u00df, frisch und unglaublich s\u00fcchtig machend&#8230; Die Art von Begleiter, die jeden Zug in einen frostigen Ausflug ins Land der Beeren verwandelt.<\/p>\n<p><span style=\"vertical-align: inherit;\">Hergestellt in Frankreich; MPGV\/GV-Dosierung: 50% \/ 50%. Passt sich jeder Art von Ausr\u00fcstung an. <\/span><\/p>\n<p><span style=\"vertical-align: inherit;\">Entdecken Sie die anderen Produkte der Marke Vaping <\/span><a href=\"..\/marque\/vaping-in-paris\"><span style=\"vertical-align: inherit;\">in Paris<\/span><\/a> <span style=\"vertical-align: inherit;\"> .<\/span><\/p>\n<p><span style=\"vertical-align: inherit;\">Erhalten Sie Rabatte oder die neuesten Informationen zu unseren Produkten, indem Sie uns in unseren sozialen Netzwerken folgen: <\/span><a href=\"https:\/\/www.facebook.com\/VapeAigleCH\" target=\"_blank\" rel=\"noopener\"><span style=\"vertical-align: inherit;\">Facebook<\/span><\/a><span style=\"vertical-align: inherit;\"> oder <\/span><a href=\"https:\/\/www.instagram.com\/vapotheque\/\" target=\"_blank\" rel=\"noopener\"><span style=\"vertical-align: inherit;\">Instagram<\/span><\/a><span style=\"vertical-align: inherit;\"> .<\/span><\/p>\n","protected":false},"excerpt":{"rendered":"<p>Verdampfen in Paris \u2013 Silberfuchs \u2013 Gefrorene Himbeere 50 ml \/ 75 ml Du dachtest, du kennst Himbeeren? Warte, bis du die eisgek\u00fchlte Version von Silver Fox triffst! Ein intensiver, fruchtiger Duft, sowohl s\u00fc\u00df als auch leicht spritzig, der sich mit einer frostigen Frische f\u00fcr ein druckvolles Gef\u00fchl bei jedem Zug verbindet. Die Himbeere wird [&hellip;]<\/p>\n","protected":false},"featured_media":46346,"template":"","meta":{"_acf_changed":false},"product_cat":[405,404,442,408,1866,1687,1679],"product_tag":[],"class_list":{"0":"post-46408","1":"product","2":"type-product","3":"status-publish","4":"has-post-thumbnail","6":"product_brand-vaping-in-paris-de","7":"product_cat-e-liquids","8":"product_cat-fruchtig","9":"product_cat-hervorgehobene-produkte","10":"product_cat-lieferbar-innerhalb-von-24-stunden-de","11":"product_cat-silver-fox-50-ml-de","12":"product_cat-50-ml-fur-75-ml","13":"product_cat-menge-e-flussigkeit-kapazitat-flasche","15":"first","16":"instock","17":"taxable","18":"shipping-taxable","19":"purchasable","20":"product-type-simple"},"acf":[],"jetpack_sharing_enabled":true,"_links":{"self":[{"href":"https:\/\/vapotheque.ch\/de\/wp-json\/wp\/v2\/product\/46408","targetHints":{"allow":["GET"]}}],"collection":[{"href":"https:\/\/vapotheque.ch\/de\/wp-json\/wp\/v2\/product"}],"about":[{"href":"https:\/\/vapotheque.ch\/de\/wp-json\/wp\/v2\/types\/product"}],"wp:featuredmedia":[{"embeddable":true,"href":"https:\/\/vapotheque.ch\/de\/wp-json\/wp\/v2\/media\/46346"}],"wp:attachment":[{"href":"https:\/\/vapotheque.ch\/de\/wp-json\/wp\/v2\/media?parent=46408"}],"wp:term":[{"taxonomy":"product_cat","embeddable":true,"href":"https:\/\/vapotheque.ch\/de\/wp-json\/wp\/v2\/product_cat?post=46408"},{"taxonomy":"product_tag","embeddable":true,"href":"https:\/\/vapotheque.ch\/de\/wp-json\/wp\/v2\/product_tag?post=46408"}],"curies":[{"name":"wp","href":"https:\/\/api.w.org\/{rel}","templated":true}]}}