{"id":45968,"date":"2025-07-11T17:11:06","date_gmt":"2025-07-11T15:11:06","guid":{"rendered":"https:\/\/vapotheque.ch\/boutique\/elikuid-passionsfrucht-zitrone-100-ml-120-ml\/"},"modified":"2025-11-08T15:08:11","modified_gmt":"2025-11-08T14:08:11","slug":"elikuid-passionsfrucht-zitrone-100-ml-120-ml","status":"publish","type":"product","link":"https:\/\/vapotheque.ch\/de\/shop\/elikuid-passionsfrucht-zitrone-100-ml-120-ml\/","title":{"rendered":"Elikuid &#8211; Passionsfrucht Zitrone 100 ml \/ 120 ml"},"content":{"rendered":"<h3 data-start=\"139\" data-end=\"215\"> <strong data-start=\"146\" data-end=\"215\">Elikuid Street \u2013 Passion Citron: das fruchtige Graffiti, das knallt!<\/strong><\/h3>\n<p data-start=\"217\" data-end=\"539\">Willkommen in der verr\u00fcckten Welt von <strong data-start=\"252\" data-end=\"270\">Elikuid Street<\/strong>, der rebellischen Reihe von O&#8217;Jlab, die den fruchtigen Dampf mit Geschmacksbomben neu gestaltet! Hier gibt es keinen Halbton oder Lauheit: Jeder Saft ist ein urbanes Werk, ein Geschmacksetikett, das auf Ihren Geschmacksknospen explodiert. <strong data-start=\"484\" data-end=\"502\">Und Passion Citron<\/strong> ist keine Ausnahme von der Regel.    <\/p>\n<p data-start=\"541\" data-end=\"957\">Dieses Street-Art-E-Liquid <strong data-start=\"584\" data-end=\"633\">wirft Ihnen eine Explosion saftiger Passionsfrucht zu,<\/strong> so intensiv wie ein Sonnenuntergang auf einem Wandbild. Gleich dahinter kommt <strong data-start=\"713\" data-end=\"726\">die Zitrone<\/strong> wie ein guter alter S\u00e4urekick, um Ihre Sinne zu wecken und Ihnen einen guten Schub zu geben. Und f\u00fcr den letzten Schliff? <strong data-start=\"856\" data-end=\"877\">Ein Hauch von Ananas<\/strong>, s\u00fc\u00df, wie es sich geh\u00f6rt, der diesen Saft mit der Klasse eines genialen Graffiti-K\u00fcnstlers signiert.  <\/p>\n<hr data-start=\"959\" data-end=\"962\">\n<h3 data-start=\"964\" data-end=\"1023\">  100 ml pure style in einer 120 ml Einhornflasche<\/h3>\n<p data-start=\"1025\" data-end=\"1113\">Machen Sie sich bereit, Ihren Clearo mit Farbe und Charakter zu f\u00fcllen! Passion Citron ist: <\/p>\n<ul data-start=\"1114\" data-end=\"1337\">\n<li data-start=\"1114\" data-end=\"1157\">\n<p data-start=\"1116\" data-end=\"1157\">100 ml <strong data-start=\"1126\" data-end=\"1154\">Fl\u00fcssigkeit mit Aromen<\/strong>,<\/p>\n<\/li>\n<li data-start=\"1158\" data-end=\"1244\">\n<p data-start=\"1160\" data-end=\"1244\">in einer 120-ml-Flasche f\u00fcr <strong data-start=\"1203\" data-end=\"1241\">bis zu 2 Auffrischungsimpfungen f\u00fcr 3 mg\/ml<\/strong>,<\/p>\n<\/li>\n<li data-start=\"1245\" data-end=\"1337\">\n<p data-start=\"1247\" data-end=\"1337\">oder <strong data-start=\"1250\" data-end=\"1280\">4 Auffrischungsimpfungen f\u00fcr 6 mg\/ml<\/strong> (denken Sie daran, eine leere Flasche mitzubringen, wenn Sie 6 mg anstreben).<\/p>\n<\/li>\n<\/ul>\n<hr data-start=\"1339\" data-end=\"1342\">\n<h3 data-start=\"1344\" data-end=\"1401\">  Elikuid Street ist der Vape, der vor nichts Angst hat<\/h3>\n<p data-start=\"1403\" data-end=\"1680\">Fruchtig, spritzig, druckvoll: Dieses Rezept ist ein Konzentrat urbaner Energie. <strong data-start=\"1488\" data-end=\"1511\">Die Passionsfrucht<\/strong> heizt den Motoren ein, <strong data-start=\"1533\" data-end=\"1546\">die Zitrone<\/strong> legt den Gummi auf Sie und <strong data-start=\"1567\" data-end=\"1579\">die Ananas<\/strong> nimmt Sie bis zum s\u00fc\u00dfen Abgang an Bord&#8230; Es ist eine <strong data-start=\"1624\" data-end=\"1643\">tropische Bombe<\/strong> , die bereit ist, in Ihrem Zerst\u00e4uber zu explodieren. <\/p>\n<hr data-start=\"1682\" data-end=\"1685\">\n<h3 data-start=\"1687\" data-end=\"1768\">  Mit gutem Klang, guter Laune und null geschmacklicher M\u00e4\u00dfigung zu verdampfen!<\/h3>\n<p data-start=\"1770\" data-end=\"1903\" data-is-last-node=\"\" data-is-only-node=\"\">Also, bereit, Deinen Vape neu zu lackieren?<br data-start=\"1803\" data-end=\"1806\"><strong data-start=\"1806\" data-end=\"1841\">Elikuid Street \u2013 Passion Citron<\/strong> : das E-Liquid, das seine Spuren hinterl\u00e4sst&#8230; in Frucht-Graffiti!  <\/p>\n<\/p>\n<p>Wichtig:<\/p>\n<p>PG\/VG-Verh\u00e4ltnis: <strong>50\/50.<\/strong><\/p>\n<p>Hergestellt in Belgien.<\/p>\n<p>Konzentriertes Aroma 100 ml, verkauft in einer <strong>120 ml<\/strong> Flasche.<\/p>\n<p>Entdecken Sie die anderen Produkte der <a href=\"..\/..\/product_brand\/elikuid\/\" target=\"_blank\" rel=\"noopener\">Elikuid-Reihe.<\/a><\/p>\n<p>Erhalten Sie Rabatte oder die neuesten Informationen zu unseren Produkten, indem Sie uns in unseren sozialen Netzwerken folgen: <a href=\"https:\/\/www.facebook.com\/VapeAigleCH\" target=\"_blank\" rel=\"noopener\">Facebook<\/a> oder <a href=\"https:\/\/www.instagram.com\/vapotheque_aigle\/\" target=\"_blank\" rel=\"noopener\">Instagram<\/a>.<\/p>\n","protected":false},"excerpt":{"rendered":"<p>Elikuid Street \u2013 Passion Citron: das fruchtige Graffiti, das knallt! Willkommen in der verr\u00fcckten Welt von Elikuid Street, der rebellischen Reihe von O&#8217;Jlab, die den fruchtigen Dampf mit Geschmacksbomben neu gestaltet! Hier gibt es keinen Halbton oder Lauheit: Jeder Saft ist ein urbanes Werk, ein Geschmacksetikett, das auf Ihren Geschmacksknospen explodiert. Und Passion Citron ist [&hellip;]<\/p>\n","protected":false},"featured_media":45966,"template":"","meta":{"_acf_changed":false},"product_cat":[405,404,442,408,1690,1679],"product_tag":[],"class_list":{"0":"post-45968","1":"product","2":"type-product","3":"status-publish","4":"has-post-thumbnail","6":"product_brand-elikuid-de","7":"product_cat-e-liquids","8":"product_cat-fruchtig","9":"product_cat-hervorgehobene-produkte","10":"product_cat-lieferbar-innerhalb-von-24-stunden-de","11":"product_cat-100-ml-fur-120-ml","12":"product_cat-menge-e-flussigkeit-kapazitat-flasche","14":"first","15":"instock","16":"taxable","17":"shipping-taxable","18":"purchasable","19":"product-type-simple"},"acf":[],"jetpack_sharing_enabled":true,"_links":{"self":[{"href":"https:\/\/vapotheque.ch\/de\/wp-json\/wp\/v2\/product\/45968","targetHints":{"allow":["GET"]}}],"collection":[{"href":"https:\/\/vapotheque.ch\/de\/wp-json\/wp\/v2\/product"}],"about":[{"href":"https:\/\/vapotheque.ch\/de\/wp-json\/wp\/v2\/types\/product"}],"wp:featuredmedia":[{"embeddable":true,"href":"https:\/\/vapotheque.ch\/de\/wp-json\/wp\/v2\/media\/45966"}],"wp:attachment":[{"href":"https:\/\/vapotheque.ch\/de\/wp-json\/wp\/v2\/media?parent=45968"}],"wp:term":[{"taxonomy":"product_cat","embeddable":true,"href":"https:\/\/vapotheque.ch\/de\/wp-json\/wp\/v2\/product_cat?post=45968"},{"taxonomy":"product_tag","embeddable":true,"href":"https:\/\/vapotheque.ch\/de\/wp-json\/wp\/v2\/product_tag?post=45968"}],"curies":[{"name":"wp","href":"https:\/\/api.w.org\/{rel}","templated":true}]}}