{"id":45875,"date":"2025-06-26T18:16:54","date_gmt":"2025-06-26T16:16:54","guid":{"rendered":"https:\/\/vapotheque.ch\/boutique\/steam-train-erdbeere-wassermelone-kaugummi-20-ml-60-ml\/"},"modified":"2025-11-11T13:43:13","modified_gmt":"2025-11-11T12:43:13","slug":"steam-train-erdbeere-wassermelone-kaugummi-20-ml-60-ml","status":"publish","type":"product","link":"https:\/\/vapotheque.ch\/de\/shop\/steam-train-erdbeere-wassermelone-kaugummi-20-ml-60-ml\/","title":{"rendered":"Steam Train &#8211; Strawberry Watermelon Bubblegum 20 ml \/ 60 ml"},"content":{"rendered":"<h3 data-start=\"166\" data-end=\"236\"><strong>Steam Train <\/strong><strong data-start=\"177\" data-end=\"234\">Strawberry Watermelon Bubblegum 20ml \/ 60ml: <\/strong><strong data-start=\"237\" data-end=\"291\">Ein Schuss s\u00fc\u00dfe Nostalgie in jedem Zug!<\/strong><\/h3>\n<p data-start=\"293\" data-end=\"478\">Alle an Bord f\u00fcr eine direkte R\u00fcckreise zu Ihren Kindheitserinnerungen! <strong>Steam Train Strawberry Watermelon Bubblegum 20 ml \/ 60 ml<\/strong> ist das Ultra-Gourmet-Rezept, das drei Sterne der V\u00f6llerei vereint:<\/p>\n<ul data-start=\"479\" data-end=\"685\">\n<li data-start=\"479\" data-end=\"526\">\n<p data-start=\"481\" data-end=\"526\">Die <strong data-start=\"484\" data-end=\"504\">reife<\/strong>, saftige und s\u00fc\u00dfe Erdbeere,<\/p>\n<\/li>\n<li data-start=\"527\" data-end=\"586\">\n<p data-start=\"529\" data-end=\"586\">Die <strong data-start=\"532\" data-end=\"560\">erfrischende<\/strong>, s\u00fc\u00dfe und durstl\u00f6schende Wassermelone,<\/p>\n<\/li>\n<li data-start=\"587\" data-end=\"685\">\n<p data-start=\"589\" data-end=\"685\">Und dieser <strong data-start=\"595\" data-end=\"620\">klassische Kaugummi<\/strong> mit seinem unverwechselbaren Aroma, das die Geschmacksknospen vor Gl\u00fcck funkeln l\u00e4sst.<\/p>\n<\/li>\n<\/ul>\n<p data-start=\"687\" data-end=\"801\">Jeder Zug ist wie das Eintauchen in eine Sommerblase, zwischen einer Packung S\u00fc\u00dfigkeiten und einer Eiswaffel im Park.<\/p>\n<p data-start=\"687\" data-end=\"801\"><strong><em>Achtung: Sehr frisches E-Liquid!<\/em><\/strong><\/p>\n<hr data-start=\"803\" data-end=\"806\">\n<h3 data-start=\"808\" data-end=\"855\">Gourmet, fruchtig, spa\u00dfig: die perfekte Kombination<\/h3>\n<p data-start=\"857\" data-end=\"1091\">Dieses Konzentrat strotzt nur so vor <strong data-start=\"881\" data-end=\"899\">s\u00fc\u00dfer S\u00fc\u00dfe<\/strong>, mit einer <strong data-start=\"910\" data-end=\"938\">explosiven, fruchtigen Note<\/strong> und der <strong data-start=\"948\" data-end=\"977\">regressiven Kaugumminote<\/strong> , die wir lieben. Es ist das perfekte Liquid f\u00fcr Liebhaber von verspieltem Dampfen, voller Schwung und farbenfroher Erinnerungen. <\/p>\n<hr data-start=\"1093\" data-end=\"1096\">\n<h3 data-start=\"1098\" data-end=\"1133\">\u26a0\ufe0f Vor Gebrauch verd\u00fcnnen!<\/h3>\n<p data-start=\"1135\" data-end=\"1341\">Dieses Produkt ist ein <strong data-start=\"1153\" data-end=\"1172\">konzentriertes Aroma<\/strong> (20 ml in einer 60 ml Flasche). Es <strong data-start=\"1209\" data-end=\"1239\">ist nicht bereit, so verdampft zu werden<\/strong> , wie es ist: Es muss <strong data-start=\"1264\" data-end=\"1295\">mit einer PG\/VG-Basis gemischt<\/strong> werden, mit oder ohne Nikotin, je nach Vorliebe. <\/p>\n<hr data-start=\"1343\" data-end=\"1346\">\n<h3 data-start=\"1348\" data-end=\"1494\" data-is-last-node=\"\" data-is-only-node=\"\"><strong>Steam Train Strawberry Watermelon Bubblegum 20 ml \/ 60 ml<\/strong> ist wie Kaugummi, den man nie wieder ausspucken m\u00f6chte \u2013 aber in einer ultra-gelungenen ged\u00e4mpften Version!<\/h3>\n<h3><\/h3>\n<h3>Hilf dabei, deine <strong>Steam Train Strawberry Watermelon Bubblegum 20 ml \/ 60 ml<\/strong> aufzuwerten:<\/h3>\n<p>Wenn Du Dein Erdbeer-Wassermelonen-Kaugummi erh\u00e4ltst, musst Du die <a href=\"https:\/\/vapotheque.ch\/de\/kategorie\/diy-de\/boosters-diy-de\/\"><strong>Nikotinbooster<\/strong><\/a> (falls erforderlich) sowie <strong><a href=\"https:\/\/vapotheque.ch\/de\/shop\/vapor-flavour-basis-30pg-70vg\/\">die PG\/VG-Basis<\/a><\/strong> hinzuf\u00fcgen, bevor Du es verdampfen kannst. Die Flasche, die Sie erhalten, wird mit <strong>20 ml konzentriertem Aroma<\/strong> gef\u00fcllt. <\/p>\n<p>Der Reihe nach m\u00fcssen Sie <strong>also zuerst die notwendigen Nikotinverst\u00e4rker<\/strong> <strong>und dann die PG\/VG-Basis<\/strong> hinzuf\u00fcgen, um die Flasche fertig zu f\u00fcllen. Um Ihnen bei der Anzahl der <a href=\"https:\/\/vapotheque.ch\/de\/kategorie\/diy-de\/boosters-diy-de\/\"><strong>Nikotinbooster<\/strong><\/a> und der <strong><a href=\"https:\/\/vapotheque.ch\/de\/shop\/vapor-flavour-basis-30pg-70vg\/\">ben\u00f6tigten PG\/VG-Grundmenge<\/a><\/strong> zu helfen, finden Sie im Folgenden einige Beispiele: <\/p>\n<ul>\n<li>F\u00fcr 3 mg\/ml Nikotin m\u00fcssen Sie 1x <a href=\"https:\/\/vapotheque.ch\/de\/kategorie\/diy-de\/boosters-diy-de\/\"><strong>Nikotinbooster<\/strong><\/a> und 1x 100 ml <strong><a href=\"https:\/\/vapotheque.ch\/de\/shop\/vapor-flavour-basis-30pg-70vg\/\">Base 30 PG \/ 70 VG bestellen.<\/a><\/strong> Sie gie\u00dfen Ihren Booster in die Flasche mit E-Liquid und f\u00fcllen dann die Flasche mit der PG \/ VG \/ VG-Basis auf. <\/li>\n<li>F\u00fcr 6 mg\/ml Nikotin m\u00fcssen Sie 2x <a href=\"https:\/\/vapotheque.ch\/de\/kategorie\/diy-de\/boosters-diy-de\/\"><strong>Nikotinbooster<\/strong><\/a> und 1x 100 ml <strong><a href=\"https:\/\/vapotheque.ch\/de\/shop\/vapor-flavour-basis-30pg-70vg\/\">30 PG\/70 VG Base<\/a><\/strong> bestellen. Sie gie\u00dfen Ihren Booster in die Flasche mit E-Liquid und f\u00fcllen dann die Flasche mit der PG \/ VG \/ VG-Basis auf. <\/li>\n<li>F\u00fcr 9 mg\/ml m\u00fcssen Sie 3x <a href=\"https:\/\/vapotheque.ch\/de\/kategorie\/diy-de\/boosters-diy-de\/\"><strong>Nikotinbooster<\/strong><\/a> und 1x 100 ml <strong><a href=\"https:\/\/vapotheque.ch\/de\/shop\/vapor-flavour-basis-30pg-70vg\/\">30 PG\/70 VG Base<\/a><\/strong> bestellen. Sie gie\u00dfen Ihren Booster in die Flasche mit E-Liquid und f\u00fcllen dann die Flasche mit der PG \/ VG \/ VG-Basis auf. <\/li>\n<\/ul>\n<p><strong>Und so weiter bis zum maximalen Volumen der Flasche.<\/strong><\/p>\n<p><strong>Wenn nach dem F\u00fcllen der Flasche noch etwas vom Boden \u00fcbrig ist, denken Sie daran, ihn vor Licht gesch\u00fctzt und bei Raumtemperatur aufzubewahren. Sie k\u00f6nnen es bei Ihrer n\u00e4chsten Bestellung verwenden. <\/strong><\/p>\n<p><strong>Wichtig<\/strong> : Aromakonzentrat 20 ml, verkauft in der 60 ml Flasche.<\/p>\n<p class=\"class-fabrication\">Hergestellt in Griechenland; Dosierung: 100% PG.<\/p>\n<p>Sehen Sie sich weitere Produkte der Marke <a href=\"..\/..\/marque\/steam-train\/\" target=\"_blank\" rel=\"noopener\">Steam Train<\/a> an.<\/p>\n<p>Erhalten Sie Rabatte oder die neuesten Informationen \u00fcber die Dampfeisenbahn, indem Sie uns auf <a href=\"https:\/\/www.facebook.com\/VapeAigleCH\" target=\"_blank\" rel=\"noopener\">Facebook<\/a> oder <a href=\"https:\/\/www.instagram.com\/vapotheque\" target=\"_blank\" rel=\"noopener\">Instagram<\/a> folgen.<\/p>\n","protected":false},"excerpt":{"rendered":"<p>Steam Train Strawberry Watermelon Bubblegum 20ml \/ 60ml: Ein Schuss s\u00fc\u00dfe Nostalgie in jedem Zug! Alle an Bord f\u00fcr eine direkte R\u00fcckreise zu Ihren Kindheitserinnerungen! Steam Train Strawberry Watermelon Bubblegum 20 ml \/ 60 ml ist das Ultra-Gourmet-Rezept, das drei Sterne der V\u00f6llerei vereint: Die reife, saftige und s\u00fc\u00dfe Erdbeere, Die erfrischende, s\u00fc\u00dfe und durstl\u00f6schende [&hellip;]<\/p>\n","protected":false},"featured_media":45873,"template":"","meta":{"_acf_changed":false},"product_cat":[2064,405,404,442,408,1679],"product_tag":[],"class_list":{"0":"post-45875","1":"product","2":"type-product","3":"status-publish","4":"has-post-thumbnail","6":"product_brand-steam-train-de","7":"product_cat-20-ml-fur-60-ml-einweg","8":"product_cat-e-liquids","9":"product_cat-fruchtig","10":"product_cat-hervorgehobene-produkte","11":"product_cat-lieferbar-innerhalb-von-24-stunden-de","12":"product_cat-menge-e-flussigkeit-kapazitat-flasche","14":"first","15":"outofstock","16":"taxable","17":"shipping-taxable","18":"purchasable","19":"product-type-simple"},"acf":[],"jetpack_sharing_enabled":true,"_links":{"self":[{"href":"https:\/\/vapotheque.ch\/de\/wp-json\/wp\/v2\/product\/45875","targetHints":{"allow":["GET"]}}],"collection":[{"href":"https:\/\/vapotheque.ch\/de\/wp-json\/wp\/v2\/product"}],"about":[{"href":"https:\/\/vapotheque.ch\/de\/wp-json\/wp\/v2\/types\/product"}],"wp:featuredmedia":[{"embeddable":true,"href":"https:\/\/vapotheque.ch\/de\/wp-json\/wp\/v2\/media\/45873"}],"wp:attachment":[{"href":"https:\/\/vapotheque.ch\/de\/wp-json\/wp\/v2\/media?parent=45875"}],"wp:term":[{"taxonomy":"product_cat","embeddable":true,"href":"https:\/\/vapotheque.ch\/de\/wp-json\/wp\/v2\/product_cat?post=45875"},{"taxonomy":"product_tag","embeddable":true,"href":"https:\/\/vapotheque.ch\/de\/wp-json\/wp\/v2\/product_tag?post=45875"}],"curies":[{"name":"wp","href":"https:\/\/api.w.org\/{rel}","templated":true}]}}