{"id":45867,"date":"2025-06-26T17:39:44","date_gmt":"2025-06-26T15:39:44","guid":{"rendered":"https:\/\/vapotheque.ch\/boutique\/dampfeisenbahn-wassermelonen-eis-20-ml-60-ml\/"},"modified":"2025-11-11T13:41:53","modified_gmt":"2025-11-11T12:41:53","slug":"dampfeisenbahn-wassermelonen-eis-20-ml-60-ml","status":"publish","type":"product","link":"https:\/\/vapotheque.ch\/de\/shop\/dampfeisenbahn-wassermelonen-eis-20-ml-60-ml\/","title":{"rendered":"Dampfeisenbahn &#8211; Wassermelonen-Eis 20 ml \/ 60 ml"},"content":{"rendered":"<h3 data-start=\"145\" data-end=\"246\"> <strong data-start=\"152\" data-end=\"246\">Steam Train <\/strong><strong data-start=\"152\" data-end=\"246\">Watermelon Ice<\/strong><strong data-start=\"152\" data-end=\"246\"> 20 ml \/ 60 ml: die gefrostete Wassermelone, auf die sich alle einig sind!<\/strong><\/h3>\n<p data-start=\"248\" data-end=\"619\">Der Sommer kommt mit dem <strong>Steam Train Watermelon Ice 20 ml \/ 60 ml<\/strong>, dem Must-Have-Geschmack f\u00fcr alle <strong data-start=\"349\" data-end=\"390\">Liebhaber von fruchtigem und ultra-erfrischendem Dampf<\/strong> ! Stellen Sie sich eine <strong data-start=\"406\" data-end=\"442\">saftige Scheibe Wassermelone<\/strong> vor, frisch aus dem K\u00fchlschrank, die in Ihrem Mund mit einer <strong data-start=\"509\" data-end=\"539\">Welle polarer Frische<\/strong> explodiert. Ganz einfach: <strong data-start=\"556\" data-end=\"618\">Sie sind kurz davor, Ihr Strandtuch herauszuholen<\/strong>. <\/p>\n<p data-start=\"248\" data-end=\"619\"><strong><em>Achtung: Sehr frisches E-Liquid!<\/em><\/strong><\/p>\n<hr data-start=\"621\" data-end=\"624\">\n<h3 data-start=\"626\" data-end=\"676\">Wassermelone in all ihren Formen&#8230; Eingefroren!<\/h3>\n<p data-start=\"678\" data-end=\"1040\">Mit seinem <strong data-start=\"695\" data-end=\"724\">s\u00fc\u00dfen Wassermelonengeschmack<\/strong> taucht Sie dieses Rezept mit jedem Zug in einen <strong data-start=\"760\" data-end=\"786\">frostigen Sommercocktail<\/strong> ein. Die fruchtige Seite ist intensiv, nat\u00fcrlich, ultra-durstl\u00f6schend, w\u00e4hrend der <g id=\"gid_2\">abschlie\u00dfende K\u00e4lteeinbruch<\/g> die Geschmacksknospen weckt. Perfekt f\u00fcr eine erfrischende Pause, einen entspannenden Dampf oder einfach um den Sommer zu verl\u00e4ngern&#8230; Auch im Winter!  <\/p>\n<hr data-start=\"1042\" data-end=\"1045\">\n<h3 data-start=\"1047\" data-end=\"1104\">\u26a0\ufe0f Achtung: Konzentrat vor Gebrauch verd\u00fcnnen!<\/h3>\n<p data-start=\"1106\" data-end=\"1272\">Bei diesem Produkt handelt es sich um ein <strong data-start=\"1124\" data-end=\"1143\">konzentriertes Aroma<\/strong> (20 ml in einer 60-ml-Flasche), das zur <strong data-start=\"1192\" data-end=\"1221\">Verd\u00fcnnung in einer PG\/VG-Basis<\/strong> mit oder ohne Nikotin bestimmt ist. <strong data-start=\"1245\" data-end=\"1270\">Verdampfen Sie nicht so, wie es ist<\/strong> !<\/p>\n<hr data-start=\"1274\" data-end=\"1277\">\n<h3 data-start=\"1279\" data-end=\"1392\" data-is-last-node=\"\" data-is-only-node=\"\">\ufe0f <strong>Dampfeisenbahn Wassermelonen-Eis 20 ml \/ 60 ml<\/strong> \u2013 Eine Express-Rundfahrt zwischen Strand und Eisscholle, die mit jedem Zug genossen werden kann!<\/h3>\n<h3><\/h3>\n<h3>Helfen Sie mit, Ihr <strong>Steam Train Wassermelonen-Eis 20 ml \/ 60 ml<\/strong> zu verbessern:<\/h3>\n<p>Wenn Sie Ihr Watermelon Ice erhalten, m\u00fcssen Sie die <a href=\"https:\/\/vapotheque.ch\/de\/kategorie\/diy-de\/boosters-diy-de\/\"><strong>Nikotinbooster<\/strong><\/a> (falls erforderlich) sowie <strong><a href=\"https:\/\/vapotheque.ch\/de\/shop\/vapor-flavour-basis-30pg-70vg\/\">die PG\/VG-Basis<\/a><\/strong> hinzuf\u00fcgen, bevor Sie es verdampfen k\u00f6nnen. Die Flasche, die Sie erhalten, wird mit <strong>20 ml konzentriertem Aroma<\/strong> gef\u00fcllt. <\/p>\n<p>Der Reihe nach m\u00fcssen Sie <strong>also zuerst die notwendigen Nikotinverst\u00e4rker<\/strong> <strong>und dann die PG\/VG-Basis<\/strong> hinzuf\u00fcgen, um die Flasche fertig zu f\u00fcllen. Um Ihnen bei der Anzahl der <a href=\"https:\/\/vapotheque.ch\/de\/kategorie\/diy-de\/boosters-diy-de\/\"><strong>Nikotinbooster<\/strong><\/a> und der <strong><a href=\"https:\/\/vapotheque.ch\/de\/shop\/vapor-flavour-basis-30pg-70vg\/\">ben\u00f6tigten PG\/VG-Grundmenge<\/a><\/strong> zu helfen, finden Sie im Folgenden einige Beispiele: <\/p>\n<ul>\n<li>F\u00fcr 3 mg\/ml Nikotin m\u00fcssen Sie 1x <a href=\"https:\/\/vapotheque.ch\/de\/kategorie\/diy-de\/boosters-diy-de\/\"><strong>Nikotinbooster<\/strong><\/a> und 1x 100 ml <strong><a href=\"https:\/\/vapotheque.ch\/de\/shop\/vapor-flavour-basis-30pg-70vg\/\">Base 30 PG \/ 70 VG bestellen.<\/a><\/strong> Sie gie\u00dfen Ihren Booster in die Flasche mit E-Liquid und f\u00fcllen dann die Flasche mit der PG \/ VG \/ VG-Basis auf. <\/li>\n<li>F\u00fcr 6 mg\/ml Nikotin m\u00fcssen Sie 2x <a href=\"https:\/\/vapotheque.ch\/de\/kategorie\/diy-de\/boosters-diy-de\/\"><strong>Nikotinbooster<\/strong><\/a> und 1x 100 ml <strong><a href=\"https:\/\/vapotheque.ch\/de\/shop\/vapor-flavour-basis-30pg-70vg\/\">30 PG\/70 VG Base<\/a><\/strong> bestellen. Sie gie\u00dfen Ihren Booster in die Flasche mit E-Liquid und f\u00fcllen dann die Flasche mit der PG \/ VG \/ VG-Basis auf. <\/li>\n<li>F\u00fcr 9 mg\/ml m\u00fcssen Sie 3x <a href=\"https:\/\/vapotheque.ch\/de\/kategorie\/diy-de\/boosters-diy-de\/\"><strong>Nikotinbooster<\/strong><\/a> und 1x 100 ml <strong><a href=\"https:\/\/vapotheque.ch\/de\/shop\/vapor-flavour-basis-30pg-70vg\/\">30 PG\/70 VG Base<\/a><\/strong> bestellen. Sie gie\u00dfen Ihren Booster in die Flasche mit E-Liquid und f\u00fcllen dann die Flasche mit der PG \/ VG \/ VG-Basis auf. <\/li>\n<\/ul>\n<p><strong>Und so weiter bis zum maximalen Volumen der Flasche.<\/strong><\/p>\n<p><strong>Wenn nach dem F\u00fcllen der Flasche noch etwas vom Boden \u00fcbrig ist, denken Sie daran, ihn vor Licht gesch\u00fctzt und bei Raumtemperatur aufzubewahren. Sie k\u00f6nnen es bei Ihrer n\u00e4chsten Bestellung verwenden. <\/strong><\/p>\n<p><strong>Wichtig<\/strong> : Aromakonzentrat 20 ml, verkauft in der 60 ml Flasche.<\/p>\n<\/p>\n<p class=\"class-fabrication\">Hergestellt in Griechenland; Dosierung: 100% PG.<\/p>\n<p>Sehen Sie sich weitere Produkte der Marke <a href=\"..\/marque\/steam-train\/\" target=\"_blank\" rel=\"noopener\">Steam Train<\/a> an.<\/p>\n<p>Erhalten Sie Rabatte oder die neuesten Informationen \u00fcber die Dampfeisenbahn, indem Sie uns auf <a href=\"https:\/\/www.facebook.com\/VapeAigleCH\" target=\"_blank\" rel=\"noopener\">Facebook<\/a> oder <a href=\"https:\/\/www.instagram.com\/vapotheque\" target=\"_blank\" rel=\"noopener\">Instagram<\/a> folgen.<\/p>\n","protected":false},"excerpt":{"rendered":"<p>Steam Train Watermelon Ice 20 ml \/ 60 ml: die gefrostete Wassermelone, auf die sich alle einig sind! Der Sommer kommt mit dem Steam Train Watermelon Ice 20 ml \/ 60 ml, dem Must-Have-Geschmack f\u00fcr alle Liebhaber von fruchtigem und ultra-erfrischendem Dampf ! Stellen Sie sich eine saftige Scheibe Wassermelone vor, frisch aus dem K\u00fchlschrank, [&hellip;]<\/p>\n","protected":false},"featured_media":45865,"template":"","meta":{"_acf_changed":false},"product_cat":[2064,405,404,442,408,1679],"product_tag":[],"class_list":{"0":"post-45867","1":"product","2":"type-product","3":"status-publish","4":"has-post-thumbnail","6":"product_brand-steam-train-de","7":"product_cat-20-ml-fur-60-ml-einweg","8":"product_cat-e-liquids","9":"product_cat-fruchtig","10":"product_cat-hervorgehobene-produkte","11":"product_cat-lieferbar-innerhalb-von-24-stunden-de","12":"product_cat-menge-e-flussigkeit-kapazitat-flasche","14":"first","15":"outofstock","16":"taxable","17":"shipping-taxable","18":"purchasable","19":"product-type-simple"},"acf":[],"jetpack_sharing_enabled":true,"_links":{"self":[{"href":"https:\/\/vapotheque.ch\/de\/wp-json\/wp\/v2\/product\/45867","targetHints":{"allow":["GET"]}}],"collection":[{"href":"https:\/\/vapotheque.ch\/de\/wp-json\/wp\/v2\/product"}],"about":[{"href":"https:\/\/vapotheque.ch\/de\/wp-json\/wp\/v2\/types\/product"}],"wp:featuredmedia":[{"embeddable":true,"href":"https:\/\/vapotheque.ch\/de\/wp-json\/wp\/v2\/media\/45865"}],"wp:attachment":[{"href":"https:\/\/vapotheque.ch\/de\/wp-json\/wp\/v2\/media?parent=45867"}],"wp:term":[{"taxonomy":"product_cat","embeddable":true,"href":"https:\/\/vapotheque.ch\/de\/wp-json\/wp\/v2\/product_cat?post=45867"},{"taxonomy":"product_tag","embeddable":true,"href":"https:\/\/vapotheque.ch\/de\/wp-json\/wp\/v2\/product_tag?post=45867"}],"curies":[{"name":"wp","href":"https:\/\/api.w.org\/{rel}","templated":true}]}}