{"id":45863,"date":"2025-06-26T17:09:18","date_gmt":"2025-06-26T15:09:18","guid":{"rendered":"https:\/\/vapotheque.ch\/boutique\/dampfeisenbahn-ananas-eis-20-ml-60-ml\/"},"modified":"2025-11-11T13:37:15","modified_gmt":"2025-11-11T12:37:15","slug":"dampfeisenbahn-ananas-eis-20-ml-60-ml","status":"publish","type":"product","link":"https:\/\/vapotheque.ch\/de\/shop\/dampfeisenbahn-ananas-eis-20-ml-60-ml\/","title":{"rendered":"Dampfeisenbahn &#8211; Ananas-Eis 20 ml \/ 60 ml"},"content":{"rendered":"<h3 data-start=\"159\" data-end=\"250\"> <strong>Steam Train <\/strong><strong data-start=\"166\" data-end=\"250\">Pineapple Ice 20 ml \/ 60 ml: Auf in die Tropen&#8230; in einer gefrosteten Version!<\/strong><\/h3>\n<p data-start=\"252\" data-end=\"596\">Lust auf <strong data-start=\"261\" data-end=\"286\">einen Urlaub in Flaschen<\/strong> ? Schnallen Sie sich an und machen Sie sich auf den Weg zu einem <strong data-start=\"327\" data-end=\"368\">ultra-erfrischenden exotischen Zwischenstopp<\/strong> mit dem <strong>Steam Train Pineapple Ice 20 ml \/ 60 ml<\/strong> ! Dieses Konzentrat ist <strong data-start=\"462\" data-end=\"500\">der Sommer, der im polaren Modus kommt<\/strong> : eine <strong data-start=\"507\" data-end=\"548\">saftige und sonnenverw\u00f6hnte Ananas<\/strong>, eingetaucht in einen Ozean belebender Frische. <\/p>\n<p data-start=\"598\" data-end=\"672\">Ein One-Way-Ticket in die Tropen&#8230; <strong data-start=\"634\" data-end=\"672\">Mit einer eisigen Brise als Bonus!<\/strong><\/p>\n<p data-start=\"598\" data-end=\"672\"><strong data-start=\"634\" data-end=\"672\"><strong><em>Achtung: Sehr frisches E-Liquid!<\/em><\/strong><\/strong><\/p>\n<hr data-start=\"674\" data-end=\"677\">\n<h3 data-start=\"679\" data-end=\"740\">Tropical Blast + \u2744\ufe0f Frosty Burst = Perfekte Kombination<\/h3>\n<p data-start=\"742\" data-end=\"991\">Stellen Sie sich die s\u00fc\u00dfe S\u00fc\u00dfe einer <strong data-start=\"774\" data-end=\"796\">reifen Ananas<\/strong> vor, die an einem wei\u00dfen Sandstrand frisch geschnitten wird, und dann fertig! Eine <strong data-start=\"863\" data-end=\"892\">Welle frostiger Frische<\/strong> gleicht das Ganze aus und sorgt f\u00fcr ein <strong data-start=\"928\" data-end=\"990\">Gef\u00fchl, das gleichzeitig fruchtig, intensiv und ultra-durstl\u00f6schend ist<\/strong>. <\/p>\n<p data-start=\"993\" data-end=\"1085\">Ein Must-Have f\u00fcr Liebhaber <strong data-start=\"1023\" data-end=\"1055\">exotischer und frostiger Aromen<\/strong>, das im Sommer und Winter genossen werden kann!<\/p>\n<hr data-start=\"1087\" data-end=\"1090\">\n<h3 data-start=\"1092\" data-end=\"1127\">\u26a0\ufe0f Vor Gebrauch verd\u00fcnnen!<\/h3>\n<p data-start=\"1129\" data-end=\"1359\">Achtung, das <strong>Steam Train Pineapple Ice 20 ml \/ 60 ml<\/strong><strong data-start=\"1140\" data-end=\"1193\"> ist kein Ready-to-Vape E-Liquid<\/strong> ! Es handelt sich um ein <strong data-start=\"1211\" data-end=\"1230\">konzentriertes Aroma<\/strong> (Inhalt: 20 ml in einer 60-ml-Flasche), das <strong data-start=\"1276\" data-end=\"1308\">mit einer PG\/VG-Basis<\/strong> mit oder ohne Nikotin gemischt werden kann. Verwenden Sie es niemals pur! <\/p>\n<h3 data-start=\"1366\" data-end=\"1483\" data-is-last-node=\"\" data-is-only-node=\"\"><\/h3>\n<h3><strong><\/strong><\/h3>\n<h3>Helfen Sie mit, Ihr <strong>Steam Train Pineapple Ice 20 ml \/ 60 ml aufzuwerten<\/strong> :<\/h3>\n<p>Wenn Sie Ihr Pineapple Ice erhalten, m\u00fcssen Sie die <a href=\"https:\/\/vapotheque.ch\/de\/kategorie\/diy-de\/boosters-diy-de\/\"><strong>Nikotinbooster<\/strong><\/a> (falls erforderlich) sowie <strong><a href=\"https:\/\/vapotheque.ch\/de\/shop\/vapor-flavour-basis-30pg-70vg\/\">die PG\/VG-Basis<\/a><\/strong> hinzuf\u00fcgen, bevor Sie es verdampfen k\u00f6nnen. Die Flasche, die Sie erhalten, wird mit <strong>20 ml konzentriertem Aroma<\/strong> gef\u00fcllt. <\/p>\n<p>Der Reihe nach m\u00fcssen Sie <strong>also zuerst die notwendigen Nikotinverst\u00e4rker<\/strong> <strong>und dann die PG\/VG-Basis<\/strong> hinzuf\u00fcgen, um die Flasche fertig zu f\u00fcllen. Um Ihnen bei der Anzahl der <a href=\"https:\/\/vapotheque.ch\/de\/kategorie\/diy-de\/boosters-diy-de\/\"><strong>Nikotinbooster<\/strong><\/a> und der <strong><a href=\"https:\/\/vapotheque.ch\/de\/shop\/vapor-flavour-basis-30pg-70vg\/\">ben\u00f6tigten PG\/VG-Grundmenge<\/a><\/strong> zu helfen, finden Sie im Folgenden einige Beispiele: <\/p>\n<ul>\n<li>F\u00fcr 3 mg\/ml Nikotin m\u00fcssen Sie 1x <a href=\"https:\/\/vapotheque.ch\/de\/kategorie\/diy-de\/boosters-diy-de\/\"><strong>Nikotinbooster<\/strong><\/a> und 1x 100 ml <strong><a href=\"https:\/\/vapotheque.ch\/de\/shop\/vapor-flavour-basis-30pg-70vg\/\">Base 30 PG \/ 70 VG bestellen.<\/a><\/strong> Sie gie\u00dfen Ihren Booster in die Flasche mit E-Liquid und f\u00fcllen dann die Flasche mit der PG \/ VG \/ VG-Basis auf. <\/li>\n<li>F\u00fcr 6 mg\/ml Nikotin m\u00fcssen Sie 2x <a href=\"https:\/\/vapotheque.ch\/de\/kategorie\/diy-de\/boosters-diy-de\/\"><strong>Nikotinbooster<\/strong><\/a> und 1x 100 ml <strong><a href=\"https:\/\/vapotheque.ch\/de\/shop\/vapor-flavour-basis-30pg-70vg\/\">30 PG\/70 VG Base<\/a><\/strong> bestellen. Sie gie\u00dfen Ihren Booster in die Flasche mit E-Liquid und f\u00fcllen dann die Flasche mit der PG \/ VG \/ VG-Basis auf. <\/li>\n<li>F\u00fcr 9 mg\/ml m\u00fcssen Sie 3x <a href=\"https:\/\/vapotheque.ch\/de\/kategorie\/diy-de\/boosters-diy-de\/\"><strong>Nikotinbooster<\/strong><\/a> und 1x 100 ml <strong><a href=\"https:\/\/vapotheque.ch\/de\/shop\/vapor-flavour-basis-30pg-70vg\/\">30 PG\/70 VG Base<\/a><\/strong> bestellen. Sie gie\u00dfen Ihren Booster in die Flasche mit E-Liquid und f\u00fcllen dann die Flasche mit der PG \/ VG \/ VG-Basis auf. <\/li>\n<\/ul>\n<p><strong>Und so weiter bis zum maximalen Volumen der Flasche.<\/strong><\/p>\n<p><strong>Wenn nach dem F\u00fcllen der Flasche noch etwas vom Boden \u00fcbrig ist, denken Sie daran, ihn vor Licht gesch\u00fctzt und bei Raumtemperatur aufzubewahren. Sie k\u00f6nnen es bei Ihrer n\u00e4chsten Bestellung verwenden. <\/strong><\/p>\n<\/p>\n<p>Wichtig: Aromakonzentrat 20 ml, verkauft in der 60 ml Flasche.<\/p>\n<p class=\"class-fabrication\">Hergestellt in Griechenland; Dosierung: 100% PG.<\/p>\n<p>Sehen Sie sich weitere Produkte der Marke <a href=\"..\/product_brand\/steam-train\/\" target=\"_blank\" rel=\"noopener\">Steam Train<\/a> an.<\/p>\n<p>Erhalten Sie Rabatte oder die neuesten Informationen \u00fcber die Dampfeisenbahn, indem Sie uns auf <a href=\"https:\/\/www.facebook.com\/VapeAigleCH\" target=\"_blank\" rel=\"noopener\">Facebook<\/a> oder <a href=\"https:\/\/www.instagram.com\/vapotheque\" target=\"_blank\" rel=\"noopener\">Instagram<\/a> folgen.<\/p>\n","protected":false},"excerpt":{"rendered":"<p>Steam Train Pineapple Ice 20 ml \/ 60 ml: Auf in die Tropen&#8230; in einer gefrosteten Version! Lust auf einen Urlaub in Flaschen ? Schnallen Sie sich an und machen Sie sich auf den Weg zu einem ultra-erfrischenden exotischen Zwischenstopp mit dem Steam Train Pineapple Ice 20 ml \/ 60 ml ! Dieses Konzentrat ist [&hellip;]<\/p>\n","protected":false},"featured_media":45861,"template":"","meta":{"_acf_changed":false},"product_cat":[2064,405,404,442,408,1679],"product_tag":[],"class_list":{"0":"post-45863","1":"product","2":"type-product","3":"status-publish","4":"has-post-thumbnail","6":"product_brand-steam-train-de","7":"product_cat-20-ml-fur-60-ml-einweg","8":"product_cat-e-liquids","9":"product_cat-fruchtig","10":"product_cat-hervorgehobene-produkte","11":"product_cat-lieferbar-innerhalb-von-24-stunden-de","12":"product_cat-menge-e-flussigkeit-kapazitat-flasche","14":"first","15":"instock","16":"taxable","17":"shipping-taxable","18":"purchasable","19":"product-type-simple"},"acf":[],"jetpack_sharing_enabled":true,"_links":{"self":[{"href":"https:\/\/vapotheque.ch\/de\/wp-json\/wp\/v2\/product\/45863","targetHints":{"allow":["GET"]}}],"collection":[{"href":"https:\/\/vapotheque.ch\/de\/wp-json\/wp\/v2\/product"}],"about":[{"href":"https:\/\/vapotheque.ch\/de\/wp-json\/wp\/v2\/types\/product"}],"wp:featuredmedia":[{"embeddable":true,"href":"https:\/\/vapotheque.ch\/de\/wp-json\/wp\/v2\/media\/45861"}],"wp:attachment":[{"href":"https:\/\/vapotheque.ch\/de\/wp-json\/wp\/v2\/media?parent=45863"}],"wp:term":[{"taxonomy":"product_cat","embeddable":true,"href":"https:\/\/vapotheque.ch\/de\/wp-json\/wp\/v2\/product_cat?post=45863"},{"taxonomy":"product_tag","embeddable":true,"href":"https:\/\/vapotheque.ch\/de\/wp-json\/wp\/v2\/product_tag?post=45863"}],"curies":[{"name":"wp","href":"https:\/\/api.w.org\/{rel}","templated":true}]}}