{"id":45859,"date":"2025-06-26T16:01:36","date_gmt":"2025-06-26T14:01:36","guid":{"rendered":"https:\/\/vapotheque.ch\/boutique\/dampfeisenbahn-blaubeereis-20-ml-60-ml\/"},"modified":"2025-11-11T13:35:43","modified_gmt":"2025-11-11T12:35:43","slug":"dampfeisenbahn-blaubeereis-20-ml-60-ml","status":"publish","type":"product","link":"https:\/\/vapotheque.ch\/de\/shop\/dampfeisenbahn-blaubeereis-20-ml-60-ml\/","title":{"rendered":"Dampfeisenbahn &#8211; Blaubeereis 20 ml \/ 60 ml"},"content":{"rendered":"<h3 data-start=\"155\" data-end=\"252\"> <strong data-start=\"162\" data-end=\"252\">Steam Train Blueberry Ice 20 ml \/ 60 ml: die frostige Kombination aus Heidelbeere und Nervenkitzel!<\/strong><\/h3>\n<p data-start=\"254\" data-end=\"567\">Steigen Sie in die <strong data-start=\"271\" data-end=\"310\">Dampfeisenbahn in den hohen Norden<\/strong> und lassen Sie sich von einem E-Liquid mitrei\u00dfen, das aussieht wie ein fruchtiger Sturm! <strong>Steam Train Blueberry Ice 20 ml \/ 60 ml<\/strong> ist die <strong data-start=\"414\" data-end=\"480\">perfekte Kombination aus der s\u00fc\u00dfen S\u00fc\u00dfe reifer Heidelbeeren<\/strong> und einer <strong data-start=\"488\" data-end=\"520\">ultra-frischen eisigen Welle<\/strong> , die vom ersten Zug an im Mund explodiert.<\/p>\n<p data-start=\"569\" data-end=\"846\">Stellen Sie sich eine Handvoll Blaubeeren vor, die am fr\u00fchen Morgen gepfl\u00fcckt werden, noch vom Tau bedeckt, in ein Bad arktischer Frische getaucht&#8230; Ergebnis? Ein <strong data-start=\"723\" data-end=\"753\">Gourmet- und erfrischendes<\/strong> Konzentrat, <strong data-start=\"755\" data-end=\"779\">ausgewogen und lebendig<\/strong>, das Liebhaber von polaren und fruchtigen Empfindungen begeistert! <\/p>\n<p data-start=\"569\" data-end=\"846\"><strong><em>Achtung: Sehr frisches E-Liquid!<\/em><\/strong><\/p>\n<hr data-start=\"848\" data-end=\"851\">\n<h3 data-start=\"853\" data-end=\"897\">\u2744\ufe0f Ein One-Way-Ticket in ein frostiges Paradies<\/h3>\n<p data-start=\"899\" data-end=\"1166\">Mit dem <strong>Steam Train Blueberry Ice 20 ml \/ 60 ml<\/strong> entf\u00fchrt Sie jeder Zug in das Herz einer <strong data-start=\"970\" data-end=\"1001\">imagin\u00e4ren Winterlandschaft<\/strong>, in der fruchtige Aromen in eine intensive, fast magische Frische geh\u00fcllt sind. Sie ist der perfekte Begleiter f\u00fcr hei\u00dfe Tage oder Vape-Pausen, die Sie auf Reisen bringen. <\/p>\n<hr data-start=\"1168\" data-end=\"1171\">\n<h3 data-start=\"1173\" data-end=\"1233\">\u26a0\ufe0f Warnhinweis: konzentriertes Aroma \u2013 muss verd\u00fcnnt werden<\/h3>\n<p data-start=\"1235\" data-end=\"1488\">Dieses Produkt ist <strong data-start=\"1252\" data-end=\"1285\">kein gebrauchsfertiges E-Liquid<\/strong> ! Es handelt sich um ein <strong data-start=\"1303\" data-end=\"1322\">konzentriertes Aroma<\/strong>, das <strong data-start=\"1326\" data-end=\"1356\">in einer PG\/VG-Basis<\/strong> (mit oder ohne Nikotin) verd\u00fcnnt wird. Verwenden Sie niemals pur. Befolgen Sie die empfohlenen Dosierungen, um die volle Wirksamkeit dieses frostigen Nektars zu enth\u00fcllen.  <\/p>\n<hr data-start=\"1490\" data-end=\"1493\">\n<p data-start=\"1495\" data-end=\"1622\" data-is-last-node=\"\" data-is-only-node=\"\"><strong data-start=\"1495\" data-end=\"1617\">Blueberry Ice: f\u00fcr Dampfer, die es m\u00f6gen, wenn es sticht, wenn es zuschl\u00e4gt und vor allem, wenn es sich maximal erfrischt!<\/strong> \u2744\ufe0f<strong><\/strong><\/p>\n<h3> <\/h3>\n<h3>Helfen Sie mit, Ihre <strong>Steam Train Blueberry Ice 20 ml \/ 60 ml<\/strong> aufzuwerten:<\/h3>\n<p>Wenn Sie Ihr Blueberry Ice erhalten, m\u00fcssen Sie <a href=\"https:\/\/vapotheque.ch\/de\/kategorie\/diy-de\/boosters-diy-de\/\"><strong>Nikotin-Booster<\/strong><\/a> (falls erforderlich) sowie <strong><a href=\"https:\/\/vapotheque.ch\/de\/shop\/vapor-flavour-basis-30pg-70vg\/\">PG\/VG-Basis<\/a><\/strong> hinzuf\u00fcgen, bevor Sie es verdampfen k\u00f6nnen. Die Flasche, die Sie erhalten, wird mit <strong>20 ml konzentriertem Aroma<\/strong> gef\u00fcllt. <\/p>\n<p>Der Reihe nach m\u00fcssen Sie <strong>also zuerst die notwendigen Nikotinverst\u00e4rker<\/strong> <strong>und dann die PG\/VG-Basis<\/strong> hinzuf\u00fcgen, um die Flasche fertig zu f\u00fcllen. Um Ihnen bei der Anzahl der <a href=\"https:\/\/vapotheque.ch\/de\/kategorie\/diy-de\/boosters-diy-de\/\"><strong>Nikotinbooster<\/strong><\/a> und der <strong><a href=\"https:\/\/vapotheque.ch\/de\/shop\/vapor-flavour-basis-30pg-70vg\/\">ben\u00f6tigten PG\/VG-Grundmenge<\/a><\/strong> zu helfen, finden Sie im Folgenden einige Beispiele: <\/p>\n<ul>\n<li>F\u00fcr 3 mg\/ml Nikotin m\u00fcssen Sie 1x <a href=\"https:\/\/vapotheque.ch\/de\/kategorie\/diy-de\/boosters-diy-de\/\"><strong>Nikotinbooster<\/strong><\/a> und 1x 100 ml <strong><a href=\"https:\/\/vapotheque.ch\/de\/shop\/vapor-flavour-basis-30pg-70vg\/\">Base 30 PG \/ 70 VG bestellen.<\/a><\/strong> Sie gie\u00dfen Ihren Booster in die Flasche mit E-Liquid und f\u00fcllen dann die Flasche mit der PG \/ VG \/ VG-Basis auf. <\/li>\n<li>F\u00fcr 6 mg\/ml Nikotin m\u00fcssen Sie 2x <a href=\"https:\/\/vapotheque.ch\/de\/kategorie\/diy-de\/boosters-diy-de\/\"><strong>Nikotinbooster<\/strong><\/a> und 1x 100 ml <strong><a href=\"https:\/\/vapotheque.ch\/de\/shop\/vapor-flavour-basis-30pg-70vg\/\">30 PG\/70 VG Base<\/a><\/strong> bestellen. Sie gie\u00dfen Ihren Booster in die Flasche mit E-Liquid und f\u00fcllen dann die Flasche mit der PG \/ VG \/ VG-Basis auf. <\/li>\n<li>F\u00fcr 9 mg\/ml m\u00fcssen Sie 3x <a href=\"https:\/\/vapotheque.ch\/de\/kategorie\/diy-de\/boosters-diy-de\/\"><strong>Nikotinbooster<\/strong><\/a> und 1x 100 ml <strong><a href=\"https:\/\/vapotheque.ch\/de\/shop\/vapor-flavour-basis-30pg-70vg\/\">30 PG\/70 VG Base<\/a><\/strong> bestellen. Sie gie\u00dfen Ihren Booster in die Flasche mit E-Liquid und f\u00fcllen dann die Flasche mit der PG \/ VG \/ VG-Basis auf. <\/li>\n<\/ul>\n<p><strong>Und so weiter bis zum maximalen Volumen der Flasche.<\/strong><\/p>\n<p><strong>Wenn nach dem F\u00fcllen der Flasche noch etwas vom Boden \u00fcbrig ist, denken Sie daran, ihn vor Licht gesch\u00fctzt und bei Raumtemperatur aufzubewahren. Sie k\u00f6nnen es bei Ihrer n\u00e4chsten Bestellung verwenden. <\/strong><\/p>\n<p>Wichtig: Aromakonzentrat 20 ml, verkauft in der 60 ml Flasche.<\/p>\n<\/p>\n<p class=\"class-fabrication\">Hergestellt in Griechenland; Dosierung: 100% PG.<\/p>\n<p>Sehen Sie sich weitere Produkte der Marke <a href=\"..\/..\/product_brand\/steam-train\/\" target=\"_blank\" rel=\"noopener\">Steam Train<\/a> an.<\/p>\n<p>Erhalten Sie Rabatte oder die neuesten Informationen \u00fcber die Dampfeisenbahn, indem Sie uns auf <a href=\"https:\/\/www.facebook.com\/VapeAigleCH\" target=\"_blank\" rel=\"noopener\">Facebook<\/a> oder <a href=\"https:\/\/www.instagram.com\/vapotheque\" target=\"_blank\" rel=\"noopener\">Instagram<\/a> folgen.<\/p>\n","protected":false},"excerpt":{"rendered":"<p>Steam Train Blueberry Ice 20 ml \/ 60 ml: die frostige Kombination aus Heidelbeere und Nervenkitzel! Steigen Sie in die Dampfeisenbahn in den hohen Norden und lassen Sie sich von einem E-Liquid mitrei\u00dfen, das aussieht wie ein fruchtiger Sturm! Steam Train Blueberry Ice 20 ml \/ 60 ml ist die perfekte Kombination aus der s\u00fc\u00dfen [&hellip;]<\/p>\n","protected":false},"featured_media":45857,"template":"","meta":{"_acf_changed":false},"product_cat":[2064,405,404,442,408,1679],"product_tag":[],"class_list":{"0":"post-45859","1":"product","2":"type-product","3":"status-publish","4":"has-post-thumbnail","6":"product_brand-steam-train-de","7":"product_cat-20-ml-fur-60-ml-einweg","8":"product_cat-e-liquids","9":"product_cat-fruchtig","10":"product_cat-hervorgehobene-produkte","11":"product_cat-lieferbar-innerhalb-von-24-stunden-de","12":"product_cat-menge-e-flussigkeit-kapazitat-flasche","14":"first","15":"instock","16":"taxable","17":"shipping-taxable","18":"purchasable","19":"product-type-simple"},"acf":[],"jetpack_sharing_enabled":true,"_links":{"self":[{"href":"https:\/\/vapotheque.ch\/de\/wp-json\/wp\/v2\/product\/45859","targetHints":{"allow":["GET"]}}],"collection":[{"href":"https:\/\/vapotheque.ch\/de\/wp-json\/wp\/v2\/product"}],"about":[{"href":"https:\/\/vapotheque.ch\/de\/wp-json\/wp\/v2\/types\/product"}],"wp:featuredmedia":[{"embeddable":true,"href":"https:\/\/vapotheque.ch\/de\/wp-json\/wp\/v2\/media\/45857"}],"wp:attachment":[{"href":"https:\/\/vapotheque.ch\/de\/wp-json\/wp\/v2\/media?parent=45859"}],"wp:term":[{"taxonomy":"product_cat","embeddable":true,"href":"https:\/\/vapotheque.ch\/de\/wp-json\/wp\/v2\/product_cat?post=45859"},{"taxonomy":"product_tag","embeddable":true,"href":"https:\/\/vapotheque.ch\/de\/wp-json\/wp\/v2\/product_tag?post=45859"}],"curies":[{"name":"wp","href":"https:\/\/api.w.org\/{rel}","templated":true}]}}