{"id":45855,"date":"2025-06-26T15:35:10","date_gmt":"2025-06-26T13:35:10","guid":{"rendered":"https:\/\/vapotheque.ch\/boutique\/dampfeisenbahn-sakura-traube-20-ml-60-ml\/"},"modified":"2025-11-11T13:34:50","modified_gmt":"2025-11-11T12:34:50","slug":"dampfeisenbahn-sakura-traube-20-ml-60-ml","status":"publish","type":"product","link":"https:\/\/vapotheque.ch\/de\/shop\/dampfeisenbahn-sakura-traube-20-ml-60-ml\/","title":{"rendered":"Dampfeisenbahn &#8211; Sakura Traube 20 ml \/ 60 ml"},"content":{"rendered":"<h3 data-start=\"96\" data-end=\"157\">Steam Train Sakura Grape 20 ml \/ 60 ml: Das Aroma, das die Geschmacksknospen begeistert!<\/h3>\n<p data-start=\"159\" data-end=\"594\">Machen Sie sich bereit f\u00fcr einen <strong data-start=\"178\" data-end=\"199\">fruchtigen Wirbelwind<\/strong> , der keine halben Sachen macht! <strong data-start=\"238\" data-end=\"255\">Steam Train Sakura Grape 20 ml \/ 60 ml<\/strong> ist das konzentrierte Aroma, das die <strong data-start=\"296\" data-end=\"330\">Traube in ihrer ganzen Pracht<\/strong> zelebriert: ein weicher und s\u00fc\u00dfer Geschmack, fein s\u00e4uerlich, mit einer <strong data-start=\"389\" data-end=\"421\">subtilen Tanninnote<\/strong> , die den Gaumen wie eine wohldosierte Liebkosung kitzelt. Das Ergebnis? Ein <strong data-start=\"499\" data-end=\"528\">erfrischendes Gef\u00fchl<\/strong> , das im Mund bleibt und Lust macht, immer wieder zur\u00fcckzukommen!  <\/p>\n<p data-start=\"596\" data-end=\"846\">Es ist ein bisschen so, als ob Ihr E-Liquid seine 31 f\u00fcr einen schicken Cocktail auf der Basis reifer, saftiger und leicht adstringierender Trauben aufgesetzt hat. Ein wahrer Genuss f\u00fcr Liebhaber <strong data-start=\"778\" data-end=\"808\">raffinierter, fruchtiger und ausgewogener Aromen<\/strong>. <\/p>\n<p data-start=\"596\" data-end=\"846\"><strong><em>Achtung: Sehr frisches E-Liquid!<\/em><\/strong><\/p>\n<hr data-start=\"848\" data-end=\"851\">\n<h3 data-start=\"853\" data-end=\"885\">\u26a0\ufe0f Was Sie vor dem Verdampfen wissen sollten:<\/h3>\n<p data-start=\"887\" data-end=\"1135\">Dieses Produkt ist ein <strong data-start=\"905\" data-end=\"924\">konzentriertes Aroma<\/strong>. Es sollte <g id=\"gid_1\">nicht so verwendet werden, wie es ist<\/g>. Es muss vor der Verwendung <strong data-start=\"996\" data-end=\"1025\">in einer PG\/VG-Basis verd\u00fcnnt<\/strong> werden. Sobald es gut dosiert ist, erhalten Sie ein hausgemachtes E-Liquid mit dem richtigen Geschmack&#8230; unwiderstehlich.   <\/p>\n<\/p>\n<h3>Helfen Sie mit, Ihr Steam Train Sakura Grape E-Liquid zu verbessern:<\/h3>\n<p>Wenn Sie Ihre Sakura-Traube erhalten, m\u00fcssen Sie die <a href=\"https:\/\/vapotheque.ch\/de\/kategorie\/diy-de\/boosters-diy-de\/\"><strong>Nikotinbooster<\/strong><\/a> (falls erforderlich) sowie <strong><a href=\"https:\/\/vapotheque.ch\/de\/shop\/vapor-flavour-basis-30pg-70vg\/\">die PG\/VG-Basis<\/a><\/strong> hinzuf\u00fcgen, bevor Sie sie verdampfen k\u00f6nnen. Die Flasche, die Sie erhalten, wird mit <strong>20 ml konzentriertem Aroma<\/strong> gef\u00fcllt. <\/p>\n<p>Der Reihe nach m\u00fcssen Sie <strong>also zuerst die notwendigen Nikotinverst\u00e4rker<\/strong> <strong>und dann die PG\/VG-Basis<\/strong> hinzuf\u00fcgen, um die Flasche fertig zu f\u00fcllen. Um Ihnen bei der Anzahl der <a href=\"https:\/\/vapotheque.ch\/de\/kategorie\/diy-de\/boosters-diy-de\/\"><strong>Nikotinbooster<\/strong><\/a> und der <strong><a href=\"https:\/\/vapotheque.ch\/de\/shop\/vapor-flavour-basis-30pg-70vg\/\">ben\u00f6tigten PG\/VG-Grundmenge<\/a><\/strong> zu helfen, finden Sie im Folgenden einige Beispiele: <\/p>\n<ul>\n<li>F\u00fcr 3 mg\/ml Nikotin m\u00fcssen Sie 1x <a href=\"https:\/\/vapotheque.ch\/de\/kategorie\/diy-de\/boosters-diy-de\/\"><strong>Nikotinbooster<\/strong><\/a> und 1x 100 ml <strong><a href=\"https:\/\/vapotheque.ch\/de\/shop\/vapor-flavour-basis-30pg-70vg\/\">Base 30 PG \/ 70 VG bestellen.<\/a><\/strong> Du gie\u00dft deinen Booster in die Flasche Sakura Grape und f\u00fcllst dann die Flasche mit dem PG \/ VG \/ VG Boden auf. <\/li>\n<li>F\u00fcr 6 mg\/ml Nikotin m\u00fcssen Sie 2x <a href=\"https:\/\/vapotheque.ch\/de\/kategorie\/diy-de\/boosters-diy-de\/\"><strong>Nikotinbooster<\/strong><\/a> und 1x 100 ml <strong><a href=\"https:\/\/vapotheque.ch\/de\/shop\/vapor-flavour-basis-30pg-70vg\/\">30 PG\/70 VG Base<\/a><\/strong> bestellen. Du gie\u00dft deinen Booster in die Flasche Sakura Grape und f\u00fcllst dann die Flasche mit dem PG \/ VG \/ VG Boden auf. <\/li>\n<li>F\u00fcr 9 mg\/ml m\u00fcssen Sie 3x <a href=\"https:\/\/vapotheque.ch\/de\/kategorie\/diy-de\/boosters-diy-de\/\"><strong>Nikotinbooster<\/strong><\/a> und 1x 100 ml <strong><a href=\"https:\/\/vapotheque.ch\/de\/shop\/vapor-flavour-basis-30pg-70vg\/\">30 PG\/70 VG Base<\/a><\/strong> bestellen. Du gie\u00dft deinen Booster in die Flasche Sakura Grape und f\u00fcllst dann die Flasche mit dem PG \/ VG \/ VG Boden auf. <\/li>\n<\/ul>\n<p><strong>Und so weiter bis zum maximalen Volumen der Flasche.<\/strong><\/p>\n<p><strong>Wenn nach dem F\u00fcllen der Flasche noch etwas vom Boden \u00fcbrig ist, denken Sie daran, ihn vor Licht gesch\u00fctzt und bei Raumtemperatur aufzubewahren. Sie k\u00f6nnen es bei Ihrer n\u00e4chsten Bestellung verwenden. <\/strong><\/p>\n<p><strong>Wichtig<\/strong> : Aromakonzentrat 20 ml, verkauft in der 60 ml Flasche.<\/p>\n<p class=\"class-fabrication\">Hergestellt in Griechenland; Dosierung: 100% PG.<\/p>\n<p>Sehen Sie sich weitere Produkte der Marke <a href=\"..\/marque\/steam-train\/\" target=\"_blank\" rel=\"noopener\">Steam Train<\/a> an.<\/p>\n<p>Erhalten Sie Rabatte oder die neuesten Informationen \u00fcber die Dampfeisenbahn, indem Sie uns auf <a href=\"https:\/\/www.facebook.com\/VapeAigleCH\" target=\"_blank\" rel=\"noopener\">Facebook<\/a> oder <a href=\"https:\/\/www.instagram.com\/vapotheque\" target=\"_blank\" rel=\"noopener\">Instagram<\/a> folgen.<\/p>\n","protected":false},"excerpt":{"rendered":"<p>Steam Train Sakura Grape 20 ml \/ 60 ml: Das Aroma, das die Geschmacksknospen begeistert! Machen Sie sich bereit f\u00fcr einen fruchtigen Wirbelwind , der keine halben Sachen macht! Steam Train Sakura Grape 20 ml \/ 60 ml ist das konzentrierte Aroma, das die Traube in ihrer ganzen Pracht zelebriert: ein weicher und s\u00fc\u00dfer Geschmack, [&hellip;]<\/p>\n","protected":false},"featured_media":45853,"template":"","meta":{"_acf_changed":false},"product_cat":[2064,405,404,442,408,1679],"product_tag":[],"class_list":{"0":"post-45855","1":"product","2":"type-product","3":"status-publish","4":"has-post-thumbnail","6":"product_brand-steam-train-de","7":"product_cat-20-ml-fur-60-ml-einweg","8":"product_cat-e-liquids","9":"product_cat-fruchtig","10":"product_cat-hervorgehobene-produkte","11":"product_cat-lieferbar-innerhalb-von-24-stunden-de","12":"product_cat-menge-e-flussigkeit-kapazitat-flasche","14":"first","15":"instock","16":"taxable","17":"shipping-taxable","18":"purchasable","19":"product-type-simple"},"acf":[],"jetpack_sharing_enabled":true,"_links":{"self":[{"href":"https:\/\/vapotheque.ch\/de\/wp-json\/wp\/v2\/product\/45855","targetHints":{"allow":["GET"]}}],"collection":[{"href":"https:\/\/vapotheque.ch\/de\/wp-json\/wp\/v2\/product"}],"about":[{"href":"https:\/\/vapotheque.ch\/de\/wp-json\/wp\/v2\/types\/product"}],"wp:featuredmedia":[{"embeddable":true,"href":"https:\/\/vapotheque.ch\/de\/wp-json\/wp\/v2\/media\/45853"}],"wp:attachment":[{"href":"https:\/\/vapotheque.ch\/de\/wp-json\/wp\/v2\/media?parent=45855"}],"wp:term":[{"taxonomy":"product_cat","embeddable":true,"href":"https:\/\/vapotheque.ch\/de\/wp-json\/wp\/v2\/product_cat?post=45855"},{"taxonomy":"product_tag","embeddable":true,"href":"https:\/\/vapotheque.ch\/de\/wp-json\/wp\/v2\/product_tag?post=45855"}],"curies":[{"name":"wp","href":"https:\/\/api.w.org\/{rel}","templated":true}]}}