{"id":45844,"date":"2025-06-26T11:11:08","date_gmt":"2025-06-26T09:11:08","guid":{"rendered":"https:\/\/vapotheque.ch\/boutique\/aspire-kit-pod-pixo-neo\/"},"modified":"2025-11-08T15:10:21","modified_gmt":"2025-11-08T14:10:21","slug":"aspire-kit-pod-pixo-neo","status":"publish","type":"product","link":"https:\/\/vapotheque.ch\/de\/shop\/aspire-kit-pod-pixo-neo\/","title":{"rendered":"Aspire &#8211; Kit Pod Pixo Neo"},"content":{"rendered":"<h3 data-start=\"118\" data-end=\"195\">Pixo Neo von Aspire: Die n\u00e4chste Generation ist sicher, und das ist eine gro\u00dfe Sache!<\/h3>\n<p data-start=\"197\" data-end=\"695\">Das kleine Wunderkind von Aspire ist zur\u00fcck im Rampenlicht&#8230; Aber mit mehr Muskeln unter der Haube! Der <strong data-start=\"304\" data-end=\"316\">Pixo Neo<\/strong> ist die super-boostete Version des ber\u00fchmten Pixo, der auf der <strong data-start=\"385\" data-end=\"401\">Vapexpo 2025<\/strong> zum besten Pod gew\u00e4hlt wurde (Entschuldigung). Das Aspire beh\u00e4lt das bei, was es erfolgreich gemacht hat \u2013 kompakte Gr\u00f6\u00dfe, schlankes Aussehen, Benutzerfreundlichkeit \u2013 aber injiziert einen guten Schuss Energie und Leistung. Das Ergebnis: ein Pod, der immer noch genauso stylisch, <strong data-start=\"612\" data-end=\"636\">noch langlebiger<\/strong> und bereit ist, mit jedem Tag zu <strong data-start=\"641\" data-end=\"663\">k\u00e4mpfen<\/strong> !   <\/p>\n<hr data-start=\"697\" data-end=\"700\">\n<h3 data-start=\"702\" data-end=\"759\">Pixo-gepr\u00fcftes Design mit einem Hauch von Neo-Stil<\/h3>\n<p data-start=\"761\" data-end=\"1144\">So <strong data-start=\"776\" data-end=\"802\">elegant und minimalistisch<\/strong> wie eh und je greift der Pixo Neo die weichen Linien und das Taschenformat seines Vorg\u00e4ngers auf, aber mit <strong data-start=\"895\" data-end=\"916\">mehr Charakter<\/strong>. Leicht, diskret, solide und in mehreren Farben erh\u00e4ltlich, die so cool sind wie ein Mojito auf der Terrasse, ist dies die Art von Pod, die man mit Stolz herausnimmt. Er rutscht \u00fcberall hin, l\u00e4sst sich mit einer Hand greifen und dr\u00e4ngt sich ab dem ersten Zug auf.  <\/p>\n<hr data-start=\"1146\" data-end=\"1149\">\n<h3 data-start=\"1151\" data-end=\"1220\">Intelligent, intuitiv und vielseitig: der Pod, der Ihre W\u00fcnsche abliest<\/h3>\n<p data-start=\"1222\" data-end=\"1327\">Hinter diesem zur\u00fcckhaltenden Look verbirgt sich ein <strong data-start=\"1256\" data-end=\"1275\">smarter Pod<\/strong> , der sich an DICH anpasst. Es stehen zwei Vape-Modi zur Verf\u00fcgung: <\/p>\n<ul data-start=\"1329\" data-end=\"1547\">\n<li data-start=\"1329\" data-end=\"1429\">\n<p data-start=\"1331\" data-end=\"1429\"><strong data-start=\"1331\" data-end=\"1345\">Smart-Modus<\/strong> : Er erkennt Ihre Patrone und stellt die ideale Leistung selbst ein, wie ein Erwachsener.<\/p>\n<\/li>\n<li data-start=\"1430\" data-end=\"1547\">\n<p data-start=\"1432\" data-end=\"1547\"><strong data-start=\"1432\" data-end=\"1448\">Watt-Modus<\/strong> : M\u00f6chten Sie die Kontrolle behalten? Stellen Sie die Leistung manuell von 5 bis 30W ein, um einen Akku-Vape genau so zu erhalten, wie Sie es m\u00f6gen. <\/p>\n<\/li>\n<\/ul>\n<p data-start=\"1549\" data-end=\"1932\">In Bezug auf die Empfindungen macht Aspire keine halben Sachen. <strong data-start=\"1606\" data-end=\"1626\">Einstellbarer Luftstrom<\/strong>, <strong data-start=\"1635\" data-end=\"1667\">enger MTL-Zug oder luftiger RDL<\/strong> und <strong data-start=\"1672\" data-end=\"1685\">automatischer Zug<\/strong> (kein Knopfdruck erforderlich: Einatmen und loslegen). Alles orchestriert von <strong data-start=\"1771\" data-end=\"1791\">einer einzigen Taste<\/strong> und einem \u00fcbersichtlichen und pr\u00e4zisen <strong data-start=\"1798\" data-end=\"1825\">0,85-Zoll-TFT-Farbdisplay<\/strong> \u2013 nicht ber\u00fchrungsempfindlich, aber mal ehrlich, wen interessiert es, wenn die Ergonomie so gut durchdacht ist? <\/p>\n<hr data-start=\"1934\" data-end=\"1937\">\n<h3 data-start=\"1939\" data-end=\"1989\">Verl\u00e4ngerte Akkulaufzeit: 1300 mAh Freiheit<\/h3>\n<p data-start=\"1991\" data-end=\"2263\">Aspire bringt den Akku auf das n\u00e4chste Level! Mit <strong data-start=\"2049\" data-end=\"2061\">1300 mAh<\/strong> unter der Haube begleitet dich der <strong data-start=\"2080\" data-end=\"2092\">Pixo Neo<\/strong> vom Fr\u00fchst\u00fcck bis zur Schlafenszeit, ohne dich gehen zu lassen. Und wann muss es wieder aufgeladen werden? <strong data-start=\"2181\" data-end=\"2196\">USB-C 5V\/2A<\/strong>, f\u00fcr schnelles Auftanken ohne Probleme. Das ist Freiheit.   <\/p>\n<hr data-start=\"2265\" data-end=\"2268\">\n<h3 data-start=\"2270\" data-end=\"2320\">Pixo Patronen: immer treu auf dem Posten<\/h3>\n<p data-start=\"2322\" data-end=\"2574\">Keine Revolution bei den Patronen, aber das ist gut: <strong data-start=\"2381\" data-end=\"2407\">Wir behalten, was funktioniert<\/strong> ! Der Pixo Neo ist <strong data-start=\"2426\" data-end=\"2477\">voll kompatibel mit regul\u00e4ren Pixo Patronen<\/strong> . 3 ml Fassungsverm\u00f6gen, beste Geschmackswiedergabe, solide Haltbarkeit&#8230; Kurz gesagt, nur Gutes.  <\/p>\n<p data-start=\"2576\" data-end=\"2655\">Das Kit bietet Ihnen zwei Widerst\u00e4nde, um die beiden Seiten der Kraft zu erkunden:<\/p>\n<ul data-start=\"2657\" data-end=\"2905\">\n<li data-start=\"2657\" data-end=\"2771\">\n<p data-start=\"2659\" data-end=\"2771\"><strong data-start=\"2659\" data-end=\"2685\">Pixo Cartridge 0,4 Ohm<\/strong> : <strong data-start=\"2695\" data-end=\"2702\">RDL-Zug<\/strong>, 23-30W \u2013 perfekt f\u00fcr fruchtige Wolken in 50\/50 oder 30\/70.<\/p>\n<\/li>\n<li data-start=\"2772\" data-end=\"2905\">\n<p data-start=\"2774\" data-end=\"2905\"><strong data-start=\"2774\" data-end=\"2800\">Pixo 1,0 Ohm Tonabnehmer<\/strong> : <strong data-start=\"2810\" data-end=\"2817\">MTL-Zug<\/strong>, 10-15W \u2013 ideal f\u00fcr Nikotinsalze oder hohe Werte, mit einem guten Halsschlag.<\/p>\n<\/li>\n<\/ul>\n<hr data-start=\"2907\" data-end=\"2910\">\n<h3 data-start=\"2912\" data-end=\"2955\">Pixo Neo by Aspire Kit Inhalt:<\/h3>\n<ul data-start=\"2957\" data-end=\"3076\">\n<li data-start=\"2957\" data-end=\"2975\">\n<p data-start=\"2959\" data-end=\"2975\">1 Pixo Neo Pod<\/p>\n<\/li>\n<li data-start=\"2976\" data-end=\"3004\">\n<p data-start=\"2978\" data-end=\"3004\">1 Pixo Tonabnehmer 0,4 Ohm<\/p>\n<\/li>\n<li data-start=\"3005\" data-end=\"3033\">\n<p data-start=\"3007\" data-end=\"3033\">1 Pixo 1,0 Ohm Tonabnehmer<\/p>\n<\/li>\n<li data-start=\"3034\" data-end=\"3051\">\n<p data-start=\"3036\" data-end=\"3051\">1 USB-C-Kabel<\/p>\n<\/li>\n<li data-start=\"3052\" data-end=\"3076\">\n<p data-start=\"3054\" data-end=\"3076\">1 Benutzerhandbuch<\/p>\n<\/li>\n<\/ul>\n<hr data-start=\"3078\" data-end=\"3081\">\n<h3 data-start=\"3083\" data-end=\"3101\">Kurz gesagt?<\/h3>\n<p data-start=\"3103\" data-end=\"3400\" data-is-last-node=\"\" data-is-only-node=\"\">Der <strong data-start=\"3106\" data-end=\"3118\">Pixo Neo<\/strong> ist <strong data-start=\"3126\" data-end=\"3171\">der ideale Pod f\u00fcr anspruchsvolle Dampfer<\/strong> , die ein Mini-Format, aber einen maximalen Dampf w\u00fcnschen. Mehr Leistung, mehr Reichweite, mehr Spa\u00df. Und immer noch so einfach wie eh und je. <strong data-start=\"3307\" data-end=\"3355\">Wenn Ihnen der Pixo gefallen hat, werden Sie den Neo lieben.<\/strong><br data-start=\"3355\" data-end=\"3358\">Dann&#8230; Sind Sie bereit, es auf die n\u00e4chste Stufe zu heben?  <\/p>\n<\/p>\n<p>Hier finden Sie alle unsere <strong><a href=\"..\/..\/categorie\/pods?orderby=date\/\" target=\"_blank\" rel=\"noopener\">Pods.<\/a><br \/>Entdecken Sie alle anderen Produkte der Marke <strong><a href=\"..\/..\/product_brand\/aspire\/\" target=\"_blank\" rel=\"noopener\">Aspire<\/a><\/strong>.<\/strong><\/p>\n<p>Erhalten Sie Rabatte oder die neuesten Informationen zu unseren anderen Produkten, die im Gesch\u00e4ft erh\u00e4ltlich sind, indem Sie uns in unseren sozialen Netzwerken folgen: <strong><a href=\"https:\/\/www.facebook.com\/VapeAigleCH\" target=\"_blank\" rel=\"noopener\">Facebook<\/a><\/strong> oder <strong><a href=\"https:\/\/www.instagram.com\/vapotheque_aigle\/\" target=\"_blank\" rel=\"noopener\">Instagram<\/a><\/strong>.<\/p>\n","protected":false},"excerpt":{"rendered":"<p>Pixo Neo von Aspire: Die n\u00e4chste Generation ist sicher, und das ist eine gro\u00dfe Sache! Das kleine Wunderkind von Aspire ist zur\u00fcck im Rampenlicht&#8230; Aber mit mehr Muskeln unter der Haube! Der Pixo Neo ist die super-boostete Version des ber\u00fchmten Pixo, der auf der Vapexpo 2025 zum besten Pod gew\u00e4hlt wurde (Entschuldigung). Das Aspire beh\u00e4lt [&hellip;]<\/p>\n","protected":false},"featured_media":45818,"template":"","meta":{"_acf_changed":false},"product_cat":[442,408,453,454],"product_tag":[],"class_list":{"0":"post-45844","1":"product","2":"type-product","3":"status-publish","4":"has-post-thumbnail","6":"product_brand-aspire-de","7":"product_cat-hervorgehobene-produkte","8":"product_cat-lieferbar-innerhalb-von-24-stunden-de","9":"product_cat-pods-de","10":"product_cat-vapes-pods-de","12":"first","13":"instock","14":"taxable","15":"shipping-taxable","16":"purchasable","17":"product-type-variable"},"acf":[],"jetpack_sharing_enabled":true,"_links":{"self":[{"href":"https:\/\/vapotheque.ch\/de\/wp-json\/wp\/v2\/product\/45844","targetHints":{"allow":["GET"]}}],"collection":[{"href":"https:\/\/vapotheque.ch\/de\/wp-json\/wp\/v2\/product"}],"about":[{"href":"https:\/\/vapotheque.ch\/de\/wp-json\/wp\/v2\/types\/product"}],"wp:featuredmedia":[{"embeddable":true,"href":"https:\/\/vapotheque.ch\/de\/wp-json\/wp\/v2\/media\/45818"}],"wp:attachment":[{"href":"https:\/\/vapotheque.ch\/de\/wp-json\/wp\/v2\/media?parent=45844"}],"wp:term":[{"taxonomy":"product_cat","embeddable":true,"href":"https:\/\/vapotheque.ch\/de\/wp-json\/wp\/v2\/product_cat?post=45844"},{"taxonomy":"product_tag","embeddable":true,"href":"https:\/\/vapotheque.ch\/de\/wp-json\/wp\/v2\/product_tag?post=45844"}],"curies":[{"name":"wp","href":"https:\/\/api.w.org\/{rel}","templated":true}]}}