{"id":45741,"date":"2025-06-18T18:33:23","date_gmt":"2025-06-18T16:33:23","guid":{"rendered":"https:\/\/vapotheque.ch\/boutique\/dampfeisenbahn-erdbeere-himbeere-kirsche-20-ml-60-ml\/"},"modified":"2026-04-10T22:33:13","modified_gmt":"2026-04-10T20:33:13","slug":"dampfeisenbahn-erdbeere-himbeere-kirsche-20-ml-60-ml","status":"publish","type":"product","link":"https:\/\/vapotheque.ch\/de\/shop\/dampfeisenbahn-erdbeere-himbeere-kirsche-20-ml-60-ml\/","title":{"rendered":"Dampfeisenbahn &#8211; Erdbeere Himbeere Kirsche 20 ml \/ 60 ml"},"content":{"rendered":"<h3 data-start=\"168\" data-end=\"252\">Dampfeisenbahn \u2013 Erdbeer-Himbeer-Kirsche (Einweg-Edition) \u2013 20\/60 ml<\/h3>\n<p data-start=\"253\" data-end=\"304\"><strong data-start=\"253\" data-end=\"304\">Ein Cocktail aus Beeren, der den Dampf err\u00f6ten l\u00e4sst!<\/strong><\/p>\n<p data-start=\"306\" data-end=\"599\">Hinweis f\u00fcr Liebhaber roter Fr\u00fcchte: <strong data-start=\"343\" data-end=\"392\">Dieses Konzentrat ist Ihr neuer Spielplatz<\/strong> ! Begeben Sie sich mit Steam Train auf eine <strong data-start=\"437\" data-end=\"465\">explosive und ultra-fruchtige<\/strong> Reise, bei der <strong data-start=\"473\" data-end=\"490\">s\u00fc\u00dfe Erdbeere<\/strong>, <strong data-start=\"495\" data-end=\"517\">spritzige Himbeere<\/strong> und <strong data-start=\"524\" data-end=\"542\">saftige Kirsche<\/strong> zu einer <strong data-start=\"563\" data-end=\"598\">Symphonie der Aromen verschmelzen, die zuschl\u00e4gt<\/strong>.<\/p>\n<p data-start=\"601\" data-end=\"859\">Jeder Zug ist, als w\u00fcrde man in ein <strong data-start=\"645\" data-end=\"681\">hochwertiges Bonbon mit roten Fr\u00fcchten<\/strong> bei\u00dfen, die man f\u00fcr die freien Tage neidisch in der Tasche hat. Eine <strong data-start=\"758\" data-end=\"792\">Gourmet- und leicht s\u00e4uerliche<\/strong> Mischung, sehr gut dosiert, die <strong data-start=\"825\" data-end=\"858\">Sie schon beim ersten Verdampfen zum Kentern bringt<\/strong>. <\/p>\n<p data-start=\"601\" data-end=\"859\"><strong><em>Achtung: Sehr frisches E-Liquid!<\/em><\/strong><\/p>\n<hr data-start=\"861\" data-end=\"864\">\n<h3 data-start=\"866\" data-end=\"900\">\u26a0\ufe0f Zu vermeiden:<\/h3>\n<p data-start=\"901\" data-end=\"1135\">Dieses Produkt ist ein <strong data-start=\"919\" data-end=\"938\">konzentriertes Aroma<\/strong>, was bedeutet, dass es vor dem Verdampfen <strong data-start=\"972\" data-end=\"1001\">mit einer PG\/VG-Basis<\/strong> (mit oder ohne Nikotin) verd\u00fcnnt werden muss.<br data-start=\"1044\" data-end=\"1047\"><strong data-start=\"1047\" data-end=\"1070\">Verwenden Sie nicht pur<\/strong>, es sei denn, Sie sind eine mutierte Erdbeere, die Ecstasy sucht.<\/p>\n<hr data-start=\"1137\" data-end=\"1140\">\n<h3 data-start=\"1142\" data-end=\"1192\">Warum dieses Konzentrat Funken schl\u00e4gt:<\/h3>\n<ul data-start=\"1194\" data-end=\"1502\">\n<li data-start=\"1194\" data-end=\"1244\">\n<p data-start=\"1196\" data-end=\"1244\">Weiche, s\u00fc\u00dfe <strong data-start=\"1199\" data-end=\"1209\">Erdbeere<\/strong>, die den Ton angibt<\/p>\n<\/li>\n<li data-start=\"1245\" data-end=\"1303\">\n<p data-start=\"1247\" data-end=\"1303\">Helle und w\u00fcrzige <strong data-start=\"1250\" data-end=\"1263\">Himbeere<\/strong> f\u00fcr einen spritzigen Twist<\/p>\n<\/li>\n<li data-start=\"1304\" data-end=\"1368\">\n<p data-start=\"1306\" data-end=\"1368\">Tiefe und samtige <strong data-start=\"1309\" data-end=\"1319\">Kirsche<\/strong>, die das Ganze abrundet<\/p>\n<\/li>\n<li data-start=\"1369\" data-end=\"1432\">\n<p data-start=\"1371\" data-end=\"1432\">Inspiriert von den besten fruchtigen Puffs und f\u00fcr DIY entwickelt<\/p>\n<\/li>\n<li data-start=\"1433\" data-end=\"1502\">\n<p data-start=\"1435\" data-end=\"1502\">20 ml Aroma in einer 60 ml Flasche, nach Belieben verd\u00fcnnt<\/p>\n<\/li>\n<\/ul>\n<hr data-start=\"1504\" data-end=\"1507\">\n<h3 data-start=\"1509\" data-end=\"1548\">Ein kleiner Tipp von einem Dampfgarer:<\/h3>\n<p data-start=\"1549\" data-end=\"1745\">Mischen Sie das Konzentrat mit einer neutralen Basis (PG\/VG), f\u00fcgen Sie bei Bedarf Ihre Booster hinzu, lassen Sie es einige Tage ziehen (3 bis 7, wenn Sie gut sind) und bereiten Sie sich <strong data-start=\"1696\" data-end=\"1744\">auf die Beerenlawine vor<\/strong>.<\/p>\n<hr data-start=\"1747\" data-end=\"1750\">\n<h3 data-start=\"1752\" data-end=\"1998\" data-is-last-node=\"\" data-is-only-node=\"\"><strong data-start=\"1763\" data-end=\"1809\">Die Erdbeer-Himbeer-Kirsche von Steam Train<\/strong> ist wie ein Korb mit frisch gepfl\u00fcckten Sommerbeeren, die wie ein Wettkampfpuff neu gemischt werden. <strong data-start=\"1905\" data-end=\"1940\">Ein echter Schuss fruchtiges Gl\u00fcck<\/strong>, der ohne M\u00e4\u00dfigung (nat\u00fcrlich nach Verd\u00fcnnung) konsumiert werden kann!<\/h3>\n<\/p>\n<h3><\/h3>\n<h3>Hilfe beim Boosten Ihres Terror Train Strawberry Raspberry Cherry E-Liquids :<\/h3>\n<p>Wenn Sie Ihre Erdbeer-Himbeer-Kirsche erhalten, m\u00fcssen Sie <a href=\"https:\/\/vapotheque.ch\/de\/kategorie\/diy-de\/boosters-diy-de\/\"><strong>Nikotin-Booster<\/strong><\/a> (falls erforderlich) sowie <strong><a href=\"https:\/\/vapotheque.ch\/de\/shop\/vapor-flavour-basis-30pg-70vg\/\">PG\/VG-Basis<\/a><\/strong> hinzuf\u00fcgen, bevor Sie sie verdampfen k\u00f6nnen. Die Flasche, die Sie erhalten, wird mit <strong>25 ml konzentriertem Aroma<\/strong> gef\u00fcllt. <\/p>\n<p>Der Reihe nach m\u00fcssen Sie <strong>also zuerst die notwendigen Nikotinverst\u00e4rker<\/strong> <strong>und dann die PG\/VG-Basis<\/strong> hinzuf\u00fcgen, um die Flasche fertig zu f\u00fcllen. Um Ihnen bei der Anzahl der <a href=\"https:\/\/vapotheque.ch\/de\/kategorie\/diy-de\/boosters-diy-de\/\"><strong>Nikotinbooster<\/strong><\/a> und der <strong><a href=\"https:\/\/vapotheque.ch\/de\/shop\/vapor-flavour-basis-30pg-70vg\/\">ben\u00f6tigten PG\/VG-Grundmenge<\/a><\/strong> zu helfen, finden Sie im Folgenden einige Beispiele: <\/p>\n<ul>\n<li>F\u00fcr 3 mg\/ml Nikotin m\u00fcssen Sie 1x <a href=\"https:\/\/vapotheque.ch\/de\/kategorie\/diy-de\/boosters-diy-de\/\"><strong>Nikotinbooster<\/strong><\/a> und 1x 100 ml <strong><a href=\"https:\/\/vapotheque.ch\/de\/shop\/vapor-flavour-basis-30pg-70vg\/\">Base 30 PG \/ 70 VG bestellen.<\/a><\/strong> Du gie\u00dft deinen Booster in die Flasche Terror Train und dann f\u00fcllst du die Flasche mit dem PG \/ VG \/ VG Boden auf. <\/li>\n<li>F\u00fcr 6 mg\/ml Nikotin m\u00fcssen Sie 2x <a href=\"https:\/\/vapotheque.ch\/de\/kategorie\/diy-de\/boosters-diy-de\/\"><strong>Nikotinbooster<\/strong><\/a> und 1x 100 ml <strong><a href=\"https:\/\/vapotheque.ch\/de\/shop\/vapor-flavour-basis-30pg-70vg\/\">30 PG\/70 VG Base<\/a><\/strong> bestellen. Du gie\u00dft deinen Booster in die Flasche Terror Train und dann f\u00fcllst du die Flasche mit dem PG \/ VG \/ VG Boden auf. <\/li>\n<li>F\u00fcr 9 mg\/ml m\u00fcssen Sie 3x <a href=\"https:\/\/vapotheque.ch\/de\/kategorie\/diy-de\/boosters-diy-de\/\"><strong>Nikotinbooster<\/strong><\/a> und 1x 100 ml <strong><a href=\"https:\/\/vapotheque.ch\/de\/shop\/vapor-flavour-basis-30pg-70vg\/\">30 PG\/70 VG Base<\/a><\/strong> bestellen. Du gie\u00dft deinen Booster in die Flasche Terror Train und dann f\u00fcllst du die Flasche mit dem PG \/ VG \/ VG Boden auf. <\/li>\n<\/ul>\n<p><strong>Und so weiter bis zum maximalen Volumen der Flasche.<\/strong><\/p>\n<p><strong>Wenn nach dem F\u00fcllen der Flasche noch etwas vom Boden \u00fcbrig ist, denken Sie daran, ihn vor Licht gesch\u00fctzt und bei Raumtemperatur aufzubewahren. Sie k\u00f6nnen es bei Ihrer n\u00e4chsten Bestellung verwenden. <\/strong><\/p>\n<\/p>\n<p><strong>Wichtig<\/strong> : Aromakonzentrat 25 ml, verkauft in der 75 ml Flasche.<\/p>\n<p class=\"class-fabrication\">Hergestellt in Griechenland; Dosierung: 100% PG.<\/p>\n<p>Sehen Sie sich weitere Produkte der Marke <a href=\"..\/..\/marque\/steam-train\/\" target=\"_blank\" rel=\"noopener\">Steam Train<\/a> an.<\/p>\n<p>Erhalten Sie Rabatte oder die neuesten Informationen \u00fcber die Dampfeisenbahn, indem Sie uns auf <a href=\"https:\/\/www.facebook.com\/VapeAigleCH\" target=\"_blank\" rel=\"noopener\">Facebook<\/a> oder <a href=\"https:\/\/www.instagram.com\/vapotheque_aigle\/\" target=\"_blank\" rel=\"noopener\">Instagram<\/a> folgen.<\/p>\n","protected":false},"excerpt":{"rendered":"<p>Dampfeisenbahn \u2013 Erdbeer-Himbeer-Kirsche (Einweg-Edition) \u2013 20\/60 ml Ein Cocktail aus Beeren, der den Dampf err\u00f6ten l\u00e4sst! Hinweis f\u00fcr Liebhaber roter Fr\u00fcchte: Dieses Konzentrat ist Ihr neuer Spielplatz ! Begeben Sie sich mit Steam Train auf eine explosive und ultra-fruchtige Reise, bei der s\u00fc\u00dfe Erdbeere, spritzige Himbeere und saftige Kirsche zu einer Symphonie der Aromen verschmelzen, [&hellip;]<\/p>\n","protected":false},"featured_media":45739,"template":"","meta":{"_acf_changed":false},"product_cat":[2064,405,404,442,408,1679],"product_tag":[],"class_list":{"0":"post-45741","1":"product","2":"type-product","3":"status-publish","4":"has-post-thumbnail","6":"product_brand-steam-train-de","7":"product_cat-20-ml-fur-60-ml-einweg","8":"product_cat-e-liquids","9":"product_cat-fruchtig","10":"product_cat-hervorgehobene-produkte","11":"product_cat-lieferbar-innerhalb-von-24-stunden-de","12":"product_cat-menge-e-flussigkeit-kapazitat-flasche","14":"first","15":"instock","16":"taxable","17":"shipping-taxable","18":"purchasable","19":"product-type-simple"},"acf":[],"jetpack_sharing_enabled":true,"_links":{"self":[{"href":"https:\/\/vapotheque.ch\/de\/wp-json\/wp\/v2\/product\/45741","targetHints":{"allow":["GET"]}}],"collection":[{"href":"https:\/\/vapotheque.ch\/de\/wp-json\/wp\/v2\/product"}],"about":[{"href":"https:\/\/vapotheque.ch\/de\/wp-json\/wp\/v2\/types\/product"}],"wp:featuredmedia":[{"embeddable":true,"href":"https:\/\/vapotheque.ch\/de\/wp-json\/wp\/v2\/media\/45739"}],"wp:attachment":[{"href":"https:\/\/vapotheque.ch\/de\/wp-json\/wp\/v2\/media?parent=45741"}],"wp:term":[{"taxonomy":"product_cat","embeddable":true,"href":"https:\/\/vapotheque.ch\/de\/wp-json\/wp\/v2\/product_cat?post=45741"},{"taxonomy":"product_tag","embeddable":true,"href":"https:\/\/vapotheque.ch\/de\/wp-json\/wp\/v2\/product_tag?post=45741"}],"curies":[{"name":"wp","href":"https:\/\/api.w.org\/{rel}","templated":true}]}}