{"id":45734,"date":"2025-06-18T16:29:32","date_gmt":"2025-06-18T14:29:32","guid":{"rendered":"https:\/\/vapotheque.ch\/boutique\/dampfeisenbahn-pfirsich-eis-20-ml-60-ml\/"},"modified":"2025-11-11T13:25:04","modified_gmt":"2025-11-11T12:25:04","slug":"dampfeisenbahn-pfirsich-eis-20-ml-60-ml","status":"publish","type":"product","link":"https:\/\/vapotheque.ch\/de\/shop\/dampfeisenbahn-pfirsich-eis-20-ml-60-ml\/","title":{"rendered":"Dampfeisenbahn &#8211; Pfirsich Eis 20 ml \/ 60 ml"},"content":{"rendered":"<h3 data-start=\"138\" data-end=\"208\">\u2744\ufe0f <strong data-start=\"147\" data-end=\"206\">Dampfeisenbahn \u2013 Pfirsicheis (Einweg-Edition) \u2013 20\/60 ml<\/strong><\/h3>\n<p data-start=\"209\" data-end=\"263\"><strong data-start=\"209\" data-end=\"263\">Ein One-Way-Ticket zur ultimativen fruchtigen Frische!<\/strong><\/p>\n<p data-start=\"265\" data-end=\"543\">Machen Sie sich bereit, <strong data-start=\"301\" data-end=\"326\">in den Zug der Frische<\/strong> zu steigen, auf dem Weg zum <strong data-start=\"338\" data-end=\"375\">frostigen Angeln und Nervenkitzel garantiert<\/strong>! Mit <strong data-start=\"383\" data-end=\"396\">Peach Ice<\/strong> greift Steam Train einen der gro\u00dfen Klassiker der Einweg-Puffs in einer konzentrierten Version auf, f\u00fcr ein <strong data-start=\"496\" data-end=\"542\">stilvolleres, intensiveres und eisigeres DIY.<\/strong><\/p>\n<p data-start=\"545\" data-end=\"831\">Auf der Speisekarte: ein <strong data-start=\"559\" data-end=\"586\">saftiger und s\u00fc\u00dfer Pfirsich<\/strong> , als w\u00e4re er in der Sonne gepfl\u00fcckt&#8230; Aber sofort in ein Eisbad eintauchen f\u00fcr einen <strong data-start=\"670\" data-end=\"724\">erfrischenden Effekt, der Sie mit jedem Zug packt<\/strong>. Eine Explosion von Geschmack und Frische, die jeden Zug in einen <strong data-start=\"799\" data-end=\"830\">beruhigenden, fruchtigen Schlag<\/strong> verwandelt. <\/p>\n<p data-start=\"545\" data-end=\"831\"><strong><em>Achtung: Sehr frisches E-Liquid!<\/em><\/strong><\/p>\n<hr data-start=\"833\" data-end=\"836\">\n<h3 data-start=\"838\" data-end=\"869\"><strong data-start=\"845\" data-end=\"869\">Wichtig zu wissen:<\/strong><\/h3>\n<p data-start=\"870\" data-end=\"1062\">Dieses Produkt ist ein <strong data-start=\"888\" data-end=\"907\">konzentriertes Aroma<\/strong>. Es sollte vor Gebrauch mit einer PG\/VG-Basis (mit oder ohne Nikotin) <strong data-start=\"912\" data-end=\"931\">verd\u00fcnnt werden<\/strong> . <br data-start=\"994\" data-end=\"997\"><strong data-start=\"997\" data-end=\"1022\">Verdampfen Sie nicht so, wie es ist<\/strong>&#8230; Es sei denn, Sie sind eine Wolke. Und wieder. <\/p>\n<hr data-start=\"1064\" data-end=\"1067\">\n<h3 data-start=\"1069\" data-end=\"1117\"><strong data-start=\"1076\" data-end=\"1117\">Warum an Bord der Peach Ice?<\/strong><\/h3>\n<ul data-start=\"1119\" data-end=\"1486\">\n<li data-start=\"1119\" data-end=\"1181\">\n<p data-start=\"1121\" data-end=\"1181\">Ein <strong data-start=\"1128\" data-end=\"1151\">ultra-saftiger Pfirsich<\/strong> mit einem nat\u00fcrlichen, nicht chemischen Geschmack<\/p>\n<\/li>\n<li data-start=\"1182\" data-end=\"1261\">\n<p data-start=\"1184\" data-end=\"1261\">\u2744\ufe0f Eine <strong data-start=\"1191\" data-end=\"1213\">eisige Frische<\/strong> , die den Genuss verl\u00e4ngert und die Geschmacksknospen reinigt<\/p>\n<\/li>\n<li data-start=\"1262\" data-end=\"1325\">\n<p data-start=\"1264\" data-end=\"1325\">Inspiriert von den besten fruchtigen und frischen Einweg-Puffs<\/p>\n<\/li>\n<li data-start=\"1326\" data-end=\"1401\">\n<p data-start=\"1328\" data-end=\"1401\">Hergestellt in Zypern von den Experten f\u00fcr fruchtigen Dampf: Steam Train<\/p>\n<\/li>\n<li data-start=\"1402\" data-end=\"1486\">\n<p data-start=\"1404\" data-end=\"1486\">\u2697\ufe0f 20 ml Flasche zum Verd\u00fcnnen, um 60 ml perfekt ausbalanciertes E-Liquid zu erhalten<\/p>\n<\/li>\n<\/ul>\n<hr data-start=\"1488\" data-end=\"1491\">\n<h3 data-start=\"1493\" data-end=\"1529\"><strong data-start=\"1500\" data-end=\"1529\">Ratschl\u00e4ge des Bahnhofsvorstehers:<\/strong><\/h3>\n<p data-start=\"1530\" data-end=\"1759\">F\u00fcr beste Ergebnisse mischst Du Dein Konzentrat je nach Vorliebe mit einer <strong data-start=\"1595\" data-end=\"1604\">50\/50<\/strong> oder <strong data-start=\"1608\" data-end=\"1617\">30\/70<\/strong> Basis, f\u00fcgst bei Bedarf Deine Booster hinzu, ziehe <strong data-start=\"1682\" data-end=\"1705\">es 3 bis 7 Tage<\/strong> lang ziehen und los geht&#8217;s zu einer <strong data-start=\"1732\" data-end=\"1757\">Wolke aus eisigem Pfirsich<\/strong> !<\/p>\n<hr data-start=\"1761\" data-end=\"1764\">\n<h3 data-start=\"1766\" data-end=\"1975\" data-is-last-node=\"\" data-is-only-node=\"\">\u2744\ufe0f <strong data-start=\"1775\" data-end=\"1803\">Peach Ice von Steam Train<\/strong> ist wie der <strong data-start=\"1817\" data-end=\"1861\">Biss in einen frostigen Pfirsich mitten<\/strong> in der W\u00fcste: ultrafruchtig, ultra frisch und einfach <strong data-start=\"1910\" data-end=\"1926\">unwiderstehlich<\/strong>. Sind Sie bereit, fruchtig frische Luft zu schnappen? <\/p>\n<\/h3>\n<p><strong>ACHTUNG: Dieses Produkt ist ein konzentriertes Aroma von 25 ml, das vor Gebrauch verd\u00fcnnt werden muss!<\/strong><\/p>\n<\/p>\n<h3><\/h3>\n<h3>Hilf dabei, dein Peach Ice E-Liquid aufzuwerten:<\/h3>\n<p>Wenn Sie Ihr Peach Ice erhalten, m\u00fcssen Sie die <a href=\"https:\/\/vapotheque.ch\/de\/kategorie\/diy-de\/boosters-diy-de\/\"><strong>Nikotinbooster<\/strong><\/a> (falls erforderlich) sowie die <strong><a href=\"https:\/\/vapotheque.ch\/de\/shop\/vapor-flavour-basis-30pg-70vg\/\">PG\/VG-Basis<\/a><\/strong> hinzuf\u00fcgen, bevor Sie es verdampfen k\u00f6nnen. Die Flasche, die Sie erhalten, wird mit <strong>25 ml konzentriertem Aroma<\/strong> gef\u00fcllt. <\/p>\n<p>Der Reihe nach m\u00fcssen Sie <strong>also zuerst die notwendigen Nikotinverst\u00e4rker<\/strong> <strong>und dann die PG\/VG-Basis<\/strong> hinzuf\u00fcgen, um die Flasche fertig zu f\u00fcllen. Um Ihnen bei der Anzahl der <a href=\"https:\/\/vapotheque.ch\/de\/kategorie\/diy-de\/boosters-diy-de\/\"><strong>Nikotinbooster<\/strong><\/a> und der <strong><a href=\"https:\/\/vapotheque.ch\/de\/shop\/vapor-flavour-basis-30pg-70vg\/\">ben\u00f6tigten PG\/VG-Grundmenge<\/a><\/strong> zu helfen, finden Sie im Folgenden einige Beispiele: <\/p>\n<ul>\n<li>F\u00fcr 3 mg\/ml Nikotin m\u00fcssen Sie 1x <a href=\"https:\/\/vapotheque.ch\/de\/kategorie\/diy-de\/boosters-diy-de\/\"><strong>Nikotinbooster<\/strong><\/a> und 1x 100 ml <strong><a href=\"https:\/\/vapotheque.ch\/de\/shop\/vapor-flavour-basis-30pg-70vg\/\">Base 30 PG \/ 70 VG bestellen.<\/a><\/strong> Sie gie\u00dfen Ihren Booster in die Flasche mit E-Liquid und f\u00fcllen dann die Flasche mit der PG \/ VG \/ VG-Basis auf. <\/li>\n<li>F\u00fcr 6 mg\/ml Nikotin m\u00fcssen Sie 2x <a href=\"https:\/\/vapotheque.ch\/de\/kategorie\/diy-de\/boosters-diy-de\/\"><strong>Nikotinbooster<\/strong><\/a> und 1x 100 ml <strong><a href=\"https:\/\/vapotheque.ch\/de\/shop\/vapor-flavour-basis-30pg-70vg\/\">30 PG\/70 VG Base<\/a><\/strong> bestellen. Sie gie\u00dfen Ihren Booster in die Flasche mit E-Liquid und f\u00fcllen dann die Flasche mit der PG \/ VG \/ VG-Basis auf. <\/li>\n<li>F\u00fcr 9 mg\/ml m\u00fcssen Sie 3x <a href=\"https:\/\/vapotheque.ch\/de\/kategorie\/diy-de\/boosters-diy-de\/\"><strong>Nikotinbooster<\/strong><\/a> und 1x 100 ml <strong><a href=\"https:\/\/vapotheque.ch\/de\/shop\/vapor-flavour-basis-30pg-70vg\/\">30 PG\/70 VG Base<\/a><\/strong> bestellen. Sie gie\u00dfen Ihren Booster in die Flasche mit E-Liquid und f\u00fcllen dann die Flasche mit der PG \/ VG \/ VG-Basis auf. <\/li>\n<\/ul>\n<p><strong>Und so weiter bis zum maximalen Volumen der Flasche.<\/strong><\/p>\n<p><strong>Wenn nach dem F\u00fcllen der Flasche noch etwas vom Boden \u00fcbrig ist, denken Sie daran, ihn vor Licht gesch\u00fctzt und bei Raumtemperatur aufzubewahren. Sie k\u00f6nnen es bei Ihrer n\u00e4chsten Bestellung verwenden. <\/strong><\/p>\n<\/p>\n<p>Wichtig: Aromakonzentrat 25 ml, verkauft in der 75 ml Flasche.<\/p>\n<p class=\"class-fabrication\">Hergestellt in Griechenland; Dosierung: 100% PG.<\/p>\n<p>Sehen Sie sich weitere Produkte der Marke <a href=\"..\/..\/marque\/steam-train\/\" target=\"_blank\" rel=\"noopener\">Steam Train<\/a> an.<\/p>\n<p>Erhalten Sie Rabatte oder die neuesten Informationen \u00fcber die Dampfeisenbahn, indem Sie uns auf <a href=\"https:\/\/www.facebook.com\/VapeAigleCH\" target=\"_blank\" rel=\"noopener\">Facebook<\/a> oder <a href=\"https:\/\/www.instagram.com\/vapotheque_aigle\/\" target=\"_blank\" rel=\"noopener\">Instagram<\/a> folgen.<\/p>\n","protected":false},"excerpt":{"rendered":"<p>\u2744\ufe0f Dampfeisenbahn \u2013 Pfirsicheis (Einweg-Edition) \u2013 20\/60 ml Ein One-Way-Ticket zur ultimativen fruchtigen Frische! Machen Sie sich bereit, in den Zug der Frische zu steigen, auf dem Weg zum frostigen Angeln und Nervenkitzel garantiert! Mit Peach Ice greift Steam Train einen der gro\u00dfen Klassiker der Einweg-Puffs in einer konzentrierten Version auf, f\u00fcr ein stilvolleres, intensiveres [&hellip;]<\/p>\n","protected":false},"featured_media":45730,"template":"","meta":{"_acf_changed":false},"product_cat":[2064,405,404,442,408,1679],"product_tag":[],"class_list":{"0":"post-45734","1":"product","2":"type-product","3":"status-publish","4":"has-post-thumbnail","6":"product_brand-steam-train-de","7":"product_cat-20-ml-fur-60-ml-einweg","8":"product_cat-e-liquids","9":"product_cat-fruchtig","10":"product_cat-hervorgehobene-produkte","11":"product_cat-lieferbar-innerhalb-von-24-stunden-de","12":"product_cat-menge-e-flussigkeit-kapazitat-flasche","14":"first","15":"outofstock","16":"taxable","17":"shipping-taxable","18":"purchasable","19":"product-type-simple"},"acf":[],"jetpack_sharing_enabled":true,"_links":{"self":[{"href":"https:\/\/vapotheque.ch\/de\/wp-json\/wp\/v2\/product\/45734","targetHints":{"allow":["GET"]}}],"collection":[{"href":"https:\/\/vapotheque.ch\/de\/wp-json\/wp\/v2\/product"}],"about":[{"href":"https:\/\/vapotheque.ch\/de\/wp-json\/wp\/v2\/types\/product"}],"wp:featuredmedia":[{"embeddable":true,"href":"https:\/\/vapotheque.ch\/de\/wp-json\/wp\/v2\/media\/45730"}],"wp:attachment":[{"href":"https:\/\/vapotheque.ch\/de\/wp-json\/wp\/v2\/media?parent=45734"}],"wp:term":[{"taxonomy":"product_cat","embeddable":true,"href":"https:\/\/vapotheque.ch\/de\/wp-json\/wp\/v2\/product_cat?post=45734"},{"taxonomy":"product_tag","embeddable":true,"href":"https:\/\/vapotheque.ch\/de\/wp-json\/wp\/v2\/product_tag?post=45734"}],"curies":[{"name":"wp","href":"https:\/\/api.w.org\/{rel}","templated":true}]}}