{"id":45733,"date":"2025-06-18T15:40:25","date_gmt":"2025-06-18T13:40:25","guid":{"rendered":"https:\/\/vapotheque.ch\/boutique\/dampfeisenbahn-doppelapfel-20-ml-60-ml\/"},"modified":"2026-04-10T22:33:13","modified_gmt":"2026-04-10T20:33:13","slug":"dampfeisenbahn-doppelapfel-20-ml-60-ml","status":"publish","type":"product","link":"https:\/\/vapotheque.ch\/de\/shop\/dampfeisenbahn-doppelapfel-20-ml-60-ml\/","title":{"rendered":"Dampfeisenbahn &#8211; Doppelapfel 20 ml \/ 60 ml"},"content":{"rendered":"<h3 data-start=\"154\" data-end=\"225\"><strong data-start=\"161\" data-end=\"223\">Dampfeisenbahn \u2013 Doppelapfel (Einweg-Edition) \u2013 20\/60 ml<\/strong><\/h3>\n<p data-start=\"226\" data-end=\"275\"><strong data-start=\"231\" data-end=\"273\">Zwei \u00c4pfel, doppelter Spa\u00df<\/strong> !<\/p>\n<p data-start=\"277\" data-end=\"682\">Bereiten Sie Ihre Geschmacksknospen auf eine <strong data-start=\"307\" data-end=\"343\">Expressreise ins Herz des Obstgartens<\/strong>, in Richtung <em data-start=\"355\" data-end=\"367\">Saveurland<\/em> , vor! Mit dem <strong data-start=\"375\" data-end=\"391\">Double Apple<\/strong> von Steam Train begeben wir uns auf ein fruchtiges Erlebnis in <strong data-start=\"448\" data-end=\"463\">luftiger<\/strong> H\u00f6he, bei <strong data-start=\"468\" data-end=\"496\">dem der knackige gr\u00fcne Apfel<\/strong> freudig mit <strong data-start=\"521\" data-end=\"557\">dem s\u00fc\u00dfen und saftigen roten Apfel<\/strong> flirtet. Ein perfekt ausbalanciertes Duo aus spritziger Frische und nat\u00fcrlicher S\u00fc\u00dfe, das Ihre Sinne bei jedem Zug erschauern l\u00e4sst. <\/p>\n<p data-start=\"684\" data-end=\"891\">Diese <strong data-start=\"690\" data-end=\"722\">&#8220;Disposable Edition&#8221;<\/strong> ist eine Hommage an die \u00e4u\u00dferst beliebten Puffs mit Apfelgeschmack, aber mit <strong data-start=\"796\" data-end=\"835\">der Premium-Qualit\u00e4t und dem DIY-Format<\/strong> als Bonus. Es liegt an Ihnen, zu dosieren, zu personalisieren&#8230; und genie\u00dfen! <\/p>\n<p data-start=\"684\" data-end=\"891\"><strong><em>Achtung: Sehr frisches E-Liquid!<\/em><\/strong><\/p>\n<hr data-start=\"893\" data-end=\"896\">\n<h3 data-start=\"898\" data-end=\"949\">\u26a0\ufe0f <strong data-start=\"905\" data-end=\"949\">Was Sie wissen sollten, bevor Sie in den Zug steigen:<\/strong><\/h3>\n<p data-start=\"950\" data-end=\"1192\">Bei diesem Produkt handelt es sich um ein <strong data-start=\"968\" data-end=\"987\">konzentriertes Aroma<\/strong> : Es muss vor der Verwendung in einer PG\/VG-Basis mit oder ohne Nikotin <strong data-start=\"1018\" data-end=\"1027\">verd\u00fcnnt<\/strong> werden. <strong data-start=\"1089\" data-end=\"1128\">Er kann nicht so verdampft werden, wie er ist!<\/strong><br data-start=\"1128\" data-end=\"1131\">(Es sei denn, Sie sind eine Lokomotive, aber wir bezweifeln es.)<\/p>\n<hr data-start=\"1194\" data-end=\"1197\">\n<h3 data-start=\"1199\" data-end=\"1250\"><strong data-start=\"1206\" data-end=\"1250\">Warum an Bord der Double Apple?<\/strong><\/h3>\n<ul data-start=\"1252\" data-end=\"1623\">\n<li data-start=\"1252\" data-end=\"1311\">\n<p data-start=\"1254\" data-end=\"1311\">Eine <strong data-start=\"1260\" data-end=\"1309\">explosive Kombination aus zwei sich erg\u00e4nzenden \u00c4pfeln<\/strong><\/p>\n<\/li>\n<li data-start=\"1312\" data-end=\"1421\">\n<p data-start=\"1314\" data-end=\"1421\">Ein <strong data-start=\"1321\" data-end=\"1371\">Rezept, das von den besten Einweg-Puffs inspiriert ist<\/strong>, aber in <strong data-start=\"1389\" data-end=\"1419\">einer hochwertigen und anpassbaren<\/strong> Version<\/p>\n<\/li>\n<li data-start=\"1422\" data-end=\"1503\">\n<p data-start=\"1424\" data-end=\"1503\">Sorgf\u00e4ltig hergestellt in Zypern, von den Handwerkern des Geschmacks bei <strong data-start=\"1486\" data-end=\"1501\">Steam Train<\/strong><\/p>\n<\/li>\n<li data-start=\"1504\" data-end=\"1623\">\n<p data-start=\"1506\" data-end=\"1623\">20 ml Aroma zum Verd\u00fcnnen in einer 60 ml Flasche (f\u00fcr einen Endsaft von 60 ml nach Zugabe von Base und Boostern)<\/p>\n<\/li>\n<\/ul>\n<hr data-start=\"1625\" data-end=\"1628\">\n<h3 data-start=\"1630\" data-end=\"1665\"><strong data-start=\"1637\" data-end=\"1665\">Tipp des Sendermeisters:<\/strong><\/h3>\n<p data-start=\"1666\" data-end=\"1861\">M\u00f6chten Sie einen fruchtigen Look, ohne s\u00fc\u00dflich zu sein? Mische das Konzentrat mit einer <strong data-start=\"1755\" data-end=\"1773\">50\/50 oder 30\/70<\/strong> Basis, je nach Deinem Verdampfungsstil, lass es <strong data-start=\"1809\" data-end=\"1835\">ein paar Tage ziehen<\/strong> und los geht&#8217;s! <\/p>\n<hr data-start=\"1863\" data-end=\"1866\">\n<h3 data-start=\"1868\" data-end=\"2070\" data-is-last-node=\"\" data-is-only-node=\"\">Double Apple of Steam Train, es ist die Garantie einer One-Way-Karte f\u00fcr einen <strong data-start=\"1951\" data-end=\"1989\">fruchtigen, druckvollen und leckeren Dampf<\/strong>, ohne langweilige Stopps in der langweiligen Station. Kommen Sie an Bord&#8230; Es wird die Geschmacksknospen ersch\u00fcttern! <\/h3>\n<p><strong>ACHTUNG: Bei diesem Produkt handelt es sich um ein 20ml konzentriertes Aroma, das vor Gebrauch verd\u00fcnnt werden muss!<\/strong><\/p>\n<\/p>\n<h3><\/h3>\n<h3>Helfen Sie mit, Ihr Double Apple E-Liquid zu verbessern:<\/h3>\n<p>Wenn Sie Ihren Double Apple erhalten, m\u00fcssen Sie die <a href=\"https:\/\/vapotheque.ch\/de\/kategorie\/diy-de\/boosters-diy-de\/\"><strong>Nikotinbooster<\/strong><\/a> (falls erforderlich) sowie die <strong><a href=\"https:\/\/vapotheque.ch\/de\/shop\/vapor-flavour-basis-30pg-70vg\/\">PG\/VG-Basis<\/a><\/strong> hinzuf\u00fcgen, bevor Sie ihn verdampfen k\u00f6nnen. Die Flasche, die Sie erhalten, wird mit <strong>20 ml konzentriertem Aroma<\/strong> gef\u00fcllt. <\/p>\n<p>Der Reihe nach m\u00fcssen Sie <strong>also zuerst die notwendigen Nikotinverst\u00e4rker<\/strong> <strong>und dann die PG\/VG-Basis<\/strong> hinzuf\u00fcgen, um die Flasche fertig zu f\u00fcllen. Um Ihnen bei der Anzahl der <a href=\"https:\/\/vapotheque.ch\/de\/kategorie\/diy-de\/boosters-diy-de\/\"><strong>Nikotinbooster<\/strong><\/a> und der <strong><a href=\"https:\/\/vapotheque.ch\/de\/shop\/vapor-flavour-basis-30pg-70vg\/\">ben\u00f6tigten PG\/VG-Grundmenge<\/a><\/strong> zu helfen, finden Sie im Folgenden einige Beispiele: <\/p>\n<ul>\n<li>F\u00fcr 3 mg\/ml Nikotin m\u00fcssen Sie 1x <a href=\"https:\/\/vapotheque.ch\/de\/kategorie\/diy-de\/boosters-diy-de\/\"><strong>Nikotinbooster<\/strong><\/a> und 1x 100 ml <strong><a href=\"https:\/\/vapotheque.ch\/de\/shop\/vapor-flavour-basis-30pg-70vg\/\">Base 30 PG \/ 70 VG bestellen.<\/a><\/strong> Sie gie\u00dfen Ihren Booster in die Flasche mit E-Liquid und f\u00fcllen dann die Flasche mit der PG \/ VG \/ VG-Basis auf. <\/li>\n<li>F\u00fcr 6 mg\/ml Nikotin m\u00fcssen Sie 2x <a href=\"https:\/\/vapotheque.ch\/de\/kategorie\/diy-de\/boosters-diy-de\/\"><strong>Nikotinbooster<\/strong><\/a> und 1x 100 ml <strong><a href=\"https:\/\/vapotheque.ch\/de\/shop\/vapor-flavour-basis-30pg-70vg\/\">30 PG\/70 VG Base<\/a><\/strong> bestellen. Sie gie\u00dfen Ihren Booster in die Flasche mit E-Liquid und f\u00fcllen dann die Flasche mit der PG \/ VG \/ VG-Basis auf. <\/li>\n<li>F\u00fcr 9 mg\/ml m\u00fcssen Sie 3x <a href=\"https:\/\/vapotheque.ch\/de\/kategorie\/diy-de\/boosters-diy-de\/\"><strong>Nikotinbooster<\/strong><\/a> und 1x 100 ml <strong><a href=\"https:\/\/vapotheque.ch\/de\/shop\/vapor-flavour-basis-30pg-70vg\/\">30 PG\/70 VG Base<\/a><\/strong> bestellen. Sie gie\u00dfen Ihren Booster in die Flasche mit E-Liquid und f\u00fcllen dann die Flasche mit der PG \/ VG \/ VG-Basis auf. <\/li>\n<\/ul>\n<p><strong>Und so weiter bis zum maximalen Volumen der Flasche.<\/strong><\/p>\n<p><strong>Wenn nach dem F\u00fcllen der Flasche noch etwas vom Boden \u00fcbrig ist, denken Sie daran, ihn vor Licht gesch\u00fctzt und bei Raumtemperatur aufzubewahren. Sie k\u00f6nnen es bei Ihrer n\u00e4chsten Bestellung verwenden. <\/strong><\/p>\n<\/p>\n<p>Wichtig: Aromakonzentrat 20 ml, verkauft in der 60 ml Flasche.<\/p>\n<p class=\"class-fabrication\">Hergestellt in Griechenland; Dosierung: 100% PG.<\/p>\n<p>Sehen Sie sich weitere Produkte der Marke <a href=\"..\/..\/product_brand\/steam-train\/\" target=\"_blank\" rel=\"noopener\">Steam Train<\/a> an.<\/p>\n<p>Erhalten Sie Rabatte oder die neuesten Informationen \u00fcber die Dampfeisenbahn, indem Sie uns auf <a href=\"https:\/\/www.facebook.com\/VapeAigleCH\" target=\"_blank\" rel=\"noopener\">Facebook<\/a> oder <a href=\"https:\/\/www.instagram.com\/vapotheque_aigle\/\" target=\"_blank\" rel=\"noopener\">Instagram<\/a> folgen.<\/p>\n","protected":false},"excerpt":{"rendered":"<p>Dampfeisenbahn \u2013 Doppelapfel (Einweg-Edition) \u2013 20\/60 ml Zwei \u00c4pfel, doppelter Spa\u00df ! Bereiten Sie Ihre Geschmacksknospen auf eine Expressreise ins Herz des Obstgartens, in Richtung Saveurland , vor! Mit dem Double Apple von Steam Train begeben wir uns auf ein fruchtiges Erlebnis in luftiger H\u00f6he, bei dem der knackige gr\u00fcne Apfel freudig mit dem s\u00fc\u00dfen [&hellip;]<\/p>\n","protected":false},"featured_media":45727,"template":"","meta":{"_acf_changed":false},"product_cat":[2064,405,404,442,408,1679],"product_tag":[],"class_list":{"0":"post-45733","1":"product","2":"type-product","3":"status-publish","4":"has-post-thumbnail","6":"product_brand-steam-train-de","7":"product_cat-20-ml-fur-60-ml-einweg","8":"product_cat-e-liquids","9":"product_cat-fruchtig","10":"product_cat-hervorgehobene-produkte","11":"product_cat-lieferbar-innerhalb-von-24-stunden-de","12":"product_cat-menge-e-flussigkeit-kapazitat-flasche","14":"first","15":"instock","16":"taxable","17":"shipping-taxable","18":"purchasable","19":"product-type-simple"},"acf":[],"jetpack_sharing_enabled":true,"_links":{"self":[{"href":"https:\/\/vapotheque.ch\/de\/wp-json\/wp\/v2\/product\/45733","targetHints":{"allow":["GET"]}}],"collection":[{"href":"https:\/\/vapotheque.ch\/de\/wp-json\/wp\/v2\/product"}],"about":[{"href":"https:\/\/vapotheque.ch\/de\/wp-json\/wp\/v2\/types\/product"}],"wp:featuredmedia":[{"embeddable":true,"href":"https:\/\/vapotheque.ch\/de\/wp-json\/wp\/v2\/media\/45727"}],"wp:attachment":[{"href":"https:\/\/vapotheque.ch\/de\/wp-json\/wp\/v2\/media?parent=45733"}],"wp:term":[{"taxonomy":"product_cat","embeddable":true,"href":"https:\/\/vapotheque.ch\/de\/wp-json\/wp\/v2\/product_cat?post=45733"},{"taxonomy":"product_tag","embeddable":true,"href":"https:\/\/vapotheque.ch\/de\/wp-json\/wp\/v2\/product_tag?post=45733"}],"curies":[{"name":"wp","href":"https:\/\/api.w.org\/{rel}","templated":true}]}}