{"id":45657,"date":"2025-06-07T14:06:40","date_gmt":"2025-06-07T12:06:40","guid":{"rendered":"https:\/\/vapotheque.ch\/boutique\/vaporesso-luxe-xr-max-2\/"},"modified":"2025-11-08T15:00:31","modified_gmt":"2025-11-08T14:00:31","slug":"vaporesso-luxe-xr-max-2","status":"publish","type":"product","link":"https:\/\/vapotheque.ch\/de\/shop\/vaporesso-luxe-xr-max-2\/","title":{"rendered":"Vaporesso &#8211; Luxe XR Max 2"},"content":{"rendered":"<h3 data-start=\"153\" data-end=\"230\"><strong data-start=\"157\" data-end=\"230\">  Vaporesso Luxe XR Max 2 \u2013 Der Pod, der (noch) gr\u00f6\u00dfer denkt!  <\/strong><\/h3>\n<p data-start=\"232\" data-end=\"619\">H\u00e4ngen Sie Ihre Tropfspitzen auf, das Ph\u00e4nomen ist zur\u00fcck! Nachdem alle mit dem <g id=\"gid_0\">Luxe XR Max<\/g> einverstanden sind, ist Vaporesso mit einer <g id=\"gid_1\">noch muskul\u00f6seren, clevereren und stilvolleren<\/g> Version zur\u00fcck: Hier ist der <g id=\"gid_2\">Luxe XR Max 2, der Rockstar<\/g> der neuen Generation von Pods. Es ist mehr als nur ein Update, es ist ein echter Sprung nach vorne&#8230; Und Sie werden schnell verstehen, warum.  <\/p>\n<hr data-start=\"621\" data-end=\"624\">\n<h3 data-start=\"626\" data-end=\"681\"><strong data-start=\"630\" data-end=\"681\">  Futuristischer Look und sp\u00fcrbare Verbesserungen<\/strong><\/h3>\n<p data-start=\"683\" data-end=\"1133\">Auf den ersten Blick ist <strong data-start=\"706\" data-end=\"725\">die DNA von Vaporesso<\/strong> offensichtlich: ein <strong data-start=\"753\" data-end=\"781\">transparentes und High-Tech-Design<\/strong> , das so auff\u00e4llig ist wie eh und je, aber dieses Mal durch einen <strong data-start=\"839\" data-end=\"867\">gr\u00f6\u00dferen<\/strong>, besser lesbaren Farbbildschirm mit <strong data-start=\"888\" data-end=\"912\">drei visuellen Themen<\/strong> zur Auswahl aufgewertet wird. Ein cleveres (und sehr praktisches) kleines Detail: ein <strong data-start=\"966\" data-end=\"991\">physischer Schalter<\/strong> , mit dem Sie Ihren Pod mit einer einzigen Geste verriegeln k\u00f6nnen, und eine <strong data-start=\"1038\" data-end=\"1072\">rutschfeste Silikonbasis<\/strong> , um zu verhindern, dass er wie Seife auf Ihrem Schreibtisch verrutscht. <\/p>\n<hr data-start=\"1135\" data-end=\"1138\">\n<h3 data-start=\"1140\" data-end=\"1185\"><strong data-start=\"1144\" data-end=\"1185\">\u2699\ufe0f Axon-Chipsatz und dreifache Pers\u00f6nlichkeit<\/strong><\/h3>\n<p data-start=\"1187\" data-end=\"1376\">Im Inneren treibt der <strong data-start=\"1211\" data-end=\"1235\">ber\u00fchmte Axon-Chipsatz<\/strong> die Maschine an. Das Ergebnis: ein <strong data-start=\"1279\" data-end=\"1295\">ultra-fl\u00fcssiger<\/strong>, <strong data-start=\"1297\" data-end=\"1309\">reaktionsschneller<\/strong> und <strong data-start=\"1313\" data-end=\"1332\">anpassbarer<\/strong> Vape mit <strong data-start=\"1348\" data-end=\"1359\">3 verschiedenen Modi<\/strong> : <\/p>\n<ul data-start=\"1378\" data-end=\"1702\">\n<li data-start=\"1378\" data-end=\"1472\">\n<p data-start=\"1380\" data-end=\"1472\"><strong data-start=\"1380\" data-end=\"1394\">Pulse-Modus<\/strong> : Gleichm\u00e4\u00dfige Impulse f\u00fcr <strong data-start=\"1431\" data-end=\"1447\">gleichm\u00e4\u00dfige Treffer<\/strong> und <strong data-start=\"1455\" data-end=\"1469\">XXL-Wolken<\/strong>.<\/p>\n<\/li>\n<li data-start=\"1473\" data-end=\"1554\">\n<p data-start=\"1475\" data-end=\"1554\"><strong data-start=\"1475\" data-end=\"1487\">Eco-Modus<\/strong> : ideal, um <strong data-start=\"1501\" data-end=\"1525\">l\u00e4nger zu dampfen<\/strong> , ohne an Qualit\u00e4t einzub\u00fc\u00dfen.<\/p>\n<\/li>\n<li data-start=\"1555\" data-end=\"1702\">\n<p data-start=\"1557\" data-end=\"1702\"><strong data-start=\"1557\" data-end=\"1571\">Smart-Modus<\/strong> : Der <strong data-start=\"1582\" data-end=\"1596\">Autopilot-Modus<\/strong>, der den Widerstand erkennt und die Leistung selbstst\u00e4ndig anpasst. Praktisch f\u00fcr Anf\u00e4nger oder Eilige! <\/p>\n<\/li>\n<\/ul>\n<p data-start=\"1704\" data-end=\"1789\">Mit einer <strong data-start=\"1713\" data-end=\"1743\">maximalen Leistung von 80 W<\/strong> haben Sie genug, um die Wolken zum Beben zu bringen.<\/p>\n<hr data-start=\"1791\" data-end=\"1794\">\n<h3 data-start=\"1796\" data-end=\"1846\"><strong data-start=\"1800\" data-end=\"1846\">  Titanic-Reichweite und Express-Ladung<\/strong><\/h3>\n<p data-start=\"1848\" data-end=\"2177\">Das Biest hat einen <strong data-start=\"1869\" data-end=\"1902\">eingebauten 3200 mAh Akku<\/strong>. Es gen\u00fcgt zu sagen, dass Sie bereit sind f\u00fcr einen Tag (oder mehr) intensiven Dampfens, ohne durch die Aufladebox zu gehen. Und wenn Sie zu den Menschen geh\u00f6ren, die gerne ununterbrochen Z\u00fcge nehmen, sorgt der <g id=\"gid_1\">5V\/2A-USB-C-Anschluss<\/g> f\u00fcr schnelles und effizientes Aufladen. Schluss mit frustrierenden Pausen!   <\/p>\n<hr data-start=\"2179\" data-end=\"2182\">\n<h3 data-start=\"2184\" data-end=\"2244\"><strong data-start=\"2188\" data-end=\"2244\">  Vielseitigkeit an der Spitze: von weichem MTL bis muskul\u00f6sem DTL<\/strong><\/h3>\n<p data-start=\"2246\" data-end=\"2345\">Dank seines <strong data-start=\"2258\" data-end=\"2292\">ultrapr\u00e4zise einstellbaren Luftstroms<\/strong> passt sich der Luxe XR Max 2 <strong data-start=\"2322\" data-end=\"2343\">all Ihren W\u00fcnschen<\/strong> an:<\/p>\n<ul data-start=\"2346\" data-end=\"2453\">\n<li data-start=\"2346\" data-end=\"2405\">\n<p data-start=\"2348\" data-end=\"2405\">Auf der Suche nach einem engen Zug im Zigarettenstil? Entscheiden Sie sich f\u00fcr <strong data-start=\"2397\" data-end=\"2404\">die MTL.<\/strong> <\/p>\n<\/li>\n<li data-start=\"2406\" data-end=\"2453\">\n<p data-start=\"2408\" data-end=\"2453\">Lieber gro\u00dfe Wolken im Team? <strong data-start=\"2445\" data-end=\"2452\">Aktivieren Sie DTL.<\/strong> <\/p>\n<\/li>\n<\/ul>\n<p data-start=\"2455\" data-end=\"2674\">Der Pod ist kompatibel mit allen <strong data-start=\"2504\" data-end=\"2514\">Luxe X<\/strong> (eingebaute Spulen) und <strong data-start=\"2542\" data-end=\"2553\">Luxe XR<\/strong> (austauschbare Spulen) Tonabnehmer. Das Kit enth\u00e4lt sogar <strong data-start=\"2605\" data-end=\"2624\">zwei Patronen<\/strong> , mit denen Sie beide Stile ohne viel Aufhebens erkunden k\u00f6nnen. <\/p>\n<p data-start=\"2676\" data-end=\"2790\">Und mit <strong data-start=\"2684\" data-end=\"2706\">einem Fassungsverm\u00f6gen von 5 ml<\/strong> k\u00f6nnen Sie lange dampfen, ohne alle f\u00fcnf Minuten nachf\u00fcllen zu m\u00fcssen.<\/p>\n<hr data-start=\"2792\" data-end=\"2795\">\n<h3 data-start=\"2797\" data-end=\"2849\"><strong data-start=\"2801\" data-end=\"2849\">  Dual Mesh: das Feuerwerk der Aromen<\/strong><\/h3>\n<p data-start=\"2851\" data-end=\"3038\">Gro\u00dfe Neuigkeiten, <strong data-start=\"2869\" data-end=\"2913\">die GTX-Widerst\u00e4nde werden auf Dual Mesh umgestellt<\/strong> ! \u00dcbersetzung: homogenere Erw\u00e4rmung, eine <strong data-start=\"2960\" data-end=\"2984\">Explosion der Aromen<\/strong>, <strong data-start=\"2986\" data-end=\"3004\">mehr Dampf<\/strong> und eine <strong data-start=\"3013\" data-end=\"3037\">l\u00e4ngere Lebensdauer<\/strong>.<\/p>\n<p data-start=\"3040\" data-end=\"3057\">Das Kit enth\u00e4lt:<\/p>\n<ul data-start=\"3058\" data-end=\"3343\">\n<li data-start=\"3058\" data-end=\"3214\">\n<p data-start=\"3060\" data-end=\"3214\"><strong data-start=\"3060\" data-end=\"3087\">GTX 0,2 Ohm (Dual Mesh):<\/strong> f\u00fcr einen <strong data-start=\"3105\" data-end=\"3119\">druckvollen DTL-Zug<\/strong> (45\u201360 W) \u2013 perfekt f\u00fcr Fl\u00fcssigkeiten mit hohem VG-Gehalt und niedrigem Nikotingehalt (bis zu 3 mg\/ml).<\/p>\n<\/li>\n<li data-start=\"3215\" data-end=\"3343\">\n<p data-start=\"3217\" data-end=\"3343\"><strong data-start=\"3217\" data-end=\"3239\">GTX 0,8 Ohm (Mesh):<\/strong> f\u00fcr eine <strong data-start=\"3250\" data-end=\"3275\">sanfte und schmackhafte MTL<\/strong> (12\u201320 W) \u2013 ideal f\u00fcr 50\/50 E-Liquids und bis zu 12 mg\/ml.<\/p>\n<\/li>\n<\/ul>\n<p data-start=\"3345\" data-end=\"3492\">Und f\u00fcr die Neugierigen bietet die GTX-Reihe auch <strong data-start=\"3412\" data-end=\"3435\">0,15-Ohm- und 0,3-Ohm-Varianten<\/strong> in Dual Mesh, um das Erlebnis noch weiter zu verbessern.<\/p>\n<hr data-start=\"3494\" data-end=\"3497\">\n<h3 data-start=\"3499\" data-end=\"3545\"><strong data-start=\"3503\" data-end=\"3545\">  Kurz gesagt? Luxe XR Max 2 ist&#8230; <\/strong><\/h3>\n<p data-start=\"3547\" data-end=\"3842\">\u2714 Elegantes, kompaktes und intelligentes Design<br data-start=\"3582\" data-end=\"3585\">\u2714 Eine anpassbare und moderne Benutzeroberfl\u00e4che<br data-start=\"3626\" data-end=\"3629\">\u2714 Feuerkraft (80 W) mit XXL-Autonomie<br data-start=\"3681\" data-end=\"3684\">\u2714 Volle Kompatibilit\u00e4t mit Luxe-Patronen<br data-start=\"3735\" data-end=\"3738\">\u2714 Top-Aromen dank GTX Dual Mesh Coils<br data-start=\"3794\" data-end=\"3797\">\u2714 Und beeindruckende Vielseitigkeit, von MTL bis DTL<\/p>\n<hr data-start=\"3844\" data-end=\"3847\">\n<p data-start=\"3849\" data-end=\"4061\" data-is-last-node=\"\" data-is-only-node=\"\"><strong data-start=\"3852\" data-end=\"3898\">Ein leistungsstarker, vielseitiger Pod, der f\u00fcr alles bereit ist<\/strong>, egal ob Du ein ambitionierter Anf\u00e4nger oder ein erfahrener Dampfer bist. Mit dem <g id=\"gid_1\">Luxe XR Max 2<\/g> hat Vaporesso ein starkes Comeback hingelegt, das alles zu bieten hat, was es zu gefallen hat. Bist du bereit, aufzusteigen?  <\/p>\n<h2>Inhalt des Luxe XR Max 2 Kits:<\/h2>\n<ul>\n<li>1 x Luxe XR Max 2 Akku<\/li>\n<li>1 Luxe XR DTL Tonabnehmer<\/li>\n<li>1 x Luxe XR MTL Tonabnehmer<\/li>\n<li>1 GTX Dual Mesh 0,2 Ohm Spule<\/li>\n<li>1 x GTX Mesh 0,8 Ohm Spule<\/li>\n<li>1 USB-C-Kabel<\/li>\n<li>1 Gebrauchsanweisung<\/li>\n<\/ul>\n<p data-start=\"3849\" data-end=\"4061\" data-is-last-node=\"\" data-is-only-node=\"\">\n<p>Hier finden Sie alle unsere <a href=\"..\/categorie\/pods?orderby=date\/\" target=\"_blank\" rel=\"noopener\">Pods.<\/a><\/p>\n<p>Erhalten Sie Rabatte oder die neuesten Informationen zu unseren anderen Produkten, die im Gesch\u00e4ft erh\u00e4ltlich sind, indem Sie uns in unseren sozialen Netzwerken folgen: <a href=\"https:\/\/www.facebook.com\/VapeAigleCH\" target=\"_blank\" rel=\"noopener\">Facebook<\/a> oder <a href=\"https:\/\/www.instagram.com\/vapotheque_aigle\/\" target=\"_blank\" rel=\"noopener\">Instagram<\/a>.<\/p>\n","protected":false},"excerpt":{"rendered":"<p>Vaporesso Luxe XR Max 2 \u2013 Der Pod, der (noch) gr\u00f6\u00dfer denkt! H\u00e4ngen Sie Ihre Tropfspitzen auf, das Ph\u00e4nomen ist zur\u00fcck! Nachdem alle mit dem Luxe XR Max einverstanden sind, ist Vaporesso mit einer noch muskul\u00f6seren, clevereren und stilvolleren Version zur\u00fcck: Hier ist der Luxe XR Max 2, der Rockstar der neuen Generation von Pods. [&hellip;]<\/p>\n","protected":false},"featured_media":45631,"template":"","meta":{"_acf_changed":false},"product_cat":[442,408,453,454],"product_tag":[],"class_list":{"0":"post-45657","1":"product","2":"type-product","3":"status-publish","4":"has-post-thumbnail","6":"product_brand-vaporesso-de","7":"product_cat-hervorgehobene-produkte","8":"product_cat-lieferbar-innerhalb-von-24-stunden-de","9":"product_cat-pods-de","10":"product_cat-vapes-pods-de","12":"first","13":"instock","14":"taxable","15":"shipping-taxable","16":"purchasable","17":"product-type-variable"},"acf":[],"jetpack_sharing_enabled":true,"_links":{"self":[{"href":"https:\/\/vapotheque.ch\/de\/wp-json\/wp\/v2\/product\/45657","targetHints":{"allow":["GET"]}}],"collection":[{"href":"https:\/\/vapotheque.ch\/de\/wp-json\/wp\/v2\/product"}],"about":[{"href":"https:\/\/vapotheque.ch\/de\/wp-json\/wp\/v2\/types\/product"}],"wp:featuredmedia":[{"embeddable":true,"href":"https:\/\/vapotheque.ch\/de\/wp-json\/wp\/v2\/media\/45631"}],"wp:attachment":[{"href":"https:\/\/vapotheque.ch\/de\/wp-json\/wp\/v2\/media?parent=45657"}],"wp:term":[{"taxonomy":"product_cat","embeddable":true,"href":"https:\/\/vapotheque.ch\/de\/wp-json\/wp\/v2\/product_cat?post=45657"},{"taxonomy":"product_tag","embeddable":true,"href":"https:\/\/vapotheque.ch\/de\/wp-json\/wp\/v2\/product_tag?post=45657"}],"curies":[{"name":"wp","href":"https:\/\/api.w.org\/{rel}","templated":true}]}}