{"id":45437,"date":"2025-05-22T13:52:27","date_gmt":"2025-05-22T11:52:27","guid":{"rendered":"https:\/\/vapotheque.ch\/boutique\/dampfeisenbahn-triple-mango-20-ml-60-ml\/"},"modified":"2025-11-11T13:04:47","modified_gmt":"2025-11-11T12:04:47","slug":"dampfeisenbahn-triple-mango-20-ml-60-ml","status":"publish","type":"product","link":"https:\/\/vapotheque.ch\/de\/shop\/dampfeisenbahn-triple-mango-20-ml-60-ml\/","title":{"rendered":"Dampfeisenbahn &#8211; Triple Mango 20 ml \/ 60 ml"},"content":{"rendered":"<h2>Steam Train Triple Mango 20 ml \/ 60 ml: Eine echte tropische Explosion!<\/h2>\n<p>Machen Sie sich bereit f\u00fcr ein tropisches Geschmacksabenteuer mit unserer <strong>Steam Train Triple Mango 20ml \/ 60ml<\/strong>, einer explosiven Mischung aus drei Mangosorten! Jeder Bissen ist ein Fest exotischer Aromen, ein Tanz saftiger Gen\u00fcsse, die Ihre Geschmacksknospen zum Gl\u00fchen bringen. Ob Sie nun ein Fan von s\u00fc\u00dfen, s\u00e4uerlichen oder exotischen Mangos sind, dieses unwiderstehliche Trio bringt Sie direkt in die tropische Sonne. Machen Sie also eine Pause, genie\u00dfen Sie und lassen Sie sich von dieser fruchtigen Flucht mitrei\u00dfen!<\/p>\n<p><strong><em>Achtung: Sehr frisches E-Liquid!<\/em><\/strong><\/p>\n<p><strong>ACHTUNG: Bei diesem Produkt handelt es sich um ein 20ml konzentriertes Aroma, das vor Gebrauch verd\u00fcnnt werden muss!<\/strong><\/p>\n<h3> <\/h3>\n<h3>Helfen Sie mit, Ihre Steam Train Triple Mango 20 ml \/ 60 ml zu verbessern:<\/h3>\n<p>Wenn Sie Ihren Steam Train Triple Mango 20 ml \/ 60 ml erhalten, m\u00fcssen Sie die <a href=\"https:\/\/vapotheque.ch\/de\/kategorie\/diy-de\/boosters-diy-de\/\"><strong>Nikotinbooster<\/strong><\/a> (falls erforderlich) sowie <strong><a href=\"https:\/\/vapotheque.ch\/de\/shop\/vapor-flavour-basis-30pg-70vg\/\">die PG\/VG-Basis<\/a><\/strong> hinzuf\u00fcgen, bevor Sie ihn verdampfen k\u00f6nnen. Die Flasche, die Sie erhalten, wird mit <strong>20 ml konzentriertem Aroma<\/strong> gef\u00fcllt. <\/p>\n<p>Der Reihe nach m\u00fcssen Sie <strong>also zuerst die notwendigen Nikotinverst\u00e4rker<\/strong> <strong>und dann die PG\/VG-Basis<\/strong> hinzuf\u00fcgen, um die Flasche fertig zu f\u00fcllen. Um Ihnen bei der Anzahl der <a href=\"https:\/\/vapotheque.ch\/de\/kategorie\/diy-de\/boosters-diy-de\/\"><strong>Nikotinbooster<\/strong><\/a> und der <strong><a href=\"https:\/\/vapotheque.ch\/de\/shop\/vapor-flavour-basis-30pg-70vg\/\">ben\u00f6tigten PG\/VG-Grundmenge<\/a><\/strong> zu helfen, finden Sie im Folgenden einige Beispiele: <\/p>\n<ul>\n<li>F\u00fcr 3 mg\/ml Nikotin m\u00fcssen Sie 1x <a href=\"https:\/\/vapotheque.ch\/de\/kategorie\/diy-de\/boosters-diy-de\/\"><strong>Nikotinbooster<\/strong><\/a> und 1x 100 ml <strong><a href=\"https:\/\/vapotheque.ch\/de\/shop\/vapor-flavour-basis-30pg-70vg\/\">Base 30 PG \/ 70 VG bestellen.<\/a><\/strong> Sie gie\u00dfen Ihren Booster in die Flasche mit E-Liquid und f\u00fcllen dann die Flasche mit der PG \/ VG \/ VG-Basis auf. <\/li>\n<li>F\u00fcr 6 mg\/ml Nikotin m\u00fcssen Sie 2x <a href=\"https:\/\/vapotheque.ch\/de\/kategorie\/diy-de\/boosters-diy-de\/\"><strong>Nikotinbooster<\/strong><\/a> und 1x 100 ml <strong><a href=\"https:\/\/vapotheque.ch\/de\/shop\/vapor-flavour-basis-30pg-70vg\/\">30 PG\/70 VG Base<\/a><\/strong> bestellen. Sie gie\u00dfen Ihren Booster in die Flasche mit E-Liquid und f\u00fcllen dann die Flasche mit der PG \/ VG \/ VG-Basis auf. <\/li>\n<li>F\u00fcr 9 mg\/ml m\u00fcssen Sie 3x <a href=\"https:\/\/vapotheque.ch\/de\/kategorie\/diy-de\/boosters-diy-de\/\"><strong>Nikotinbooster<\/strong><\/a> und 1x 100 ml <strong><a href=\"https:\/\/vapotheque.ch\/de\/shop\/vapor-flavour-basis-30pg-70vg\/\">30 PG\/70 VG Base<\/a><\/strong> bestellen. Sie gie\u00dfen Ihren Booster in die Flasche mit E-Liquid und f\u00fcllen dann die Flasche mit der PG \/ VG \/ VG-Basis auf. <\/li>\n<\/ul>\n<p><strong>Und so weiter bis zum maximalen Volumen der Flasche.<\/strong><\/p>\n<p><strong>Wenn nach dem F\u00fcllen der Flasche noch etwas vom Boden \u00fcbrig ist, denken Sie daran, ihn vor Licht gesch\u00fctzt und bei Raumtemperatur aufzubewahren. Sie k\u00f6nnen es bei Ihrer n\u00e4chsten Bestellung verwenden. <\/strong><\/p>\n<p>Wichtig: Aromakonzentrat 20 ml, verkauft in der 60 ml Flasche.<\/p>\n<p class=\"class-fabrication\">Hergestellt in Griechenland; Dosierung: 100% PG.<\/p>\n<p>Sehen Sie sich weitere Produkte der Marke <a href=\"..\/product_brand\/steam-train\/\" target=\"_blank\" rel=\"noopener\">Steam Train<\/a> an.<\/p>\n<p>Erhalten Sie Rabatte oder die neuesten Informationen \u00fcber die Dampfeisenbahn, indem Sie uns auf <a href=\"https:\/\/www.facebook.com\/VapeAigleCH\" target=\"_blank\" rel=\"noopener\">Facebook<\/a> oder <a href=\"https:\/\/www.instagram.com\/vapotheque\" target=\"_blank\" rel=\"noopener\">Instagram<\/a> folgen.<\/p>\n","protected":false},"excerpt":{"rendered":"<p>Steam Train Triple Mango 20 ml \/ 60 ml: Eine echte tropische Explosion! Machen Sie sich bereit f\u00fcr ein tropisches Geschmacksabenteuer mit unserer Steam Train Triple Mango 20ml \/ 60ml, einer explosiven Mischung aus drei Mangosorten! Jeder Bissen ist ein Fest exotischer Aromen, ein Tanz saftiger Gen\u00fcsse, die Ihre Geschmacksknospen zum Gl\u00fchen bringen. Ob Sie [&hellip;]<\/p>\n","protected":false},"featured_media":45432,"template":"","meta":{"_acf_changed":false},"product_cat":[2064,405,404,442,408,1679,1285],"product_tag":[],"class_list":{"0":"post-45437","1":"product","2":"type-product","3":"status-publish","4":"has-post-thumbnail","6":"product_brand-steam-train-de","7":"product_cat-20-ml-fur-60-ml-einweg","8":"product_cat-e-liquids","9":"product_cat-fruchtig","10":"product_cat-hervorgehobene-produkte","11":"product_cat-lieferbar-innerhalb-von-24-stunden-de","12":"product_cat-menge-e-flussigkeit-kapazitat-flasche","13":"product_cat-steam-train-50ml-de","15":"first","16":"instock","17":"taxable","18":"shipping-taxable","19":"purchasable","20":"product-type-simple"},"acf":[],"jetpack_sharing_enabled":true,"_links":{"self":[{"href":"https:\/\/vapotheque.ch\/de\/wp-json\/wp\/v2\/product\/45437","targetHints":{"allow":["GET"]}}],"collection":[{"href":"https:\/\/vapotheque.ch\/de\/wp-json\/wp\/v2\/product"}],"about":[{"href":"https:\/\/vapotheque.ch\/de\/wp-json\/wp\/v2\/types\/product"}],"wp:featuredmedia":[{"embeddable":true,"href":"https:\/\/vapotheque.ch\/de\/wp-json\/wp\/v2\/media\/45432"}],"wp:attachment":[{"href":"https:\/\/vapotheque.ch\/de\/wp-json\/wp\/v2\/media?parent=45437"}],"wp:term":[{"taxonomy":"product_cat","embeddable":true,"href":"https:\/\/vapotheque.ch\/de\/wp-json\/wp\/v2\/product_cat?post=45437"},{"taxonomy":"product_tag","embeddable":true,"href":"https:\/\/vapotheque.ch\/de\/wp-json\/wp\/v2\/product_tag?post=45437"}],"curies":[{"name":"wp","href":"https:\/\/api.w.org\/{rel}","templated":true}]}}