{"id":45434,"date":"2025-05-22T13:39:31","date_gmt":"2025-05-22T11:39:31","guid":{"rendered":"https:\/\/vapotheque.ch\/boutique\/dampfeisenbahn-waldbeere-20-ml-60-ml\/"},"modified":"2025-11-11T12:56:51","modified_gmt":"2025-11-11T11:56:51","slug":"dampfeisenbahn-waldbeere-20-ml-60-ml","status":"publish","type":"product","link":"https:\/\/vapotheque.ch\/de\/shop\/dampfeisenbahn-waldbeere-20-ml-60-ml\/","title":{"rendered":"Dampfeisenbahn &#8211; Waldbeere 20 ml \/ 60 ml"},"content":{"rendered":"<h2><strong>Steam Train Forest Berry 20 ml \/ 60 ml: Die fruchtige Welle, die Ihre Geschmacksknospen zum Einfrieren bringt!<\/strong> \u2744\ufe0f<\/h2>\n<p>Mit der <strong>Steam Train Forest Berry 20 ml \/ 60 ml<\/strong> begeben Sie sich auf ein Geschmacksabenteuer, bei dem rote Fr\u00fcchte in einen eisigen Mantel geh\u00fcllt werden. Stellen Sie sich einen herzhaften Tanz zwischen saftigen Brombeeren, s\u00fc\u00dfen Heidelbeeren und frisch gepfl\u00fcckten Erdbeeren vor, alles umh\u00fcllt von einer polaren Frische, die Ihre Sinne elektrisiert. \u2728 \ufe0f   <\/p>\n<p><strong><em>Achtung: Sehr frisches E-Liquid!<\/em><\/strong><\/p>\n<hr>\n<h3><strong>Warum sollten Sie sich f\u00fcr die Steam Train Forest Berry 20 ml \/ 60 ml entscheiden?<\/strong><\/h3>\n<ul>\n<li><strong>Ein unvergesslich fruchtiger Cocktail<\/strong> : Eine harmonische Kombination aus saftigen Brombeeren, s\u00fc\u00dfen Heidelbeeren und Gourmet-Erdbeeren.<\/li>\n<li><strong>Belebende Frische<\/strong> : Eine eisige Note, die fruchtige Aromen hervorhebt und ein Gef\u00fchl von reiner Leichtigkeit vermittelt.<\/li>\n<li><strong>Ein unwiderstehlich frischer Verdampfer<\/strong> : Ideal, um jeden Zug in einen fruchtigen und erfrischenden Moment zu verwandeln, perfekt f\u00fcr jede Jahreszeit.<\/li>\n<\/ul>\n<hr>\n<h3><strong>How-to: Bereiten Sie Ihren fruchtigen Sturm vor!<\/strong> \ufe0f<\/h3>\n<p>\u26a0\ufe0f <strong>Achtung: Dieses konzentrierte Aroma ist nicht gebrauchsfertig!<\/strong> Achten Sie darauf, es vor Gebrauch gut zu verd\u00fcnnen.<\/p>\n<ol>\n<li><strong>Empfohlene Verd\u00fcnnung<\/strong> : Mischen Sie mit Ihrer PG\/VG-Basis nach Ihren W\u00fcnschen.<\/li>\n<li><strong>Essentielle Reifezeit<\/strong> : Lassen Sie Ihre Zubereitung ruhen, um die perfekte Intensit\u00e4t fruchtiger und eisiger Aromen zu entfalten.<\/li>\n<li><strong>Genie\u00dfe Dein Meisterwerk<\/strong> : Sobald Du fertig bist, genie\u00dft Du einen erfrischenden und fruchtigen Vape, der Deine Geschmacksknospen mit jedem Zug erfreuen wird.<\/li>\n<\/ol>\n<hr>\n<p>Verwandeln Sie Ihren Vape in eine fruchtige und frostige Party mit dem <strong>Terror Train Forest Berry E-Liquid<\/strong> : ein intensiver Cocktail, den Sie ohne M\u00e4\u00dfigung genie\u00dfen k\u00f6nnen! \u2744\ufe0f<\/p>\n<h3>Helfen Sie dabei, Ihr Forest Berry 20 ml \/ 60 ml E-Liquid aufzuwerten:<\/h3>\n<p>Wenn Sie Ihre Forest Berry erhalten, m\u00fcssen Sie die <a href=\"https:\/\/vapotheque.ch\/de\/kategorie\/diy-de\/boosters-diy-de\/\"><strong>Nikotinbooster<\/strong><\/a> (falls erforderlich) sowie <strong><a href=\"https:\/\/vapotheque.ch\/de\/shop\/vapor-flavour-basis-30pg-70vg\/\">die PG\/VG-Basis<\/a><\/strong> hinzuf\u00fcgen, bevor Sie sie verdampfen k\u00f6nnen. Die Flasche, die Sie erhalten, wird mit <strong>20 ml konzentriertem Aroma<\/strong> gef\u00fcllt. <\/p>\n<p>Der Reihe nach m\u00fcssen Sie <strong>also zuerst die notwendigen Nikotinverst\u00e4rker<\/strong> <strong>und dann die PG\/VG-Basis<\/strong> hinzuf\u00fcgen, um die Flasche fertig zu f\u00fcllen. Um Ihnen bei der Anzahl der <a href=\"https:\/\/vapotheque.ch\/de\/kategorie\/diy-de\/boosters-diy-de\/\"><strong>Nikotinbooster<\/strong><\/a> und der <strong><a href=\"https:\/\/vapotheque.ch\/de\/shop\/vapor-flavour-basis-30pg-70vg\/\">ben\u00f6tigten PG\/VG-Grundmenge<\/a><\/strong> zu helfen, finden Sie im Folgenden einige Beispiele: <\/p>\n<ul>\n<li>F\u00fcr 3 mg\/ml Nikotin m\u00fcssen Sie 1x <a href=\"https:\/\/vapotheque.ch\/de\/kategorie\/diy-de\/boosters-diy-de\/\"><strong>Nikotinbooster<\/strong><\/a> und 1x 100 ml <strong><a href=\"https:\/\/vapotheque.ch\/de\/shop\/vapor-flavour-basis-30pg-70vg\/\">Base 30 PG \/ 70 VG bestellen.<\/a><\/strong> Du gie\u00dft deinen Booster in die Flasche Forest Berry und f\u00fcllst dann die Flasche mit dem PG \/ VG \/ VG Boden auf. <\/li>\n<li>F\u00fcr 6 mg\/ml Nikotin m\u00fcssen Sie 2x <a href=\"https:\/\/vapotheque.ch\/de\/kategorie\/diy-de\/boosters-diy-de\/\"><strong>Nikotinbooster<\/strong><\/a> und 1x 100 ml <strong><a href=\"https:\/\/vapotheque.ch\/de\/shop\/vapor-flavour-basis-30pg-70vg\/\">30 PG\/70 VG Base<\/a><\/strong> bestellen. Du gie\u00dft deinen Booster in die Flasche Forest Berry und f\u00fcllst dann die Flasche mit dem PG \/ VG \/ VG Boden auf. <\/li>\n<li>F\u00fcr 9 mg\/ml m\u00fcssen Sie 3x <a href=\"https:\/\/vapotheque.ch\/de\/kategorie\/diy-de\/boosters-diy-de\/\"><strong>Nikotinbooster<\/strong><\/a> und 1x 100 ml <strong><a href=\"https:\/\/vapotheque.ch\/de\/shop\/vapor-flavour-basis-30pg-70vg\/\">30 PG\/70 VG Base<\/a><\/strong> bestellen. Du gie\u00dft deinen Booster in die Flasche Forest Berry und f\u00fcllst dann die Flasche mit dem PG \/ VG \/ VG Boden auf. <\/li>\n<\/ul>\n<p><strong>Und so weiter bis zum maximalen Volumen der Flasche.<\/strong><\/p>\n<p><strong>Wenn nach dem F\u00fcllen der Flasche noch etwas vom Boden \u00fcbrig ist, denken Sie daran, ihn vor Licht gesch\u00fctzt und bei Raumtemperatur aufzubewahren. Sie k\u00f6nnen es bei Ihrer n\u00e4chsten Bestellung verwenden. <\/strong><\/p>\n<p><strong>Wichtig<\/strong> : Aromakonzentrat 20 ml, verkauft in der 60 ml Flasche.<\/p>\n<p class=\"class-fabrication\">Hergestellt in Griechenland; Dosierung: 100% PG.<\/p>\n<p>Sehen Sie sich weitere Produkte der Marke <a href=\"..\/marque\/steam-train\/\" target=\"_blank\" rel=\"noopener\">Steam Train<\/a> an.<\/p>\n<p>Erhalten Sie Rabatte oder die neuesten Informationen \u00fcber die Dampfeisenbahn, indem Sie uns auf <a href=\"https:\/\/www.facebook.com\/VapeAigleCH\" target=\"_blank\" rel=\"noopener\">Facebook<\/a> oder <a href=\"https:\/\/www.instagram.com\/vapotheque\" target=\"_blank\" rel=\"noopener\">Instagram<\/a> folgen.<\/p>\n","protected":false},"excerpt":{"rendered":"<p>Steam Train Forest Berry 20 ml \/ 60 ml: Die fruchtige Welle, die Ihre Geschmacksknospen zum Einfrieren bringt! \u2744\ufe0f Mit der Steam Train Forest Berry 20 ml \/ 60 ml begeben Sie sich auf ein Geschmacksabenteuer, bei dem rote Fr\u00fcchte in einen eisigen Mantel geh\u00fcllt werden. Stellen Sie sich einen herzhaften Tanz zwischen saftigen Brombeeren, [&hellip;]<\/p>\n","protected":false},"featured_media":45422,"template":"","meta":{"_acf_changed":false},"product_cat":[2064,405,404,442,408,1679,1285],"product_tag":[],"class_list":{"0":"post-45434","1":"product","2":"type-product","3":"status-publish","4":"has-post-thumbnail","6":"product_brand-steam-train-de","7":"product_cat-20-ml-fur-60-ml-einweg","8":"product_cat-e-liquids","9":"product_cat-fruchtig","10":"product_cat-hervorgehobene-produkte","11":"product_cat-lieferbar-innerhalb-von-24-stunden-de","12":"product_cat-menge-e-flussigkeit-kapazitat-flasche","13":"product_cat-steam-train-50ml-de","15":"first","16":"instock","17":"taxable","18":"shipping-taxable","19":"purchasable","20":"product-type-simple"},"acf":[],"jetpack_sharing_enabled":true,"_links":{"self":[{"href":"https:\/\/vapotheque.ch\/de\/wp-json\/wp\/v2\/product\/45434","targetHints":{"allow":["GET"]}}],"collection":[{"href":"https:\/\/vapotheque.ch\/de\/wp-json\/wp\/v2\/product"}],"about":[{"href":"https:\/\/vapotheque.ch\/de\/wp-json\/wp\/v2\/types\/product"}],"wp:featuredmedia":[{"embeddable":true,"href":"https:\/\/vapotheque.ch\/de\/wp-json\/wp\/v2\/media\/45422"}],"wp:attachment":[{"href":"https:\/\/vapotheque.ch\/de\/wp-json\/wp\/v2\/media?parent=45434"}],"wp:term":[{"taxonomy":"product_cat","embeddable":true,"href":"https:\/\/vapotheque.ch\/de\/wp-json\/wp\/v2\/product_cat?post=45434"},{"taxonomy":"product_tag","embeddable":true,"href":"https:\/\/vapotheque.ch\/de\/wp-json\/wp\/v2\/product_tag?post=45434"}],"curies":[{"name":"wp","href":"https:\/\/api.w.org\/{rel}","templated":true}]}}