{"id":45416,"date":"2025-05-22T13:06:34","date_gmt":"2025-05-22T11:06:34","guid":{"rendered":"https:\/\/vapotheque.ch\/boutique\/steam-train-fusion-e-fluessigkeit-12-ml-60-ml\/"},"modified":"2025-05-22T13:06:34","modified_gmt":"2025-05-22T11:06:34","slug":"steam-train-fusion-e-fluessigkeit-12-ml-60-ml","status":"publish","type":"product","link":"https:\/\/vapotheque.ch\/de\/shop\/steam-train-fusion-e-fluessigkeit-12-ml-60-ml\/","title":{"rendered":"Steam Train &#8211; Fusion E-Fl\u00fcssigkeit 12 ml \/ 60 ml"},"content":{"rendered":"<h2 data-start=\"112\" data-end=\"174\"><strong data-start=\"116\" data-end=\"174\">Steam Train &#8211; Fusion E-Liquid 12 ml \/ 60 ml: Die Gourmet-Explosion zweier Legenden!  <\/strong><\/h2>\n<p data-start=\"176\" data-end=\"600\"><strong data-start=\"176\" data-end=\"296\">Bereiten Sie Ihre Geschmacksknospen vor, denn das Steam Train &#8211; Fusion E-Liquid 12 ml \/ 60 ml kommt mit einer Kombination aus mythischen Aromen, die Ihren Gaumen zum Vibrieren bringen werden!<\/strong> Dieses Konzentrat vereint <strong data-start=\"317\" data-end=\"330\">Signalman<\/strong>, den Superstar mit saftigen Erdbeeren, die mit cremiger Schlagsahne \u00fcbergossen werden, und <strong data-start=\"409\" data-end=\"423\">Timekeeper<\/strong>, die Legende der s\u00fc\u00dfen, zartschmelzenden, mehrfach preisgekr\u00f6nten <strong data-start=\"440\" data-end=\"468\">Butterkekse<\/strong>. Das Ergebnis: <strong data-start=\"526\" data-end=\"600\">ein Gipfeltreffen zwischen fruchtiger Frische und Geb\u00e4cks\u00fc\u00dfe.<\/strong> <\/p>\n<p data-start=\"602\" data-end=\"934\">Sich vorstellen&#8230; Eine reife Erdbeere, die in einen frisch gebackenen Keks gleitet, noch warm, mit einem Hauch von Zucker und einem Hauch Vanille. Beim Einatmen ist es eine totale Flucht: <strong data-start=\"796\" data-end=\"840\">weich, s\u00fc\u00df, schmelzend&#8230; und unvergesslich.<\/strong> Eine perfekte Balance zwischen knusprig und weich, frisch und lecker. <\/p>\n<hr data-start=\"936\" data-end=\"939\">\n<p data-start=\"941\" data-end=\"1148\"><strong data-start=\"944\" data-end=\"975\">Sei vorsichtig, kleiner Chemiker!<\/strong><br data-start=\"975\" data-end=\"978\">Fusion ist <strong data-start=\"989\" data-end=\"1011\">ein konzentriertes Aroma:<\/strong> Es muss vor der Verwendung in einer PG\/VG-Basis <strong data-start=\"1022\" data-end=\"1052\">verd\u00fcnnt werden<\/strong> . <strong data-start=\"1092\" data-end=\"1113\">Verdampfen Sie nicht pur.<\/strong> Mit Liebe dosiert zu werden&#8230; und Pr\u00e4zision!<\/p>\n<hr data-start=\"1150\" data-end=\"1153\">\n<p data-start=\"1155\" data-end=\"1361\"><strong data-start=\"1158\" data-end=\"1186\">F\u00fcr wen ist die Fusion gedacht?<\/strong><br data-start=\"1186\" data-end=\"1189\">F\u00fcr Feinschmecker, Tr\u00e4umer, Dampfer, die zwischen einem fruchtigen Dessert oder einem Keks zur Snackzeit schwanken. Mit Fusion m\u00fcssen Sie sich nicht entscheiden. Sie haben alles. \u2764\ufe0f   <\/p>\n<h3>Helfen Sie mit, Ihr Fusion E-Liquid 12 ml \/ 60 ml zu verbessern:<\/h3>\n<p>Wenn Sie Ihren Fusion erhalten, m\u00fcssen Sie <a href=\"https:\/\/vapotheque.ch\/de\/kategorie\/diy-de\/boosters-diy-de\/\"><strong>Nikotin-Booster<\/strong><\/a> (falls erforderlich) sowie <strong><a href=\"https:\/\/vapotheque.ch\/de\/shop\/vapor-flavour-base-30-70-2\/\">PG\/VG-Basis<\/a><\/strong> hinzuf\u00fcgen, bevor Sie ihn verdampfen k\u00f6nnen. Die Flasche, die Sie erhalten, wird mit <strong>12 ml konzentriertem Aroma<\/strong> gef\u00fcllt. <\/p>\n<p>Der Reihe nach m\u00fcssen Sie <strong>also zuerst die notwendigen Nikotinverst\u00e4rker<\/strong> <strong>und dann die PG\/VG-Basis<\/strong> hinzuf\u00fcgen, um die Flasche fertig zu f\u00fcllen. Um Ihnen bei der Anzahl der <a href=\"https:\/\/vapotheque.ch\/de\/kategorie\/diy-de\/boosters-diy-de\/\"><strong>Nikotinbooster<\/strong><\/a> und der <strong><a href=\"https:\/\/vapotheque.ch\/de\/shop\/vapor-flavour-base-30-70-2\/\">ben\u00f6tigten PG\/VG-Grundmenge<\/a><\/strong> zu helfen, finden Sie im Folgenden einige Beispiele: <\/p>\n<ul>\n<li>F\u00fcr 3 mg\/ml Nikotin m\u00fcssen Sie 1x <a href=\"https:\/\/vapotheque.ch\/de\/kategorie\/diy-de\/boosters-diy-de\/\"><strong>Nikotinbooster<\/strong><\/a> und 1x 100 ml <strong><a href=\"https:\/\/vapotheque.ch\/de\/shop\/vapor-flavour-base-30-70-2\/\">Base 30 PG \/ 70 VG bestellen.<\/a><\/strong> Sie gie\u00dfen Ihren Booster in die Flasche mit E-Liquid und f\u00fcllen dann die Flasche mit der PG \/ VG \/ VG-Basis auf. <\/li>\n<li>F\u00fcr 6 mg\/ml Nikotin m\u00fcssen Sie 2x <a href=\"https:\/\/vapotheque.ch\/de\/kategorie\/diy-de\/boosters-diy-de\/\"><strong>Nikotinbooster<\/strong><\/a> und 1x 100 ml <strong><a href=\"https:\/\/vapotheque.ch\/de\/shop\/vapor-flavour-base-30-70-2\/\">30 PG\/70 VG Base<\/a><\/strong> bestellen. Sie gie\u00dfen Ihren Booster in die Flasche mit E-Liquid und f\u00fcllen dann die Flasche mit der PG \/ VG \/ VG-Basis auf. <\/li>\n<li>F\u00fcr 9 mg\/ml m\u00fcssen Sie 3x <a href=\"https:\/\/vapotheque.ch\/de\/kategorie\/diy-de\/boosters-diy-de\/\"><strong>Nikotinbooster<\/strong><\/a> und 1x 100 ml <strong><a href=\"https:\/\/vapotheque.ch\/de\/shop\/vapor-flavour-base-30-70-2\/\">30 PG\/70 VG Base<\/a><\/strong> bestellen. Sie gie\u00dfen Ihren Booster in die Flasche mit E-Liquid und f\u00fcllen dann die Flasche mit der PG \/ VG \/ VG-Basis auf. <\/li>\n<\/ul>\n<p><strong>Und so weiter bis zum maximalen Volumen der Flasche.<\/strong><\/p>\n<p><strong>Wenn nach dem F\u00fcllen der Flasche noch etwas vom Boden \u00fcbrig ist, denken Sie daran, ihn vor Licht gesch\u00fctzt und bei Raumtemperatur aufzubewahren. Sie k\u00f6nnen es bei Ihrer n\u00e4chsten Bestellung verwenden. <\/strong><\/p>\n<p>Wichtig: Aromakonzentrat 12 ml, verkauft in der 60 ml Flasche.<\/p>\n<p class=\"class-fabrication\">Hergestellt in Griechenland; Dosierung: 100% PG.<\/p>\n<p>Entdecken Sie die anderen Produkte der Marke  <a href=\"..\/marque\/steam-train\/\" target=\"_blank\" rel=\"noopener\">Dampfzug<\/a>.<\/p>\n<p>Erhalten Sie Rabatte oder die neuesten Informationen \u00fcber Steam Train, indem Sie uns auf <a href=\"https:\/\/www.facebook.com\/VapeAigleCH\" target=\"_blank\" rel=\"noopener\">Facebook<\/a> oder <a href=\"https:\/\/www.instagram.com\/vapotheque\" target=\"_blank\" rel=\"noopener\">Instagram<\/a> folgen.<\/p>\n","protected":false},"excerpt":{"rendered":"<p>Steam Train &#8211; Fusion E-Liquid 12 ml \/ 60 ml: Die Gourmet-Explosion zweier Legenden! Bereiten Sie Ihre Geschmacksknospen vor, denn das Steam Train &#8211; Fusion E-Liquid 12 ml \/ 60 ml kommt mit einer Kombination aus mythischen Aromen, die Ihren Gaumen zum Vibrieren bringen werden! Dieses Konzentrat vereint Signalman, den Superstar mit saftigen Erdbeeren, die [&hellip;]<\/p>\n","protected":false},"featured_media":45411,"template":"","meta":{"_acf_changed":false},"product_cat":[405,397,442,408,1680,1679,1285],"product_tag":[],"class_list":{"0":"post-45416","1":"product","2":"type-product","3":"status-publish","4":"has-post-thumbnail","6":"product_brand-steam-train-de","7":"product_cat-e-liquids","8":"product_cat-gourmands-de","9":"product_cat-hervorgehobene-produkte","10":"product_cat-lieferbar-innerhalb-von-24-stunden-de","11":"product_cat-12-ml-fuer-60-ml","12":"product_cat-menge-e-flussigkeit-kapazitat-flasche","13":"product_cat-steam-train-50ml-de","15":"first","16":"instock","17":"taxable","18":"shipping-taxable","19":"purchasable","20":"product-type-simple"},"acf":[],"jetpack_sharing_enabled":true,"_links":{"self":[{"href":"https:\/\/vapotheque.ch\/de\/wp-json\/wp\/v2\/product\/45416","targetHints":{"allow":["GET"]}}],"collection":[{"href":"https:\/\/vapotheque.ch\/de\/wp-json\/wp\/v2\/product"}],"about":[{"href":"https:\/\/vapotheque.ch\/de\/wp-json\/wp\/v2\/types\/product"}],"wp:featuredmedia":[{"embeddable":true,"href":"https:\/\/vapotheque.ch\/de\/wp-json\/wp\/v2\/media\/45411"}],"wp:attachment":[{"href":"https:\/\/vapotheque.ch\/de\/wp-json\/wp\/v2\/media?parent=45416"}],"wp:term":[{"taxonomy":"product_cat","embeddable":true,"href":"https:\/\/vapotheque.ch\/de\/wp-json\/wp\/v2\/product_cat?post=45416"},{"taxonomy":"product_tag","embeddable":true,"href":"https:\/\/vapotheque.ch\/de\/wp-json\/wp\/v2\/product_tag?post=45416"}],"curies":[{"name":"wp","href":"https:\/\/api.w.org\/{rel}","templated":true}]}}