{"id":45403,"date":"2025-05-20T18:25:09","date_gmt":"2025-05-20T16:25:09","guid":{"rendered":"https:\/\/vapotheque.ch\/boutique\/petit-nuage-blueberry-fleece-e-fluessigkeit-60-ml\/"},"modified":"2025-05-20T18:25:09","modified_gmt":"2025-05-20T16:25:09","slug":"petit-nuage-blueberry-fleece-e-fluessigkeit-60-ml","status":"publish","type":"product","link":"https:\/\/vapotheque.ch\/de\/shop\/petit-nuage-blueberry-fleece-e-fluessigkeit-60-ml\/","title":{"rendered":"Petit Nuage &#8211; Blueberry Fleece E-Fl\u00fcssigkeit 60 ml"},"content":{"rendered":"<h2 style=\"font-family: Saira,sans-serif; font-weight: bold; line-height: 1.3; font-size: 37px; margin-top: 12.5px; margin-bottom: 12.5px;\">Petit Nuage Blueberry Fleece E-Liquid 60 ml l\u00e4dt Sie ein, den Sommer fr\u00fch zu beginnen!<\/h2>\n<p>Das <strong>Petit Nuage Blueberry Polar E-Liquid 60 ml<\/strong> l\u00e4dt sich zu Beginn des Fr\u00fchlings ein, alle Wintersorgen mit einem einzigen kleinen Zug zu verdampfen. Und es ist nicht das erste Mal, dass diese Marke mit diesen Rezepten beeindruckt, die f\u00fcr alle gemacht sind. <\/p>\n<p>In diesem kraftvollen Rezept finden wir Heidelbeeren, die direkt vom Fu\u00dfe unserer Berge kommen. In der Tat haben sie durch das Gewinnen an H\u00f6he genug Frische gefunden, um uns mit ihrem Duft zu berauschen. Die ganze fruchtige Kraft der <strong>Heidelbeere<\/strong> , verst\u00e4rkt durch eine <strong>polare Minze<\/strong> , die mehr als einen belebt!  <\/p>\n<p>&nbsp;<\/p>\n<h3>Helfen Sie dabei, Ihre Little Cloud &#8211; Blueberry Fleece E-Liquid 60 ml zu st\u00e4rken<\/h3>\n<p>In der Box des Polar Blueberry findest du eine <strong>volle<\/strong> <strong>60 ml<\/strong> Flasche sowie eine leere 30 ml Flasche, um dir bei der Nikotinzugabe mit den von dir gew\u00e4hlten <a href=\"https:\/\/vapotheque.ch\/de\/kategorie\/diy-de\/boosters-diy-de\/\"><strong>Nikotinboostern<\/strong><\/a> zu helfen.<\/p>\n<p>Auf diese Weise stellen Sie Ihre kleine Mischung nur in der 30-ml-Messflasche her und behalten den Rest der 60-ml-Flasche f\u00fcr die sp\u00e4tere Verwendung. Um Ihnen bei der Anzahl der ben\u00f6tigten <a href=\"https:\/\/vapotheque.ch\/de\/kategorie\/diy-de\/boosters-diy-de\/\"><strong>Nikotinbooster<\/strong><\/a> zu helfen, finden Sie im Folgenden einige Beispiele: <\/p>\n<ul>\n<li>F\u00fcr 3 mg\/ml Nikotin m\u00fcssen Sie 1x <a href=\"https:\/\/vapotheque.ch\/de\/kategorie\/diy-de\/boosters-diy-de\/\"><strong>Nikotinbooster<\/strong><\/a> bestellen. Sie gie\u00dfen Ihren Booster in die bereitgestellte 30-ml-Mischflasche bis zur angegebenen Graduierung und vervollst\u00e4ndigen dann dieselbe Flasche mit der 60-ml-Flasche Biltille Polaire. Sie haben noch die H\u00e4lfte des Boosters und der Fl\u00fcssigkeit in der 60-ml-Flasche, die Sie verwenden werden, wenn die Mixflasche leer ist.  <\/li>\n<li>F\u00fcr 6 mg\/ml Nikotin m\u00fcssen Sie 1x <a href=\"https:\/\/vapotheque.ch\/de\/kategorie\/diy-de\/boosters-diy-de\/\"><strong>Nikotinbooster<\/strong><\/a> bestellen. Sie gie\u00dfen Ihren Booster in die bereitgestellte 30-ml-Mischflasche bis zur angegebenen Graduierung und vervollst\u00e4ndigen dann dieselbe Flasche mit der 60-ml-Flasche Biltille Polaire. Du hast deinen gesamten Booster aufgebraucht, aber du hast noch etwas Fl\u00fcssigkeit in der 60-ml-Flasche, die du verwenden wirst, wenn die Mixflasche leer ist.  <\/li>\n<li>F\u00fcr 9 mg\/ml m\u00fcssen Sie 2x <a href=\"https:\/\/vapotheque.ch\/de\/kategorie\/diy-de\/boosters-diy-de\/\"><strong>Nikotinbooster<\/strong><\/a> bestellen. Sie gie\u00dfen Ihren Booster in die bereitgestellte 30-ml-Mischflasche bis zur angegebenen Graduierung und vervollst\u00e4ndigen dann dieselbe Flasche mit der 60-ml-Flasche Biltille Polaire. Sie haben die H\u00e4lfte eines Boosters und Fl\u00fcssigkeit in der 60-ml-Flasche, die Sie verwenden werden, wenn die Mixflasche leer ist.  <\/li>\n<\/ul>\n<p><img data-recalc-dims=\"1\" decoding=\"async\" class=\"size-full wp-image-34855\" src=\"https:\/\/i0.wp.com\/vapotheque.ch\/wp-content\/uploads\/2024\/04\/Fiole-Petit-Nuage.webp?resize=500%2C488&#038;ssl=1\" alt=\"Das zweisprachige Etikett des Petit Nuage - Fullmoon Party E-Liquids enth\u00e4lt Anweisungen zum Mischen von Nikotin und eine Messtabelle in mg\/ml bis zu 30 ml, die in Franz\u00f6sisch und Englisch zur Verf\u00fcgung gestellt wird.\" width=\"500\" height=\"488\"><\/p>\n<p>&nbsp;<\/p>\n<p>PG\/VG-Verh\u00e4ltnis: <strong>50\/50.<\/strong><\/p>\n<p>Hergestellt in Frankreich.<\/p>\n<p>Verkauft in einer <strong>60-ml-Flasche<\/strong>. Eine zus\u00e4tzliche <strong>30ml<\/strong> leere Flasche ist mit dem Petit Nuage Bilberry Polaire E-Liquid versehen. <\/p>\n<p>Entdecken Sie die anderen Produkte der <a href=\"https:\/\/vapotheque.ch\/de\/marque\/petit-nuage-de\/\" target=\"_blank\" rel=\"noopener\">Marke Petit Nuage.<\/a><\/p>\n<p>Erhalten Sie Rabatte oder die neuesten Informationen zu unseren Produkten, indem Sie uns in unseren sozialen Netzwerken folgen: <a href=\"https:\/\/www.facebook.com\/VapeAigleCH\" target=\"_blank\" rel=\"noopener\">Facebook<\/a> oder <a href=\"https:\/\/www.instagram.com\/vapotheque_aigle\/\" target=\"_blank\" rel=\"noopener\">Instagram<\/a>.<\/p>\n","protected":false},"excerpt":{"rendered":"<p>Petit Nuage Blueberry Fleece E-Liquid 60 ml l\u00e4dt Sie ein, den Sommer fr\u00fch zu beginnen! Das Petit Nuage Blueberry Polar E-Liquid 60 ml l\u00e4dt sich zu Beginn des Fr\u00fchlings ein, alle Wintersorgen mit einem einzigen kleinen Zug zu verdampfen. Und es ist nicht das erste Mal, dass diese Marke mit diesen Rezepten beeindruckt, die f\u00fcr [&hellip;]<\/p>\n","protected":false},"featured_media":45401,"template":"","meta":{"_acf_changed":false},"product_cat":[405,404,408,401,1692,1679],"product_tag":[],"class_list":{"0":"post-45403","1":"product","2":"type-product","3":"status-publish","4":"has-post-thumbnail","6":"product_brand-petit-nuage-de","7":"product_cat-e-liquids","8":"product_cat-fruchtig","9":"product_cat-lieferbar-innerhalb-von-24-stunden-de","10":"product_cat-minze","11":"product_cat-60-ml-30-ml-fur-mix","12":"product_cat-menge-e-flussigkeit-kapazitat-flasche","14":"first","15":"instock","16":"taxable","17":"shipping-taxable","18":"purchasable","19":"product-type-simple"},"acf":[],"jetpack_sharing_enabled":true,"_links":{"self":[{"href":"https:\/\/vapotheque.ch\/de\/wp-json\/wp\/v2\/product\/45403","targetHints":{"allow":["GET"]}}],"collection":[{"href":"https:\/\/vapotheque.ch\/de\/wp-json\/wp\/v2\/product"}],"about":[{"href":"https:\/\/vapotheque.ch\/de\/wp-json\/wp\/v2\/types\/product"}],"wp:featuredmedia":[{"embeddable":true,"href":"https:\/\/vapotheque.ch\/de\/wp-json\/wp\/v2\/media\/45401"}],"wp:attachment":[{"href":"https:\/\/vapotheque.ch\/de\/wp-json\/wp\/v2\/media?parent=45403"}],"wp:term":[{"taxonomy":"product_cat","embeddable":true,"href":"https:\/\/vapotheque.ch\/de\/wp-json\/wp\/v2\/product_cat?post=45403"},{"taxonomy":"product_tag","embeddable":true,"href":"https:\/\/vapotheque.ch\/de\/wp-json\/wp\/v2\/product_tag?post=45403"}],"curies":[{"name":"wp","href":"https:\/\/api.w.org\/{rel}","templated":true}]}}