{"id":45399,"date":"2025-05-20T18:13:16","date_gmt":"2025-05-20T16:13:16","guid":{"rendered":"https:\/\/vapotheque.ch\/boutique\/le-petit-verger-kirsche-frische-wassermelone-e-fluessigkeit-50-ml-70-ml\/"},"modified":"2026-01-22T09:50:18","modified_gmt":"2026-01-22T08:50:18","slug":"le-petit-verger-kirsche-frische-wassermelone-e-fluessigkeit-50-ml-70-ml","status":"publish","type":"product","link":"https:\/\/vapotheque.ch\/de\/shop\/le-petit-verger-kirsche-frische-wassermelone-e-fluessigkeit-50-ml-70-ml\/","title":{"rendered":"Le Petit Verger &#8211; Kirsche frische Wassermelone E-Fl\u00fcssigkeit 50 ml \/ 70 ml"},"content":{"rendered":"<h2>Genie\u00dfen Sie in der Le Petit Verger Reihe von Savourea das Petit Verger Cerise Fresh Watermelon E-Liquid 50 ml \/ 70 ml&#8230;<\/h2>\n<p>In diesem Le Petit Verger &#8211; Cerise Fresh Watermelon E-Liquid 50 ml \/ 70 ml, finden Sie alle erwarteten Aromen, aber mit einem Hauch von Frische!<\/p>\n<p>Keine \u00dcberraschungen mit Savourea! Bei den angek\u00fcndigten Fr\u00fcchten handelt es sich um Vape-Fr\u00fcchte, versprochen! <\/p>\n<p>Le Petit Verger ist eine farbenfrohe Linie, inspiriert von den M\u00e4rkten der Provinz, aber vor allem 100% fruchtig! Lassen Sie Ihrer Fantasie freien Lauf und probieren Sie eines der acht Rezepte, die Savourea in seiner neuen Reihe anbietet, die ohne Farbstoffe und Sucralose zertifiziert sind. <\/p>\n<p>Der Petit Verger Cerise Aquarelle E-Liquide ist, wie der Name schon sagt, ein Rezept f\u00fcr <strong>Kirschen<\/strong> und <strong>Wassermelone<\/strong> , das ganz leicht s\u00fc\u00dflich und <strong>frisch<\/strong> ist.<\/p>\n<p>&nbsp;<\/p>\n<p>Wichtig: E-Liquid in 50-ml-Geschmacksrichtungen, verkauft in einer 70-ml-Flasche.<\/p>\n<p class=\"class-fabrication\">Hergestellt in Frankreich; PG\/VG-Dosierung: 50% \/ 50%. Passt sich jeder Art von Ausr\u00fcstung an. <\/p>\n<p>Entdecken Sie die anderen Produkte der Marke <a href=\"..\/..\/marque\/savourea\/\" target=\"_blank\" rel=\"noopener\">Savourea<\/a>.<\/p>\n<p>Erhalten Sie Rabatte oder die neuesten Informationen zu unseren Produkten, indem Sie uns in unseren sozialen Netzwerken folgen: <a href=\"https:\/\/www.facebook.com\/VapeAigleCH\" target=\"_blank\" rel=\"noopener\">Facebook<\/a> oder <a href=\"https:\/\/www.instagram.com\/vapotheque\" target=\"_blank\" rel=\"noopener\">Instagram<\/a>.<\/p>\n","protected":false},"excerpt":{"rendered":"<p>Genie\u00dfen Sie in der Le Petit Verger Reihe von Savourea das Petit Verger Cerise Fresh Watermelon E-Liquid 50 ml \/ 70 ml&#8230; In diesem Le Petit Verger &#8211; Cerise Fresh Watermelon E-Liquid 50 ml \/ 70 ml, finden Sie alle erwarteten Aromen, aber mit einem Hauch von Frische! Keine \u00dcberraschungen mit Savourea! Bei den angek\u00fcndigten [&hellip;]<\/p>\n","protected":false},"featured_media":45397,"template":"","meta":{"_acf_changed":false},"product_cat":[405,404,408,1686,1977,1679],"product_tag":[],"class_list":{"0":"post-45399","1":"product","2":"type-product","3":"status-publish","4":"has-post-thumbnail","6":"product_brand-savourea-de","7":"product_cat-e-liquids","8":"product_cat-fruchtig","9":"product_cat-lieferbar-innerhalb-von-24-stunden-de","10":"product_cat-50-ml-fur-70-ml","11":"product_cat-lagerraeumung","12":"product_cat-menge-e-flussigkeit-kapazitat-flasche","14":"first","15":"outofstock","16":"sale","17":"taxable","18":"shipping-taxable","19":"purchasable","20":"product-type-simple"},"acf":[],"jetpack_sharing_enabled":true,"_links":{"self":[{"href":"https:\/\/vapotheque.ch\/de\/wp-json\/wp\/v2\/product\/45399","targetHints":{"allow":["GET"]}}],"collection":[{"href":"https:\/\/vapotheque.ch\/de\/wp-json\/wp\/v2\/product"}],"about":[{"href":"https:\/\/vapotheque.ch\/de\/wp-json\/wp\/v2\/types\/product"}],"wp:featuredmedia":[{"embeddable":true,"href":"https:\/\/vapotheque.ch\/de\/wp-json\/wp\/v2\/media\/45397"}],"wp:attachment":[{"href":"https:\/\/vapotheque.ch\/de\/wp-json\/wp\/v2\/media?parent=45399"}],"wp:term":[{"taxonomy":"product_cat","embeddable":true,"href":"https:\/\/vapotheque.ch\/de\/wp-json\/wp\/v2\/product_cat?post=45399"},{"taxonomy":"product_tag","embeddable":true,"href":"https:\/\/vapotheque.ch\/de\/wp-json\/wp\/v2\/product_tag?post=45399"}],"curies":[{"name":"wp","href":"https:\/\/api.w.org\/{rel}","templated":true}]}}