{"id":45379,"date":"2025-05-20T15:59:43","date_gmt":"2025-05-20T13:59:43","guid":{"rendered":"https:\/\/vapotheque.ch\/boutique\/don-cristo-custard-50-ml-60-ml-e-liquid\/"},"modified":"2025-05-20T15:59:43","modified_gmt":"2025-05-20T13:59:43","slug":"don-cristo-custard-50-ml-60-ml-e-liquid","status":"publish","type":"product","link":"https:\/\/vapotheque.ch\/de\/shop\/don-cristo-custard-50-ml-60-ml-e-liquid\/","title":{"rendered":"Don Cristo &#8211; Custard 50 ml \/ 60 ml E-Liquid"},"content":{"rendered":"<h2>Don Cristo hat wieder einmal zugeschlagen und das Don Cristo Custard E-Liquid angeboten, genug, um die Gierigsten zu befriedigen!<\/h2>\n<p>Don Cristo Custard mit 0% Sucralose von PGVG Labs ist ein komplexes und potentes E-Liquid, das einen \u00fcppigen kubanischen Klassiker mit s\u00fcchtig machendem Vanillepudding kombiniert.<\/p>\n<p>Der Klassiker von PGVG Labs wird unter der unerbittlichen kubanischen Sonne geerntet und entfaltet kr\u00e4ftige Aromen, die ein Gegengewicht zur bet\u00f6renden S\u00fc\u00dfe des Vanillepuddings aus der kanadischen K\u00e4lte bilden. Die Flavouristen haben ein Meisterwerk zum Leben erweckt, das ebenso m\u00e4nnlich wie feinschmeckerisch ist! <\/p>\n<p>PG\/VG-Bewertung: 30\/70<\/p>\n<p>Hergestellt in Kanada.<\/p>\n<p>Entdecken Sie die anderen Produkte der <a href=\"..\/..\/marque\/pg-vg-labs\/\" target=\"_blank\" rel=\"noopener\">Marke PG VG Labs!<\/a><\/p>\n<p>Erhalten Sie Rabatte oder die neuesten Informationen zu unseren Produkten, indem Sie uns in unseren sozialen Netzwerken folgen: <a href=\"https:\/\/www.facebook.com\/VapeAigleCH\" target=\"_blank\" rel=\"noopener\">Facebook<\/a> oder <a href=\"https:\/\/www.instagram.com\/vapotheque_aigle\/\" target=\"_blank\" rel=\"noopener\">Instagram<\/a>.<\/p>\n","protected":false},"excerpt":{"rendered":"<p>Don Cristo hat wieder einmal zugeschlagen und das Don Cristo Custard E-Liquid angeboten, genug, um die Gierigsten zu befriedigen! Don Cristo Custard mit 0% Sucralose von PGVG Labs ist ein komplexes und potentes E-Liquid, das einen \u00fcppigen kubanischen Klassiker mit s\u00fcchtig machendem Vanillepudding kombiniert. Der Klassiker von PGVG Labs wird unter der unerbittlichen kubanischen Sonne [&hellip;]<\/p>\n","protected":false},"featured_media":47744,"template":"","meta":{"_acf_changed":false},"product_cat":[405,397,408,403,1685,1679],"product_tag":[],"class_list":{"0":"post-45379","1":"product","2":"type-product","3":"status-publish","4":"has-post-thumbnail","6":"product_brand-don-cristo-de","7":"product_brand-pg-vg-labs-de","8":"product_cat-e-liquids","9":"product_cat-gourmands-de","10":"product_cat-lieferbar-innerhalb-von-24-stunden-de","11":"product_cat-tabak","12":"product_cat-50-ml-fur-60-ml","13":"product_cat-menge-e-flussigkeit-kapazitat-flasche","15":"first","16":"instock","17":"taxable","18":"shipping-taxable","19":"purchasable","20":"product-type-simple"},"acf":[],"jetpack_sharing_enabled":true,"_links":{"self":[{"href":"https:\/\/vapotheque.ch\/de\/wp-json\/wp\/v2\/product\/45379","targetHints":{"allow":["GET"]}}],"collection":[{"href":"https:\/\/vapotheque.ch\/de\/wp-json\/wp\/v2\/product"}],"about":[{"href":"https:\/\/vapotheque.ch\/de\/wp-json\/wp\/v2\/types\/product"}],"wp:featuredmedia":[{"embeddable":true,"href":"https:\/\/vapotheque.ch\/de\/wp-json\/wp\/v2\/media\/47744"}],"wp:attachment":[{"href":"https:\/\/vapotheque.ch\/de\/wp-json\/wp\/v2\/media?parent=45379"}],"wp:term":[{"taxonomy":"product_cat","embeddable":true,"href":"https:\/\/vapotheque.ch\/de\/wp-json\/wp\/v2\/product_cat?post=45379"},{"taxonomy":"product_tag","embeddable":true,"href":"https:\/\/vapotheque.ch\/de\/wp-json\/wp\/v2\/product_tag?post=45379"}],"curies":[{"name":"wp","href":"https:\/\/api.w.org\/{rel}","templated":true}]}}