{"id":45358,"date":"2025-05-16T13:30:48","date_gmt":"2025-05-16T11:30:48","guid":{"rendered":"https:\/\/vapotheque.ch\/boutique\/vicious-ant-fayde-dna60-delrin-schwarz\/"},"modified":"2025-05-16T13:30:48","modified_gmt":"2025-05-16T11:30:48","slug":"vicious-ant-fayde-dna60-delrin-schwarz","status":"publish","type":"product","link":"https:\/\/vapotheque.ch\/de\/shop\/vicious-ant-fayde-dna60-delrin-schwarz\/","title":{"rendered":"Vicious Ant &#8211; Fayde DNA60 Delrin Schwarz"},"content":{"rendered":"<h3 class=\"\" data-start=\"141\" data-end=\"240\"><strong data-start=\"145\" data-end=\"240\">Vicious Ant Fayde 18650 DNA60 Delrin Black \u2013 Minimalistische Eleganz, kontrollierte Kraft<\/strong><\/h3>\n<p class=\"\" data-start=\"242\" data-end=\"738\">Die <strong data-start=\"245\" data-end=\"279\">Fayde 18650 DNA60 Delrin Black<\/strong> von <strong data-start=\"283\" data-end=\"298\">Vicious Ant<\/strong> verk\u00f6rpert perfekt die Philosophie der philippinischen Marke: <strong data-start=\"364\" data-end=\"391\">hochwertige Materialien<\/strong>, <strong data-start=\"393\" data-end=\"410\">sorgf\u00e4ltiges Design<\/strong> und <strong data-start=\"414\" data-end=\"439\">modernste Technologie<\/strong>. Dieser kompakte Mod kombiniert <strong data-start=\"462\" data-end=\"491\">Delrin (Polyoxymethylen)<\/strong> und <strong data-start=\"495\" data-end=\"515\">Edelstahl<\/strong> in einer subtilen Balance zwischen Festigkeit, Leichtigkeit und \u00c4sthetik. Die klaren Linien, der perfekt integrierte Feuerknauf, der von Stahl umgeben ist, sowie die gepflegte Verarbeitung machen die Fayde zu einem Modell an N\u00fcchternheit und Eleganz.  <\/p>\n<hr class=\"\" data-start=\"740\" data-end=\"743\">\n<h3 class=\"\" data-start=\"745\" data-end=\"798\"><strong data-start=\"749\" data-end=\"798\">Ergonomisches Design und hochwertige Oberfl\u00e4chen<\/strong><\/h3>\n<ul data-start=\"800\" data-end=\"1210\">\n<li class=\"\" data-start=\"800\" data-end=\"889\">\n<p class=\"\" data-start=\"802\" data-end=\"889\">Korpus aus <strong data-start=\"811\" data-end=\"826\">schwarzem Delrin<\/strong>, leichtes Material, hitzebest\u00e4ndig und angenehm im Griff<\/p>\n<\/li>\n<li class=\"\" data-start=\"890\" data-end=\"972\">\n<p class=\"\" data-start=\"892\" data-end=\"972\"><strong data-start=\"903\" data-end=\"923\">Edelstahlakzente<\/strong> f\u00fcr verbesserte Haltbarkeit und \u00c4sthetik<\/p>\n<\/li>\n<li class=\"\" data-start=\"973\" data-end=\"1046\">\n<p class=\"\" data-start=\"975\" data-end=\"1046\"><strong data-start=\"975\" data-end=\"998\">Seitlicher Feuerknopf<\/strong> f\u00fcr komfortable und intuitive Bedienung<\/p>\n<\/li>\n<li class=\"\" data-start=\"1047\" data-end=\"1130\">\n<p class=\"\" data-start=\"1049\" data-end=\"1130\"><strong data-start=\"1049\" data-end=\"1094\">Einstellkn\u00f6pfe, die unter der Box versteckt sind<\/strong>, um die Reinheit des Designs zu bewahren<\/p>\n<\/li>\n<li class=\"\" data-start=\"1131\" data-end=\"1210\">\n<p class=\"\" data-start=\"1133\" data-end=\"1210\">Batteriefach aus Edelstahl mit diskretem und sicherem Schraubsystem<\/p>\n<\/li>\n<\/ul>\n<hr class=\"\" data-start=\"1212\" data-end=\"1215\">\n<h3 class=\"\" data-start=\"1217\" data-end=\"1270\"><strong data-start=\"1221\" data-end=\"1270\">DNA60 \u2013 Einer der besten Chips\u00e4tze auf dem Markt<\/strong><\/h3>\n<p class=\"\" data-start=\"1272\" data-end=\"1416\">Das Herzst\u00fcck des Fayde ist der <strong data-start=\"1302\" data-end=\"1319\">DNA60-Chipsatz<\/strong> <strong data-start=\"1323\" data-end=\"1332\">von Evolv, der<\/strong> f\u00fcr seine Zuverl\u00e4ssigkeit, Pr\u00e4zision und umfangreiche Anpassungsm\u00f6glichkeiten bekannt ist. Es bietet: <\/p>\n<ul data-start=\"1418\" data-end=\"1854\">\n<li class=\"\" data-start=\"1418\" data-end=\"1459\">\n<p class=\"\" data-start=\"1420\" data-end=\"1459\"><strong data-start=\"1420\" data-end=\"1459\">Leistungsregelung (bis zu 60 W)<\/strong><\/p>\n<\/li>\n<li class=\"\" data-start=\"1460\" data-end=\"1536\">\n<p class=\"\" data-start=\"1462\" data-end=\"1536\"><strong data-start=\"1462\" data-end=\"1489\">Anpassbare Temperaturregelung<\/strong> f\u00fcr <strong data-start=\"1495\" data-end=\"1509\">Ni, Ti, SS<\/strong> und <strong data-start=\"1513\" data-end=\"1536\">TCR<\/strong><\/p>\n<\/li>\n<li class=\"\" data-start=\"1537\" data-end=\"1574\">\n<p class=\"\" data-start=\"1539\" data-end=\"1574\"><strong data-start=\"1539\" data-end=\"1574\">\u00dcberhitzungsschutz<\/strong><\/p>\n<\/li>\n<li class=\"\" data-start=\"1575\" data-end=\"1602\">\n<p class=\"\" data-start=\"1577\" data-end=\"1602\"><strong data-start=\"1577\" data-end=\"1602\">Einstellbares Vorheizen<\/strong><\/p>\n<\/li>\n<li class=\"\" data-start=\"1603\" data-end=\"1677\">\n<p class=\"\" data-start=\"1605\" data-end=\"1677\"><strong data-start=\"1605\" data-end=\"1639\">Optimierte Energieeffizienz<\/strong> (geringe Erw\u00e4rmung, lange Laufzeit)<\/p>\n<\/li>\n<li class=\"\" data-start=\"1678\" data-end=\"1715\">\n<p class=\"\" data-start=\"1680\" data-end=\"1715\"><strong data-start=\"1680\" data-end=\"1715\">\u00dcbersichtliche Oberfl\u00e4che \u00fcber OLED-Display<\/strong><\/p>\n<\/li>\n<li class=\"\" data-start=\"1716\" data-end=\"1854\">\n<p class=\"\" data-start=\"1718\" data-end=\"1854\"><strong data-start=\"1718\" data-end=\"1760\">Kompatibilit\u00e4t mit der EScribe-Software<\/strong> f\u00fcr eine vollst\u00e4ndige Mod-Konfiguration (Eco-, Soft-, Power-Modi, benutzerdefinierte Kurven usw.)<\/p>\n<\/li>\n<\/ul>\n<hr class=\"\" data-start=\"1856\" data-end=\"1859\">\n<h3 class=\"\" data-start=\"1861\" data-end=\"1905\"><strong data-start=\"1865\" data-end=\"1905\">Tadellose Verarbeitungsqualit\u00e4t<\/strong><\/h3>\n<p class=\"\" data-start=\"1907\" data-end=\"2004\">Jedes Detail der <strong data-start=\"1924\" data-end=\"1945\">Fayde 18650 DNA60<\/strong> spiegelt <strong data-start=\"1957\" data-end=\"1983\">die Handwerkskunst von<\/strong> <strong data-start=\"1987\" data-end=\"2002\">Vicious Ant<\/strong> wider:<\/p>\n<ul data-start=\"2006\" data-end=\"2207\">\n<li class=\"\" data-start=\"2006\" data-end=\"2072\">\n<p class=\"\" data-start=\"2008\" data-end=\"2072\"><strong data-start=\"2008\" data-end=\"2040\">Versilberte Steckverbinder<\/strong> f\u00fcr optimale Leitf\u00e4higkeit<\/p>\n<\/li>\n<li class=\"\" data-start=\"2073\" data-end=\"2128\">\n<p class=\"\" data-start=\"2075\" data-end=\"2128\"><strong data-start=\"2086\" data-end=\"2100\">Akribische<\/strong> Montage und <strong data-start=\"2104\" data-end=\"2128\">perfekte Einstellungen<\/strong><\/p>\n<\/li>\n<li class=\"\" data-start=\"2129\" data-end=\"2207\">\n<p class=\"\" data-start=\"2131\" data-end=\"2207\">N\u00fcchterne und hochwertige \u00c4sthetik, entwickelt f\u00fcr die anspruchsvollsten Benutzer<\/p>\n<\/li>\n<\/ul>\n<hr class=\"\" data-start=\"2209\" data-end=\"2212\">\n<h3 class=\"\" data-start=\"2214\" data-end=\"2283\"><strong data-start=\"2218\" data-end=\"2283\">Ein au\u00dfergew\u00f6hnlicher Mod f\u00fcr Liebhaber von Kontrolle und Design<\/strong><\/h3>\n<p class=\"\" data-start=\"2285\" data-end=\"2608\">Der <strong data-start=\"2288\" data-end=\"2309\">Fayde 18650 DNA60<\/strong> ist nicht nur ein einfacher Mod: Er ist ein <strong data-start=\"2349\" data-end=\"2372\">Sammlerst\u00fcck<\/strong>, das im Dienste eines hochgradig anpassbaren, leistungsstarken und eleganten Dampfers steht. Er wurde f\u00fcr erfahrene Dampfer entwickelt und kombiniert <strong data-start=\"2493\" data-end=\"2511\">kompakte Form<\/strong>, <strong data-start=\"2513\" data-end=\"2531\">fortschrittlichen Chipsatz<\/strong> und <strong data-start=\"2535\" data-end=\"2555\">edle Materialien<\/strong> f\u00fcr ein High-End-Erlebnis mit jedem Zug. <\/p>\n","protected":false},"excerpt":{"rendered":"<p>Vicious Ant Fayde 18650 DNA60 Delrin Black \u2013 Minimalistische Eleganz, kontrollierte Kraft Die Fayde 18650 DNA60 Delrin Black von Vicious Ant verk\u00f6rpert perfekt die Philosophie der philippinischen Marke: hochwertige Materialien, sorgf\u00e4ltiges Design und modernste Technologie. Dieser kompakte Mod kombiniert Delrin (Polyoxymethylen) und Edelstahl in einer subtilen Balance zwischen Festigkeit, Leichtigkeit und \u00c4sthetik. Die klaren Linien, [&hellip;]<\/p>\n","protected":false},"featured_media":45353,"template":"","meta":{"_acf_changed":false},"product_cat":[448,442,432,408],"product_tag":[],"class_list":{"0":"post-45358","1":"product","2":"type-product","3":"status-publish","4":"has-post-thumbnail","6":"product_brand-bosartige-ameise","7":"product_cat-box-mods-de","8":"product_cat-hervorgehobene-produkte","9":"product_cat-high-end","10":"product_cat-lieferbar-innerhalb-von-24-stunden-de","12":"first","13":"outofstock","14":"taxable","15":"shipping-taxable","16":"purchasable","17":"product-type-simple"},"acf":[],"jetpack_sharing_enabled":true,"_links":{"self":[{"href":"https:\/\/vapotheque.ch\/de\/wp-json\/wp\/v2\/product\/45358","targetHints":{"allow":["GET"]}}],"collection":[{"href":"https:\/\/vapotheque.ch\/de\/wp-json\/wp\/v2\/product"}],"about":[{"href":"https:\/\/vapotheque.ch\/de\/wp-json\/wp\/v2\/types\/product"}],"wp:featuredmedia":[{"embeddable":true,"href":"https:\/\/vapotheque.ch\/de\/wp-json\/wp\/v2\/media\/45353"}],"wp:attachment":[{"href":"https:\/\/vapotheque.ch\/de\/wp-json\/wp\/v2\/media?parent=45358"}],"wp:term":[{"taxonomy":"product_cat","embeddable":true,"href":"https:\/\/vapotheque.ch\/de\/wp-json\/wp\/v2\/product_cat?post=45358"},{"taxonomy":"product_tag","embeddable":true,"href":"https:\/\/vapotheque.ch\/de\/wp-json\/wp\/v2\/product_tag?post=45358"}],"curies":[{"name":"wp","href":"https:\/\/api.w.org\/{rel}","templated":true}]}}