{"id":45357,"date":"2025-05-16T13:17:01","date_gmt":"2025-05-16T11:17:01","guid":{"rendered":"https:\/\/vapotheque.ch\/boutique\/dicodes-dani-sbs-titan\/"},"modified":"2025-05-16T13:17:01","modified_gmt":"2025-05-16T11:17:01","slug":"dicodes-dani-sbs-titan","status":"publish","type":"product","link":"https:\/\/vapotheque.ch\/de\/shop\/dicodes-dani-sbs-titan\/","title":{"rendered":"Dicodes &#8211; Dani SBS Titan"},"content":{"rendered":"<h3 class=\"\" data-start=\"124\" data-end=\"211\"><strong data-start=\"128\" data-end=\"211\">Dani SBS Box Dicodes \u2013 Eleganz, Kraft und Innovation in einem kompakten Format<\/strong><\/h3>\n<p class=\"\" data-start=\"213\" data-end=\"503\">Die <strong data-start=\"216\" data-end=\"247\">Dani SBS (Side by Side) Box<\/strong> von <strong data-start=\"251\" data-end=\"262\">Dicodes<\/strong> ist ein High-End-Elektronik-Mod, der au\u00dfergew\u00f6hnliche Verarbeitungsqualit\u00e4t mit fortschrittlicher Technologie kombiniert. Diese Box wurde f\u00fcr anspruchsvolle Benutzer entwickelt und zeichnet sich durch ihre vielen Funktionen und ihr ergonomisches Format aus. <\/p>\n<hr class=\"\" data-start=\"505\" data-end=\"508\">\n<h3 class=\"\" data-start=\"510\" data-end=\"553\"><strong data-start=\"514\" data-end=\"553\">Kompaktes Design und hochwertige Materialien<\/strong><\/h3>\n<p class=\"\" data-start=\"555\" data-end=\"945\">Aus Edelstahl und eloxiertem Aluminium gefertigt, bietet der Dani SBS dank seiner <strong data-start=\"691\" data-end=\"712\">Abmessungen von 77 x 46,5 x 25 mm<\/strong> einen bequemen Griff. Er nimmt Zerst\u00e4uber mit einem Durchmesser von bis zu <strong data-start=\"750\" data-end=\"759\">25 mm<\/strong> auf. Hinweis: Einige Verdampfer k\u00f6nnen diese Gr\u00f6\u00dfe aufgrund ihrer Bauweise (Tank, Luftstrom) leicht \u00fcberschreiten, was zu Problemen bei der Integration f\u00fchren kann.  <\/p>\n<p class=\"\" data-start=\"947\" data-end=\"1116\">Der 510-Anschluss ist mit einem <strong data-start=\"981\" data-end=\"1017\">abnehmbaren Konus mit umgekehrtem Gewinde<\/strong> ausgestattet, der einen einfachen Zugang zur Luftstromeinstellung erm\u00f6glicht, ohne dass die Gefahr besteht, dass der Zerst\u00e4uber versehentlich abgeschraubt wird.<\/p>\n<hr class=\"\" data-start=\"1118\" data-end=\"1121\">\n<h3 class=\"\" data-start=\"1123\" data-end=\"1158\"><strong data-start=\"1127\" data-end=\"1158\">Kraft und Leistung<\/strong><\/h3>\n<p class=\"\" data-start=\"1160\" data-end=\"1422\">Der Dani SBS arbeitet mit einer <strong data-start=\"1191\" data-end=\"1205\">18650er Batterie<\/strong> (nicht im Lieferumfang enthalten), die von unten eingelegt wird. Er liefert eine maximale Leistung von <strong data-start=\"1282\" data-end=\"1294\">80 Watt<\/strong>, die vom <strong data-start=\"1309\" data-end=\"1328\">Dicodes-Chipsatz<\/strong> verwaltet wird, der f\u00fcr seine Zuverl\u00e4ssigkeit und Genauigkeit bekannt ist. Dieser Chipsatz bietet vier Betriebsmodi:  <\/p>\n<ul data-start=\"1424\" data-end=\"1539\">\n<li class=\"\" data-start=\"1424\" data-end=\"1454\">\n<p class=\"\" data-start=\"1426\" data-end=\"1454\">Variabler Leistungsmodus (VW)<\/p>\n<\/li>\n<li class=\"\" data-start=\"1455\" data-end=\"1483\">\n<p class=\"\" data-start=\"1457\" data-end=\"1483\">VW mit thermischer Regelung<\/p>\n<\/li>\n<li class=\"\" data-start=\"1484\" data-end=\"1505\">\n<p class=\"\" data-start=\"1486\" data-end=\"1505\">VW mit Power Boost<\/p>\n<\/li>\n<li class=\"\" data-start=\"1506\" data-end=\"1539\">\n<p class=\"\" data-start=\"1508\" data-end=\"1539\">Temperaturgesteuerter (TC) Modus<\/p>\n<\/li>\n<\/ul>\n<p class=\"\" data-start=\"1541\" data-end=\"1649\">Erweiterte Funktionen k\u00f6nnen deaktiviert werden, um die Benutzeroberfl\u00e4che und die Men\u00fcf\u00fchrung zu vereinfachen.<\/p>\n<hr class=\"\" data-start=\"1651\" data-end=\"1654\">\n<h3 class=\"\" data-start=\"1656\" data-end=\"1709\"><strong data-start=\"1660\" data-end=\"1709\">Intelligentes Display und intuitive Navigation<\/strong><\/h3>\n<p class=\"\" data-start=\"1711\" data-end=\"1988\">Das <strong data-start=\"1719\" data-end=\"1737\">grafische OLED-Display<\/strong> befindet sich oben auf dem Batteriefach. Es zeigt \u00fcbersichtlich alle wichtigen Informationen an: Leistung, Temperatur, Widerstand, Batteriestand usw. Der Stealth-Modus erm\u00f6glicht es, das Display auszublenden, au\u00dfer wenn der Mod aktiviert wird.  <\/p>\n<p class=\"\" data-start=\"1990\" data-end=\"2152\">Es stehen zwei Bedientasten zur Verf\u00fcgung: eine auf der Vorderseite, die andere auf der R\u00fcckseite. Sie k\u00f6nnen die Box so konfigurieren, dass sie das eine oder das andere nach Ihren W\u00fcnschen verwendet. <\/p>\n<hr class=\"\" data-start=\"2154\" data-end=\"2157\">\n<h3 class=\"\" data-start=\"2159\" data-end=\"2193\"><strong data-start=\"2163\" data-end=\"2193\">Power-Boost-Funktion<\/strong><\/h3>\n<p class=\"\" data-start=\"2195\" data-end=\"2577\">Die <strong data-start=\"2207\" data-end=\"2222\">Power Boost-Funktion<\/strong> bietet einen schnellen Temperaturanstieg der Spule \u00fcber einen tempor\u00e4ren Leistungsimpuls, m\u00f6glicherweise gefolgt von periodischen Boosts. Dadurch ist es m\u00f6glich, die R\u00fcckgabe von Aromen durch die Abfrage verschiedener Temperaturbereiche zu optimieren. F\u00fcr diesen Modus empfiehlt Dicodes, <strong data-start=\"2503\" data-end=\"2535\">die Basisleistung zu reduzieren<\/strong> , um die Spule nicht zu \u00fcberhitzen.  <\/p>\n<hr class=\"\" data-start=\"2579\" data-end=\"2582\">\n<h3 class=\"\" data-start=\"2584\" data-end=\"2631\"><strong data-start=\"2588\" data-end=\"2631\">Vertr\u00e4glichkeit und Tipps zur Anwendung<\/strong><\/h3>\n<ul data-start=\"2633\" data-end=\"2862\">\n<li class=\"\" data-start=\"2633\" data-end=\"2757\">\n<p class=\"\" data-start=\"2635\" data-end=\"2757\"><strong data-start=\"2635\" data-end=\"2656\">Nutzma\u00dfe<\/strong> : Gesamth\u00f6he 87 mm (mit Membran), Zerst\u00e4uberausschnitt 37 mm (ohne Membran), H\u00f6he der Membranen \u2248 4,5 mm.<\/p>\n<\/li>\n<li class=\"\" data-start=\"2758\" data-end=\"2862\">\n<p class=\"\" data-start=\"2760\" data-end=\"2862\"><strong data-start=\"2760\" data-end=\"2780\">Umgekehrtes Einf\u00e4deln<\/strong> der Konen: vorteilhaft, um ein Abschrauben beim Entfernen des Zerst\u00e4ubers zu verhindern.<\/p>\n<\/li>\n<\/ul>\n<hr class=\"\" data-start=\"2864\" data-end=\"2867\">\n<h3 class=\"\" data-start=\"2869\" data-end=\"2916\"><strong data-start=\"2873\" data-end=\"2916\">Batterieverbrauch \u2013 Empfehlungen<\/strong><\/h3>\n<p class=\"\" data-start=\"2918\" data-end=\"3227\">Verwenden Sie nur <strong data-start=\"2942\" data-end=\"2972\">Batterien von anerkannten Marken<\/strong>, mit hohem Entladestrom und flachem Pluspol, wie z<strong data-start=\"3032\" data-end=\"3066\">. B. die LG INR18650HG2 (3000 mAh, 20 A).<\/strong><br data-start=\"3067\" data-end=\"3070\">\u26a0\ufe0f Bei Verwendung ungeeigneter Batterien erlischt die Garantie.<br data-start=\"3124\" data-end=\"3127\">\u26a0\ufe0f Setzen Sie die Batterie nur leicht schr\u00e4g ein, wobei der <strong data-start=\"3182\" data-end=\"3226\">Pluspol zur Elektronik zeigt<\/strong>.<\/p>\n<hr class=\"\" data-start=\"3229\" data-end=\"3232\">\n<h3 class=\"\" data-start=\"3234\" data-end=\"3262\"><strong data-start=\"3238\" data-end=\"3262\">Sicherheit und Garantie<\/strong><\/h3>\n<ul data-start=\"3264\" data-end=\"3537\">\n<li class=\"\" data-start=\"3264\" data-end=\"3320\">\n<p class=\"\" data-start=\"3266\" data-end=\"3320\">Beim \u00d6ffnen des Geh\u00e4uses (Abschrauben) erlischt die Garantie.<\/p>\n<\/li>\n<li class=\"\" data-start=\"3321\" data-end=\"3428\">\n<p class=\"\" data-start=\"3323\" data-end=\"3428\">Wenn du auf eine harte Oberfl\u00e4che fallen l\u00e4sst, stoppe sofort die Verwendung und schicke den Mod zur Inspektion.<\/p>\n<\/li>\n<li class=\"\" data-start=\"3429\" data-end=\"3537\">\n<p class=\"\" data-start=\"3431\" data-end=\"3537\">Dicodes lehnt jede Verantwortung im Falle einer Besch\u00e4digung des Zerst\u00e4ubers w\u00e4hrend der Verwendung mit dieser Box ab.<\/p>\n<\/li>\n<\/ul>\n<hr class=\"\" data-start=\"3539\" data-end=\"3542\">\n<h3 class=\"\" data-start=\"3544\" data-end=\"3562\"><strong data-start=\"3548\" data-end=\"3562\">Schlussfolgerung<\/strong><\/h3>\n<p class=\"\" data-start=\"3564\" data-end=\"3817\">Die <strong data-start=\"3567\" data-end=\"3583\">Dicodes Dani SBS Box<\/strong> zeichnet sich durch ihre vorbildliche Verarbeitungsqualit\u00e4t, ihre kontrollierte Leistung und ihre fortschrittliche Schnittstelle aus.<strong data-start=\"3587\" data-end=\"3598\"> Egal, ob Sie ein klassischer Vape-Enthusiast oder ein erfahrener Benutzer sind, diese Box ist eine sichere, effiziente und langlebige Wahl.<\/strong> <\/p>\n","protected":false},"excerpt":{"rendered":"<p>Dani SBS Box Dicodes \u2013 Eleganz, Kraft und Innovation in einem kompakten Format Die Dani SBS (Side by Side) Box von Dicodes ist ein High-End-Elektronik-Mod, der au\u00dfergew\u00f6hnliche Verarbeitungsqualit\u00e4t mit fortschrittlicher Technologie kombiniert. Diese Box wurde f\u00fcr anspruchsvolle Benutzer entwickelt und zeichnet sich durch ihre vielen Funktionen und ihr ergonomisches Format aus. Kompaktes Design und hochwertige [&hellip;]<\/p>\n","protected":false},"featured_media":45350,"template":"","meta":{"_acf_changed":false},"product_cat":[448,442,432,408],"product_tag":[],"class_list":{"0":"post-45357","1":"product","2":"type-product","3":"status-publish","4":"has-post-thumbnail","6":"product_brand-dicodes-de","7":"product_cat-box-mods-de","8":"product_cat-hervorgehobene-produkte","9":"product_cat-high-end","10":"product_cat-lieferbar-innerhalb-von-24-stunden-de","12":"first","13":"instock","14":"taxable","15":"shipping-taxable","16":"purchasable","17":"product-type-simple"},"acf":[],"jetpack_sharing_enabled":true,"_links":{"self":[{"href":"https:\/\/vapotheque.ch\/de\/wp-json\/wp\/v2\/product\/45357","targetHints":{"allow":["GET"]}}],"collection":[{"href":"https:\/\/vapotheque.ch\/de\/wp-json\/wp\/v2\/product"}],"about":[{"href":"https:\/\/vapotheque.ch\/de\/wp-json\/wp\/v2\/types\/product"}],"wp:featuredmedia":[{"embeddable":true,"href":"https:\/\/vapotheque.ch\/de\/wp-json\/wp\/v2\/media\/45350"}],"wp:attachment":[{"href":"https:\/\/vapotheque.ch\/de\/wp-json\/wp\/v2\/media?parent=45357"}],"wp:term":[{"taxonomy":"product_cat","embeddable":true,"href":"https:\/\/vapotheque.ch\/de\/wp-json\/wp\/v2\/product_cat?post=45357"},{"taxonomy":"product_tag","embeddable":true,"href":"https:\/\/vapotheque.ch\/de\/wp-json\/wp\/v2\/product_tag?post=45357"}],"curies":[{"name":"wp","href":"https:\/\/api.w.org\/{rel}","templated":true}]}}